{"id":598,"date":"2025-06-25T11:47:50","date_gmt":"2025-06-25T09:47:50","guid":{"rendered":"https:\/\/info-to-go.binational-leipzig.de\/?page_id=598"},"modified":"2025-06-25T11:47:51","modified_gmt":"2025-06-25T09:47:51","slug":"barrierefreiheitserklaerung","status":"publish","type":"page","link":"https:\/\/info-to-go.binational-leipzig.de\/ru\/barrierefreiheitserklaerung\/","title":{"rendered":"\u0417\u0430\u044f\u0432\u043b\u0435\u043d\u0438\u0435 \u043e \u0434\u043e\u0441\u0442\u0443\u043f\u043d\u043e\u0441\u0442\u0438"},"content":{"rendered":"<h3 class=\"wp-block-heading\">\u0417\u0430\u044f\u0432\u043b\u0435\u043d\u0438\u0435 \u043e \u0434\u043e\u0441\u0442\u0443\u043f\u043d\u043e\u0441\u0442\u0438<\/h3>\n\n\n\n<p><strong>\u0410\u0441\u0441\u043e\u0446\u0438\u0430\u0446\u0438\u044f \u0434\u0432\u0443\u043d\u0430\u0446\u0438\u043e\u043d\u0430\u043b\u044c\u043d\u044b\u0445 \u0441\u0435\u043c\u0435\u0439 \u0438 \u043f\u0430\u0440\u0442\u043d\u0435\u0440\u0441\u0442\u0432, iaf eV, \u041b\u0435\u0439\u043f\u0446\u0438\u0433\u0441\u043a\u0438\u0439 \u043e\u0444\u0438\u0441 \u0438 \u043a\u043e\u043d\u0441\u0443\u043b\u044c\u0442\u0430\u0446\u0438\u043e\u043d\u043d\u044b\u0439 \u043e\u0444\u0438\u0441<\/strong>&nbsp;\u0441\u0442\u0440\u0435\u043c\u0438\u0442\u0441\u044f \u0441\u0434\u0435\u043b\u0430\u0442\u044c \u0441\u0432\u043e\u0439 \u0432\u0435\u0431-\u0441\u0430\u0439\u0442 \u043f\u0440\u0438\u0433\u043e\u0434\u043d\u044b\u043c \u0434\u043b\u044f \u0438\u0441\u043f\u043e\u043b\u044c\u0437\u043e\u0432\u0430\u043d\u0438\u044f \u0432 \u0441\u043e\u043e\u0442\u0432\u0435\u0442\u0441\u0442\u0432\u0438\u0438 \u0441 \u043f\u0440\u0430\u0432\u043e\u0432\u044b\u043c\u0438 \u0442\u0440\u0435\u0431\u043e\u0432\u0430\u043d\u0438\u044f\u043c\u0438 \u0432 \u043e\u0442\u043d\u043e\u0448\u0435\u043d\u0438\u0438 \u0434\u043e\u0441\u0442\u0443\u043f\u043d\u043e\u0441\u0442\u0438. \u042d\u0442\u043e \u0437\u0430\u044f\u0432\u043b\u0435\u043d\u0438\u0435 \u043e \u0434\u043e\u0441\u0442\u0443\u043f\u043d\u043e\u0441\u0442\u0438 \u043e\u0442\u043d\u043e\u0441\u0438\u0442\u0441\u044f \u043a \u0432\u0435\u0431-\u0441\u0430\u0439\u0442\u0443&nbsp;<a href=\"https:\/\/binational-leipzig.de\/\"><strong>\u0434\u0432\u0443\u043d\u0430\u0446\u0438\u043e\u043d\u0430\u043b\u044c\u043d\u044b\u0439-leipzig.de<\/strong><\/a><\/p>\n\n\n\n<hr class=\"wp-block-separator has-alpha-channel-opacity\"\/>\n\n\n\n<h3 class=\"wp-block-heading\"><strong>\u0421\u0442\u0430\u0442\u0443\u0441 \u0441\u043e\u043e\u0442\u0432\u0435\u0442\u0441\u0442\u0432\u0438\u044f \u0442\u0440\u0435\u0431\u043e\u0432\u0430\u043d\u0438\u044f\u043c<\/strong><\/h3>\n\n\n\n<p>\u042d\u0442\u043e\u0442 \u0432\u0435\u0431-\u0441\u0430\u0439\u0442&nbsp;<strong>\u0447\u0430\u0441\u0442\u0438\u0447\u043d\u043e<\/strong>&nbsp;\u0441 \u0442\u0440\u0435\u0431\u043e\u0432\u0430\u043d\u0438\u044f\u043c\u0438&nbsp;<strong>\u041f\u043e\u0441\u0442\u0430\u043d\u043e\u0432\u043b\u0435\u043d\u0438\u0435 \u043e \u0431\u0435\u0437\u0431\u0430\u0440\u044c\u0435\u0440\u043d\u044b\u0445 \u0438\u043d\u0444\u043e\u0440\u043c\u0430\u0446\u0438\u043e\u043d\u043d\u044b\u0445 \u0442\u0435\u0445\u043d\u043e\u043b\u043e\u0433\u0438\u044f\u0445 (BITV 2.0) \u0438 \u0414\u0438\u0440\u0435\u043a\u0442\u0438\u0432\u0430 \u0415\u0421 2016\/2102<\/strong>&nbsp;\u041c\u044b \u043f\u043e\u0441\u0442\u043e\u044f\u043d\u043d\u043e \u0440\u0430\u0431\u043e\u0442\u0430\u0435\u043c \u043d\u0430\u0434 \u0443\u0441\u0442\u0440\u0430\u043d\u0435\u043d\u0438\u0435\u043c \u0441\u0443\u0449\u0435\u0441\u0442\u0432\u0443\u044e\u0449\u0438\u0445 \u0431\u0430\u0440\u044c\u0435\u0440\u043e\u0432 \u0438 \u043f\u043e\u0432\u044b\u0448\u0435\u043d\u0438\u0435\u043c \u0443\u0434\u043e\u0431\u0441\u0442\u0432\u0430 \u0438\u0441\u043f\u043e\u043b\u044c\u0437\u043e\u0432\u0430\u043d\u0438\u044f \u0434\u043b\u044f \u0432\u0441\u0435\u0445.<\/p>\n\n\n\n<hr class=\"wp-block-separator has-alpha-channel-opacity\"\/>\n\n\n\n<h3 class=\"wp-block-heading\"><strong>\u041d\u0435\u0434\u043e\u0441\u0442\u0443\u043f\u043d\u044b\u0439 \u043a\u043e\u043d\u0442\u0435\u043d\u0442<\/strong><\/h3>\n\n\n\n<p>\u041d\u0435\u0441\u043c\u043e\u0442\u0440\u044f \u043d\u0430 \u043d\u0430\u0448\u0438 \u0443\u0441\u0438\u043b\u0438\u044f, \u0435\u0441\u0442\u044c \u043d\u0435\u043a\u043e\u0442\u043e\u0440\u044b\u0435 \u043e\u0431\u043b\u0430\u0441\u0442\u0438, \u043a\u043e\u0442\u043e\u0440\u044b\u0435 \u043d\u0435 \u043f\u043e\u043b\u043d\u043e\u0441\u0442\u044c\u044e \u0434\u043e\u0441\u0442\u0443\u043f\u043d\u044b:<\/p>\n\n\n\n<ul class=\"wp-block-list\">\n<li><strong>PDF-\u0434\u043e\u043a\u0443\u043c\u0435\u043d\u0442\u044b<\/strong>: \u041d\u0435\u043a\u043e\u0442\u043e\u0440\u044b\u0435 \u0441\u0442\u0430\u0440\u044b\u0435 \u0444\u0430\u0439\u043b\u044b PDF \u043d\u0435 \u043e\u0442\u0444\u043e\u0440\u043c\u0430\u0442\u0438\u0440\u043e\u0432\u0430\u043d\u044b \u0434\u043e\u0441\u0442\u0443\u043f\u043d\u044b\u043c \u043e\u0431\u0440\u0430\u0437\u043e\u043c.<\/li>\n\n\n\n<li><strong>\u0410\u043b\u044c\u0442\u0435\u0440\u043d\u0430\u0442\u0438\u0432\u043d\u044b\u0435 \u0442\u0435\u043a\u0441\u0442\u044b<\/strong>: \u041d\u0435\u043a\u043e\u0442\u043e\u0440\u044b\u0435 \u0438\u0437\u043e\u0431\u0440\u0430\u0436\u0435\u043d\u0438\u044f \u0438\u043b\u0438 \u0433\u0440\u0430\u0444\u0438\u0447\u0435\u0441\u043a\u0438\u0435 \u044d\u043b\u0435\u043c\u0435\u043d\u0442\u044b \u043c\u043e\u0433\u0443\u0442 \u043d\u0435 \u0441\u043e\u0434\u0435\u0440\u0436\u0430\u0442\u044c \u0434\u043e\u0441\u0442\u0430\u0442\u043e\u0447\u043d\u043e\u0433\u043e \u043a\u043e\u043b\u0438\u0447\u0435\u0441\u0442\u0432\u0430 \u0430\u043b\u044c\u0442\u0435\u0440\u043d\u0430\u0442\u0438\u0432\u043d\u043e\u0433\u043e \u0442\u0435\u043a\u0441\u0442\u0430.<\/li>\n\n\n\n<li><strong>\u041d\u0430\u0432\u0438\u0433\u0430\u0446\u0438\u044f \u0438 \u0443\u0434\u043e\u0431\u0441\u0442\u0432\u043e \u0438\u0441\u043f\u043e\u043b\u044c\u0437\u043e\u0432\u0430\u043d\u0438\u044f<\/strong>: \u041e\u0442\u0434\u0435\u043b\u044c\u043d\u044b\u0435 \u0438\u043d\u0442\u0435\u0440\u0430\u043a\u0442\u0438\u0432\u043d\u044b\u0435 \u044d\u043b\u0435\u043c\u0435\u043d\u0442\u044b \u043c\u043e\u0433\u0443\u0442 \u043d\u0435 \u043f\u043e\u043b\u043d\u043e\u0441\u0442\u044c\u044e \u0443\u043f\u0440\u0430\u0432\u043b\u044f\u0442\u044c\u0441\u044f \u0441 \u043a\u043b\u0430\u0432\u0438\u0430\u0442\u0443\u0440\u044b.<\/li>\n\n\n\n<li><strong>\u0412\u0438\u0434\u0435\u043e<\/strong>: \u0412 \u043d\u0435\u043a\u043e\u0442\u043e\u0440\u044b\u0445 \u0432\u0441\u0442\u0440\u043e\u0435\u043d\u043d\u044b\u0445 \u0432\u0438\u0434\u0435\u043e \u043e\u0442\u0441\u0443\u0442\u0441\u0442\u0432\u0443\u044e\u0442 \u0441\u0443\u0431\u0442\u0438\u0442\u0440\u044b \u0438\u043b\u0438 \u0430\u0443\u0434\u0438\u043e\u043e\u043f\u0438\u0441\u0430\u043d\u0438\u044f.<\/li>\n<\/ul>\n\n\n\n<p>\u041c\u044b \u0440\u0430\u0431\u043e\u0442\u0430\u0435\u043c \u043d\u0430\u0434 \u043f\u043e\u0441\u0442\u0435\u043f\u0435\u043d\u043d\u044b\u043c \u0443\u0441\u0442\u0440\u0430\u043d\u0435\u043d\u0438\u0435\u043c \u044d\u0442\u0438\u0445 \u043d\u0435\u0434\u043e\u0441\u0442\u0430\u0442\u043a\u043e\u0432.<\/p>\n\n\n\n<hr class=\"wp-block-separator has-alpha-channel-opacity\"\/>\n\n\n\n<h3 class=\"wp-block-heading\"><strong>\u041f\u043e\u0434\u0433\u043e\u0442\u043e\u0432\u043a\u0430 \u043d\u0430\u0441\u0442\u043e\u044f\u0449\u0435\u0439 \u0434\u0435\u043a\u043b\u0430\u0440\u0430\u0446\u0438\u0438<\/strong><\/h3>\n\n\n\n<p>\u042d\u0442\u043e \u0437\u0430\u044f\u0432\u043b\u0435\u043d\u0438\u0435 \u0431\u044b\u043b\u043e \u0441\u0434\u0435\u043b\u0430\u043d\u043e&nbsp;<strong>10.01.2025<\/strong>&nbsp;\u0441\u043e\u0437\u0434\u0430\u043d\u043e \u0438 \u043f\u043e\u0441\u043b\u0435\u0434\u043d\u0438\u0439 \u0440\u0430\u0437 \u043e\u0431\u043d\u043e\u0432\u043b\u0435\u043d\u043e&nbsp;<strong>19.02.2025<\/strong>&nbsp;\u043f\u0440\u043e\u0432\u0435\u0440\u0435\u043d\u043e.<br><br>\u0412\u0435\u0431-\u0441\u0430\u0439\u0442 \u0431\u044b\u043b \u043e\u0446\u0435\u043d\u0435\u043d&nbsp;<strong>\u0432\u043d\u0443\u0442\u0440\u0435\u043d\u043d\u044f\u044f \u0441\u0430\u043c\u043e\u043e\u0446\u0435\u043d\u043a\u0430<\/strong>&nbsp;\u0430 \u0442\u0430\u043a\u0436\u0435 \u0441 \u0438\u0441\u043f\u043e\u043b\u044c\u0437\u043e\u0432\u0430\u043d\u0438\u0435\u043c \u0430\u0432\u0442\u043e\u043c\u0430\u0442\u0438\u0437\u0438\u0440\u043e\u0432\u0430\u043d\u043d\u044b\u0445 \u0442\u0435\u0441\u0442\u043e\u0432.<\/p>\n\n\n\n<hr class=\"wp-block-separator has-alpha-channel-opacity\"\/>\n\n\n\n<h3 class=\"wp-block-heading\"><strong>\u041e\u0431\u0440\u0430\u0442\u043d\u0430\u044f \u0441\u0432\u044f\u0437\u044c \u0438 \u043a\u043e\u043d\u0442\u0430\u043a\u0442\u043d\u0430\u044f \u0438\u043d\u0444\u043e\u0440\u043c\u0430\u0446\u0438\u044f<\/strong><\/h3>\n\n\n\n<p>\u0415\u0441\u043b\u0438 \u0432\u044b \u0441\u0442\u043e\u043b\u043a\u043d\u0443\u043b\u0438\u0441\u044c \u0441 \u043a\u0430\u043a\u0438\u043c\u0438-\u043b\u0438\u0431\u043e \u043f\u0440\u0435\u043f\u044f\u0442\u0441\u0442\u0432\u0438\u044f\u043c\u0438 \u043d\u0430 \u043d\u0430\u0448\u0435\u043c \u0441\u0430\u0439\u0442\u0435 \u0438\u043b\u0438 \u0443 \u0432\u0430\u0441 \u0435\u0441\u0442\u044c \u043f\u0440\u0435\u0434\u043b\u043e\u0436\u0435\u043d\u0438\u044f \u043f\u043e \u0435\u0433\u043e \u0443\u043b\u0443\u0447\u0448\u0435\u043d\u0438\u044e, \u043f\u043e\u0436\u0430\u043b\u0443\u0439\u0441\u0442\u0430, \u0441\u0432\u044f\u0436\u0438\u0442\u0435\u0441\u044c \u0441 \u043d\u0430\u043c\u0438:<\/p>\n\n\n\n<p>\u0410\u0441\u0441\u043e\u0446\u0438\u0430\u0446\u0438\u044f \u0434\u0432\u0443\u043d\u0430\u0446\u0438\u043e\u043d\u0430\u043b\u044c\u043d\u044b\u0445 \u0441\u0435\u043c\u0435\u0439 \u0438 \u043f\u0430\u0440\u0442\u043d\u0435\u0440\u0441\u0442\u0432, iaf eV<br>\u041e\u0444\u0438\u0441 \u0431\u0438\u0437\u043d\u0435\u0441\u0430 \u0438 \u043a\u043e\u043d\u0441\u0443\u043b\u044c\u0442\u0430\u0446\u0438\u0439 \u041b\u0435\u0439\u043f\u0446\u0438\u0433<br><br><a href=\"https:\/\/www.google.com\/maps\/place\/Verband+binationaler+Familien+u.+Partnerschaften+e.V.\/@51.3232198,12.3793402,18.79z\/data=!4m5!3m4!1s0x0:0x280bc9ed9b02c389!8m2!3d51.3232449!4d12.3798815\" target=\"_blank\" rel=\"noreferrer noopener\">\u0410\u0440\u043d\u0434\u0442\u0448\u0442\u0440\u0430\u0441\u0441\u0435 63<br>04275 \u041b\u0435\u0439\u043f\u0446\u0438\u0433<\/a><br><br>\u0422\u0435\u043b\u0435\u0444\u043e\u043d: 0341-6 88 00 22<br>\u042d\u043b\u0435\u043a\u0442\u0440\u043e\u043d\u043d\u0430\u044f \u043f\u043e\u0447\u0442\u0430:&nbsp;<a href=\"http:\/\/leipzig@verband-binationaler-de\/\" rel=\"noreferrer noopener\" target=\"_blank\">leipzig@verband-binationaler-de<\/a><\/p>\n\n\n\n<hr class=\"wp-block-separator has-alpha-channel-opacity\"\/>\n\n\n\n<h3 class=\"wp-block-heading\"><strong>\u0418\u0441\u043f\u043e\u043b\u043d\u0438\u0442\u0435\u043b\u044c\u043d\u043e\u0435 \u043f\u0440\u043e\u0438\u0437\u0432\u043e\u0434\u0441\u0442\u0432\u043e<\/strong><\/h3>\n\n\n\n<p>\u0415\u0441\u043b\u0438 \u043d\u0430 \u0432\u0430\u0448 \u0432\u043e\u043f\u0440\u043e\u0441 \u043e\u0442\u043d\u043e\u0441\u0438\u0442\u0435\u043b\u044c\u043d\u043e \u0434\u043e\u0441\u0442\u0443\u043f\u043d\u043e\u0441\u0442\u0438 \u043d\u0430\u0448\u0435\u0433\u043e \u0432\u0435\u0431-\u0441\u0430\u0439\u0442\u0430 \u043d\u0435 \u043f\u043e\u043b\u0443\u0447\u0435\u043d \u0443\u0434\u043e\u0432\u043b\u0435\u0442\u0432\u043e\u0440\u0438\u0442\u0435\u043b\u044c\u043d\u044b\u0439 \u043e\u0442\u0432\u0435\u0442, \u0432\u044b \u043c\u043e\u0436\u0435\u0442\u0435 \u0441\u0432\u044f\u0437\u0430\u0442\u044c\u0441\u044f \u0441&nbsp;<strong>\u041e\u0440\u0433\u0430\u043d \u043f\u043e \u043e\u0431\u0435\u0441\u043f\u0435\u0447\u0435\u043d\u0438\u044e \u0441\u043e\u0431\u043b\u044e\u0434\u0435\u043d\u0438\u044f&nbsp;<\/strong>\u043f\u043e\u0432\u0435\u0440\u043d\u0438\u0441\u044c:<\/p>\n\n\n\n<p><strong>\u0421\u0430\u043a\u0441\u043e\u043d\u0441\u043a\u0438\u0439 \u043e\u0440\u0433\u0430\u043d \u043f\u043e \u043a\u043e\u043d\u0442\u0440\u043e\u043b\u044e \u0437\u0430 \u0446\u0438\u0444\u0440\u043e\u0432\u043e\u0439 \u0434\u043e\u0441\u0442\u0443\u043f\u043d\u043e\u0441\u0442\u044c\u044e<\/strong><br>\u041c\u0438\u043d\u0438\u0441\u0442\u0435\u0440\u0441\u0442\u0432\u043e \u0441\u043e\u0446\u0438\u0430\u043b\u044c\u043d\u044b\u0445 \u0434\u0435\u043b \u0438 \u0441\u043e\u0446\u0438\u0430\u043b\u044c\u043d\u043e\u0439 \u0441\u043f\u043b\u043e\u0447\u0435\u043d\u043d\u043e\u0441\u0442\u0438 \u0421\u0430\u043a\u0441\u043e\u043d\u0438\u0438<br>\u042d\u043b\u0435\u043a\u0442\u0440\u043e\u043d\u043d\u0430\u044f \u043f\u043e\u0447\u0442\u0430:&nbsp;<a href=\"mailto:durchsetzungsstelle@sk.sachsen.de\">durchsetzungsstelle@sk.sachsen.de<\/a><br>\u0412\u0435\u0431:&nbsp;<a href=\"https:\/\/www.durchsetzungsstelle.sachsen.de\/\" rel=\"noreferrer noopener\" target=\"_blank\">www.durchsetzungsstelle.sachsen.de<\/a><\/p>\n\n\n\n<hr class=\"wp-block-separator has-alpha-channel-opacity\"\/>\n\n\n\n<p>\u041c\u044b \u043f\u043e\u0441\u0442\u043e\u044f\u043d\u043d\u043e \u0441\u0442\u0440\u0435\u043c\u0438\u043c\u0441\u044f \u0441\u0434\u0435\u043b\u0430\u0442\u044c \u043d\u0430\u0448\u0435 \u0446\u0438\u0444\u0440\u043e\u0432\u043e\u0435 \u043f\u0440\u0438\u0441\u0443\u0442\u0441\u0442\u0432\u0438\u0435 \u0431\u043e\u043b\u0435\u0435 \u0434\u043e\u0441\u0442\u0443\u043f\u043d\u044b\u043c \u0434\u043b\u044f \u0432\u0441\u0435\u0445 \u0438 \u0431\u043b\u0430\u0433\u043e\u0434\u0430\u0440\u0438\u043c \u0432\u0430\u0441 \u0437\u0430 \u0432\u0430\u0448\u0438 \u043e\u0442\u0437\u044b\u0432\u044b!<\/p>\n<div class=\"gsp_post_data\" \r\n\t            data-post_type=\"page\" \r\n\t            data-cat=\"\" \r\n\t            data-modified=\"120\"\r\n\t            data-created=\"1750852070\"\r\n\t            data-title=\"Barrierefreiheitserkl\u00e4rung\" \r\n\t            data-home=\"https:\/\/info-to-go.binational-leipzig.de\/ru\"><\/div>","protected":false},"excerpt":{"rendered":"<p>Erkl\u00e4rung zur Barrierefreiheit Verband binationaler Familien und Partnerschaften, iaf e.V. Gesch\u00e4fts- und Beratungsstelle Leipzig&nbsp;ist bestrebt, ihre Website in \u00dcbereinstimmung mit den gesetzlichen Vorgaben zur Barrierefreiheit nutzbar zu machen. Diese Erkl\u00e4rung zur Barrierefreiheit gilt f\u00fcr die Website&nbsp;binational-leipzig.de Stand der Vereinbarkeit mit den Anforderungen Diese Website ist&nbsp;teilweise&nbsp;mit den Anforderungen der&nbsp;Barrierefreie-Informationstechnik-Verordnung (BITV 2.0) sowie der EU-Richtlinie 2016\/2102&nbsp;vereinbar. Wir [&hellip;]<\/p>\n","protected":false},"author":2,"featured_media":0,"parent":0,"menu_order":0,"comment_status":"closed","ping_status":"closed","template":"","meta":{"footnotes":""},"categories":[],"tags":[],"class_list":["post-598","page","type-page","status-publish","hentry"],"_links":{"self":[{"href":"https:\/\/info-to-go.binational-leipzig.de\/ru\/wp-json\/wp\/v2\/pages\/598","targetHints":{"allow":["GET"]}}],"collection":[{"href":"https:\/\/info-to-go.binational-leipzig.de\/ru\/wp-json\/wp\/v2\/pages"}],"about":[{"href":"https:\/\/info-to-go.binational-leipzig.de\/ru\/wp-json\/wp\/v2\/types\/page"}],"author":[{"embeddable":true,"href":"https:\/\/info-to-go.binational-leipzig.de\/ru\/wp-json\/wp\/v2\/users\/2"}],"replies":[{"embeddable":true,"href":"https:\/\/info-to-go.binational-leipzig.de\/ru\/wp-json\/wp\/v2\/comments?post=598"}],"version-history":[{"count":1,"href":"https:\/\/info-to-go.binational-leipzig.de\/ru\/wp-json\/wp\/v2\/pages\/598\/revisions"}],"predecessor-version":[{"id":599,"href":"https:\/\/info-to-go.binational-leipzig.de\/ru\/wp-json\/wp\/v2\/pages\/598\/revisions\/599"}],"wp:attachment":[{"href":"https:\/\/info-to-go.binational-leipzig.de\/ru\/wp-json\/wp\/v2\/media?parent=598"}],"wp:term":[{"taxonomy":"category","embeddable":true,"href":"https:\/\/info-to-go.binational-leipzig.de\/ru\/wp-json\/wp\/v2\/categories?post=598"},{"taxonomy":"post_tag","embeddable":true,"href":"https:\/\/info-to-go.binational-leipzig.de\/ru\/wp-json\/wp\/v2\/tags?post=598"}],"curies":[{"name":"wp","href":"https:\/\/api.w.org\/{rel}","templated":true}]}}