{"id":3,"date":"2024-03-11T13:45:00","date_gmt":"2024-03-11T12:45:00","guid":{"rendered":"https:\/\/sprijin.binational-leipzig.de\/?page_id=3"},"modified":"2024-03-11T13:45:51","modified_gmt":"2024-03-11T12:45:51","slug":"datenschutzerklaerung","status":"publish","type":"page","link":"https:\/\/info-to-go.binational-leipzig.de\/sk\/datenschutzerklaerung\/","title":{"rendered":"Z\u00e1sady ochrany osobn\u00fdch \u00fadajov"},"content":{"rendered":"<p><strong>1. Ochrana \u00fadajov v skratke<\/strong><\/p>\n\n\n\n<p><strong><em>V\u0161eobecn\u00e9 inform\u00e1cie<\/em><\/strong><\/p>\n\n\n\n<p>Nasleduj\u00face inform\u00e1cie poskytuj\u00fa jednoduch\u00fd preh\u013ead o tom, \u010do sa deje s va\u0161imi osobn\u00fdmi \u00fadajmi, ke\u010f nav\u0161t\u00edvite na\u0161u webov\u00fa str\u00e1nku. Osobn\u00e9 \u00fadaje s\u00fa ak\u00e9ko\u013evek \u00fadaje, ktor\u00e9 mo\u017eno pou\u017ei\u0165 na va\u0161u osobn\u00fa identifik\u00e1ciu. Podrobn\u00e9 inform\u00e1cie o ochrane \u00fadajov n\u00e1jdete v na\u0161ich z\u00e1sad\u00e1ch ochrany osobn\u00fdch \u00fadajov uveden\u00fdch ni\u017e\u0161ie.<\/p>\n\n\n\n<p><strong>Zber \u00fadajov na na\u0161ej webovej str\u00e1nke<\/strong><\/p>\n\n\n\n<p><strong><em>Kto je zodpovedn\u00fd za zhroma\u017e\u010fovanie \u00fadajov na tejto webovej str\u00e1nke?<\/em><\/strong><\/p>\n\n\n\n<p>Spracovanie \u00fadajov na tejto webovej str\u00e1nke vykon\u00e1va prev\u00e1dzkovate\u013e webovej str\u00e1nky. Ich kontaktn\u00e9 \u00fadaje n\u00e1jdete v tir\u00e1\u017ei tejto webovej str\u00e1nky.<\/p>\n\n\n\n<p><strong><em>Ako zhroma\u017e\u010fujeme va\u0161e \u00fadaje?<\/em><\/strong><\/p>\n\n\n\n<p>Na jednej strane sa va\u0161e \u00fadaje zhroma\u017e\u010fuj\u00fa, ke\u010f n\u00e1m ich poskytnete. M\u00f4\u017eu to by\u0165 napr\u00edklad \u00fadaje, ktor\u00e9 zad\u00e1te do kontaktn\u00e9ho formul\u00e1ra.<\/p>\n\n\n\n<p>Ostatn\u00e9 \u00fadaje automaticky zhroma\u017e\u010fuj\u00fa na\u0161e IT syst\u00e9my, ke\u010f nav\u0161t\u00edvite webov\u00fa str\u00e1nku. Ide predov\u0161etk\u00fdm o technick\u00e9 \u00fadaje (napr. internetov\u00fd prehliada\u010d, opera\u010dn\u00fd syst\u00e9m alebo \u010das pr\u00edstupu na str\u00e1nku). Tieto \u00fadaje sa zhroma\u017e\u010fuj\u00fa automaticky hne\u010f po va\u0161om vstupe na na\u0161u webov\u00fa str\u00e1nku.<\/p>\n\n\n\n<p><strong><em>Na \u010do pou\u017e\u00edvame va\u0161e \u00fadaje?<\/em><\/strong><\/p>\n\n\n\n<p>Niektor\u00e9 \u00fadaje sa zhroma\u017e\u010fuj\u00fa s cie\u013eom zabezpe\u010di\u0165 spr\u00e1vne fungovanie webovej str\u00e1nky. Na anal\u00fdzu v\u00e1\u0161ho pou\u017e\u00edvate\u013esk\u00e9ho spr\u00e1vania sa m\u00f4\u017eu pou\u017ei\u0165 aj in\u00e9 \u00fadaje.<\/p>\n\n\n\n<p><strong><em>Ak\u00e9 m\u00e1te pr\u00e1va t\u00fdkaj\u00face sa va\u0161ich \u00fadajov?<\/em><\/strong><\/p>\n\n\n\n<p>M\u00e1te pr\u00e1vo kedyko\u013evek a bezplatne z\u00edska\u0165 inform\u00e1cie o p\u00f4vode, pr\u00edjemcovi a \u00fa\u010dele va\u0161ich ulo\u017een\u00fdch osobn\u00fdch \u00fadajov. M\u00e1te tie\u017e pr\u00e1vo po\u017eiada\u0165 o opravu, zablokovanie alebo vymazanie t\u00fdchto \u00fadajov. Ak m\u00e1te ak\u00e9ko\u013evek ot\u00e1zky t\u00fdkaj\u00face sa tejto alebo in\u00fdch z\u00e1le\u017eitost\u00ed t\u00fdkaj\u00facich sa ochrany \u00fadajov, m\u00f4\u017eete n\u00e1s kedyko\u013evek kontaktova\u0165 na adrese uvedenej v tir\u00e1\u017ei. Okrem toho m\u00e1te pr\u00e1vo poda\u0165 s\u0165a\u017enos\u0165 pr\u00edslu\u0161n\u00e9mu dozorn\u00e9mu org\u00e1nu.<\/p>\n\n\n\n<p><strong>2. V\u0161eobecn\u00e9 inform\u00e1cie a povinn\u00e9 inform\u00e1cie<\/strong><\/p>\n\n\n\n<p><strong>Ochrana \u00fadajov<\/strong><\/p>\n\n\n\n<p>Prev\u00e1dzkovatelia t\u00fdchto str\u00e1nok ber\u00fa ochranu va\u0161ich osobn\u00fdch \u00fadajov ve\u013emi v\u00e1\u017ene. S va\u0161imi osobn\u00fdmi \u00fadajmi zaobch\u00e1dzame d\u00f4verne a v s\u00falade so z\u00e1konn\u00fdmi predpismi o ochrane \u00fadajov a t\u00fdmito z\u00e1sadami ochrany osobn\u00fdch \u00fadajov.<\/p>\n\n\n\n<p>Ke\u010f pou\u017e\u00edvate t\u00fato webov\u00fa str\u00e1nku, zhroma\u017e\u010fuj\u00fa sa r\u00f4zne osobn\u00e9 \u00fadaje. Osobn\u00e9 \u00fadaje s\u00fa \u00fadaje, ktor\u00e9 mo\u017eno pou\u017ei\u0165 na va\u0161u osobn\u00fa identifik\u00e1ciu. Tieto z\u00e1sady ochrany osobn\u00fdch \u00fadajov vysvet\u013euj\u00fa, ak\u00e9 \u00fadaje zhroma\u017e\u010fujeme a na \u010do ich pou\u017e\u00edvame. Taktie\u017e vysvet\u013euje, ako a za ak\u00fdm \u00fa\u010delom sa to rob\u00ed.<\/p>\n\n\n\n<p>Radi by sme upozornili, \u017ee prenos \u00fadajov cez internet (napr. pri komunik\u00e1cii prostredn\u00edctvom e-mailu) m\u00f4\u017ee ma\u0165 bezpe\u010dnostn\u00e9 medzery. \u00dapln\u00e1 ochrana \u00fadajov pred pr\u00edstupom tret\u00edch str\u00e1n nie je mo\u017en\u00e1.<\/p>\n\n\n\n<p><strong><em>Pozn\u00e1mka k zodpovedn\u00e9mu org\u00e1nu<\/em><\/strong><\/p>\n\n\n\n<p>Zodpovedn\u00fdm org\u00e1nom za spracovanie \u00fadajov na tejto webovej str\u00e1nke je:<br>Asoci\u00e1cia dvojn\u00e1rodn\u00fdch rod\u00edn a partnerstiev, iaf eV<\/p>\n\n\n\n<p>Ludolfusstra\u00dfe 2 \u2013 4<br>60487 Frankfurt nad Mohanom<br>Telef\u00f3n: +49 (0) 69 713 756 \u2013 0<br>E-mail: info@verband-binationaler.de<\/p>\n\n\n\n<p>Zodpovedn\u00fdm org\u00e1nom je fyzick\u00e1 alebo pr\u00e1vnick\u00e1 osoba, ktor\u00e1 sama alebo spolo\u010dne s in\u00fdmi rozhoduje o \u00fa\u010deloch a prostriedkoch spracovania osobn\u00fdch \u00fadajov (napr. men\u00e1, e-mailov\u00e9 adresy at\u010f.).<\/p>\n\n\n\n<p><strong><em>Odvolanie v\u00e1\u0161ho s\u00fahlasu so spracovan\u00edm \u00fadajov<\/em><\/strong><\/p>\n\n\n\n<p>Mnoh\u00e9 oper\u00e1cie spracovania \u00fadajov s\u00fa mo\u017en\u00e9 len s va\u0161\u00edm v\u00fdslovn\u00fdm s\u00fahlasom. Svoj s\u00fahlas m\u00f4\u017eete kedyko\u013evek odvola\u0165. V\u0161etko, \u010do mus\u00edte urobi\u0165, je posla\u0165 n\u00e1m neform\u00e1lny e-mail. Z\u00e1konnos\u0165 spracovania \u00fadajov vykonan\u00e9ho do okamihu odvolania zost\u00e1va odvolan\u00edm nedotknut\u00e1.<\/p>\n\n\n\n<p><strong><em>Pr\u00e1vo poda\u0165 s\u0165a\u017enos\u0165 pr\u00edslu\u0161n\u00e9mu dozorn\u00e9mu org\u00e1nu<\/em><\/strong><\/p>\n\n\n\n<p>V pr\u00edpade poru\u0161enia z\u00e1kona o ochrane \u00fadajov m\u00e1 dotknut\u00e1 osoba pr\u00e1vo poda\u0165 s\u0165a\u017enos\u0165 pr\u00edslu\u0161n\u00e9mu dozorn\u00e9mu org\u00e1nu. Zodpovedn\u00fdm dozorn\u00fdm org\u00e1nom pre ot\u00e1zky ochrany \u00fadajov je \u0161t\u00e1tny komis\u00e1r pre ochranu \u00fadajov spolkovej krajiny Hesensko.<br><a href=\"http:\/\/www.datenschutz.hessen.de\/\" rel=\"noreferrer noopener\" target=\"_blank\">www.datenschutz.hessen.de<\/a><\/p>\n\n\n\n<p><strong><em>Pr\u00e1vo na prenosnos\u0165 \u00fadajov<\/em><\/strong><\/p>\n\n\n\n<p>M\u00e1te pr\u00e1vo na to, aby sme v\u00e1m alebo tretej strane odovzdali \u00fadaje, ktor\u00e9 spracov\u00e1vame automaticky na z\u00e1klade v\u00e1\u0161ho s\u00fahlasu alebo pri plnen\u00ed zmluvy, v be\u017ene pou\u017e\u00edvanom, strojovo \u010ditate\u013enom form\u00e1te. Ak po\u017eiadate o priamy prenos \u00fadajov inej zodpovednej strane, uskuto\u010dn\u00ed sa tak iba vtedy, ak je to technicky uskuto\u010dnite\u013en\u00e9.<\/p>\n\n\n\n<p><strong><em>\u0160ifrovanie SSL alebo TLS<\/em><\/strong><\/p>\n\n\n\n<p>Z bezpe\u010dnostn\u00fdch d\u00f4vodov a na ochranu prenosu d\u00f4vern\u00e9ho obsahu, ako s\u00fa objedn\u00e1vky alebo dopyty, ktor\u00e9 n\u00e1m ako prev\u00e1dzkovate\u013eovi str\u00e1nky posielate, t\u00e1to str\u00e1nka pou\u017e\u00edva \u0161ifrovanie SSL alebo TLS. TLS \u0161ifrovanie. \u0160ifrovan\u00e9 pripojenie spozn\u00e1te pod\u013ea toho, \u017ee sa adresa v prehliada\u010di zmen\u00ed z \u201ehttp:\/\/\u201c na \u201ehttps:\/\/\u201c a pod\u013ea symbolu z\u00e1mku v riadku prehliada\u010da.<\/p>\n\n\n\n<p>Ak je aktivovan\u00e9 \u0161ifrovanie SSL alebo TLS, \u00fadaje, ktor\u00e9 n\u00e1m odo\u0161lete, nem\u00f4\u017eu by\u0165 pre\u010d\u00edtan\u00e9 tret\u00edmi stranami.<\/p>\n\n\n\n<p><strong><em>Inform\u00e1cie, blokovanie, vymazanie<\/em><\/strong><\/p>\n\n\n\n<p>V r\u00e1mci platn\u00fdch z\u00e1konn\u00fdch ustanoven\u00ed m\u00e1te kedyko\u013evek pr\u00e1vo z\u00edska\u0165 bezplatn\u00e9 inform\u00e1cie o va\u0161ich ulo\u017een\u00fdch osobn\u00fdch \u00fadajoch, ich p\u00f4vode a pr\u00edjemcovi a \u00fa\u010dele spracovania \u00fadajov a pr\u00edpadne pr\u00e1vo na opravu, blokovanie alebo vymazanie t\u00fdchto \u00fadajov. Ak m\u00e1te ak\u00e9ko\u013evek ot\u00e1zky t\u00fdkaj\u00face sa tejto alebo in\u00fdch z\u00e1le\u017eitost\u00ed t\u00fdkaj\u00facich sa osobn\u00fdch \u00fadajov, m\u00f4\u017eete n\u00e1s kedyko\u013evek kontaktova\u0165 na adrese uvedenej v tir\u00e1\u017ei.<\/p>\n\n\n\n<p><strong><em>N\u00e1mietka vo\u010di reklamn\u00fdm e-mailom<\/em><\/strong><\/p>\n\n\n\n<p>Pou\u017e\u00edvanie kontaktn\u00fdch \u00fadajov zverejnen\u00fdch v s\u00favislosti s povinnos\u0165ou uverej\u0148ovania tir\u00e1\u017ee na zasielanie nevy\u017eiadanej reklamy a informa\u010dn\u00fdch materi\u00e1lov je t\u00fdmto zak\u00e1zan\u00e9. Prev\u00e1dzkovatelia str\u00e1nky si v\u00fdslovne vyhradzuj\u00fa pr\u00e1vo podnikn\u00fa\u0165 pr\u00e1vne kroky v pr\u00edpade zasielania nevy\u017eiadan\u00fdch reklamn\u00fdch inform\u00e1ci\u00ed, napr\u00edklad prostredn\u00edctvom spamov\u00fdch e-mailov.<\/p>\n\n\n\n<p><strong>3. Zodpovedn\u00e1 osoba<\/strong><\/p>\n\n\n\n<p><strong>Zodpovedn\u00e1 osoba za ochranu \u00fadajov zo z\u00e1kona<\/strong><\/p>\n\n\n\n<p>V na\u0161ej spolo\u010dnosti sme vymenovali intern\u00e9ho zodpovedn\u00fa osobu za ochranu \u00fadajov:<br>Asoci\u00e1cia dvojn\u00e1rodn\u00fdch rod\u00edn a partnerstiev, iaf eV<\/p>\n\n\n\n<p>Ludolfusstra\u00dfe 2 \u2013 4<br>60487 Frankfurt nad Mohanom<br>Telef\u00f3n: +49 (0) 69 713 756 \u2013 0<br>E-mail: datenschutz@verband-binationaler.de<\/p>\n\n\n\n<p><strong>4. Zber \u00fadajov na na\u0161ej webovej str\u00e1nke<\/strong><\/p>\n\n\n\n<p><strong>S\u00fabory cookie<\/strong><\/p>\n\n\n\n<p>Niektor\u00e9 internetov\u00e9 str\u00e1nky pou\u017e\u00edvaj\u00fa takzvan\u00e9 s\u00fabory cookie. S\u00fabory cookie nesp\u00f4sobuj\u00fa \u017eiadne po\u0161kodenie v\u00e1\u0161ho po\u010d\u00edta\u010da a neobsahuj\u00fa \u017eiadne v\u00edrusy. S\u00fabory cookie pou\u017e\u00edvame na to, aby boli na\u0161e slu\u017eby u\u017e\u00edvate\u013esky pr\u00edvetivej\u0161ie, efekt\u00edvnej\u0161ie a bezpe\u010dnej\u0161ie. S\u00fabory cookie s\u00fa mal\u00e9 textov\u00e9 s\u00fabory, ktor\u00e9 s\u00fa ulo\u017een\u00e9 vo va\u0161om po\u010d\u00edta\u010di a ukladan\u00e9 va\u0161\u00edm prehliada\u010dom.<\/p>\n\n\n\n<p>V\u00e4\u010d\u0161ina s\u00faborov cookie, ktor\u00e9 pou\u017e\u00edvame, s\u00fa takzvan\u00e9 \u201es\u00fabory cookie rel\u00e1cie\u201c. Po va\u0161ej n\u00e1v\u0161teve sa automaticky vyma\u017e\u00fa. Ostatn\u00e9 s\u00fabory cookie zost\u00e1vaj\u00fa ulo\u017een\u00e9 vo va\u0161om zariaden\u00ed, k\u00fdm ich neodstr\u00e1nite. Tieto s\u00fabory cookie n\u00e1m umo\u017e\u0148uj\u00fa rozpozna\u0165 v\u00e1\u0161 prehliada\u010d pri va\u0161ej \u010fal\u0161ej n\u00e1v\u0161teve.<\/p>\n\n\n\n<p>Svoj prehliada\u010d si m\u00f4\u017eete nastavi\u0165 tak, aby ste boli informovan\u00ed o nastaven\u00ed s\u00faborov cookie a povo\u013eovali s\u00fabory cookie iba v jednotliv\u00fdch pr\u00edpadoch, vyl\u00fa\u010dili prij\u00edmanie s\u00faborov cookie pre ur\u010dit\u00e9 pr\u00edpady alebo v\u0161eobecne a aktivovali automatick\u00e9 vymazanie s\u00faborov cookie po zatvoren\u00ed prehliada\u010da. Ak s\u00fa s\u00fabory cookie deaktivovan\u00e9, funk\u010dnos\u0165 tejto webovej str\u00e1nky m\u00f4\u017ee by\u0165 obmedzen\u00e1.<\/p>\n\n\n\n<p>S\u00fabory cookie, ktor\u00e9 s\u00fa potrebn\u00e9 na vykon\u00e1vanie procesu elektronickej komunik\u00e1cie alebo na poskytovanie ur\u010dit\u00fdch funkci\u00ed, ktor\u00e9 po\u017eadujete (napr. funkcia n\u00e1kupn\u00e9ho ko\u0161\u00edka), sa ukladaj\u00fa na z\u00e1klade \u010dl. \u010cl\u00e1nok 6 ods. 1 p\u00edsm. f) GDPR. Prev\u00e1dzkovate\u013e webovej str\u00e1nky m\u00e1 opr\u00e1vnen\u00fd z\u00e1ujem na ukladan\u00ed s\u00faborov cookie, aby zabezpe\u010dil technicky bezchybn\u00e9 a optimalizovan\u00e9 poskytovanie svojich slu\u017eieb. Ak sa ukladaj\u00fa in\u00e9 s\u00fabory cookie (napr. s\u00fabory cookie na anal\u00fdzu v\u00e1\u0161ho spr\u00e1vania pri prehliadan\u00ed webu), bud\u00fa v t\u00fdchto z\u00e1sad\u00e1ch ochrany osobn\u00fdch \u00fadajov spracovan\u00e9 samostatne.<\/p>\n\n\n\n<p><strong>S\u00fabory denn\u00edka servera<\/strong><\/p>\n\n\n\n<p>Poskytovate\u013e str\u00e1nok automaticky zhroma\u017e\u010fuje a uklad\u00e1 inform\u00e1cie v tzv. protokolov\u00fdch s\u00faboroch servera, ktor\u00e9 n\u00e1m v\u00e1\u0161 prehliada\u010d automaticky pren\u00e1\u0161a. S\u00fa to:<\/p>\n\n\n\n<p>&nbsp;&nbsp;&nbsp; Typ a verzia prehliada\u010da<\/p>\n\n\n\n<p>&nbsp;&nbsp;&nbsp; pou\u017eit\u00fd opera\u010dn\u00fd syst\u00e9m<\/p>\n\n\n\n<p>&nbsp;&nbsp;&nbsp; URL odkazuj\u00faceho servera<\/p>\n\n\n\n<p>&nbsp;&nbsp;&nbsp; N\u00e1zov hostite\u013ea pristupuj\u00faceho po\u010d\u00edta\u010da<\/p>\n\n\n\n<p>&nbsp;&nbsp;&nbsp; \u010cas po\u017eiadavky servera<\/p>\n\n\n\n<p>&nbsp;&nbsp;&nbsp; IP adresa<\/p>\n\n\n\n<p>Tieto \u00fadaje nebud\u00fa zl\u00fa\u010den\u00e9 s in\u00fdmi zdrojmi \u00fadajov.<\/p>\n\n\n\n<p>Z\u00e1kladom pre spracovanie \u00fadajov je \u010dl. \u010cl\u00e1nok 6 (1) (f) GDPR, ktor\u00fd povo\u013euje spracovanie \u00fadajov na plnenie zmluvy alebo na predzmluvn\u00e9 opatrenia.<\/p>\n\n\n\n<p><strong>5. Pluginy a n\u00e1stroje<\/strong><\/p>\n\n\n\n<p><strong>Webov\u00e9 p\u00edsma Google<\/strong><\/p>\n\n\n\n<p>T\u00e1to str\u00e1nka pou\u017e\u00edva takzvan\u00e9 webov\u00e9 fonty poskytovan\u00e9 spolo\u010dnos\u0165ou Google pre jednotn\u00e9 zobrazenie fontov. Ke\u010f nav\u0161t\u00edvite str\u00e1nku, v\u00e1\u0161 prehliada\u010d na\u010d\u00edta po\u017eadovan\u00e9 webov\u00e9 p\u00edsma do vyrovn\u00e1vacej pam\u00e4te prehliada\u010da, aby sa texty a p\u00edsma zobrazovali spr\u00e1vne.<\/p>\n\n\n\n<p>Na tento \u00fa\u010del sa mus\u00ed prehliada\u010d, ktor\u00fd pou\u017e\u00edvate, pripoji\u0165 k serverom spolo\u010dnosti Google. V\u010faka tomu spolo\u010dnos\u0165 Google vie, \u017ee na na\u0161u webov\u00fa str\u00e1nku bol pr\u00edstup prostredn\u00edctvom va\u0161ej IP adresy. V z\u00e1ujme jednotnej a p\u00fatavej prezent\u00e1cie na\u0161ich online pon\u00fak pou\u017e\u00edvame webov\u00e9 fonty Google. Toto predstavuje opr\u00e1vnen\u00fd z\u00e1ujem v zmysle \u010dl. \u010cl\u00e1nok 6 ods. 1 p\u00edsm. f) GDPR.<\/p>\n\n\n\n<p>Ak v\u00e1\u0161 prehliada\u010d nepodporuje webov\u00e9 fonty, pou\u017eije sa \u0161tandardn\u00fd font z v\u00e1\u0161ho po\u010d\u00edta\u010da.<\/p>\n\n\n\n<p>Viac inform\u00e1ci\u00ed o webov\u00fdch fontoch Google n\u00e1jdete v \u010dasti <a href=\"https:\/\/developers.google.com\/fonts\/faq\" target=\"_blank\" rel=\"noreferrer noopener\">https:\/\/developers.google.com\/fonts\/faq<\/a>  a v z\u00e1sad\u00e1ch ochrany osobn\u00fdch \u00fadajov spolo\u010dnosti Google:\u00a0<a href=\"https:\/\/www.google.com\/policies\/privacy\/\" target=\"_blank\" rel=\"noreferrer noopener\">https:\/\/www.google.com\/policies\/privacy\/<\/a>.<\/p>\n<div class=\"gsp_post_data\" \r\n\t            data-post_type=\"page\" \r\n\t            data-cat=\"\" \r\n\t            data-modified=\"120\"\r\n\t            data-created=\"1710164700\"\r\n\t            data-title=\"Datenschutzerkl\u00e4rung\" \r\n\t            data-home=\"https:\/\/info-to-go.binational-leipzig.de\/sk\"><\/div>","protected":false},"excerpt":{"rendered":"<p>1. Datenschutz auf einen Blick Allgemeine Hinweise Die folgenden Hinweise geben einen einfachen \u00dcberblick dar\u00fcber, was mit Ihren personenbezogenen Daten passiert, wenn Sie unsere Website besuchen. Personenbezogene Daten sind alle Daten, mit denen Sie pers\u00f6nlich identifiziert werden k\u00f6nnen. Ausf\u00fchrliche Informationen zum Thema Datenschutz entnehmen Sie unserer unter diesem Text aufgef\u00fchrten Datenschutzerkl\u00e4rung. Datenerfassung auf unserer Website [&hellip;]<\/p>\n","protected":false},"author":1,"featured_media":0,"parent":0,"menu_order":0,"comment_status":"closed","ping_status":"open","template":"","meta":{"footnotes":""},"categories":[],"tags":[],"class_list":["post-3","page","type-page","status-publish","hentry"],"_links":{"self":[{"href":"https:\/\/info-to-go.binational-leipzig.de\/sk\/wp-json\/wp\/v2\/pages\/3","targetHints":{"allow":["GET"]}}],"collection":[{"href":"https:\/\/info-to-go.binational-leipzig.de\/sk\/wp-json\/wp\/v2\/pages"}],"about":[{"href":"https:\/\/info-to-go.binational-leipzig.de\/sk\/wp-json\/wp\/v2\/types\/page"}],"author":[{"embeddable":true,"href":"https:\/\/info-to-go.binational-leipzig.de\/sk\/wp-json\/wp\/v2\/users\/1"}],"replies":[{"embeddable":true,"href":"https:\/\/info-to-go.binational-leipzig.de\/sk\/wp-json\/wp\/v2\/comments?post=3"}],"version-history":[{"count":1,"href":"https:\/\/info-to-go.binational-leipzig.de\/sk\/wp-json\/wp\/v2\/pages\/3\/revisions"}],"predecessor-version":[{"id":447,"href":"https:\/\/info-to-go.binational-leipzig.de\/sk\/wp-json\/wp\/v2\/pages\/3\/revisions\/447"}],"wp:attachment":[{"href":"https:\/\/info-to-go.binational-leipzig.de\/sk\/wp-json\/wp\/v2\/media?parent=3"}],"wp:term":[{"taxonomy":"category","embeddable":true,"href":"https:\/\/info-to-go.binational-leipzig.de\/sk\/wp-json\/wp\/v2\/categories?post=3"},{"taxonomy":"post_tag","embeddable":true,"href":"https:\/\/info-to-go.binational-leipzig.de\/sk\/wp-json\/wp\/v2\/tags?post=3"}],"curies":[{"name":"pracovn\u00fd list","href":"https:\/\/api.w.org\/{rel}","templated":true}]}}