{"id":399,"date":"2024-01-17T12:08:03","date_gmt":"2024-01-17T11:08:03","guid":{"rendered":"https:\/\/info-to-go.binational-leipzig.de\/?page_id=399"},"modified":"2024-07-31T12:56:05","modified_gmt":"2024-07-31T10:56:05","slug":"impressum","status":"publish","type":"page","link":"https:\/\/info-to-go.binational-leipzig.de\/sk\/impressum\/","title":{"rendered":"odtla\u010dok"},"content":{"rendered":"<p><strong>Inform\u00e1cie pod\u013ea \u00a7 5 TMG<\/strong><\/p>\n\n\n\n<p>Asoci\u00e1cia dvojn\u00e1rodn\u00fdch rod\u00edn a partnerstiev, iaf eV<br>Ludolfusstra\u00dfe 2 \u2013 4<br>60487 Frankfurt nad Mohanom<\/p>\n\n\n\n<p><strong>Zast\u00fapen\u00fd<\/strong><\/p>\n\n\n\n<p>Asiye Bal\u0131k\u00e7\u0131-Schmidt, Natalia Bugaj-Wolfram<\/p>\n\n\n\n<p>Osobitn\u00fd z\u00e1stupca pod\u013ea \u00a7 30 BGB: NN<\/p>\n\n\n\n<p>Registrov\u00fd s\u00fad:<\/p>\n\n\n\n<p>Okresn\u00fd s\u00fad Frankfurt nad Mohanom Registra\u010dn\u00e9 \u010d\u00edslo zdru\u017eenia: VR 6728<\/p>\n\n\n\n<p>Da\u0148ov\u00fd \u00farad Frankfurt V Da\u0148ov\u00e9 identifika\u010dn\u00e9 \u010d\u00edslo 014 250 63357<\/p>\n\n\n\n<p><strong>kontakt<\/strong><\/p>\n\n\n\n<p>Telef\u00f3n: +49 (0) 69 713 756 \u2013 0<br>Fax: +49 (0) 69 707 50 92<br>E-mail: info@verband-binationaler.de<\/p>\n\n\n\n<p><strong>Z\u00e1pis do registra<\/strong><\/p>\n\n\n\n<p>Registr\u00e1cia v registri zdru\u017een\u00ed.<br>Registra\u010dn\u00fd s\u00fad: Okresn\u00fd s\u00fad Frankfurt nad Mohanom<br>Registra\u010dn\u00e9 \u010d\u00edslo: VR 6728<\/p>\n\n\n\n<p><strong>DPH<\/strong><\/p>\n\n\n\n<p>I\u010c DPH pod\u013ea \u00a7 27a z\u00e1kona o DPH:<br>DE114234727<\/p>\n\n\n\n<p><strong>Rie\u0161enie sporov<\/strong><\/p>\n\n\n\n<p>Nie sme ochotn\u00ed ani povinn\u00ed z\u00fa\u010dast\u0148ova\u0165 sa na konan\u00ed o rie\u0161en\u00ed sporov pred spotrebite\u013eskou arbitr\u00e1\u017enou komisiou.<\/p>\n\n\n\n<p><strong>Zdroje<\/strong><\/p>\n\n\n\n<p>Technick\u00e1 realiz\u00e1cia: Stephan Wein a Ahmet Erdem \u015eent\u00fcrk<br>Webdizajn: Chris Schneider<\/p>\n\n\n\n<p><strong>Fotografie<\/strong><\/p>\n\n\n\n<p>\u201eKto sme\u201c: Mehmet Arbag<\/p>\n\n\n\n<p><strong>Pr\u00e1vne upozornenie<\/strong><\/p>\n\n\n\n<p>Zodpovednos\u0165 za obsah<\/p>\n\n\n\n<p>Ako poskytovate\u013e slu\u017eieb sme zodpovedn\u00ed za obsah na t\u00fdchto str\u00e1nkach v s\u00falade s \u00a7 7 ods. 1 nemeck\u00e9ho z\u00e1kona o telem\u00e9di\u00e1ch (TMG). Av\u0161ak pod\u013ea \u00a7\u00a7 8 a\u017e 10 nemeck\u00e9ho z\u00e1kona o telem\u00e9di\u00e1ch (TMG) nie sme ako poskytovatelia slu\u017eieb povinn\u00ed monitorova\u0165 pren\u00e1\u0161an\u00e9 alebo ulo\u017een\u00e9 inform\u00e1cie tret\u00edch str\u00e1n ani vy\u0161etrova\u0165 okolnosti, ktor\u00e9 nazna\u010duj\u00fa nez\u00e1konn\u00fa \u010dinnos\u0165.<\/p>\n\n\n\n<p>Povinnosti odstr\u00e1ni\u0165 alebo zablokova\u0165 pou\u017e\u00edvanie inform\u00e1ci\u00ed pod\u013ea v\u0161eobecn\u00fdch pr\u00e1vnych predpisov zost\u00e1vaj\u00fa nedotknut\u00e9. Zodpovednos\u0165 v tomto smere je v\u0161ak mo\u017en\u00e1 a\u017e od okamihu, ke\u010f sa o konkr\u00e9tnom poru\u0161en\u00ed z\u00e1kona dozvedel. Ak sa dozvieme o tak\u00fdchto poru\u0161eniach z\u00e1kona, tak\u00fdto obsah okam\u017eite odstr\u00e1nime.<\/p>\n\n\n\n<p><strong>Zodpovednos\u0165 za odkazy<\/strong><\/p>\n\n\n\n<p>Na\u0161a ponuka obsahuje odkazy na extern\u00e9 webov\u00e9 str\u00e1nky tret\u00edch str\u00e1n, na ktor\u00fdch obsah nem\u00e1me \u017eiadny vplyv. Preto nem\u00f4\u017eeme prevzia\u0165 \u017eiadnu zodpovednos\u0165 za tento extern\u00fd obsah. Za obsah prepojen\u00fdch str\u00e1nok je v\u017edy zodpovedn\u00fd pr\u00edslu\u0161n\u00fd poskytovate\u013e alebo prev\u00e1dzkovate\u013e str\u00e1nok. Prepojen\u00e9 str\u00e1nky boli v \u010dase prepojenia skontrolovan\u00e9 z h\u013eadiska mo\u017en\u00fdch poru\u0161en\u00ed z\u00e1kona. Nez\u00e1konn\u00fd obsah nebol v \u010dase prepojenia rozpoznate\u013en\u00fd.<\/p>\n\n\n\n<p>Trval\u00e9 monitorovanie obsahu prepojen\u00fdch str\u00e1nok v\u0161ak nie je opodstatnen\u00e9 bez konkr\u00e9tnych d\u00f4kazov o poru\u0161en\u00ed z\u00e1kona. Ak sa dozvieme o ak\u00fdchko\u013evek poru\u0161eniach z\u00e1kona, tak\u00e9to odkazy okam\u017eite odstr\u00e1nime.<\/p>\n\n\n\n<p><strong>autorsk\u00e9 pr\u00e1va<\/strong><\/p>\n\n\n\n<p>Obsah a diela na t\u00fdchto str\u00e1nkach vytvoren\u00e9 prev\u00e1dzkovate\u013emi str\u00e1nok podliehaj\u00fa nemeck\u00e9mu autorsk\u00e9mu pr\u00e1vu. Reprodukcia, spracovanie, distrib\u00facia a ak\u00fdko\u013evek druh vyu\u017eitia mimo r\u00e1mca autorsk\u00e9ho pr\u00e1va si vy\u017eaduje p\u00edsomn\u00fd s\u00fahlas pr\u00edslu\u0161n\u00e9ho autora alebo tvorcu. S\u0165ahovanie a kop\u00edrovanie tejto str\u00e1nky je povolen\u00e9 len na s\u00fakromn\u00e9, nekomer\u010dn\u00e9 pou\u017eitie.<\/p>\n\n\n\n<p>V rozsahu, v akom obsah tejto str\u00e1nky nebol vytvoren\u00fd prev\u00e1dzkovate\u013eom, s\u00fa re\u0161pektovan\u00e9 autorsk\u00e9 pr\u00e1va tret\u00edch str\u00e1n. Obsah tret\u00edch str\u00e1n je ako tak\u00fd ozna\u010den\u00fd. Ak by ste sa napriek tomu dozvedeli o poru\u0161en\u00ed autorsk\u00fdch pr\u00e1v, \u017eiadame v\u00e1s, aby ste n\u00e1s o tom informovali. Ak sa dozvieme o ak\u00fdchko\u013evek poru\u0161eniach z\u00e1kona, tak\u00fdto obsah okam\u017eite odstr\u00e1nime.<\/p>\n<div class=\"gsp_post_data\" \r\n\t            data-post_type=\"page\" \r\n\t            data-cat=\"\" \r\n\t            data-modified=\"120\"\r\n\t            data-created=\"1705493283\"\r\n\t            data-title=\"Impressum\" \r\n\t            data-home=\"https:\/\/info-to-go.binational-leipzig.de\/sk\"><\/div>","protected":false},"excerpt":{"rendered":"<p>Angaben gem\u00e4\u00df \u00a7 5 TMG Verband binationaler Familien und Partnerschaften, iaf e.V.Ludolfusstra\u00dfe 2 \u2013 460487 Frankfurt am Main Vertreten durch Asiye Bal\u0131k\u00e7\u0131-Schmidt, Natalia Bugaj-Wolfram Besondere Vertreterin gem. \u00a7 30 BGB: N.N. Registergericht: Amtsgericht Frankfurt am Main&nbsp; Vereins-Registernummer: VR 6728 Finanzamt Frankfurt V \u00a0 Steuernummer 014 250 63357 Kontakt Telefon: +49 (0) 69 713 756 \u2013 [&hellip;]<\/p>\n","protected":false},"author":2,"featured_media":0,"parent":0,"menu_order":0,"comment_status":"closed","ping_status":"closed","template":"","meta":{"footnotes":""},"categories":[],"tags":[],"class_list":["post-399","page","type-page","status-publish","hentry"],"_links":{"self":[{"href":"https:\/\/info-to-go.binational-leipzig.de\/sk\/wp-json\/wp\/v2\/pages\/399","targetHints":{"allow":["GET"]}}],"collection":[{"href":"https:\/\/info-to-go.binational-leipzig.de\/sk\/wp-json\/wp\/v2\/pages"}],"about":[{"href":"https:\/\/info-to-go.binational-leipzig.de\/sk\/wp-json\/wp\/v2\/types\/page"}],"author":[{"embeddable":true,"href":"https:\/\/info-to-go.binational-leipzig.de\/sk\/wp-json\/wp\/v2\/users\/2"}],"replies":[{"embeddable":true,"href":"https:\/\/info-to-go.binational-leipzig.de\/sk\/wp-json\/wp\/v2\/comments?post=399"}],"version-history":[{"count":3,"href":"https:\/\/info-to-go.binational-leipzig.de\/sk\/wp-json\/wp\/v2\/pages\/399\/revisions"}],"predecessor-version":[{"id":481,"href":"https:\/\/info-to-go.binational-leipzig.de\/sk\/wp-json\/wp\/v2\/pages\/399\/revisions\/481"}],"wp:attachment":[{"href":"https:\/\/info-to-go.binational-leipzig.de\/sk\/wp-json\/wp\/v2\/media?parent=399"}],"wp:term":[{"taxonomy":"category","embeddable":true,"href":"https:\/\/info-to-go.binational-leipzig.de\/sk\/wp-json\/wp\/v2\/categories?post=399"},{"taxonomy":"post_tag","embeddable":true,"href":"https:\/\/info-to-go.binational-leipzig.de\/sk\/wp-json\/wp\/v2\/tags?post=399"}],"curies":[{"name":"pracovn\u00fd list","href":"https:\/\/api.w.org\/{rel}","templated":true}]}}