{"id":598,"date":"2025-06-25T11:47:50","date_gmt":"2025-06-25T09:47:50","guid":{"rendered":"https:\/\/info-to-go.binational-leipzig.de\/?page_id=598"},"modified":"2025-06-25T11:47:51","modified_gmt":"2025-06-25T09:47:51","slug":"barrierefreiheitserklaerung","status":"publish","type":"page","link":"https:\/\/info-to-go.binational-leipzig.de\/sk\/barrierefreiheitserklaerung\/","title":{"rendered":"Vyhl\u00e1senie o pr\u00edstupnosti"},"content":{"rendered":"<h3 class=\"wp-block-heading\">Vyhl\u00e1senie o pr\u00edstupnosti<\/h3>\n\n\n\n<p><strong>Zdru\u017eenie dvojn\u00e1rodn\u00fdch rod\u00edn a partnerstiev, iaf eV, kancel\u00e1ria a poradensk\u00e1 kancel\u00e1ria v Lipsku<\/strong>&nbsp;sna\u017e\u00ed sa zabezpe\u010di\u0165, aby bola jeho webov\u00e1 str\u00e1nka pou\u017eite\u013en\u00e1 v s\u00falade so z\u00e1konn\u00fdmi po\u017eiadavkami t\u00fdkaj\u00facimi sa pr\u00edstupnosti. Toto vyhl\u00e1senie o pr\u00edstupnosti sa vz\u0165ahuje na webov\u00fa str\u00e1nku&nbsp;<a href=\"https:\/\/binational-leipzig.de\/\"><strong>binational-leipzig.de<\/strong><\/a><\/p>\n\n\n\n<hr class=\"wp-block-separator has-alpha-channel-opacity\"\/>\n\n\n\n<h3 class=\"wp-block-heading\"><strong>Stav s\u00faladu s po\u017eiadavkami<\/strong><\/h3>\n\n\n\n<p>T\u00e1to webov\u00e1 str\u00e1nka je&nbsp;<strong>\u010diasto\u010dne<\/strong>&nbsp;s po\u017eiadavkami&nbsp;<strong>Nariadenie o bezbari\u00e9rovom pr\u00edstupe k informa\u010dn\u00fdm technol\u00f3gi\u00e1m (BITV 2.0) a smernica E\u00da 2016\/2102<\/strong>&nbsp;Neust\u00e1le pracujeme na odstra\u0148ovan\u00ed existuj\u00facich bari\u00e9r a zlep\u0161ovan\u00ed u\u017e\u00edvate\u013eskej pr\u00edvetivosti pre v\u0161etk\u00fdch.<\/p>\n\n\n\n<hr class=\"wp-block-separator has-alpha-channel-opacity\"\/>\n\n\n\n<h3 class=\"wp-block-heading\"><strong>Nepr\u00edstupn\u00fd obsah<\/strong><\/h3>\n\n\n\n<p>Napriek n\u00e1\u0161mu \u00fasiliu existuj\u00fa niektor\u00e9 oblasti, ktor\u00e9 nie s\u00fa \u00faplne pr\u00edstupn\u00e9:<\/p>\n\n\n\n<ul class=\"wp-block-list\">\n<li><strong>PDF dokumenty<\/strong>Niektor\u00e9 star\u0161ie s\u00fabory PDF nie s\u00fa form\u00e1tovan\u00e9 pr\u00edstupn\u00fdm sp\u00f4sobom.<\/li>\n\n\n\n<li><strong>Alternat\u00edvne texty<\/strong>Niektor\u00e9 obr\u00e1zky alebo grafick\u00e9 prvky nemusia obsahova\u0165 dostatok alternat\u00edvneho textu.<\/li>\n\n\n\n<li><strong>Navig\u00e1cia a pou\u017eite\u013enos\u0165<\/strong>Jednotliv\u00e9 interakt\u00edvne prvky nemusia by\u0165 plne ovl\u00e1date\u013en\u00e9 kl\u00e1vesnicou.<\/li>\n\n\n\n<li><strong>Vide\u00e1<\/strong>Niektor\u00fdm vlo\u017een\u00fdm vide\u00e1m ch\u00fdbaj\u00fa titulky alebo zvukov\u00e9 popisy.<\/li>\n<\/ul>\n\n\n\n<p>Pracujeme na postupnom odstr\u00e1nen\u00ed t\u00fdchto nedostatkov.<\/p>\n\n\n\n<hr class=\"wp-block-separator has-alpha-channel-opacity\"\/>\n\n\n\n<h3 class=\"wp-block-heading\"><strong>Pr\u00edprava tohto vyhl\u00e1senia<\/strong><\/h3>\n\n\n\n<p>Toto vyhl\u00e1senie bolo uroben\u00e9 d\u0148a&nbsp;<strong>10.01.2025<\/strong>&nbsp;vytvoren\u00e9 a naposledy aktualizovan\u00e9 d\u0148a&nbsp;<strong>19.02.2025<\/strong>&nbsp;skontrolovan\u00e9.<br><br>Webov\u00fa str\u00e1nku hodnotil&nbsp;<strong>vn\u00fatorn\u00e9 sebahodnotenie<\/strong>&nbsp;ako aj pomocou automatizovan\u00fdch testov.<\/p>\n\n\n\n<hr class=\"wp-block-separator has-alpha-channel-opacity\"\/>\n\n\n\n<h3 class=\"wp-block-heading\"><strong>Sp\u00e4tn\u00e1 v\u00e4zba a kontaktn\u00e9 inform\u00e1cie<\/strong><\/h3>\n\n\n\n<p>Ak naraz\u00edte na ak\u00e9ko\u013evek prek\u00e1\u017eky na na\u0161ej webovej str\u00e1nke alebo m\u00e1te n\u00e1vrhy na zlep\u0161enie, nev\u00e1hajte n\u00e1s kontaktova\u0165:<\/p>\n\n\n\n<p>Asoci\u00e1cia dvojn\u00e1rodn\u00fdch rod\u00edn a partnerstiev, iaf eV<br>Obchodn\u00e1 a poradensk\u00e1 kancel\u00e1ria Lipsko<br><br><a href=\"https:\/\/www.google.com\/maps\/place\/Verband+binationaler+Familien+u.+Partnerschaften+e.V.\/@51.3232198,12.3793402,18.79z\/data=!4m5!3m4!1s0x0:0x280bc9ed9b02c389!8m2!3d51.3232449!4d12.3798815\" target=\"_blank\" rel=\"noreferrer noopener\">Arndtstrasse 63<br>04275 Lipsko<\/a><br><br>Telef\u00f3n: 0341-6 88 00 22<br>E-mail:&nbsp;<a href=\"http:\/\/leipzig@verband-binationaler-de\/\" rel=\"noreferrer noopener\" target=\"_blank\">leipzig@verband-binationaler-de<\/a><\/p>\n\n\n\n<hr class=\"wp-block-separator has-alpha-channel-opacity\"\/>\n\n\n\n<h3 class=\"wp-block-heading\"><strong>Exeku\u010dn\u00e9 konanie<\/strong><\/h3>\n\n\n\n<p>Ak va\u0161a ot\u00e1zka t\u00fdkaj\u00faca sa dostupnosti na\u0161ej webovej str\u00e1nky nie je uspokojivo zodpovedan\u00e1, m\u00f4\u017eete sa obr\u00e1ti\u0165 na&nbsp;<strong>Org\u00e1n presadzovania pr\u00e1va&nbsp;<\/strong>oto\u010d sa:<\/p>\n\n\n\n<p><strong>Sask\u00fd monitorovac\u00ed org\u00e1n pre digit\u00e1lnu pr\u00edstupnos\u0165<\/strong><br>Sask\u00e9 \u0161t\u00e1tne ministerstvo soci\u00e1lnych vec\u00ed a soci\u00e1lnej s\u00fadr\u017enosti<br>E-mail:&nbsp;<a href=\"mailto:durchsetzungsstelle@sk.sachsen.de\">durchsetzungsstelle@sk.sachsen.de<\/a><br>Web:&nbsp;<a href=\"https:\/\/www.durchsetzungsstelle.sachsen.de\/\" rel=\"noreferrer noopener\" target=\"_blank\">www.durchsetzungsstelle.sachsen.de<\/a><\/p>\n\n\n\n<hr class=\"wp-block-separator has-alpha-channel-opacity\"\/>\n\n\n\n<p>Neust\u00e1le sa sna\u017e\u00edme spr\u00edstupni\u0165 na\u0161u digit\u00e1lnu pr\u00edtomnos\u0165 v\u0161etk\u00fdm a \u010fakujeme za va\u0161u sp\u00e4tn\u00fa v\u00e4zbu!<\/p>\n<div class=\"gsp_post_data\" \r\n\t            data-post_type=\"page\" \r\n\t            data-cat=\"\" \r\n\t            data-modified=\"120\"\r\n\t            data-created=\"1750852070\"\r\n\t            data-title=\"Barrierefreiheitserkl\u00e4rung\" \r\n\t            data-home=\"https:\/\/info-to-go.binational-leipzig.de\/sk\"><\/div>","protected":false},"excerpt":{"rendered":"<p>Erkl\u00e4rung zur Barrierefreiheit Verband binationaler Familien und Partnerschaften, iaf e.V. Gesch\u00e4fts- und Beratungsstelle Leipzig&nbsp;ist bestrebt, ihre Website in \u00dcbereinstimmung mit den gesetzlichen Vorgaben zur Barrierefreiheit nutzbar zu machen. Diese Erkl\u00e4rung zur Barrierefreiheit gilt f\u00fcr die Website&nbsp;binational-leipzig.de Stand der Vereinbarkeit mit den Anforderungen Diese Website ist&nbsp;teilweise&nbsp;mit den Anforderungen der&nbsp;Barrierefreie-Informationstechnik-Verordnung (BITV 2.0) sowie der EU-Richtlinie 2016\/2102&nbsp;vereinbar. Wir [&hellip;]<\/p>\n","protected":false},"author":2,"featured_media":0,"parent":0,"menu_order":0,"comment_status":"closed","ping_status":"closed","template":"","meta":{"footnotes":""},"categories":[],"tags":[],"class_list":["post-598","page","type-page","status-publish","hentry"],"_links":{"self":[{"href":"https:\/\/info-to-go.binational-leipzig.de\/sk\/wp-json\/wp\/v2\/pages\/598","targetHints":{"allow":["GET"]}}],"collection":[{"href":"https:\/\/info-to-go.binational-leipzig.de\/sk\/wp-json\/wp\/v2\/pages"}],"about":[{"href":"https:\/\/info-to-go.binational-leipzig.de\/sk\/wp-json\/wp\/v2\/types\/page"}],"author":[{"embeddable":true,"href":"https:\/\/info-to-go.binational-leipzig.de\/sk\/wp-json\/wp\/v2\/users\/2"}],"replies":[{"embeddable":true,"href":"https:\/\/info-to-go.binational-leipzig.de\/sk\/wp-json\/wp\/v2\/comments?post=598"}],"version-history":[{"count":1,"href":"https:\/\/info-to-go.binational-leipzig.de\/sk\/wp-json\/wp\/v2\/pages\/598\/revisions"}],"predecessor-version":[{"id":599,"href":"https:\/\/info-to-go.binational-leipzig.de\/sk\/wp-json\/wp\/v2\/pages\/598\/revisions\/599"}],"wp:attachment":[{"href":"https:\/\/info-to-go.binational-leipzig.de\/sk\/wp-json\/wp\/v2\/media?parent=598"}],"wp:term":[{"taxonomy":"category","embeddable":true,"href":"https:\/\/info-to-go.binational-leipzig.de\/sk\/wp-json\/wp\/v2\/categories?post=598"},{"taxonomy":"post_tag","embeddable":true,"href":"https:\/\/info-to-go.binational-leipzig.de\/sk\/wp-json\/wp\/v2\/tags?post=598"}],"curies":[{"name":"pracovn\u00fd list","href":"https:\/\/api.w.org\/{rel}","templated":true}]}}