{"id":27,"date":"2023-07-09T23:02:19","date_gmt":"2023-07-09T21:02:19","guid":{"rendered":"https:\/\/sprijin.binational-leipzig.de\/?page_id=27"},"modified":"2025-04-07T12:45:50","modified_gmt":"2025-04-07T10:45:50","slug":"gesundheit","status":"publish","type":"page","link":"https:\/\/info-to-go.binational-leipzig.de\/sl\/start\/soziales\/gesundheit\/","title":{"rendered":"zdravje"},"content":{"rendered":"<div class=\"wp-block-esab-accordion accordion-3abb2e66\" data-mode=\"global\"><div class=\"esab__container\">\n<div class=\"wp-block-esab-accordion-child\"><div class=\"esab__head\" role=\"button\" aria-expanded=\"false\"><div class=\"esab__heading_txt\"><h2 class=\"esab__heading_tag\">Bolan sem in moram k zdravniku<\/h2><\/div><div class=\"esab__icon\"><div class=\"esab__collapse\"> <svg version=\"1.2\" viewbox=\"0 0 24 24\" width=\"24\" height=\"24\"><path fill-rule=\"evenodd\" d=\"m3.5 20.5c-4.7-4.7-4.7-12.3 0-17 4.7-4.7 12.3-4.7 17 0 4.6 4.7 4.6 12.3 0 17-4.7 4.6-12.3 4.6-17 0zm0.9-0.9c4.2 4.2 11 4.2 15.2 0 4.2-4.2 4.2-11 0-15.2-4.2-4.3-11-4.3-15.2 0-4.3 4.2-4.3 11 0 15.2z\"><\/path><path d=\"m11.4 15.9v-3.3h-3.3c-0.3 0-0.6-0.3-0.6-0.6 0-0.4 0.3-0.6 0.6-0.6h3.3v-3.3c0-0.3 0.3-0.6 0.6-0.6 0.3 0 0.6 0.3 0.6 0.6v3.3h3.3c0.3 0 0.6 0.2 0.6 0.6q0 0.2-0.2 0.4-0.2 0.2-0.4 0.2h-3.3v3.3q0 0.2-0.2 0.4-0.2 0.2-0.4 0.2c-0.4 0-0.6-0.3-0.6-0.6z\"><\/path><\/svg> <\/div><div class=\"esab__expand\"> <svg version=\"1.2\" viewbox=\"0 0 24 24\" width=\"24\" height=\"24\"><path fill-rule=\"evenodd\" d=\"m12 24c-6.6 0-12-5.4-12-12 0-6.6 5.4-12 12-12 6.6 0 12 5.4 12 12 0 6.6-5.4 12-12 12zm10.6-12c0-5.9-4.7-10.6-10.6-10.6-5.9 0-10.6 4.7-10.6 10.6 0 5.9 4.7 10.6 10.6 10.6 5.9 0 10.6-4.7 10.6-10.6z\"><\/path><path d=\"m5.6 11.3h12.8v1.4h-12.8z\"><\/path><\/svg> <\/div><\/div><\/div><div class=\"esab__body\">\n<p>\u010ce ste v Nem\u010diji bolni, greste lahko k zdravniku.<br>\u010ce gre za nujno pomo\u010d, pokli\u010dite re\u0161ilca (telefonska \u0161tevilka 112) ali pojdite v bolni\u0161nico.<br>\u010ce ni nujno, najprej obi\u0161\u010dite splo\u0161nega zdravnika.<br>To pomeni dru\u017einski zdravnik.<br>Ti zdravniki vam lahko na primer izdajo zdravni\u0161ko potrdilo ali recept za zdravila.<br>Zdravstveno spri\u010devalo je kos papirja kot dokaz, da ste bolni. In da ne more\u0161 v slu\u017ebo ali \u0161olo.<br>Zdravstveno spri\u010devalo izgleda takole:&nbsp;<\/p>\n\n\n\n<div data-wp-interactive=\"core\/file\" class=\"wp-block-file aligncenter\"><object data-wp-bind--hidden=\"!state.hasPdfPreview\" hidden class=\"wp-block-file__embed\" data=\"https:\/\/info-to-go.binational-leipzig.de\/wp-content\/uploads\/2024\/01\/eAU_Arbeitgeber_Muster_A4-1.pdf\" type=\"application\/pdf\" style=\"width:100%;height:600px\" aria-label=\"Vdelava eAU_Employer_Sample_A4-1\"><\/object><a id=\"wp-block-file--media-04205b64-ac5e-4141-b4bc-2aeb15a581e5\" href=\"https:\/\/info-to-go.binational-leipzig.de\/wp-content\/uploads\/2024\/01\/eAU_Arbeitgeber_Muster_A4-1.pdf\" target=\"_blank\" rel=\"noreferrer noopener\">eAU_Employer_Sample_A4-1<\/a><a href=\"https:\/\/info-to-go.binational-leipzig.de\/wp-content\/uploads\/2024\/01\/eAU_Arbeitgeber_Muster_A4-1.pdf\" class=\"wp-block-file__button wp-element-button\" download aria-describedby=\"wp-block-file--media-04205b64-ac5e-4141-b4bc-2aeb15a581e5\">Prenos<\/a><\/div>\n\n\n\n<p>Vendar morate sami obvestiti svojo slu\u017ebo ali \u0161olo, da ste bolni.<br>Pokli\u010de\u0161 in pove\u0161 koliko \u010dasa si ti ali tvoj otrok na bolni\u0161ki.<br>\u010ce i\u0161\u010dete delo in ste prijavljeni na zavodu za zaposlovanje ali zavodu za zaposlovanje, jih morate tudi obvestiti.<br>Zdravnik vas za dolo\u010den \u010das (na primer teden dni) odpi\u0161e z bolni\u0161ke.<br>\u010ce ste po tem \u010dasu \u0161e vedno bolni, se vrnite k zdravniku.<\/p>\n\n\n\n<p>\u010ce je bolezen kompleksnej\u0161a, prejmete napotnico za specialista.<br>Na primer: Imate te\u017eave s srcem. Nato boste prejeli napotnico za kardiologa.<br>To je zdravnik z veliko znanja o srcu.<br>Prenos izgleda takole:&nbsp;<\/p>\n\n\n\n<div data-wp-interactive=\"core\/file\" class=\"wp-block-file\"><object data-wp-bind--hidden=\"!state.hasPdfPreview\" hidden class=\"wp-block-file__embed\" data=\"https:\/\/info-to-go.binational-leipzig.de\/wp-content\/uploads\/2024\/01\/Ueberweisungsschein-6.pdf\" type=\"application\/pdf\" style=\"width:100%;height:600px\" aria-label=\"Prestopna postaja Vdelava-6\"><\/object><a id=\"wp-block-file--media-1b7f4be1-f293-453c-b737-3a8e6c4dbf9c\" href=\"https:\/\/info-to-go.binational-leipzig.de\/wp-content\/uploads\/2024\/01\/Ueberweisungsschein-6.pdf\" target=\"_blank\" rel=\"noreferrer noopener\">Predajni list-6<\/a><a href=\"https:\/\/info-to-go.binational-leipzig.de\/wp-content\/uploads\/2024\/01\/Ueberweisungsschein-6.pdf\" class=\"wp-block-file__button wp-element-button\" download aria-describedby=\"wp-block-file--media-1b7f4be1-f293-453c-b737-3a8e6c4dbf9c\">Prenos<\/a><\/div>\n\n\n\n<p>Prenos se izda za dolo\u010deno \u010detrtletje.<br>Leto ima 4 \u010detrtine: januar \u2013 marec, april \u2013 junij, julij \u2013 september, oktober \u2013 december.<br>Nakazilo lahko koristite v teko\u010dem ali naslednjem \u010detrtletju.<br>Na primer: nakazilo prejmete 20. maja. Ta prenos velja do 30. septembra.<br>Za nekatere specialiste ne potrebujete napotnice. Za termin se lahko dogovorite direktno.<br>Sem sodijo pediatri, ginekologi in oftalmologi.&nbsp;<\/p>\n<\/div><\/div>\n\n\n\n<div class=\"wp-block-esab-accordion-child\"><div class=\"esab__head\" role=\"button\" aria-expanded=\"false\"><div class=\"esab__heading_txt\"><h2 class=\"esab__heading_tag\">Kje lahko najdem zdravnika?\u00a0<\/h2><\/div><div class=\"esab__icon\"><div class=\"esab__collapse\"> <svg version=\"1.2\" viewbox=\"0 0 24 24\" width=\"24\" height=\"24\"><path fill-rule=\"evenodd\" d=\"m3.5 20.5c-4.7-4.7-4.7-12.3 0-17 4.7-4.7 12.3-4.7 17 0 4.6 4.7 4.6 12.3 0 17-4.7 4.6-12.3 4.6-17 0zm0.9-0.9c4.2 4.2 11 4.2 15.2 0 4.2-4.2 4.2-11 0-15.2-4.2-4.3-11-4.3-15.2 0-4.3 4.2-4.3 11 0 15.2z\"><\/path><path d=\"m11.4 15.9v-3.3h-3.3c-0.3 0-0.6-0.3-0.6-0.6 0-0.4 0.3-0.6 0.6-0.6h3.3v-3.3c0-0.3 0.3-0.6 0.6-0.6 0.3 0 0.6 0.3 0.6 0.6v3.3h3.3c0.3 0 0.6 0.2 0.6 0.6q0 0.2-0.2 0.4-0.2 0.2-0.4 0.2h-3.3v3.3q0 0.2-0.2 0.4-0.2 0.2-0.4 0.2c-0.4 0-0.6-0.3-0.6-0.6z\"><\/path><\/svg> <\/div><div class=\"esab__expand\"> <svg version=\"1.2\" viewbox=\"0 0 24 24\" width=\"24\" height=\"24\"><path fill-rule=\"evenodd\" d=\"m12 24c-6.6 0-12-5.4-12-12 0-6.6 5.4-12 12-12 6.6 0 12 5.4 12 12 0 6.6-5.4 12-12 12zm10.6-12c0-5.9-4.7-10.6-10.6-10.6-5.9 0-10.6 4.7-10.6 10.6 0 5.9 4.7 10.6 10.6 10.6 5.9 0 10.6-4.7 10.6-10.6z\"><\/path><path d=\"m5.6 11.3h12.8v1.4h-12.8z\"><\/path><\/svg> <\/div><\/div><\/div><div class=\"esab__body\">\n<p><a href=\"https:\/\/static.leipzig.de\/fileadmin\/mediendatenbank\/leipzig-de\/Stadt\/02.5_Dez5_Jugend_Soziales_Gesundheit_Schule\/53_Gesundheitsamt\/Startseite\/Mehrsprachige_gesundheitsbezogene_Angebote_in_Leipzig.pdf\" target=\"_blank\" rel=\"noreferrer noopener\">Tukaj<\/a> je seznam zdravnikov v Leipzigu, ki govorijo druge jezike.<\/p>\n\n\n\n<p><a href=\"https:\/\/asu.kvs-sachsen.de\/arztsuche\/\" target=\"_blank\" rel=\"noreferrer noopener\">Tukaj<\/a> zdravnike lahko i\u0161\u010dete na spletu:<br>Na vrh v presledek napi\u0161ete &quot;Leipzig&quot;.<br>Na sredini ozna\u010dite, ali i\u0161\u010dete splo\u0161nega zdravnika ali dolo\u010denega specialista.<br>Spodaj pi\u0161e &quot;Dodatne informacije&quot;. Tam lahko izberete tuji jezik.<\/p>\n\n\n\n<p>Na \u017ealost je pogosto te\u017eko dobiti pregled pri zdravniku.<br>Ko pokli\u010dete zdravni\u0161ko ordinacijo, vam lahko povedo:<br>&quot;Novih pacientov ne sprejemamo&quot;<br>\u010ce ste poklicali ve\u010d ordinacij in ne morete dobiti termina, pokli\u010dite slu\u017ebo za bolnike.<br>Telefonska \u0161tevilka je 116117.<br>Tamkaj\u0161nji ljudje vam bodo na\u0161li pregled pri zdravniku.<br><a href=\"https:\/\/www.116117-termine.de\/\" target=\"_blank\" rel=\"noreferrer noopener\">Tukaj<\/a> je stran.<\/p>\n<\/div><\/div>\n\n\n\n<div class=\"wp-block-esab-accordion-child\"><div class=\"esab__head\" role=\"button\" aria-expanded=\"false\"><div class=\"esab__heading_txt\"><h2 class=\"esab__heading_tag\">Imam naro\u010den pregled pri zdravniku, vendar ne govorim veliko nem\u0161ko\u00a0<\/h2><\/div><div class=\"esab__icon\"><div class=\"esab__collapse\"> <svg version=\"1.2\" viewbox=\"0 0 24 24\" width=\"24\" height=\"24\"><path fill-rule=\"evenodd\" d=\"m3.5 20.5c-4.7-4.7-4.7-12.3 0-17 4.7-4.7 12.3-4.7 17 0 4.6 4.7 4.6 12.3 0 17-4.7 4.6-12.3 4.6-17 0zm0.9-0.9c4.2 4.2 11 4.2 15.2 0 4.2-4.2 4.2-11 0-15.2-4.2-4.3-11-4.3-15.2 0-4.3 4.2-4.3 11 0 15.2z\"><\/path><path d=\"m11.4 15.9v-3.3h-3.3c-0.3 0-0.6-0.3-0.6-0.6 0-0.4 0.3-0.6 0.6-0.6h3.3v-3.3c0-0.3 0.3-0.6 0.6-0.6 0.3 0 0.6 0.3 0.6 0.6v3.3h3.3c0.3 0 0.6 0.2 0.6 0.6q0 0.2-0.2 0.4-0.2 0.2-0.4 0.2h-3.3v3.3q0 0.2-0.2 0.4-0.2 0.2-0.4 0.2c-0.4 0-0.6-0.3-0.6-0.6z\"><\/path><\/svg> <\/div><div class=\"esab__expand\"> <svg version=\"1.2\" viewbox=\"0 0 24 24\" width=\"24\" height=\"24\"><path fill-rule=\"evenodd\" d=\"m12 24c-6.6 0-12-5.4-12-12 0-6.6 5.4-12 12-12 6.6 0 12 5.4 12 12 0 6.6-5.4 12-12 12zm10.6-12c0-5.9-4.7-10.6-10.6-10.6-5.9 0-10.6 4.7-10.6 10.6 0 5.9 4.7 10.6 10.6 10.6 5.9 0 10.6-4.7 10.6-10.6z\"><\/path><path d=\"m5.6 11.3h12.8v1.4h-12.8z\"><\/path><\/svg> <\/div><\/div><\/div><div class=\"esab__body\">\n<p>Zdravstveno zavarovanje ne pla\u010da jezikovne pomo\u010di pri zdravniku.<br>\u010ce ne govorite dovolj nem\u0161ko, boste morali nekoga pripeljati s seboj.<br>Zelo pogosto morajo ljudje za to pla\u010dati drugim ali pa posku\u0161ajo prevajati prek mobilnega telefona.<\/p>\n\n\n\n<p>Obstajajo organizacije, ki spremljajo ljudi na preglede pri zdravniku.<br>Ni\u010desar vam ni treba pla\u010dati. Projekt se imenuje &quot;Leipzig pomaga pri tolma\u010denju&quot;.<br>\u010ce potrebujete jezikovno pomo\u010d pri zdravniku, se obrnite <a href=\"https:\/\/hilft-dolmetschen.de\/leipzig\/\" target=\"_blank\" rel=\"noopener\">tukaj <\/a>na. Spremljajo vas tudi na drugih terminih, kot so \u0161ola, mladinski urad, odvetnik itd.<br>Navedite naslednje podatke:\u00a0\u00a0<\/p>\n\n\n\n<ul class=\"wp-block-list\">\n<li>Kdaj je pregled pri zdravniku (datum in ura)?&nbsp;<\/li>\n\n\n\n<li>Kje je pregled pri zdravniku (ime in naslov ordinacije)?&nbsp;<\/li>\n\n\n\n<li>Kateri jezik potrebujete?<\/li>\n<\/ul>\n<\/div><\/div>\n\n\n\n<div class=\"wp-block-esab-accordion-child\"><div class=\"esab__head\" role=\"button\" aria-expanded=\"false\"><div class=\"esab__heading_txt\"><h2 class=\"esab__heading_tag\">Kako deluje zdravstveno zavarovanje za dr\u017eavljane EU?<\/h2><\/div><div class=\"esab__icon\"><div class=\"esab__collapse\"> <svg version=\"1.2\" viewbox=\"0 0 24 24\" width=\"24\" height=\"24\"><path fill-rule=\"evenodd\" d=\"m3.5 20.5c-4.7-4.7-4.7-12.3 0-17 4.7-4.7 12.3-4.7 17 0 4.6 4.7 4.6 12.3 0 17-4.7 4.6-12.3 4.6-17 0zm0.9-0.9c4.2 4.2 11 4.2 15.2 0 4.2-4.2 4.2-11 0-15.2-4.2-4.3-11-4.3-15.2 0-4.3 4.2-4.3 11 0 15.2z\"><\/path><path d=\"m11.4 15.9v-3.3h-3.3c-0.3 0-0.6-0.3-0.6-0.6 0-0.4 0.3-0.6 0.6-0.6h3.3v-3.3c0-0.3 0.3-0.6 0.6-0.6 0.3 0 0.6 0.3 0.6 0.6v3.3h3.3c0.3 0 0.6 0.2 0.6 0.6q0 0.2-0.2 0.4-0.2 0.2-0.4 0.2h-3.3v3.3q0 0.2-0.2 0.4-0.2 0.2-0.4 0.2c-0.4 0-0.6-0.3-0.6-0.6z\"><\/path><\/svg> <\/div><div class=\"esab__expand\"> <svg version=\"1.2\" viewbox=\"0 0 24 24\" width=\"24\" height=\"24\"><path fill-rule=\"evenodd\" d=\"m12 24c-6.6 0-12-5.4-12-12 0-6.6 5.4-12 12-12 6.6 0 12 5.4 12 12 0 6.6-5.4 12-12 12zm10.6-12c0-5.9-4.7-10.6-10.6-10.6-5.9 0-10.6 4.7-10.6 10.6 0 5.9 4.7 10.6 10.6 10.6 5.9 0 10.6-4.7 10.6-10.6z\"><\/path><path d=\"m5.6 11.3h12.8v1.4h-12.8z\"><\/path><\/svg> <\/div><\/div><\/div><div class=\"esab__body\">\n<p>Zdravstveno zavarovanje v Nem\u010diji je precej zapleteno.<br>To tukaj pojasnjujemo zelo preprosto in na splo\u0161no.<br>Obstajata dve vrsti zdravstvenega zavarovanja.&nbsp;&nbsp;<\/p>\n\n\n\n<ol start=\"1\" class=\"wp-block-list\">\n<li>Obvezno zdravstveno zavarovanje&nbsp;<\/li>\n<\/ol>\n\n\n\n<ol start=\"2\" class=\"wp-block-list\">\n<li>Zasebno zdravstveno zavarovanje&nbsp;<\/li>\n<\/ol>\n\n\n\n<p>Tukaj podajamo le informacije o obveznem zdravstvenem zavarovanju.<br>Obstajajo razli\u010dne zdravstvene zavarovalnice, ki ponujajo obvezno zdravstveno zavarovanje.<br>Na primer AOK, TK, IKK, DAK<\/p>\n\n\n\n<p>Dr\u017eavljani EU ob obisku tukaj ne potrebujejo nem\u0161kega zdravstvenega zavarovanja.<br>\u0160tudenti tudi ne potrebujejo nem\u0161kega zdravstvenega zavarovanja.<br>\u010ce te osebe zbolijo, lahko s kartico EHIC odidejo k zdravniku od doma.<br><strong>Drugi ljudje, ki tu ostanejo dlje, morajo imeti nem\u0161ko zdravstveno zavarovanje.<\/strong><\/p>\n\n\n\n<p>\u010ce nekdo dela ve\u010d kot mini delo (tj. oseba zaslu\u017ei ve\u010d kot 520 \u20ac na mesec), potem se denar za zdravstveno zavarovanje vzame neposredno iz njegove pla\u010de. Potem bo na pla\u010dilni listi.<br>\u010ce nekdo dela samo z malim delom, lahko zavod za zaposlovanje pla\u010da denar za zdravstveno zavarovanje.<br>Oseba mora zaprositi za &quot;dr\u017eavljanski denar&quot; na zavodu za zaposlovanje.<\/p>\n\n\n\n<p><strong>\u010ce se preselite iz Nem\u010dije, se morate odjaviti pri zdravstveni zavarovalnici.<\/strong><\/p>\n\n\n\n<p><br>Ta stran vsebuje veliko ve\u010d informacij v nem\u0161\u010dini in drugih jezikih o zdravstvenem zavarovanju za dr\u017eavljane EU:<br><a href=\"https:\/\/www.eu-gleichbehandlungsstelle.de\/eugs-de\/eu-buerger\/infothek\/krankenversicherung\" target=\"_blank\" rel=\"noopener\">https:\/\/www.eu-gleichbehandlungsstelle.de\/eugs-de\/eu-buerger\/infothek\/krankenversicherung<\/a><\/p>\n<\/div><\/div>\n\n\n\n<div class=\"wp-block-esab-accordion-child\"><div class=\"esab__head\" role=\"button\" aria-expanded=\"false\"><div class=\"esab__heading_txt\"><h2 class=\"esab__heading_tag\">Sem bolan in nimam zdravstvenega zavarovanja\u00a0<\/h2><\/div><div class=\"esab__icon\"><div class=\"esab__collapse\"> <svg version=\"1.2\" viewbox=\"0 0 24 24\" width=\"24\" height=\"24\"><path fill-rule=\"evenodd\" d=\"m3.5 20.5c-4.7-4.7-4.7-12.3 0-17 4.7-4.7 12.3-4.7 17 0 4.6 4.7 4.6 12.3 0 17-4.7 4.6-12.3 4.6-17 0zm0.9-0.9c4.2 4.2 11 4.2 15.2 0 4.2-4.2 4.2-11 0-15.2-4.2-4.3-11-4.3-15.2 0-4.3 4.2-4.3 11 0 15.2z\"><\/path><path d=\"m11.4 15.9v-3.3h-3.3c-0.3 0-0.6-0.3-0.6-0.6 0-0.4 0.3-0.6 0.6-0.6h3.3v-3.3c0-0.3 0.3-0.6 0.6-0.6 0.3 0 0.6 0.3 0.6 0.6v3.3h3.3c0.3 0 0.6 0.2 0.6 0.6q0 0.2-0.2 0.4-0.2 0.2-0.4 0.2h-3.3v3.3q0 0.2-0.2 0.4-0.2 0.2-0.4 0.2c-0.4 0-0.6-0.3-0.6-0.6z\"><\/path><\/svg> <\/div><div class=\"esab__expand\"> <svg version=\"1.2\" viewbox=\"0 0 24 24\" width=\"24\" height=\"24\"><path fill-rule=\"evenodd\" d=\"m12 24c-6.6 0-12-5.4-12-12 0-6.6 5.4-12 12-12 6.6 0 12 5.4 12 12 0 6.6-5.4 12-12 12zm10.6-12c0-5.9-4.7-10.6-10.6-10.6-5.9 0-10.6 4.7-10.6 10.6 0 5.9 4.7 10.6 10.6 10.6 5.9 0 10.6-4.7 10.6-10.6z\"><\/path><path d=\"m5.6 11.3h12.8v1.4h-12.8z\"><\/path><\/svg> <\/div><\/div><\/div><div class=\"esab__body\">\n<p>Ker je zdravstveno zavarovanje zapleteno in v\u010dasih zelo drago, imajo nekateri ljudje z njim te\u017eave.<br>Niti zdravstvenega zavarovanja nima\u0161.<br>Ali pa ste imeli zdravstveno zavarovanje, vendar premije niso bile pla\u010dane in imate zdaj veliko dolgov.<br>Kartica je blokirana s strani zdravstvene zavarovalnice.<\/p>\n\n\n\n<p>Tudi tak\u0161nim je v Leipzigu pomo\u010d.<br>Lahko se obrnete na organizacijo CABL.<br>CABL pomaga ljudem brez zdravstvenega zavarovanja in s te\u017eavami z zdravstvenim zavarovanjem.<br>CABL organizira zdravstveno pomo\u010d osebam brez zdravstvenega zavarovanja: \u010ce mora oseba k zdravniku ambulantno, prejme brezpla\u010dno napotnico.<br>Ponudba je anonimna in zaupna. Ljudje v CABL ne posredujejo podatkov o pacientih uradu za socialno skrbstvo ali uradu za priseljevanje.<br>Ni\u010desar vam ni treba pla\u010dati.<br><a href=\"https:\/\/cab-leipzig.de\/\" target=\"_blank\" rel=\"noreferrer noopener\">Tukaj<\/a> je spletno mesto CABL.<\/p>\n\n\n\n<p>Obstajajo tudi <a href=\"https:\/\/poliklinik-leipzig.org\/\" target=\"_blank\" rel=\"noreferrer noopener\">poliklinika<\/a> v Leipzigu.<br>Ne zagotavljajo zdravljenja, imajo pa veliko informacij o zdravstvenem sistemu v Nem\u010diji.<br>Poliklinika lahko organizira tudi prevod.<br>Obstajajo tudi ponudbe, kot so joga, umetnost in skupine za samopomo\u010d.<\/p>\n<\/div><\/div>\n\n\n\n<div class=\"wp-block-esab-accordion-child\"><div class=\"esab__head\" role=\"button\" aria-expanded=\"false\"><div class=\"esab__heading_txt\"><h2 class=\"esab__heading_tag\">Potrebujem zdravila za svojo bolezen\u00a0<\/h2><\/div><div class=\"esab__icon\"><div class=\"esab__collapse\"> <svg version=\"1.2\" viewbox=\"0 0 24 24\" width=\"24\" height=\"24\"><path fill-rule=\"evenodd\" d=\"m3.5 20.5c-4.7-4.7-4.7-12.3 0-17 4.7-4.7 12.3-4.7 17 0 4.6 4.7 4.6 12.3 0 17-4.7 4.6-12.3 4.6-17 0zm0.9-0.9c4.2 4.2 11 4.2 15.2 0 4.2-4.2 4.2-11 0-15.2-4.2-4.3-11-4.3-15.2 0-4.3 4.2-4.3 11 0 15.2z\"><\/path><path d=\"m11.4 15.9v-3.3h-3.3c-0.3 0-0.6-0.3-0.6-0.6 0-0.4 0.3-0.6 0.6-0.6h3.3v-3.3c0-0.3 0.3-0.6 0.6-0.6 0.3 0 0.6 0.3 0.6 0.6v3.3h3.3c0.3 0 0.6 0.2 0.6 0.6q0 0.2-0.2 0.4-0.2 0.2-0.4 0.2h-3.3v3.3q0 0.2-0.2 0.4-0.2 0.2-0.4 0.2c-0.4 0-0.6-0.3-0.6-0.6z\"><\/path><\/svg> <\/div><div class=\"esab__expand\"> <svg version=\"1.2\" viewbox=\"0 0 24 24\" width=\"24\" height=\"24\"><path fill-rule=\"evenodd\" d=\"m12 24c-6.6 0-12-5.4-12-12 0-6.6 5.4-12 12-12 6.6 0 12 5.4 12 12 0 6.6-5.4 12-12 12zm10.6-12c0-5.9-4.7-10.6-10.6-10.6-5.9 0-10.6 4.7-10.6 10.6 0 5.9 4.7 10.6 10.6 10.6 5.9 0 10.6-4.7 10.6-10.6z\"><\/path><path d=\"m5.6 11.3h12.8v1.4h-12.8z\"><\/path><\/svg> <\/div><\/div><\/div><div class=\"esab__body\">\n<p>Zdravilo kupite v lekarni.<br>Za manj\u0161e te\u017eave, kot sta bole\u010de grlo ali vro\u010dina, lahko dobite zdravila neposredno v lekarni.<br>\u010ce potrebujete mo\u010dnej\u0161a zdravila, boste morali v lekarno prinesti recept svojega zdravnika.<br>Tudi \u010de imate zdravstveno zavarovanje, morate \u0161e vedno nekaj pla\u010dati za zdravila.<br>To se imenuje &quot;dodatno pla\u010dilo&quot;.<\/p>\n\n\n\n<p>Za eno zdravilo morate pla\u010dati najve\u010d 10 evrov.<br>Za otroke do 18. leta starosti ni dopla\u010dila za zdravila.<br>\u010ce morate zdravila kupovati zelo pogosto, lahko zaprosite za oprostitev dopla\u010dil.<br>Ni vam treba pla\u010dati ve\u010d kot 2% svojega bruto dohodka na leto.<br>Za ljudi s kroni\u010dnimi boleznimi je meja 1%.<br>V takih primerih je pomembno, da spremljate svoje ra\u010dune za zdravila.&nbsp;<\/p>\n<\/div><\/div>\n\n\n\n<div class=\"wp-block-esab-accordion-child\"><div class=\"esab__head\" role=\"button\" aria-expanded=\"false\"><div class=\"esab__heading_txt\"><h2 class=\"esab__heading_tag\">Druge zdravstvene informacije\u00a0<\/h2><\/div><div class=\"esab__icon\"><div class=\"esab__collapse\"> <svg version=\"1.2\" viewbox=\"0 0 24 24\" width=\"24\" height=\"24\"><path fill-rule=\"evenodd\" d=\"m3.5 20.5c-4.7-4.7-4.7-12.3 0-17 4.7-4.7 12.3-4.7 17 0 4.6 4.7 4.6 12.3 0 17-4.7 4.6-12.3 4.6-17 0zm0.9-0.9c4.2 4.2 11 4.2 15.2 0 4.2-4.2 4.2-11 0-15.2-4.2-4.3-11-4.3-15.2 0-4.3 4.2-4.3 11 0 15.2z\"><\/path><path d=\"m11.4 15.9v-3.3h-3.3c-0.3 0-0.6-0.3-0.6-0.6 0-0.4 0.3-0.6 0.6-0.6h3.3v-3.3c0-0.3 0.3-0.6 0.6-0.6 0.3 0 0.6 0.3 0.6 0.6v3.3h3.3c0.3 0 0.6 0.2 0.6 0.6q0 0.2-0.2 0.4-0.2 0.2-0.4 0.2h-3.3v3.3q0 0.2-0.2 0.4-0.2 0.2-0.4 0.2c-0.4 0-0.6-0.3-0.6-0.6z\"><\/path><\/svg> <\/div><div class=\"esab__expand\"> <svg version=\"1.2\" viewbox=\"0 0 24 24\" width=\"24\" height=\"24\"><path fill-rule=\"evenodd\" d=\"m12 24c-6.6 0-12-5.4-12-12 0-6.6 5.4-12 12-12 6.6 0 12 5.4 12 12 0 6.6-5.4 12-12 12zm10.6-12c0-5.9-4.7-10.6-10.6-10.6-5.9 0-10.6 4.7-10.6 10.6 0 5.9 4.7 10.6 10.6 10.6 5.9 0 10.6-4.7 10.6-10.6z\"><\/path><path d=\"m5.6 11.3h12.8v1.4h-12.8z\"><\/path><\/svg> <\/div><\/div><\/div><div class=\"esab__body\">\n<ul class=\"wp-block-list\">\n<li>KuGeL \u2013 informacije o zdravstvenem sistemu&nbsp;<\/li>\n<\/ul>\n\n\n\n<p>The <a href=\"https:\/\/www.leipzig.de\/jugend-familie-und-soziales\/gesundheit\/kultursensible-gesundheitslotsen\" target=\"_blank\" rel=\"noreferrer noopener\">Projekt KuGeL<\/a> organizira dogodke v Leipzigu v razli\u010dnih jezikih.<br>Dogodki migrantom posredujejo informacije o njihovem zdravju in nem\u0161kem zdravstvenem sistemu.<\/p>\n\n\n\n<ul class=\"wp-block-list\">\n<li>Va\u0161e pravice kot bolnika&nbsp;<\/li>\n<\/ul>\n\n\n\n<p>Za zdravstvena vpra\u0161anja obstaja \u00bbNeodvisno svetovanje bolnikom v Nem\u010diji\u00ab (UPD).<br>Na primer: Kak\u0161ne so moje pravice kot bolnika? Kako dobim bolni\u0161ko nadomestilo? Katera cepljenja moram opraviti?<br>Lahko jih pokli\u010dete in dobite informacije o teh in drugih vpra\u0161anjih.<br><a href=\"https:\/\/www.patientenberatung.de\/de\/beratungsangebot#telefonische-beratung\" target=\"_blank\" rel=\"noreferrer noopener\">Ponudba nasvetov<\/a> je trenutno na voljo v nem\u0161kem, arabskem, ruskem in tur\u0161kem jeziku.<\/p>\n\n\n\n<p>Obstajajo posebne ponudbe za naslednje skupine. Posvetovanje je brezpla\u010dno.<br>Obi\u010dajno obstaja jezikovno posredni\u0161tvo za tak\u0161ne ponudbe, \u010de ne govorite veliko nem\u0161ko.<\/p>\n\n\n\n<ul class=\"wp-block-list\">\n<li>nose\u010dnost&nbsp;<\/li>\n<\/ul>\n\n\n\n<p>Nose\u010dnice lahko obi\u0161\u010dejo \u00bbnose\u010dni\u0161ko svetovalnico\u00ab.<br>Tam lahko dobite informacije o svojem zdravstvenem stanju in kje je na voljo finan\u010dna pomo\u010d.<br><a href=\"https:\/\/static.leipzig.de\/fileadmin\/mediendatenbank\/leipzig-de\/Stadt\/02.5_Dez5_Jugend_Soziales_Gesundheit_Schule\/51_Amt_fuer_Jugend_Familie_und_Bildung\/Familieninfobuero\/Checkliste-fur-werdende-Eltern.pdf\" target=\"_blank\" rel=\"noreferrer noopener\">Tukaj<\/a> Ti svetovalni centri so navedeni in tam je kontrolni seznam vsega, kar potrebujete pred in po porodu.<\/p>\n\n\n\n<ul class=\"wp-block-list\">\n<li>invalidnost&nbsp;<\/li>\n<\/ul>\n\n\n\n<p>Za invalide obstaja EUTB (dodatni nasvet o neodvisni udele\u017ebi).<br>EUTB pomaga ljudem na primer pri vlogi za izkaznico te\u017ekega invalida ali pri iskanju zaposlitve kot invalid.<br>V Leipzigu so ti 3:<br><a href=\"http:\/\/www.leben-mit-handicaps.de\/\" target=\"_blank\" rel=\"noreferrer noopener\">http:\/\/www.leben-mit-handicaps.de\/<\/a><br><a href=\"https:\/\/offenerdialog-ev.de\/teilhabeberatung\/\" target=\"_blank\" rel=\"noreferrer noopener\">https:\/\/offenerdialog-ev.de\/teilhabeberatung\/<\/a><br><a href=\"https:\/\/leipzig-und-autismus.de\/beratung\/\" target=\"_blank\" rel=\"noreferrer noopener\">https:\/\/leipzig-und-autismus.de\/beratung\/<\/a><\/p>\n\n\n\n<ul class=\"wp-block-list\">\n<li>Du\u0161evne bolezni&nbsp;<\/li>\n<\/ul>\n\n\n\n<p>Bolni\u0161nica St. Georg ponuja <a href=\"https:\/\/www.sanktgeorg.de\/patienten-besucher\/verbund-gemeindenahe-psychiatrie\/psychosoziale-sprechstunde.html\" target=\"_blank\" rel=\"noreferrer noopener\">Svetovanje o psihosocialnih vpra\u0161anjih<\/a>.<br>Odprt je za vse migrante v Leipzigu in tamkaj\u0161nji ljudje lahko organizirajo jezikovno posredovanje.<\/p>\n\n\n\n<ul class=\"wp-block-list\">\n<li>Spolnost, HIV in spolno zdravje<\/li>\n<\/ul>\n\n\n\n<p>Pri organizaciji <a href=\"https:\/\/www.leipzig.aidshilfe.de\/sexarbeit\" target=\"_blank\" rel=\"noreferrer noopener\">Aidshilfe Leipzig<\/a>\u00a0Svetovanje o teh temah lahko dobite brezpla\u010dno in anonimno. Tam se testirajo na HIV (20 \u20ac), sifilis (15 \u20ac), hepatitis C (15 \u20ac), klamidijo (35 \u20ac), gonorejo (gonoreja, 35 \u20ac). Queer prijazno in jezikovno posredovanje je mo\u017eno, vendar je najbolje, da se predhodno prijavite.<\/p>\n\n\n\n<p>Svetovanje o spolnem zdravju in brezpla\u010dno testiranje na HIV je na voljo na <a href=\"https:\/\/www.leipzig.de\/buergerservice-und-verwaltung\/aemter-und-behoerdengaenge\/behoerden-und-dienstleistungen\/dienststelle\/beratungsstelle-fuer-sexuell-uebertragbare-infektionen-und-aids-53323\" target=\"_blank\" rel=\"noopener\">Oddelek za zdravje v Leipzigu<\/a>.<\/p>\n\n\n\n<p>Za spolne delavce obstaja <a href=\"https:\/\/static.leipzig.de\/fileadmin\/mediendatenbank\/leipzig-de\/Stadt\/02.5_Dez5_Jugend_Soziales_Gesundheit_Schule\/53_Gesundheitsamt\/Behoerdenwegweiser\/Flyer_Deutsch.pdf\" target=\"_blank\" rel=\"noreferrer noopener\">Ministrstvo za zdravje<\/a> posebne ponudbe. Na voljo so testi, cepljenja in druga podpora. Lahko ostanete anonimni in ta pomo\u010d vas ne stane. Zdravstvena slu\u017eba lahko organizira tudi jezikovno mediacijo.<\/p>\n<\/div><\/div>\n<\/div><\/div>\n<div class=\"gsp_post_data\" \r\n\t            data-post_type=\"page\" \r\n\t            data-cat=\"soziales\" \r\n\t            data-modified=\"120\"\r\n\t            data-created=\"1688943739\"\r\n\t            data-title=\"Gesundheit\" \r\n\t            data-home=\"https:\/\/info-to-go.binational-leipzig.de\/sl\"><\/div>","protected":false},"excerpt":{"rendered":"","protected":false},"author":1,"featured_media":0,"parent":5,"menu_order":3,"comment_status":"closed","ping_status":"closed","template":"","meta":{"footnotes":""},"categories":[9],"tags":[],"class_list":["post-27","page","type-page","status-publish","hentry","category-soziales"],"_links":{"self":[{"href":"https:\/\/info-to-go.binational-leipzig.de\/sl\/wp-json\/wp\/v2\/pages\/27","targetHints":{"allow":["GET"]}}],"collection":[{"href":"https:\/\/info-to-go.binational-leipzig.de\/sl\/wp-json\/wp\/v2\/pages"}],"about":[{"href":"https:\/\/info-to-go.binational-leipzig.de\/sl\/wp-json\/wp\/v2\/types\/page"}],"author":[{"embeddable":true,"href":"https:\/\/info-to-go.binational-leipzig.de\/sl\/wp-json\/wp\/v2\/users\/1"}],"replies":[{"embeddable":true,"href":"https:\/\/info-to-go.binational-leipzig.de\/sl\/wp-json\/wp\/v2\/comments?post=27"}],"version-history":[{"count":19,"href":"https:\/\/info-to-go.binational-leipzig.de\/sl\/wp-json\/wp\/v2\/pages\/27\/revisions"}],"predecessor-version":[{"id":570,"href":"https:\/\/info-to-go.binational-leipzig.de\/sl\/wp-json\/wp\/v2\/pages\/27\/revisions\/570"}],"up":[{"embeddable":true,"href":"https:\/\/info-to-go.binational-leipzig.de\/sl\/wp-json\/wp\/v2\/pages\/5"}],"wp:attachment":[{"href":"https:\/\/info-to-go.binational-leipzig.de\/sl\/wp-json\/wp\/v2\/media?parent=27"}],"wp:term":[{"taxonomy":"category","embeddable":true,"href":"https:\/\/info-to-go.binational-leipzig.de\/sl\/wp-json\/wp\/v2\/categories?post=27"},{"taxonomy":"post_tag","embeddable":true,"href":"https:\/\/info-to-go.binational-leipzig.de\/sl\/wp-json\/wp\/v2\/tags?post=27"}],"curies":[{"name":"delovni list","href":"https:\/\/api.w.org\/{rel}","templated":true}]}}