{"id":399,"date":"2024-01-17T12:08:03","date_gmt":"2024-01-17T11:08:03","guid":{"rendered":"https:\/\/info-to-go.binational-leipzig.de\/?page_id=399"},"modified":"2024-07-31T12:56:05","modified_gmt":"2024-07-31T10:56:05","slug":"impressum","status":"publish","type":"page","link":"https:\/\/info-to-go.binational-leipzig.de\/sl\/impressum\/","title":{"rendered":"odtis"},"content":{"rendered":"<p><strong>Informacije v skladu s 5. \u010dlenom TMG<\/strong><\/p>\n\n\n\n<p>Zdru\u017eenje dvonacionalnih dru\u017ein in partnerstev, iaf eV<br>Ludolfusstra\u00dfe 2\u20134<br>60487 Frankfurt na Majni<\/p>\n\n\n\n<p><strong>Zastopa<\/strong><\/p>\n\n\n\n<p>Asiye Bal\u0131k\u00e7\u0131-Schmidt, Natalia Bugaj-Wolfram<\/p>\n\n\n\n<p>Posebni zastopnik v skladu s 30. \u010dlenom BGB: NN<\/p>\n\n\n\n<p>Register sodi\u0161\u010da:<\/p>\n\n\n\n<p>Okro\u017eno sodi\u0161\u010de v Frankfurtu na Majni, mati\u010dna \u0161tevilka zdru\u017eenja: VR 6728<\/p>\n\n\n\n<p>Dav\u010dni urad Frankfurt V Dav\u010dna \u0161tevilka 014 250 63357<\/p>\n\n\n\n<p><strong>stik<\/strong><\/p>\n\n\n\n<p>Telefon: +49 (0) 69 713 756 \u2013 0<br>Faks: +49 (0) 69 707 50 92<br>E-po\u0161ta: info@verband-binationaler.de<\/p>\n\n\n\n<p><strong>Vpis v register<\/strong><\/p>\n\n\n\n<p>Vpis v register zdru\u017eenj.<br>Register sodi\u0161\u010da: Okro\u017eno sodi\u0161\u010de v Frankfurtu na Majni<br>Registrska \u0161tevilka: VR 6728<\/p>\n\n\n\n<p><strong>DDV<\/strong><\/p>\n\n\n\n<p>Identifikacijska \u0161tevilka za DDV v skladu z 27. \u010dlenom zakona o DDV:<br>DE114234727<\/p>\n\n\n\n<p><strong>Re\u0161evanje sporov<\/strong><\/p>\n\n\n\n<p>Nismo pripravljeni ali dol\u017eni sodelovati v postopkih re\u0161evanja sporov pred arbitra\u017eno komisijo za potro\u0161nike.<\/p>\n\n\n\n<p><strong>Viri<\/strong><\/p>\n\n\n\n<p>Tehni\u010dna izvedba: Stephan Wein in Ahmet Erdem \u015eent\u00fcrk<br>Oblikovanje spletne strani: Chris Schneider<\/p>\n\n\n\n<p><strong>Fotografije<\/strong><\/p>\n\n\n\n<p>\u00bbKdo smo\u00ab: Mehmet Arbag<\/p>\n\n\n\n<p><strong>Pravno obvestilo<\/strong><\/p>\n\n\n\n<p>Odgovornost za vsebino<\/p>\n\n\n\n<p>Kot ponudnik storitev smo odgovorni za lastno vsebino na teh straneh v skladu s 7. \u010dlenom (1) nem\u0161kega zakona o telemedijih (TMG). Vendar pa v skladu z oddelki 8 do 10 nem\u0161kega zakona o telemedijih (TMG) kot ponudniki storitev nismo dol\u017eni spremljati posredovanih ali shranjenih informacij tretjih oseb ali preiskovati okoli\u0161\u010din, ki ka\u017eejo na nezakonito dejavnost.<\/p>\n\n\n\n<p>Obveznosti glede odstranitve ali blokiranja uporabe informacij v skladu s splo\u0161no zakonodajo ostajajo nespremenjene. Vendar pa je odgovornost v tem pogledu mogo\u010da \u0161ele od trenutka, ko se ve za dolo\u010deno kr\u0161itev zakona. \u010ce bomo opazili kakr\u0161ne koli tak\u0161ne kr\u0161itve zakona, bomo tak\u0161no vsebino nemudoma odstranili.<\/p>\n\n\n\n<p><strong>Odgovornost za povezave<\/strong><\/p>\n\n\n\n<p>Na\u0161a ponudba vsebuje povezave do zunanjih spletnih mest tretjih oseb, na katerih vsebino nimamo vpliva. Zato ne moremo prevzeti nobene odgovornosti za to zunanjo vsebino. Za vsebino povezanih strani je vedno odgovoren posamezni ponudnik ali upravljavec strani. Povezane strani so bile v \u010dasu povezave preverjene glede morebitnih kr\u0161itev zakona. Nezakonita vsebina v \u010dasu povezave ni bila prepoznavna.<\/p>\n\n\n\n<p>Vendar pa stalno spremljanje vsebine povezanih strani ni smiselno brez konkretnih dokazov o kr\u0161itvi zakona. \u010ce bomo opazili kakr\u0161ne koli kr\u0161itve zakona, bomo tak\u0161ne povezave nemudoma odstranili.<\/p>\n\n\n\n<p><strong>avtorske pravice<\/strong><\/p>\n\n\n\n<p>Vsebine in dela na teh straneh, ki jih ustvarijo upravljavci spletnega mesta, so predmet nem\u0161kega zakona o avtorskih pravicah. Reprodukcija, obdelava, distribucija in kakr\u0161na koli uporaba zunaj meja avtorskega prava zahtevajo pisno soglasje ustreznega avtorja ali ustvarjalca. Prenosi in kopije te strani so dovoljene le za zasebno, nekomercialno uporabo.<\/p>\n\n\n\n<p>V kolikor vsebine tega spletnega mesta ni ustvaril upravljavec, se spo\u0161tujejo avtorske pravice tretjih oseb. Predvsem je vsebina tretjih oseb ozna\u010dena kot taka. \u010ce kljub temu odkrijete kr\u0161itev avtorskih pravic, vas prosimo, da nas o tem obvestite. \u010ce bomo opazili kakr\u0161ne koli kr\u0161itve zakona, bomo tak\u0161no vsebino nemudoma odstranili.<\/p>\n<div class=\"gsp_post_data\" \r\n\t            data-post_type=\"page\" \r\n\t            data-cat=\"\" \r\n\t            data-modified=\"120\"\r\n\t            data-created=\"1705493283\"\r\n\t            data-title=\"Impressum\" \r\n\t            data-home=\"https:\/\/info-to-go.binational-leipzig.de\/sl\"><\/div>","protected":false},"excerpt":{"rendered":"<p>Angaben gem\u00e4\u00df \u00a7 5 TMG Verband binationaler Familien und Partnerschaften, iaf e.V.Ludolfusstra\u00dfe 2 \u2013 460487 Frankfurt am Main Vertreten durch Asiye Bal\u0131k\u00e7\u0131-Schmidt, Natalia Bugaj-Wolfram Besondere Vertreterin gem. \u00a7 30 BGB: N.N. Registergericht: Amtsgericht Frankfurt am Main&nbsp; Vereins-Registernummer: VR 6728 Finanzamt Frankfurt V \u00a0 Steuernummer 014 250 63357 Kontakt Telefon: +49 (0) 69 713 756 \u2013 [&hellip;]<\/p>\n","protected":false},"author":2,"featured_media":0,"parent":0,"menu_order":0,"comment_status":"closed","ping_status":"closed","template":"","meta":{"footnotes":""},"categories":[],"tags":[],"class_list":["post-399","page","type-page","status-publish","hentry"],"_links":{"self":[{"href":"https:\/\/info-to-go.binational-leipzig.de\/sl\/wp-json\/wp\/v2\/pages\/399","targetHints":{"allow":["GET"]}}],"collection":[{"href":"https:\/\/info-to-go.binational-leipzig.de\/sl\/wp-json\/wp\/v2\/pages"}],"about":[{"href":"https:\/\/info-to-go.binational-leipzig.de\/sl\/wp-json\/wp\/v2\/types\/page"}],"author":[{"embeddable":true,"href":"https:\/\/info-to-go.binational-leipzig.de\/sl\/wp-json\/wp\/v2\/users\/2"}],"replies":[{"embeddable":true,"href":"https:\/\/info-to-go.binational-leipzig.de\/sl\/wp-json\/wp\/v2\/comments?post=399"}],"version-history":[{"count":3,"href":"https:\/\/info-to-go.binational-leipzig.de\/sl\/wp-json\/wp\/v2\/pages\/399\/revisions"}],"predecessor-version":[{"id":481,"href":"https:\/\/info-to-go.binational-leipzig.de\/sl\/wp-json\/wp\/v2\/pages\/399\/revisions\/481"}],"wp:attachment":[{"href":"https:\/\/info-to-go.binational-leipzig.de\/sl\/wp-json\/wp\/v2\/media?parent=399"}],"wp:term":[{"taxonomy":"category","embeddable":true,"href":"https:\/\/info-to-go.binational-leipzig.de\/sl\/wp-json\/wp\/v2\/categories?post=399"},{"taxonomy":"post_tag","embeddable":true,"href":"https:\/\/info-to-go.binational-leipzig.de\/sl\/wp-json\/wp\/v2\/tags?post=399"}],"curies":[{"name":"delovni list","href":"https:\/\/api.w.org\/{rel}","templated":true}]}}