{"id":598,"date":"2025-06-25T11:47:50","date_gmt":"2025-06-25T09:47:50","guid":{"rendered":"https:\/\/info-to-go.binational-leipzig.de\/?page_id=598"},"modified":"2025-06-25T11:47:51","modified_gmt":"2025-06-25T09:47:51","slug":"barrierefreiheitserklaerung","status":"publish","type":"page","link":"https:\/\/info-to-go.binational-leipzig.de\/sl\/barrierefreiheitserklaerung\/","title":{"rendered":"Izjava o dostopnosti"},"content":{"rendered":"<h3 class=\"wp-block-heading\">Izjava o dostopnosti<\/h3>\n\n\n\n<p><strong>Zdru\u017eenje dvonacionalnih dru\u017ein in partnerstev, iaf eV, pisarna in svetovalna pisarna v Leipzigu<\/strong>&nbsp;si prizadeva, da bi bila njegova spletna stran uporabna v skladu z zakonskimi zahtevami glede dostopnosti. Ta izjava o dostopnosti velja za spletno stran.&nbsp;<a href=\"https:\/\/binational-leipzig.de\/\"><strong>binational-leipzig.de<\/strong><\/a><\/p>\n\n\n\n<hr class=\"wp-block-separator has-alpha-channel-opacity\"\/>\n\n\n\n<h3 class=\"wp-block-heading\"><strong>Stanje skladnosti z zahtevami<\/strong><\/h3>\n\n\n\n<p>To spletno mesto je&nbsp;<strong>delno<\/strong>&nbsp;z zahtevami&nbsp;<strong>Uredba o informacijski tehnologiji brez ovir (BITV 2.0) in Direktiva EU 2016\/2102<\/strong>&nbsp;Nenehno si prizadevamo za zmanj\u0161anje obstoje\u010dih ovir in izbolj\u0161anje uporabni\u0161ke prijaznosti za vse.<\/p>\n\n\n\n<hr class=\"wp-block-separator has-alpha-channel-opacity\"\/>\n\n\n\n<h3 class=\"wp-block-heading\"><strong>Nedostopna vsebina<\/strong><\/h3>\n\n\n\n<p>Kljub na\u0161im prizadevanjem nekatera obmo\u010dja niso v celoti dostopna:<\/p>\n\n\n\n<ul class=\"wp-block-list\">\n<li><strong>PDF-dokumenti<\/strong>Nekatere starej\u0161e datoteke PDF niso oblikovane na dostopen na\u010din.<\/li>\n\n\n\n<li><strong>Alternativna besedila<\/strong>Nekatere slike ali grafi\u010dni elementi morda ne vsebujejo dovolj nadomestnega besedila.<\/li>\n\n\n\n<li><strong>Navigacija in uporabnost<\/strong>Posamezni interaktivni elementi morda ne bodo v celoti upravljani s tipkovnico.<\/li>\n\n\n\n<li><strong>Videoposnetki<\/strong>Nekateri vdelani videoposnetki nimajo podnapisov ali zvo\u010dnih opisov.<\/li>\n<\/ul>\n\n\n\n<p>Prizadevamo si za postopno odpravo teh pomanjkljivosti.<\/p>\n\n\n\n<hr class=\"wp-block-separator has-alpha-channel-opacity\"\/>\n\n\n\n<h3 class=\"wp-block-heading\"><strong>Priprava te izjave<\/strong><\/h3>\n\n\n\n<p>Ta izjava je bila podana dne&nbsp;<strong>10.01.2025<\/strong>&nbsp;ustvarjeno in nazadnje posodobljeno dne&nbsp;<strong>19.02.2025<\/strong>&nbsp;preverjeno.<br><br>Spletno stran je ocenil&nbsp;<strong>notranja samoocena<\/strong>&nbsp;kot tudi z uporabo avtomatiziranih testov.<\/p>\n\n\n\n<hr class=\"wp-block-separator has-alpha-channel-opacity\"\/>\n\n\n\n<h3 class=\"wp-block-heading\"><strong>Povratne informacije in kontaktni podatki<\/strong><\/h3>\n\n\n\n<p>\u010ce naletite na kakr\u0161ne koli ovire na na\u0161i spletni strani ali imate predloge za izbolj\u0161ave, nas prosim kontaktirajte:<\/p>\n\n\n\n<p>Zdru\u017eenje dvonacionalnih dru\u017ein in partnerstev, iaf eV<br>Poslovno-svetovalna pisarna Leipzig<br><br><a href=\"https:\/\/www.google.com\/maps\/place\/Verband+binationaler+Familien+u.+Partnerschaften+e.V.\/@51.3232198,12.3793402,18.79z\/data=!4m5!3m4!1s0x0:0x280bc9ed9b02c389!8m2!3d51.3232449!4d12.3798815\" target=\"_blank\" rel=\"noreferrer noopener\">Arndtstrasse 63<br>04275 Leipzig<\/a><br><br>Telefon: 0341-6 88 00 22<br>E-po\u0161ta:&nbsp;<a href=\"http:\/\/leipzig@verband-binationaler-de\/\" rel=\"noreferrer noopener\" target=\"_blank\">leipzig@verband-binationaler-de<\/a><\/p>\n\n\n\n<hr class=\"wp-block-separator has-alpha-channel-opacity\"\/>\n\n\n\n<h3 class=\"wp-block-heading\"><strong>Izvr\u0161ni postopek<\/strong><\/h3>\n\n\n\n<p>\u010ce na va\u0161e vpra\u0161anje glede dostopnosti na\u0161ega spletnega mesta ne dobite zadovoljivega odgovora, se lahko obrnete na&nbsp;<strong>Izvr\u0161ni organ&nbsp;<\/strong>obrni se:<\/p>\n\n\n\n<p><strong>Sa\u0161ki nadzorni organ za digitalno dostopnost<\/strong><br>Sa\u0161ko dr\u017eavno ministrstvo za socialne zadeve in socialno kohezijo<br>E-po\u0161ta:&nbsp;<a href=\"mailto:durchsetzungsstelle@sk.sachsen.de\">durchsetzungsstelle@sk.sachsen.de<\/a><br>Splet:&nbsp;<a href=\"https:\/\/www.durchsetzungsstelle.sachsen.de\/\" rel=\"noreferrer noopener\" target=\"_blank\">www.durchsetzungsstelle.sachsen.de<\/a><\/p>\n\n\n\n<hr class=\"wp-block-separator has-alpha-channel-opacity\"\/>\n\n\n\n<p>Nenehno si prizadevamo, da bi bila na\u0161a digitalna prisotnost bolj dostopna vsem, in hvala za va\u0161e povratne informacije!<\/p>\n<div class=\"gsp_post_data\" \r\n\t            data-post_type=\"page\" \r\n\t            data-cat=\"\" \r\n\t            data-modified=\"120\"\r\n\t            data-created=\"1750852070\"\r\n\t            data-title=\"Barrierefreiheitserkl\u00e4rung\" \r\n\t            data-home=\"https:\/\/info-to-go.binational-leipzig.de\/sl\"><\/div>","protected":false},"excerpt":{"rendered":"<p>Erkl\u00e4rung zur Barrierefreiheit Verband binationaler Familien und Partnerschaften, iaf e.V. Gesch\u00e4fts- und Beratungsstelle Leipzig&nbsp;ist bestrebt, ihre Website in \u00dcbereinstimmung mit den gesetzlichen Vorgaben zur Barrierefreiheit nutzbar zu machen. Diese Erkl\u00e4rung zur Barrierefreiheit gilt f\u00fcr die Website&nbsp;binational-leipzig.de Stand der Vereinbarkeit mit den Anforderungen Diese Website ist&nbsp;teilweise&nbsp;mit den Anforderungen der&nbsp;Barrierefreie-Informationstechnik-Verordnung (BITV 2.0) sowie der EU-Richtlinie 2016\/2102&nbsp;vereinbar. Wir [&hellip;]<\/p>\n","protected":false},"author":2,"featured_media":0,"parent":0,"menu_order":0,"comment_status":"closed","ping_status":"closed","template":"","meta":{"footnotes":""},"categories":[],"tags":[],"class_list":["post-598","page","type-page","status-publish","hentry"],"_links":{"self":[{"href":"https:\/\/info-to-go.binational-leipzig.de\/sl\/wp-json\/wp\/v2\/pages\/598","targetHints":{"allow":["GET"]}}],"collection":[{"href":"https:\/\/info-to-go.binational-leipzig.de\/sl\/wp-json\/wp\/v2\/pages"}],"about":[{"href":"https:\/\/info-to-go.binational-leipzig.de\/sl\/wp-json\/wp\/v2\/types\/page"}],"author":[{"embeddable":true,"href":"https:\/\/info-to-go.binational-leipzig.de\/sl\/wp-json\/wp\/v2\/users\/2"}],"replies":[{"embeddable":true,"href":"https:\/\/info-to-go.binational-leipzig.de\/sl\/wp-json\/wp\/v2\/comments?post=598"}],"version-history":[{"count":1,"href":"https:\/\/info-to-go.binational-leipzig.de\/sl\/wp-json\/wp\/v2\/pages\/598\/revisions"}],"predecessor-version":[{"id":599,"href":"https:\/\/info-to-go.binational-leipzig.de\/sl\/wp-json\/wp\/v2\/pages\/598\/revisions\/599"}],"wp:attachment":[{"href":"https:\/\/info-to-go.binational-leipzig.de\/sl\/wp-json\/wp\/v2\/media?parent=598"}],"wp:term":[{"taxonomy":"category","embeddable":true,"href":"https:\/\/info-to-go.binational-leipzig.de\/sl\/wp-json\/wp\/v2\/categories?post=598"},{"taxonomy":"post_tag","embeddable":true,"href":"https:\/\/info-to-go.binational-leipzig.de\/sl\/wp-json\/wp\/v2\/tags?post=598"}],"curies":[{"name":"delovni list","href":"https:\/\/api.w.org\/{rel}","templated":true}]}}