{"id":25,"date":"2023-07-09T23:02:05","date_gmt":"2023-07-09T21:02:05","guid":{"rendered":"https:\/\/sprijin.binational-leipzig.de\/?page_id=25"},"modified":"2025-11-28T22:44:55","modified_gmt":"2025-11-28T21:44:55","slug":"kinder-und-familie","status":"publish","type":"page","link":"https:\/\/info-to-go.binational-leipzig.de\/tr\/start\/soziales\/kinder-und-familie\/","title":{"rendered":"\u00c7ocuklar ve aile"},"content":{"rendered":"<div class=\"wp-block-esab-accordion accordion-28ab7e5b\" data-mode=\"global\"><div class=\"esab__container\">\n<div class=\"wp-block-esab-accordion-child\"><div class=\"esab__head\" role=\"button\" aria-expanded=\"false\"><div class=\"esab__heading_txt\"><h2 class=\"esab__heading_tag\">Hamileyim. Ne yapmal\u0131y\u0131m?\u00a0<\/h2><\/div><div class=\"esab__icon\"><div class=\"esab__collapse\"> <svg version=\"1.2\" viewbox=\"0 0 24 24\" width=\"24\" height=\"24\"><path fill-rule=\"evenodd\" d=\"m3.5 20.5c-4.7-4.7-4.7-12.3 0-17 4.7-4.7 12.3-4.7 17 0 4.6 4.7 4.6 12.3 0 17-4.7 4.6-12.3 4.6-17 0zm0.9-0.9c4.2 4.2 11 4.2 15.2 0 4.2-4.2 4.2-11 0-15.2-4.2-4.3-11-4.3-15.2 0-4.3 4.2-4.3 11 0 15.2z\"><\/path><path d=\"m11.4 15.9v-3.3h-3.3c-0.3 0-0.6-0.3-0.6-0.6 0-0.4 0.3-0.6 0.6-0.6h3.3v-3.3c0-0.3 0.3-0.6 0.6-0.6 0.3 0 0.6 0.3 0.6 0.6v3.3h3.3c0.3 0 0.6 0.2 0.6 0.6q0 0.2-0.2 0.4-0.2 0.2-0.4 0.2h-3.3v3.3q0 0.2-0.2 0.4-0.2 0.2-0.4 0.2c-0.4 0-0.6-0.3-0.6-0.6z\"><\/path><\/svg> <\/div><div class=\"esab__expand\"> <svg version=\"1.2\" viewbox=\"0 0 24 24\" width=\"24\" height=\"24\"><path fill-rule=\"evenodd\" d=\"m12 24c-6.6 0-12-5.4-12-12 0-6.6 5.4-12 12-12 6.6 0 12 5.4 12 12 0 6.6-5.4 12-12 12zm10.6-12c0-5.9-4.7-10.6-10.6-10.6-5.9 0-10.6 4.7-10.6 10.6 0 5.9 4.7 10.6 10.6 10.6 5.9 0 10.6-4.7 10.6-10.6z\"><\/path><path d=\"m5.6 11.3h12.8v1.4h-12.8z\"><\/path><\/svg> <\/div><\/div><\/div><div class=\"esab__body\">\n<p>Hamileyseniz, bir hamilelik dan\u0131\u015fmanl\u0131k merkezinden bir\u00e7ok bilgi alabilirsiniz. Bunlara \u015fu adresten ula\u015fabilirsiniz... <a href=\"https:\/\/www.awo-leipzig-stadt.de\/hilfe-zur-erziehung\/schwangerenberatung\/\" target=\"_blank\" rel=\"noopener\">AWO<\/a>, <a href=\"https:\/\/www.caritas-leipzig.de\/hilfeundberatung\/kinderjugendlicheundfamilien\/beratungsangebote\/schwangerschaft\/schwangerschaft\" target=\"_blank\" rel=\"noopener\">Karayipler<\/a>, <a href=\"https:\/\/www.diakonie-leipzig.de\/hilfe-angebote\/kinder-jugendliche-familien\/schwangerenberatung\/\" target=\"_blank\" rel=\"noopener\">Diakonie<\/a>, <a href=\"https:\/\/leipzig.donumvitae.org\/\" target=\"_blank\" rel=\"noopener\">D\u00f6n\u00fcm Hayat<\/a>, <a href=\"https:\/\/www.drk-leipzig.de\/schwangeren-und-familienberatungsstelle.html\" target=\"_blank\" rel=\"noopener\">Alman K\u0131z\u0131l Hac<\/a> Ve <a href=\"https:\/\/www.profamilia.de\/angebote-vor-ort\/sachsen\/beratungsstelle-leipzig\" target=\"_blank\" rel=\"noopener\">Pro Familia<\/a>. [Kurulu\u015f ad\u0131]&#039;n\u0131n hamile kad\u0131nlara y\u00f6nelik online dan\u0131\u015fmanl\u0131k hizmeti bulunmaktad\u0131r. <a href=\"https:\/\/beratung.caritas.de\/schwangerschaftsberatung\/registration?aid=460\" target=\"_blank\" rel=\"noopener\">Karayipler <\/a>Ve <a href=\"https:\/\/beratung.diakonie.de\/registration\" target=\"_blank\" rel=\"noopener\">Diakonie<\/a>. Bu bro\u015f\u00fcrde bu dan\u0131\u015fma merkezleri listelenmi\u015f olup do\u011fum \u00f6ncesi ve sonras\u0131 i\u00e7in \u00f6nemli olan her \u015feyin kontrol listesi yer almaktad\u0131r:<\/p>\n\n\n\n<figure class=\"wp-block-gallery has-nested-images columns-default is-cropped wp-block-gallery-1 is-layout-flex wp-block-gallery-is-layout-flex\">\n<figure class=\"wp-block-image size-large\"><img loading=\"lazy\" decoding=\"async\" width=\"1024\" height=\"538\" data-id=\"729\" src=\"https:\/\/info-to-go.binational-leipzig.de\/wp-content\/uploads\/2025\/11\/Flyer-Checkliste-Schwanger-2023_page-0001-1024x538.jpg\" alt=\"\" class=\"wp-image-729\" srcset=\"https:\/\/info-to-go.binational-leipzig.de\/wp-content\/uploads\/2025\/11\/Flyer-Checkliste-Schwanger-2023_page-0001-1024x538.jpg 1024w, https:\/\/info-to-go.binational-leipzig.de\/wp-content\/uploads\/2025\/11\/Flyer-Checkliste-Schwanger-2023_page-0001-300x158.jpg 300w, https:\/\/info-to-go.binational-leipzig.de\/wp-content\/uploads\/2025\/11\/Flyer-Checkliste-Schwanger-2023_page-0001-768x403.jpg 768w, https:\/\/info-to-go.binational-leipzig.de\/wp-content\/uploads\/2025\/11\/Flyer-Checkliste-Schwanger-2023_page-0001-1536x807.jpg 1536w, https:\/\/info-to-go.binational-leipzig.de\/wp-content\/uploads\/2025\/11\/Flyer-Checkliste-Schwanger-2023_page-0001-2048x1076.jpg 2048w, https:\/\/info-to-go.binational-leipzig.de\/wp-content\/uploads\/2025\/11\/Flyer-Checkliste-Schwanger-2023_page-0001-18x9.jpg 18w\" sizes=\"auto, (max-width: 1024px) 100vw, 1024px\" \/><\/figure>\n\n\n\n<figure class=\"wp-block-image size-large\"><img loading=\"lazy\" decoding=\"async\" width=\"1024\" height=\"538\" data-id=\"728\" src=\"https:\/\/info-to-go.binational-leipzig.de\/wp-content\/uploads\/2025\/11\/Flyer-Checkliste-Schwanger-2023_page-0002-1024x538.jpg\" alt=\"\" class=\"wp-image-728\" srcset=\"https:\/\/info-to-go.binational-leipzig.de\/wp-content\/uploads\/2025\/11\/Flyer-Checkliste-Schwanger-2023_page-0002-1024x538.jpg 1024w, https:\/\/info-to-go.binational-leipzig.de\/wp-content\/uploads\/2025\/11\/Flyer-Checkliste-Schwanger-2023_page-0002-300x158.jpg 300w, https:\/\/info-to-go.binational-leipzig.de\/wp-content\/uploads\/2025\/11\/Flyer-Checkliste-Schwanger-2023_page-0002-768x403.jpg 768w, https:\/\/info-to-go.binational-leipzig.de\/wp-content\/uploads\/2025\/11\/Flyer-Checkliste-Schwanger-2023_page-0002-1536x807.jpg 1536w, https:\/\/info-to-go.binational-leipzig.de\/wp-content\/uploads\/2025\/11\/Flyer-Checkliste-Schwanger-2023_page-0002-2048x1076.jpg 2048w, https:\/\/info-to-go.binational-leipzig.de\/wp-content\/uploads\/2025\/11\/Flyer-Checkliste-Schwanger-2023_page-0002-18x9.jpg 18w\" sizes=\"auto, (max-width: 1024px) 100vw, 1024px\" \/><\/figure>\n<\/figure>\n\n\n\n<p>Hamilelik dan\u0131\u015fmanl\u0131k merkezleri hamileli\u011finiz boyunca size yard\u0131mc\u0131 olabilir. Ayr\u0131ca k\u00fcrtaj yapt\u0131rmay\u0131 d\u00fc\u015f\u00fcn\u00fcyorsan\u0131z da destek sa\u011flayabilirler. Dan\u0131\u015fmanl\u0131k \u00fccretsizdir ve di\u011fer dillerde de yap\u0131labilir.<\/p>\n\n\n\n<p>Hamilelik d\u00f6neminde maddi deste\u011fe ihtiyac\u0131n\u0131z varsa, birka\u00e7 se\u00e7ene\u011finiz bulunmaktad\u0131r. \u0130\u015f ve \u0130\u015f\u00e7i Bulma Kurumu&#039;ndan (Jobcenter) yard\u0131m al\u0131yorsan\u0131z, hamileli\u011finiz boyunca ek destek ba\u015fvurusunda bulunabilirsiniz. Bu destek, hamileli\u011fin 13. haftas\u0131ndan itibaren mevcuttur ve &quot;hamilelik d\u00f6neminde ek ihtiya\u00e7lar&quot; olarak adland\u0131r\u0131l\u0131r. Hamileli\u011finizi kan\u0131tlamak i\u00e7in do\u011fum kayd\u0131n\u0131z\u0131n bir kopyas\u0131n\u0131 sunman\u0131z gerekecektir. Ayr\u0131ca, \u0130\u015f ve \u0130\u015f\u00e7i Bulma Kurumu&#039;ndan giyim ve bebek e\u015fyalar\u0131 i\u00e7in de maddi yard\u0131m alabilirsiniz. Bu yard\u0131ma &quot;hamilelik ve do\u011fum i\u00e7in ilk ekipman&quot; denir. <\/p>\n\n\n\n<p><\/p>\n\n\n\n<p>Evliyseniz e\u015finiz otomatik olarak \u00e7ocu\u011fun babas\u0131 say\u0131l\u0131r.<br>Evli de\u011filseniz, \u00e7ocu\u011fun babas\u0131n\u0131n babal\u0131\u011f\u0131 kabul etmesi gerekir.<br>Babal\u0131\u011f\u0131n tan\u0131nmas\u0131, baban\u0131n baz\u0131 hak ve y\u00fck\u00fcml\u00fcl\u00fcklere sahip olmas\u0131 anlam\u0131na gelir.<\/p>\n\n\n\n<p>Evliyseniz, e\u015finizle birlikte otomatik olarak ortak velayete sahipsiniz.<br>Evli de\u011filseniz velayet konusunu babayla g\u00f6r\u00fc\u015fmelisiniz.<br>Ortak velayet karar\u0131 ald\u0131ysan\u0131z, bunu babaya velayet beyan\u0131 vererek resmile\u015ftirin.<\/p>\n\n\n\n<p>Babal\u0131k tan\u0131ma i\u015flemini ve velayet beyan\u0131n\u0131 \u00e7ocu\u011fun babas\u0131yla birlikte gen\u00e7lik dairesinde yapacaks\u0131n\u0131z.<br>Bunlar \u00e7ok \u00f6nemli \u015feyler ve randevuda sizin ve baban\u0131n her \u015feyi anlamas\u0131 \u00f6nemlidir.<br>E\u011fer siz ve\/veya \u00e7ocu\u011funuzun babas\u0131 \u00e7ok fazla Almanca konu\u015fam\u0131yorsa, Gen\u00e7lik Dairesi bir terc\u00fcman ayarlayabilir.<br><a href=\"https:\/\/www.leipzig.de\/jugend-familie-und-soziales\/kinder-jugend-und-elternhilfe\/unterhalts-und-sorgerecht\/beurkundungen\" target=\"_blank\" rel=\"noreferrer noopener\">Burada<\/a> Leipzig Gen\u00e7lik Refah Ofisi&#039;nden daha fazla bilgi ve ileti\u015fim bilgileri alabilirsiniz.<\/p>\n<\/div><\/div>\n\n\n\n<div class=\"wp-block-esab-accordion-child\"><div class=\"esab__head\" role=\"button\" aria-expanded=\"false\"><div class=\"esab__heading_txt\"><h2 class=\"esab__heading_tag\">\u00c7ocu\u011fum i\u00e7in bir kre\u015f nas\u0131l bulabilirim?<\/h2><\/div><div class=\"esab__icon\"><div class=\"esab__collapse\"> <svg version=\"1.2\" viewbox=\"0 0 24 24\" width=\"24\" height=\"24\"><path fill-rule=\"evenodd\" d=\"m3.5 20.5c-4.7-4.7-4.7-12.3 0-17 4.7-4.7 12.3-4.7 17 0 4.6 4.7 4.6 12.3 0 17-4.7 4.6-12.3 4.6-17 0zm0.9-0.9c4.2 4.2 11 4.2 15.2 0 4.2-4.2 4.2-11 0-15.2-4.2-4.3-11-4.3-15.2 0-4.3 4.2-4.3 11 0 15.2z\"><\/path><path d=\"m11.4 15.9v-3.3h-3.3c-0.3 0-0.6-0.3-0.6-0.6 0-0.4 0.3-0.6 0.6-0.6h3.3v-3.3c0-0.3 0.3-0.6 0.6-0.6 0.3 0 0.6 0.3 0.6 0.6v3.3h3.3c0.3 0 0.6 0.2 0.6 0.6q0 0.2-0.2 0.4-0.2 0.2-0.4 0.2h-3.3v3.3q0 0.2-0.2 0.4-0.2 0.2-0.4 0.2c-0.4 0-0.6-0.3-0.6-0.6z\"><\/path><\/svg> <\/div><div class=\"esab__expand\"> <svg version=\"1.2\" viewbox=\"0 0 24 24\" width=\"24\" height=\"24\"><path fill-rule=\"evenodd\" d=\"m12 24c-6.6 0-12-5.4-12-12 0-6.6 5.4-12 12-12 6.6 0 12 5.4 12 12 0 6.6-5.4 12-12 12zm10.6-12c0-5.9-4.7-10.6-10.6-10.6-5.9 0-10.6 4.7-10.6 10.6 0 5.9 4.7 10.6 10.6 10.6 5.9 0 10.6-4.7 10.6-10.6z\"><\/path><path d=\"m5.6 11.3h12.8v1.4h-12.8z\"><\/path><\/svg> <\/div><\/div><\/div><div class=\"esab__body\">\n<p>\u00c7ocuklar\u0131n kre\u015fe gitmesine gerek yok. \u00c7ocu\u011fun kre\u015fe gidip gitmeyece\u011fine ve ne zaman gidece\u011fine ebeveynler karar verir.<br>Zorunluluk sadece ilkokulda var.<br>E\u011fer bir \u00e7ocuk 30 Haziran&#039;da alt\u0131 ya\u015f\u0131n\u0131 doldurmu\u015fsa, o y\u0131l ilkokula ba\u015flamas\u0131 gerekir.<\/p>\n\n\n\n<p>Kita, g\u00fcnd\u00fcz bak\u0131mevinin k\u0131saltmas\u0131d\u0131r. \u0130ki k\u0131s\u0131m vard\u0131r:<\/p>\n\n\n\n<p>Kre\u015f: 0-3 ya\u015f aras\u0131 \u00e7ocuklar i\u00e7in <\/p>\n\n\n\n<p>Anaokulu: 3 ya\u015f\u0131ndan okul \u00e7a\u011f\u0131na kadar olan \u00e7ocuklar i\u00e7in<\/p>\n\n\n\n<p>Leipzig&#039;de bir kre\u015f yeri ar\u0131yorsan\u0131z \u00e7ocu\u011funuzu \u015fu adrese kaydedin: <a href=\"https:\/\/www.meinkitaplatz-leipzig.de\/app\/de\/home\/index\" target=\"_blank\" rel=\"noreferrer noopener\">benim kre\u015f yerim<\/a> ile.<br>Daha sonra kre\u015f se\u00e7imi yapabilirsiniz.<br>Kay\u0131t veya yer bulma konusunda yard\u0131ma ihtiyac\u0131n\u0131z varsa, \u015fu adresten yard\u0131m alabilirsiniz: <a href=\"https:\/\/www.leipzig.de\/jugend-familie-und-soziales\/auslaender-und-migranten\/migration-und-integration\/willkommenszentrum\" target=\"_blank\" rel=\"noreferrer noopener\">Ho\u015f Geldiniz Merkezi<\/a> veya <a href=\"https:\/\/www.leipzig.de\/jugend-familie-und-soziales\/kinderbetreuung\/kindertagesstaetten\" target=\"_blank\" rel=\"noreferrer noopener\">Gen\u00e7lik Refah Ofisi<\/a>.<\/p>\n\n\n\n<p>Gen\u00e7lik Refah Ofisi&#039;nin bir <a href=\"https:\/\/static.leipzig.de\/fileadmin\/mediendatenbank\/leipzig-de\/Stadt\/02.5_Dez5_Jugend_Soziales_Gesundheit_Schule\/51_Amt_fuer_Jugend_Familie_und_Bildung\/Familieninfobuero\/Kitabroschuere_Leipzig-viersprachig.pdf\" target=\"_blank\" rel=\"noreferrer noopener\">bro\u015f\u00fcr<\/a> Leipzig&#039;deki kre\u015flere ve <a href=\"https:\/\/static.leipzig.de\/fileadmin\/mediendatenbank\/leipzig-de\/Stadt\/02.5_Dez5_Jugend_Soziales_Gesundheit_Schule\/51_Amt_fuer_Jugend_Familie_und_Bildung\/Kita\/Kita_Einstieg_FAQ_Deutsch.pdf\" target=\"_blank\" rel=\"noreferrer noopener\">Burada<\/a> hakk\u0131nda bir\u00e7ok soruya cevap verdi.<\/p>\n<\/div><\/div>\n\n\n\n<div class=\"wp-block-esab-accordion-child\"><div class=\"esab__head\" role=\"button\" aria-expanded=\"false\"><div class=\"esab__heading_txt\"><h2 class=\"esab__heading_tag\">Ailelere ne gibi maddi destekler sa\u011flan\u0131yor?\u00a0<\/h2><\/div><div class=\"esab__icon\"><div class=\"esab__collapse\"> <svg version=\"1.2\" viewbox=\"0 0 24 24\" width=\"24\" height=\"24\"><path fill-rule=\"evenodd\" d=\"m3.5 20.5c-4.7-4.7-4.7-12.3 0-17 4.7-4.7 12.3-4.7 17 0 4.6 4.7 4.6 12.3 0 17-4.7 4.6-12.3 4.6-17 0zm0.9-0.9c4.2 4.2 11 4.2 15.2 0 4.2-4.2 4.2-11 0-15.2-4.2-4.3-11-4.3-15.2 0-4.3 4.2-4.3 11 0 15.2z\"><\/path><path d=\"m11.4 15.9v-3.3h-3.3c-0.3 0-0.6-0.3-0.6-0.6 0-0.4 0.3-0.6 0.6-0.6h3.3v-3.3c0-0.3 0.3-0.6 0.6-0.6 0.3 0 0.6 0.3 0.6 0.6v3.3h3.3c0.3 0 0.6 0.2 0.6 0.6q0 0.2-0.2 0.4-0.2 0.2-0.4 0.2h-3.3v3.3q0 0.2-0.2 0.4-0.2 0.2-0.4 0.2c-0.4 0-0.6-0.3-0.6-0.6z\"><\/path><\/svg> <\/div><div class=\"esab__expand\"> <svg version=\"1.2\" viewbox=\"0 0 24 24\" width=\"24\" height=\"24\"><path fill-rule=\"evenodd\" d=\"m12 24c-6.6 0-12-5.4-12-12 0-6.6 5.4-12 12-12 6.6 0 12 5.4 12 12 0 6.6-5.4 12-12 12zm10.6-12c0-5.9-4.7-10.6-10.6-10.6-5.9 0-10.6 4.7-10.6 10.6 0 5.9 4.7 10.6 10.6 10.6 5.9 0 10.6-4.7 10.6-10.6z\"><\/path><path d=\"m5.6 11.3h12.8v1.4h-12.8z\"><\/path><\/svg> <\/div><\/div><\/div><div class=\"esab__body\">\n<p>Ailelere y\u00f6nelik \u00e7e\u015fitli maddi avantajlar bulunmaktad\u0131r.&nbsp;<\/p>\n\n\n\n<p>\u00c7ocuk yard\u0131m\u0131 bir\u00e7ok ki\u015fi taraf\u0131ndan bilinmektedir.<br>AB vatanda\u015flar\u0131, \u00e7ocuklar\u0131 ba\u015fka bir \u00fclkede ya\u015fasa bile Almanya&#039;da \u00e7ocuk yard\u0131m\u0131 alabilirler.<\/p>\n\n\n\n<p>Di\u011fer olas\u0131 faydalar aras\u0131nda \u00e7ocuk deste\u011fi, ebeveyn yard\u0131m\u0131, nafaka avans\u0131 ve devlet \u00e7ocuk yard\u0131m\u0131 yer almaktad\u0131r.<br><a href=\"https:\/\/familienportal.de\/familienportal\/familienleistungen\" target=\"_blank\" rel=\"noreferrer noopener\">Burada<\/a> Aile yard\u0131mlar\u0131n\u0131n \u00e7o\u011fu a\u00e7\u0131klanm\u0131\u015ft\u0131r.<br><a href=\"https:\/\/static.leipzig.de\/fileadmin\/mediendatenbank\/leipzig-de\/Stadt\/02.5_Dez5_Jugend_Soziales_Gesundheit_Schule\/51_Amt_fuer_Jugend_Familie_und_Bildung\/Familieninfobuero\/Broschuere\" target=\"_blank\" rel=\"noreferrer noopener\">Burada<\/a> Leipzig Gen\u00e7lik Refah Ofisi&#039;nin \u00e7ok dilli bir bro\u015f\u00fcr\u00fc var.<\/p>\n\n\n\n<p>Devlet \u00e7ocuk yard\u0131m\u0131 Almanya&#039;n\u0131n her yerinde mevcut de\u011fildir.<br>Leipzig&#039;de, 1-2 ya\u015f aras\u0131 \u00e7ocuklar\u0131n ebeveynlerine, ebeveynlerden birinin evde kal\u0131p \u00e7ocu\u011fa bakmas\u0131 halinde para sa\u011flanabiliyor.<br>Ka\u00e7 para bu? Bu, \u00e7ocu\u011fun ka\u00e7 ya\u015f\u0131nda oldu\u011funa ve ka\u00e7 \u00e7ocu\u011funuz oldu\u011funa ba\u011fl\u0131d\u0131r.<br><a href=\"https:\/\/www.familie.sachsen.de\/landeserziehungsgeld.html?_cp=%7B%22accordion-content-5838%22%3A%7B%221%22%3Atrue%2C%222%22%3Atrue%7D%2C%22previousOpen%22%3A%7B%22group%22%3A%22accordion-content-5838%22%2C%22idx%22%3A1%7D%7D\" target=\"_blank\" rel=\"noreferrer noopener\">Burada<\/a> Ayr\u0131nt\u0131l\u0131 olarak anlat\u0131lm\u0131\u015ft\u0131r.<\/p>\n<\/div><\/div>\n\n\n\n<div class=\"wp-block-esab-accordion-child\"><div class=\"esab__head\" role=\"button\" aria-expanded=\"false\"><div class=\"esab__heading_txt\"><h2 class=\"esab__heading_tag\">Ailemde zorluklar var. Bu konuda bize kim yard\u0131mc\u0131 olacak?<\/h2><\/div><div class=\"esab__icon\"><div class=\"esab__collapse\"> <svg version=\"1.2\" viewbox=\"0 0 24 24\" width=\"24\" height=\"24\"><path fill-rule=\"evenodd\" d=\"m3.5 20.5c-4.7-4.7-4.7-12.3 0-17 4.7-4.7 12.3-4.7 17 0 4.6 4.7 4.6 12.3 0 17-4.7 4.6-12.3 4.6-17 0zm0.9-0.9c4.2 4.2 11 4.2 15.2 0 4.2-4.2 4.2-11 0-15.2-4.2-4.3-11-4.3-15.2 0-4.3 4.2-4.3 11 0 15.2z\"><\/path><path d=\"m11.4 15.9v-3.3h-3.3c-0.3 0-0.6-0.3-0.6-0.6 0-0.4 0.3-0.6 0.6-0.6h3.3v-3.3c0-0.3 0.3-0.6 0.6-0.6 0.3 0 0.6 0.3 0.6 0.6v3.3h3.3c0.3 0 0.6 0.2 0.6 0.6q0 0.2-0.2 0.4-0.2 0.2-0.4 0.2h-3.3v3.3q0 0.2-0.2 0.4-0.2 0.2-0.4 0.2c-0.4 0-0.6-0.3-0.6-0.6z\"><\/path><\/svg> <\/div><div class=\"esab__expand\"> <svg version=\"1.2\" viewbox=\"0 0 24 24\" width=\"24\" height=\"24\"><path fill-rule=\"evenodd\" d=\"m12 24c-6.6 0-12-5.4-12-12 0-6.6 5.4-12 12-12 6.6 0 12 5.4 12 12 0 6.6-5.4 12-12 12zm10.6-12c0-5.9-4.7-10.6-10.6-10.6-5.9 0-10.6 4.7-10.6 10.6 0 5.9 4.7 10.6 10.6 10.6 5.9 0 10.6-4.7 10.6-10.6z\"><\/path><path d=\"m5.6 11.3h12.8v1.4h-12.8z\"><\/path><\/svg> <\/div><\/div><\/div><div class=\"esab__body\">\n<p>Bazen \u00e7ocuk yeti\u015ftirmek zorlu olabiliyor veya anne-baba aras\u0131nda \u00e7at\u0131\u015fmalar \u00e7\u0131kabiliyor.<br>B\u00f6yle durumlarda bir aile dan\u0131\u015fmanl\u0131k merkezine ba\u015fvurmak mant\u0131kl\u0131d\u0131r.<\/p>\n\n\n\n<p>Aile dan\u0131\u015fmanl\u0131k merkezlerinin bu t\u00fcr durumlarda olduk\u00e7a fazla deneyimi bulunmaktad\u0131r.<br>Yard\u0131m \u00fccretsizdir ve personel \u00e7o\u011funlukla ba\u015fka dilleri de konu\u015fmaktad\u0131r.<br><a href=\"https:\/\/static.leipzig.de\/fileadmin\/mediendatenbank\/leipzig-de\/Stadt\/02.5_Dez5_Jugend_Soziales_Gesundheit_Schule\/51_Amt_fuer_Jugend_Familie_und_Bildung\/Familieninfobuero\/Flyer-Erziehungsberatungsstellen-2020.pdf\" target=\"_blank\" rel=\"noopener\">Burada<\/a> Leipzig&#039;deki t\u00fcm aile dan\u0131\u015fmanl\u0131k merkezleri listelenmi\u015ftir.<\/p>\n<\/div><\/div>\n\n\n\n<div class=\"wp-block-esab-accordion-child\"><div class=\"esab__head\" role=\"button\" aria-expanded=\"false\"><div class=\"esab__heading_txt\"><h2 class=\"esab__heading_tag\">Gen\u00e7lik dairesi ne i\u015f yapar?<\/h2><\/div><div class=\"esab__icon\"><div class=\"esab__collapse\"> <svg version=\"1.2\" viewbox=\"0 0 24 24\" width=\"24\" height=\"24\"><path fill-rule=\"evenodd\" d=\"m3.5 20.5c-4.7-4.7-4.7-12.3 0-17 4.7-4.7 12.3-4.7 17 0 4.6 4.7 4.6 12.3 0 17-4.7 4.6-12.3 4.6-17 0zm0.9-0.9c4.2 4.2 11 4.2 15.2 0 4.2-4.2 4.2-11 0-15.2-4.2-4.3-11-4.3-15.2 0-4.3 4.2-4.3 11 0 15.2z\"><\/path><path d=\"m11.4 15.9v-3.3h-3.3c-0.3 0-0.6-0.3-0.6-0.6 0-0.4 0.3-0.6 0.6-0.6h3.3v-3.3c0-0.3 0.3-0.6 0.6-0.6 0.3 0 0.6 0.3 0.6 0.6v3.3h3.3c0.3 0 0.6 0.2 0.6 0.6q0 0.2-0.2 0.4-0.2 0.2-0.4 0.2h-3.3v3.3q0 0.2-0.2 0.4-0.2 0.2-0.4 0.2c-0.4 0-0.6-0.3-0.6-0.6z\"><\/path><\/svg> <\/div><div class=\"esab__expand\"> <svg version=\"1.2\" viewbox=\"0 0 24 24\" width=\"24\" height=\"24\"><path fill-rule=\"evenodd\" d=\"m12 24c-6.6 0-12-5.4-12-12 0-6.6 5.4-12 12-12 6.6 0 12 5.4 12 12 0 6.6-5.4 12-12 12zm10.6-12c0-5.9-4.7-10.6-10.6-10.6-5.9 0-10.6 4.7-10.6 10.6 0 5.9 4.7 10.6 10.6 10.6 5.9 0 10.6-4.7 10.6-10.6z\"><\/path><path d=\"m5.6 11.3h12.8v1.4h-12.8z\"><\/path><\/svg> <\/div><\/div><\/div><div class=\"esab__body\">\n<p>Gen\u00e7lik Hizmetleri Genel M\u00fcd\u00fcrl\u00fc\u011f\u00fc\u2019n\u00fcn g\u00f6revi \u00e7ocuklar\u0131 ve gen\u00e7leri korumak, ebeveynlere destek olmakt\u0131r.<br>Gen\u00e7lik Dairesi&#039;nin, \u00f6rne\u011fin kre\u015fler veya ebeveyn yard\u0131m\u0131 gibi \u00e7e\u015fitli departmanlar\u0131 vard\u0131r.<br>Aile dan\u0131\u015fmanl\u0131\u011f\u0131 da sunmaktad\u0131r.<\/p>\n\n\n\n<p>Gen\u00e7lik dairesi, \u00e7ocuklar\u0131n refah\u0131n\u0131 g\u00f6zeten sosyal hizmet g\u00f6revlilerini istihdam eder.<br>Yani \u00e7ocu\u011fun iyi durumda oldu\u011fundan emin olurlar.<br>E\u011fer \u00e7ocuk tehlikeli bir durumdaysa (\u00e7ocuk istismar\u0131), gen\u00e7lik dairesi \u00e7ocu\u011fu g\u00f6zalt\u0131na alabilir.<br>Bu, \u00e7ocu\u011fun aileye geri d\u00f6nebilece\u011fi zamana kadar gen\u00e7lik refah ofisi taraf\u0131ndan i\u015fletilen bir evde veya koruyucu bir ailenin yan\u0131nda kalmas\u0131 anlam\u0131na gelir.<br>Bu t\u00fcr konularda karar verecek merci aile mahkemesidir.<br>Yarg\u0131lama s\u00fcrecinde \u00e7ocu\u011fa yasal temsilciden yard\u0131m sa\u011flan\u0131r.<br>Bu ki\u015finin g\u00f6revi \u00e7ocu\u011fun \u00e7\u0131karlar\u0131n\u0131 temsil etmektir.<\/p>\n\n\n\n<p><a href=\"https:\/\/www.unterstuetzung-die-ankommt.de\/de\/mediathek\/broschueren\/\" target=\"_blank\" rel=\"noreferrer noopener\">Burada<\/a> Gen\u00e7lik Dairesi&#039;nin g\u00f6revleri hakk\u0131nda \u00e7e\u015fitli dillerde bilgi edinebilirsiniz.<\/p>\n<\/div><\/div>\n<\/div><\/div>\n<div class=\"gsp_post_data\" \r\n\t            data-post_type=\"page\" \r\n\t            data-cat=\"soziales\" \r\n\t            data-modified=\"120\"\r\n\t            data-created=\"1688943725\"\r\n\t            data-title=\"Kinder und Familie\" \r\n\t            data-home=\"https:\/\/info-to-go.binational-leipzig.de\/tr\"><\/div>","protected":false},"excerpt":{"rendered":"","protected":false},"author":1,"featured_media":0,"parent":5,"menu_order":6,"comment_status":"closed","ping_status":"closed","template":"","meta":{"footnotes":""},"categories":[9],"tags":[],"class_list":["post-25","page","type-page","status-publish","hentry","category-soziales"],"_links":{"self":[{"href":"https:\/\/info-to-go.binational-leipzig.de\/tr\/wp-json\/wp\/v2\/pages\/25","targetHints":{"allow":["GET"]}}],"collection":[{"href":"https:\/\/info-to-go.binational-leipzig.de\/tr\/wp-json\/wp\/v2\/pages"}],"about":[{"href":"https:\/\/info-to-go.binational-leipzig.de\/tr\/wp-json\/wp\/v2\/types\/page"}],"author":[{"embeddable":true,"href":"https:\/\/info-to-go.binational-leipzig.de\/tr\/wp-json\/wp\/v2\/users\/1"}],"replies":[{"embeddable":true,"href":"https:\/\/info-to-go.binational-leipzig.de\/tr\/wp-json\/wp\/v2\/comments?post=25"}],"version-history":[{"count":17,"href":"https:\/\/info-to-go.binational-leipzig.de\/tr\/wp-json\/wp\/v2\/pages\/25\/revisions"}],"predecessor-version":[{"id":732,"href":"https:\/\/info-to-go.binational-leipzig.de\/tr\/wp-json\/wp\/v2\/pages\/25\/revisions\/732"}],"up":[{"embeddable":true,"href":"https:\/\/info-to-go.binational-leipzig.de\/tr\/wp-json\/wp\/v2\/pages\/5"}],"wp:attachment":[{"href":"https:\/\/info-to-go.binational-leipzig.de\/tr\/wp-json\/wp\/v2\/media?parent=25"}],"wp:term":[{"taxonomy":"category","embeddable":true,"href":"https:\/\/info-to-go.binational-leipzig.de\/tr\/wp-json\/wp\/v2\/categories?post=25"},{"taxonomy":"post_tag","embeddable":true,"href":"https:\/\/info-to-go.binational-leipzig.de\/tr\/wp-json\/wp\/v2\/tags?post=25"}],"curies":[{"name":"wp","href":"https:\/\/api.w.org\/{rel}","templated":true}]}}