{"id":285,"date":"2024-01-04T13:29:12","date_gmt":"2024-01-04T12:29:12","guid":{"rendered":"https:\/\/info-to-go.binational-leipzig.de\/?page_id=285"},"modified":"2025-08-22T17:19:40","modified_gmt":"2025-08-22T15:19:40","slug":"wer-wir-sind","status":"publish","type":"page","link":"https:\/\/info-to-go.binational-leipzig.de\/tr\/wer-wir-sind\/","title":{"rendered":"Biz kimiz"},"content":{"rendered":"<p class=\"has-black-color has-text-color has-link-color wp-elements-c72634aa25679946aa2a2eeb64f08b5a\">Biz, Leipzig&#039;de g\u00f6\u00e7menlere tam zamanl\u0131 dan\u0131\u015fmanl\u0131k hizmeti veren Loredana ve \u00c9anna ad\u0131nda iki ki\u015fiyiz. \u0130ster Leipzig&#039;e yeni gelmi\u015f olun, ister bir s\u00fcredir burada ya\u015f\u0131yor olun, s\u0131k s\u0131k sorular\u0131n\u0131z olur.<\/p>\n\n\n\n<p class=\"has-black-color has-text-color has-link-color wp-elements-dea5cb0ff36a345c1fbc84f5590a1874\">Ortada \u00e7ok fazla bilgi var ve bazen bunlar\u0131n do\u011fru olup olmad\u0131\u011f\u0131n\u0131 bilemiyorsunuz. Bu konularda net bilgiler sunmak istiyoruz. Leipzig&#039;deki g\u00f6\u00e7menlerin daha do\u011fru bilgiler almas\u0131n\u0131 ve bunun i\u00e7in \u00fccret \u00f6dememelerini istiyoruz.<\/p>\n\n\n\n<p class=\"has-black-color has-text-color has-link-color wp-elements-4043f67d40b375a80d425c35cf5a0be0\">Bu sayfadaki bilgiler \u00f6ncelikle di\u011fer AB \u00fclkelerinden gelen Leipziglilere y\u00f6neliktir. Ancak, bilgilerin \u00e7o\u011fu Almanya&#039;n\u0131n ba\u015fka yerlerinde ya\u015fayan veya AB vatanda\u015f\u0131 olmayan ki\u015filer i\u00e7in de ge\u00e7erlidir.<\/p>\n\n\n\n<p class=\"has-black-color has-text-color has-link-color wp-elements-e8ae7e8e05904e336e3d813e52eed443\">Baz\u0131 yerlerde bilgiyi olu\u015fturmak i\u00e7in hala zamana ihtiyac\u0131m\u0131z var. Sa\u011f alt tarafa t\u0131klarsan\u0131z di\u011fer dilleri se\u00e7ebilirsiniz. Metnin bir k\u0131sm\u0131 otomatik olarak \u00e7evrildi\u011finden hatalar olu\u015fursa l\u00fctfen anlay\u0131\u015fla kar\u015f\u0131lay\u0131n.<\/p>\n\n\n\n<p class=\"has-black-color has-text-color has-link-color wp-elements-0b3980da428105955e054e953c4943e2\">Bilgilerin kapsaml\u0131, do\u011fru ve g\u00fcncel kalmas\u0131 i\u00e7in elimizden gelenin en iyisini yap\u0131yoruz. Ancak, herhangi bir eksik veya yanl\u0131\u015fl\u0131k fark ederseniz, l\u00fctfen bize bildirin. Bu, gelecekte ba\u015fkalar\u0131na da yard\u0131mc\u0131 olacakt\u0131r. \u0130leti\u015fim bilgilerimizi a\u015fa\u011f\u0131daki &quot;Bask\u0131&quot; b\u00f6l\u00fcm\u00fcnde bulabilirsiniz.<\/p>\n\n\n\n<p class=\"has-black-color has-text-color has-link-color wp-elements-af7e68fbac72b2a48a8647dff244d1a1\">Keyifli okumalar!<\/p>\n\n\n\n<p class=\"has-black-color has-text-color has-link-color wp-elements-098d904d21b72a9790d08d436c9eb658\">Loredana ve Eanna \ud83d\ude0a<\/p>\n\n\n<div class=\"wp-block-image\">\n<figure data-wp-context=\"{&quot;imageId&quot;:&quot;69f5c21444b6c&quot;}\" data-wp-interactive=\"core\/image\" data-wp-key=\"69f5c21444b6c\" class=\"aligncenter size-large is-resized wp-lightbox-container\"><img loading=\"lazy\" decoding=\"async\" width=\"1024\" height=\"642\" data-wp-class--hide=\"state.isContentHidden\" data-wp-class--show=\"state.isContentVisible\" data-wp-init=\"callbacks.setButtonStyles\" data-wp-on--click=\"actions.showLightbox\" data-wp-on--load=\"callbacks.setButtonStyles\" data-wp-on-window--resize=\"callbacks.setButtonStyles\" src=\"https:\/\/info-to-go.binational-leipzig.de\/wp-content\/uploads\/2024\/01\/website-pic-1024x642.jpg\" alt=\"\" class=\"wp-image-287\" style=\"width:565px;height:auto\" srcset=\"https:\/\/info-to-go.binational-leipzig.de\/wp-content\/uploads\/2024\/01\/website-pic-1024x642.jpg 1024w, https:\/\/info-to-go.binational-leipzig.de\/wp-content\/uploads\/2024\/01\/website-pic-300x188.jpg 300w, https:\/\/info-to-go.binational-leipzig.de\/wp-content\/uploads\/2024\/01\/website-pic-768x481.jpg 768w, https:\/\/info-to-go.binational-leipzig.de\/wp-content\/uploads\/2024\/01\/website-pic-1536x962.jpg 1536w, https:\/\/info-to-go.binational-leipzig.de\/wp-content\/uploads\/2024\/01\/website-pic-2048x1283.jpg 2048w, https:\/\/info-to-go.binational-leipzig.de\/wp-content\/uploads\/2024\/01\/website-pic-18x12.jpg 18w\" sizes=\"auto, (max-width: 1024px) 100vw, 1024px\" \/><button\n\t\t\tclass=\"lightbox-trigger\"\n\t\t\ttype=\"button\"\n\t\t\taria-haspopup=\"dialog\"\n\t\t\taria-label=\"B\u00fcy\u00fct\"\n\t\t\tdata-wp-init=\"callbacks.initTriggerButton\"\n\t\t\tdata-wp-on--click=\"actions.showLightbox\"\n\t\t\tdata-wp-style--right=\"state.imageButtonRight\"\n\t\t\tdata-wp-style--top=\"state.imageButtonTop\"\n\t\t>\n\t\t\t<svg xmlns=\"http:\/\/www.w3.org\/2000\/svg\" width=\"12\" height=\"12\" fill=\"none\" viewbox=\"0 0 12 12\">\n\t\t\t\t<path fill=\"#fff\" d=\"M2 0a2 2 0 0 0-2 2v2h1.5V2a.5.5 0 0 1 .5-.5h2V0H2Zm2 10.5H2a.5.5 0 0 1-.5-.5V8H0v2a2 2 0 0 0 2 2h2v-1.5ZM8 12v-1.5h2a.5.5 0 0 0 .5-.5V8H12v2a2 2 0 0 1-2 2H8Zm2-12a2 2 0 0 1 2 2v2h-1.5V2a.5.5 0 0 0-.5-.5H8V0h2Z\" \/>\n\t\t\t<\/svg>\n\t\t<\/button><\/figure>\n<\/div><div class=\"gsp_post_data\" \r\n\t            data-post_type=\"page\" \r\n\t            data-cat=\"\" \r\n\t            data-modified=\"120\"\r\n\t            data-created=\"1704374952\"\r\n\t            data-title=\"Wer wir sind\" \r\n\t            data-home=\"https:\/\/info-to-go.binational-leipzig.de\/tr\"><\/div>","protected":false},"excerpt":{"rendered":"<p>Wir sind zwei Personen, Loredana und \u00c9anna, die beide hauptamtlich aktiv in der Beratung von Migrant*innen in Leipzig sind. Egal, ob man ganz neu in Leipzig ist oder schon eine Weile hier lebt: Es gibt oft Fragen. Es gibt viele Informationen und manchmal wei\u00df man nicht, ob sie richtig sind. Wir wollen klare Informationen zu [&hellip;]<\/p>\n","protected":false},"author":1,"featured_media":0,"parent":0,"menu_order":0,"comment_status":"closed","ping_status":"closed","template":"","meta":{"footnotes":""},"categories":[],"tags":[],"class_list":["post-285","page","type-page","status-publish","hentry"],"_links":{"self":[{"href":"https:\/\/info-to-go.binational-leipzig.de\/tr\/wp-json\/wp\/v2\/pages\/285","targetHints":{"allow":["GET"]}}],"collection":[{"href":"https:\/\/info-to-go.binational-leipzig.de\/tr\/wp-json\/wp\/v2\/pages"}],"about":[{"href":"https:\/\/info-to-go.binational-leipzig.de\/tr\/wp-json\/wp\/v2\/types\/page"}],"author":[{"embeddable":true,"href":"https:\/\/info-to-go.binational-leipzig.de\/tr\/wp-json\/wp\/v2\/users\/1"}],"replies":[{"embeddable":true,"href":"https:\/\/info-to-go.binational-leipzig.de\/tr\/wp-json\/wp\/v2\/comments?post=285"}],"version-history":[{"count":12,"href":"https:\/\/info-to-go.binational-leipzig.de\/tr\/wp-json\/wp\/v2\/pages\/285\/revisions"}],"predecessor-version":[{"id":614,"href":"https:\/\/info-to-go.binational-leipzig.de\/tr\/wp-json\/wp\/v2\/pages\/285\/revisions\/614"}],"wp:attachment":[{"href":"https:\/\/info-to-go.binational-leipzig.de\/tr\/wp-json\/wp\/v2\/media?parent=285"}],"wp:term":[{"taxonomy":"category","embeddable":true,"href":"https:\/\/info-to-go.binational-leipzig.de\/tr\/wp-json\/wp\/v2\/categories?post=285"},{"taxonomy":"post_tag","embeddable":true,"href":"https:\/\/info-to-go.binational-leipzig.de\/tr\/wp-json\/wp\/v2\/tags?post=285"}],"curies":[{"name":"wp","href":"https:\/\/api.w.org\/{rel}","templated":true}]}}