{"id":3,"date":"2024-03-11T13:45:00","date_gmt":"2024-03-11T12:45:00","guid":{"rendered":"https:\/\/sprijin.binational-leipzig.de\/?page_id=3"},"modified":"2024-03-11T13:45:51","modified_gmt":"2024-03-11T12:45:51","slug":"datenschutzerklaerung","status":"publish","type":"page","link":"https:\/\/info-to-go.binational-leipzig.de\/tr\/datenschutzerklaerung\/","title":{"rendered":"Gizlilik Politikas\u0131"},"content":{"rendered":"<p><strong>1. Veri korumas\u0131na genel bak\u0131\u015f<\/strong><\/p>\n\n\n\n<p><strong><em>Genel bilgi<\/em><\/strong><\/p>\n\n\n\n<p>A\u015fa\u011f\u0131daki bilgiler, web sitemizi ziyaret etti\u011finizde ki\u015fisel verilerinize ne oldu\u011funa dair basit bir genel bak\u0131\u015f sunmaktad\u0131r. Ki\u015fisel veri, sizi ki\u015fisel olarak tan\u0131mlamaya yarayacak her t\u00fcrl\u00fc veridir. Veri korumas\u0131na ili\u015fkin detayl\u0131 bilgi i\u00e7in l\u00fctfen bu metnin alt\u0131nda yer alan gizlilik politikam\u0131z\u0131 inceleyiniz.<\/p>\n\n\n\n<p><strong>Web sitemizde veri toplanmas\u0131<\/strong><\/p>\n\n\n\n<p><strong><em>Bu web sitesinde veri toplanmas\u0131ndan kim sorumludur?<\/em><\/strong><\/p>\n\n\n\n<p>Bu internet sitesindeki veri i\u015fleme, internet sitesi operat\u00f6r\u00fc taraf\u0131ndan ger\u00e7ekle\u015ftirilmektedir. \u0130leti\u015fim bilgilerini bu web sitesinin k\u00fcnyesinde bulabilirsiniz.<\/p>\n\n\n\n<p><strong><em>Verilerinizi nas\u0131l topluyoruz?<\/em><\/strong><\/p>\n\n\n\n<p>Bir yandan da verileriniz bize sa\u011fland\u0131\u011f\u0131nda toplan\u0131yor. \u00d6rne\u011fin, bu bir ileti\u015fim formuna girdi\u011finiz veriler olabilir.<\/p>\n\n\n\n<p>Di\u011fer veriler, web sitemizi ziyaret etti\u011finizde BT sistemlerimiz taraf\u0131ndan otomatik olarak toplan\u0131r. Bunlar \u00f6ncelikle teknik verilerdir (\u00f6rne\u011fin internet taray\u0131c\u0131s\u0131, i\u015fletim sistemi veya sayfaya eri\u015fim zaman\u0131). Bu veriler, sitemize girdi\u011finiz anda otomatik olarak toplan\u0131r.<\/p>\n\n\n\n<p><strong><em>Verilerinizi ne i\u00e7in kullan\u0131yoruz?<\/em><\/strong><\/p>\n\n\n\n<p>Verilerin bir k\u0131sm\u0131 web sitesinin d\u00fczg\u00fcn bir \u015fekilde \u00e7al\u0131\u015fmas\u0131n\u0131 sa\u011flamak amac\u0131yla toplanmaktad\u0131r. Di\u011fer veriler kullan\u0131c\u0131 davran\u0131\u015f\u0131n\u0131z\u0131 analiz etmek i\u00e7in kullan\u0131labilir.<\/p>\n\n\n\n<p><strong><em>Verilerinizle ilgili haklar\u0131n\u0131z nelerdir?<\/em><\/strong><\/p>\n\n\n\n<p>Saklanan ki\u015fisel verilerinizin kayna\u011f\u0131, al\u0131c\u0131s\u0131 ve amac\u0131 hakk\u0131nda her zaman ve \u00fccretsiz olarak bilgi edinme hakk\u0131na sahipsiniz. Ayr\u0131ca bu verilerin d\u00fczeltilmesini, engellenmesini veya silinmesini talep etme hakk\u0131na da sahipsiniz. Veri korumas\u0131yla ilgili bu veya di\u011fer konularda sorular\u0131n\u0131z varsa, istedi\u011finiz zaman bask\u0131da belirtilen adresten bizimle ileti\u015fime ge\u00e7ebilirsiniz. Ayr\u0131ca yetkili denetim makam\u0131na \u015fik\u00e2yette bulunma hakk\u0131n\u0131z da bulunmaktad\u0131r.<\/p>\n\n\n\n<p><strong>2. Genel bilgiler ve zorunlu bilgiler<\/strong><\/p>\n\n\n\n<p><strong>Veri koruma<\/strong><\/p>\n\n\n\n<p>Bu sayfalar\u0131n operat\u00f6rleri ki\u015fisel verilerinizin korunmas\u0131n\u0131 \u00e7ok ciddiye almaktad\u0131r. Ki\u015fisel verilerinizi gizli bir \u015fekilde ve yasal veri koruma d\u00fczenlemelerine ve bu gizlilik politikas\u0131na uygun olarak i\u015fliyoruz.<\/p>\n\n\n\n<p>Bu web sitesini kulland\u0131\u011f\u0131n\u0131zda \u00e7e\u015fitli ki\u015fisel veriler toplanmaktad\u0131r. Ki\u015fisel veriler, sizi ki\u015fisel olarak tan\u0131mlamak i\u00e7in kullan\u0131labilecek verilerdir. Bu gizlilik politikas\u0131 hangi verileri toplad\u0131\u011f\u0131m\u0131z\u0131 ve bunlar\u0131 ne ama\u00e7la kulland\u0131\u011f\u0131m\u0131z\u0131 a\u00e7\u0131klamaktad\u0131r. Bunun nas\u0131l ve ne ama\u00e7la yap\u0131ld\u0131\u011f\u0131 da anlat\u0131l\u0131yor.<\/p>\n\n\n\n<p>\u0130nternet \u00fczerinden veri iletiminde (\u00f6rne\u011fin e-posta ile ileti\u015fimde) g\u00fcvenlik a\u00e7\u0131klar\u0131 olabilece\u011fini belirtmek isteriz. Verilerin \u00fc\u00e7\u00fcnc\u00fc ki\u015filerin eri\u015fimine kar\u015f\u0131 tam olarak korunmas\u0131 m\u00fcmk\u00fcn de\u011fildir.<\/p>\n\n\n\n<p><strong><em>Sorumlu kurum hakk\u0131nda not<\/em><\/strong><\/p>\n\n\n\n<p>Bu web sitesindeki verilerin i\u015flenmesinden sorumlu kurulu\u015f:<br>\u0130kili Aileler ve Ortakl\u0131klar Derne\u011fi, iaf eV<\/p>\n\n\n\n<p>Ludolfus Caddesi 2 \u2013 4<br>60487 Frankfurt am Main<br>Telefon: +49 (0) 69 713 756 \u2013 0<br>E-posta: info@verband-binationaler.de<\/p>\n\n\n\n<p>Sorumlu kurulu\u015f, ki\u015fisel verilerin (\u00f6rne\u011fin adlar, e-posta adresleri vb.) i\u015flenme ama\u00e7lar\u0131na ve ara\u00e7lar\u0131na tek ba\u015f\u0131na veya ba\u015fkalar\u0131yla birlikte karar veren ger\u00e7ek veya t\u00fczel ki\u015fidir.<\/p>\n\n\n\n<p><strong><em>Verilerinizin i\u015flenmesine ili\u015fkin onay\u0131n\u0131z\u0131n geri \u00e7ekilmesi<\/em><\/strong><\/p>\n\n\n\n<p>Bir\u00e7ok veri i\u015fleme i\u015flemi yaln\u0131zca sizin a\u00e7\u0131k r\u0131zan\u0131zla m\u00fcmk\u00fcnd\u00fcr. Onay\u0131n\u0131z\u0131 diledi\u011finiz zaman geri \u00e7ekebilirsiniz. Tek yapman\u0131z gereken bize gayri resmi bir e-posta g\u00f6ndermek. \u0130ptal an\u0131na kadar ger\u00e7ekle\u015ftirilen veri i\u015flemenin yasall\u0131\u011f\u0131, iptalden etkilenmez.<\/p>\n\n\n\n<p><strong><em>Yetkili denetim makam\u0131na \u015fikayette bulunma hakk\u0131<\/em><\/strong><\/p>\n\n\n\n<p>Veri koruma hukukuna ayk\u0131r\u0131l\u0131k halinde ilgili ki\u015fi yetkili denetim makam\u0131na \u015fik\u00e2yette bulunma hakk\u0131na sahiptir. Veri koruma konular\u0131nda sorumlu denetim makam\u0131 Hessen Eyaleti Devlet Veri Koruma Komiserli\u011fi&#039;dir.<br><a href=\"http:\/\/www.datenschutz.hessen.de\/\" rel=\"noreferrer noopener\" target=\"_blank\">www.datenschutz.hessen.de<\/a><\/p>\n\n\n\n<p><strong><em>Veri ta\u015f\u0131nabilirli\u011fi hakk\u0131<\/em><\/strong><\/p>\n\n\n\n<p>R\u0131zan\u0131z veya bir s\u00f6zle\u015fmenin ifas\u0131 temelinde otomatik olarak i\u015fledi\u011fimiz verilerinizin size veya \u00fc\u00e7\u00fcnc\u00fc bir tarafa ortak, makine taraf\u0131ndan okunabilir bir formatta iletilmesini talep etme hakk\u0131na sahipsiniz. Verilerin do\u011frudan ba\u015fka bir sorumlu tarafa aktar\u0131lmas\u0131n\u0131 talep etmeniz halinde, bu yaln\u0131zca teknik olarak m\u00fcmk\u00fcn olmas\u0131 durumunda ger\u00e7ekle\u015fecektir.<\/p>\n\n\n\n<p><strong><em>SSL veya TLS \u015fifrelemesi<\/em><\/strong><\/p>\n\n\n\n<p>G\u00fcvenlik nedeniyle ve sipari\u015fler veya sorular gibi site operat\u00f6r\u00fc olarak bize g\u00f6nderdi\u011finiz gizli i\u00e7eriklerin iletimini korumak i\u00e7in bu site SSL veya TLS \u015fifrelemesi kullanmaktad\u0131r. TLS \u015fifrelemesi. \u015eifrelenmi\u015f bir ba\u011flant\u0131y\u0131 taray\u0131c\u0131n\u0131z\u0131n adres sat\u0131r\u0131n\u0131n \u201chttp:\/\/\u201dden \u201chttps:\/\/\u201dye de\u011fi\u015fmesinden ve taray\u0131c\u0131 sat\u0131r\u0131n\u0131zdaki kilit simgesinden anlayabilirsiniz.<\/p>\n\n\n\n<p>SSL veya TLS \u015fifrelemesi aktif hale getirildi\u011fi takdirde taraf\u0131m\u0131za g\u00f6nderdi\u011finiz veriler \u00fc\u00e7\u00fcnc\u00fc ki\u015filer taraf\u0131ndan okunamaz.<\/p>\n\n\n\n<p><strong><em>Bilgi, engelleme, silme<\/em><\/strong><\/p>\n\n\n\n<p>Uygulanabilir yasal h\u00fck\u00fcmler \u00e7er\u00e7evesinde, saklanan ki\u015fisel verileriniz, bunlar\u0131n kayna\u011f\u0131 ve al\u0131c\u0131s\u0131 ve veri i\u015fleme amac\u0131 hakk\u0131nda istedi\u011finiz zaman \u00fccretsiz bilgi edinme hakk\u0131na ve varsa bu verileri d\u00fczeltme, engelleme veya silme hakk\u0131na sahipsiniz. Bu veya ki\u015fisel verilerle ilgili di\u011fer konularda sorular\u0131n\u0131z varsa, bask\u0131da belirtilen adresten bizimle her zaman ileti\u015fime ge\u00e7ebilirsiniz.<\/p>\n\n\n\n<p><strong><em>Reklam e-postalar\u0131na itiraz<\/em><\/strong><\/p>\n\n\n\n<p>Bask\u0131 y\u00fck\u00fcml\u00fcl\u00fc\u011f\u00fc kapsam\u0131nda yay\u0131nlanan ileti\u015fim bilgilerinin istenmeyen reklam ve bilgilendirme materyallerinin g\u00f6nderilmesi amac\u0131yla kullan\u0131lmas\u0131 yasakt\u0131r. Sitenin i\u015fletmecileri, \u00f6rne\u011fin spam e-postalar\u0131 yoluyla istenmeyen reklam bilgilerinin g\u00f6nderilmesi durumunda yasal i\u015flem ba\u015flatma hakk\u0131n\u0131 a\u00e7\u0131k\u00e7a sakl\u0131 tutar.<\/p>\n\n\n\n<p><strong>3. Veri Koruma G\u00f6revlisi<\/strong><\/p>\n\n\n\n<p><strong>Yasal olarak zorunlu veri koruma g\u00f6revlisi<\/strong><\/p>\n\n\n\n<p>\u015eirketimiz i\u00e7in dahili bir veri koruma g\u00f6revlisi atad\u0131k:<br>\u0130kili Aileler ve Ortakl\u0131klar Derne\u011fi, iaf eV<\/p>\n\n\n\n<p>Ludolfus Caddesi 2 \u2013 4<br>60487 Frankfurt am Main<br>Telefon: +49 (0) 69 713 756 \u2013 0<br>E-posta: datenschutz@verband-binationaler.de<\/p>\n\n\n\n<p><strong>4. Web sitemizde veri toplanmas\u0131<\/strong><\/p>\n\n\n\n<p><strong>\u00c7erezler<\/strong><\/p>\n\n\n\n<p>\u0130nternet sayfalar\u0131n\u0131n bir k\u0131sm\u0131 \u00e7erez ad\u0131 verilen \u015feyleri kullanmaktad\u0131r. \u00c7erezler bilgisayar\u0131n\u0131za herhangi bir zarar vermez ve vir\u00fcs i\u00e7ermez. Hizmetimizi daha kullan\u0131c\u0131 dostu, etkili ve g\u00fcvenli hale getirmek i\u00e7in \u00e7erezler kullan\u0131lmaktad\u0131r. \u00c7erezler, bilgisayar\u0131n\u0131za kaydedilen ve taray\u0131c\u0131n\u0131z taraf\u0131ndan kaydedilen k\u00fc\u00e7\u00fck metin dosyalar\u0131d\u0131r.<\/p>\n\n\n\n<p>Kulland\u0131\u011f\u0131m\u0131z \u00e7erezlerin \u00e7o\u011fu \u201coturum \u00e7erezleri\u201d olarak adland\u0131r\u0131l\u0131r. Ziyaretinizden sonra otomatik olarak silinirler. Di\u011fer \u00e7erezler siz silene kadar cihaz\u0131n\u0131zda saklan\u0131r. Bu \u00e7erezler, bir sonraki ziyaretinizde taray\u0131c\u0131n\u0131z\u0131 tan\u0131mam\u0131z\u0131 sa\u011flar.<\/p>\n\n\n\n<p>Taray\u0131c\u0131n\u0131z\u0131, \u00e7erezlerin ayarlanmas\u0131 hakk\u0131nda bilgilendirilecek ve yaln\u0131zca belirli durumlarda \u00e7erezlere izin verecek, belirli durumlarda veya genel olarak \u00e7erezlerin kabul\u00fcn\u00fc hari\u00e7 tutacak ve taray\u0131c\u0131n\u0131z\u0131 kapatt\u0131\u011f\u0131n\u0131zda \u00e7erezlerin otomatik olarak silinmesini etkinle\u015ftirecek \u015fekilde ayarlayabilirsiniz. \u00c7erezler devre d\u0131\u015f\u0131 b\u0131rak\u0131l\u0131rsa bu web sitesinin i\u015flevselli\u011fi s\u0131n\u0131rl\u0131 olabilir.<\/p>\n\n\n\n<p>Elektronik ileti\u015fim s\u00fcrecini ger\u00e7ekle\u015ftirmek veya talep etti\u011finiz belirli i\u015flevleri (\u00f6rne\u011fin al\u0131\u015fveri\u015f sepeti i\u015flevi) sa\u011flamak i\u00e7in gerekli olan \u00e7erezler, Sanat uyar\u0131nca saklan\u0131r. 6 (1) (f) GDPR. Web sitesi i\u015fletmecisinin, hizmetlerinin teknik olarak hatas\u0131z ve optimize edilmi\u015f bir \u015fekilde sunulmas\u0131n\u0131 sa\u011flamak amac\u0131yla \u00e7erezleri depolamas\u0131 me\u015fru bir menfaate sahiptir. Ba\u015fka \u00e7erezler (\u00f6rne\u011fin, internette gezinme davran\u0131\u015flar\u0131n\u0131z\u0131 analiz eden \u00e7erezler) depolan\u0131yorsa, bunlar bu gizlilik politikas\u0131nda ayr\u0131 olarak ele al\u0131nacakt\u0131r.<\/p>\n\n\n\n<p><strong>Sunucu g\u00fcnl\u00fck dosyalar\u0131<\/strong><\/p>\n\n\n\n<p>Sayfalar\u0131n sa\u011flay\u0131c\u0131s\u0131, taray\u0131c\u0131n\u0131z\u0131n otomatik olarak bize iletti\u011fi bilgileri otomatik olarak sunucu g\u00fcnl\u00fck dosyalar\u0131nda toplar ve depolar. Bunlar:<\/p>\n\n\n\n<p>&nbsp;&nbsp;&nbsp; Taray\u0131c\u0131 t\u00fcr\u00fc ve s\u00fcr\u00fcm\u00fc<\/p>\n\n\n\n<p>&nbsp;&nbsp;&nbsp; kullan\u0131lan i\u015fletim sistemi<\/p>\n\n\n\n<p>&nbsp;&nbsp;&nbsp; Y\u00f6nlendiren URL<\/p>\n\n\n\n<p>&nbsp;&nbsp;&nbsp; Eri\u015fim sa\u011flayan bilgisayar\u0131n ana bilgisayar ad\u0131<\/p>\n\n\n\n<p>&nbsp;&nbsp;&nbsp; Sunucu iste\u011finin zaman\u0131<\/p>\n\n\n\n<p>&nbsp;&nbsp;&nbsp; IP adresi<\/p>\n\n\n\n<p>Bu veriler di\u011fer veri kaynaklar\u0131yla birle\u015ftirilmeyecektir.<\/p>\n\n\n\n<p>Veri i\u015flemenin dayana\u011f\u0131 Sanat&#039;t\u0131r. 6 (1) (f) GDPR, bir s\u00f6zle\u015fmenin yerine getirilmesi veya s\u00f6zle\u015fme \u00f6ncesi \u00f6nlemler i\u00e7in verilerin i\u015flenmesine izin vermektedir.<\/p>\n\n\n\n<p><strong>5. Eklentiler ve ara\u00e7lar<\/strong><\/p>\n\n\n\n<p><strong>Google Web Yaz\u0131 Tipleri<\/strong><\/p>\n\n\n\n<p>Bu site, yaz\u0131 tiplerinin tekd\u00fcze g\u00f6r\u00fcnt\u00fclenmesi i\u00e7in Google taraf\u0131ndan sa\u011flanan web yaz\u0131 tiplerini kullanmaktad\u0131r. Bir sayfay\u0131 ziyaret etti\u011finizde taray\u0131c\u0131n\u0131z, metinleri ve yaz\u0131 tiplerini do\u011fru \u015fekilde g\u00f6r\u00fcnt\u00fcleyebilmek i\u00e7in gerekli web yaz\u0131 tiplerini taray\u0131c\u0131 \u00f6nbelle\u011finize y\u00fckler.<\/p>\n\n\n\n<p>Bunun i\u00e7in kulland\u0131\u011f\u0131n\u0131z taray\u0131c\u0131n\u0131n Google sunucular\u0131na ba\u011flanmas\u0131 gerekmektedir. Bu, Google&#039;\u0131n web sitemize sizin IP adresiniz \u00fczerinden eri\u015fildi\u011fini bilmesini sa\u011flar. \u00c7evrimi\u00e7i tekliflerimizin tekd\u00fcze ve ilgi \u00e7ekici bir \u015fekilde sunulmas\u0131 amac\u0131yla Google Web Fontlar\u0131n\u0131 kullan\u0131yoruz. Bu, Sanat anlam\u0131nda me\u015fru bir \u00e7\u0131kar\u0131 temsil eder. 6 (1) (f) GDPR.<\/p>\n\n\n\n<p>E\u011fer taray\u0131c\u0131n\u0131z web fontlar\u0131n\u0131 desteklemiyorsa, bilgisayar\u0131n\u0131zdaki standart bir font kullan\u0131lacakt\u0131r.<\/p>\n\n\n\n<p>Google Web Yaz\u0131 Tipleri hakk\u0131nda daha fazla bilgi i\u00e7in bkz. <a href=\"https:\/\/developers.google.com\/fonts\/faq\" target=\"_blank\" rel=\"noreferrer noopener\">https:\/\/developers.google.com\/fonts\/faq<\/a>  ve Google&#039;\u0131n gizlilik politikas\u0131nda:\u00a0<a href=\"https:\/\/www.google.com\/policies\/privacy\/\" target=\"_blank\" rel=\"noreferrer noopener\">https:\/\/www.google.com\/policies\/privacy\/<\/a>.<\/p>\n<div class=\"gsp_post_data\" \r\n\t            data-post_type=\"page\" \r\n\t            data-cat=\"\" \r\n\t            data-modified=\"120\"\r\n\t            data-created=\"1710164700\"\r\n\t            data-title=\"Datenschutzerkl\u00e4rung\" \r\n\t            data-home=\"https:\/\/info-to-go.binational-leipzig.de\/tr\"><\/div>","protected":false},"excerpt":{"rendered":"<p>1. Datenschutz auf einen Blick Allgemeine Hinweise Die folgenden Hinweise geben einen einfachen \u00dcberblick dar\u00fcber, was mit Ihren personenbezogenen Daten passiert, wenn Sie unsere Website besuchen. Personenbezogene Daten sind alle Daten, mit denen Sie pers\u00f6nlich identifiziert werden k\u00f6nnen. Ausf\u00fchrliche Informationen zum Thema Datenschutz entnehmen Sie unserer unter diesem Text aufgef\u00fchrten Datenschutzerkl\u00e4rung. Datenerfassung auf unserer Website [&hellip;]<\/p>\n","protected":false},"author":1,"featured_media":0,"parent":0,"menu_order":0,"comment_status":"closed","ping_status":"open","template":"","meta":{"footnotes":""},"categories":[],"tags":[],"class_list":["post-3","page","type-page","status-publish","hentry"],"_links":{"self":[{"href":"https:\/\/info-to-go.binational-leipzig.de\/tr\/wp-json\/wp\/v2\/pages\/3","targetHints":{"allow":["GET"]}}],"collection":[{"href":"https:\/\/info-to-go.binational-leipzig.de\/tr\/wp-json\/wp\/v2\/pages"}],"about":[{"href":"https:\/\/info-to-go.binational-leipzig.de\/tr\/wp-json\/wp\/v2\/types\/page"}],"author":[{"embeddable":true,"href":"https:\/\/info-to-go.binational-leipzig.de\/tr\/wp-json\/wp\/v2\/users\/1"}],"replies":[{"embeddable":true,"href":"https:\/\/info-to-go.binational-leipzig.de\/tr\/wp-json\/wp\/v2\/comments?post=3"}],"version-history":[{"count":1,"href":"https:\/\/info-to-go.binational-leipzig.de\/tr\/wp-json\/wp\/v2\/pages\/3\/revisions"}],"predecessor-version":[{"id":447,"href":"https:\/\/info-to-go.binational-leipzig.de\/tr\/wp-json\/wp\/v2\/pages\/3\/revisions\/447"}],"wp:attachment":[{"href":"https:\/\/info-to-go.binational-leipzig.de\/tr\/wp-json\/wp\/v2\/media?parent=3"}],"wp:term":[{"taxonomy":"category","embeddable":true,"href":"https:\/\/info-to-go.binational-leipzig.de\/tr\/wp-json\/wp\/v2\/categories?post=3"},{"taxonomy":"post_tag","embeddable":true,"href":"https:\/\/info-to-go.binational-leipzig.de\/tr\/wp-json\/wp\/v2\/tags?post=3"}],"curies":[{"name":"wp","href":"https:\/\/api.w.org\/{rel}","templated":true}]}}