{"id":31,"date":"2023-07-09T23:06:26","date_gmt":"2023-07-09T21:06:26","guid":{"rendered":"https:\/\/sprijin.binational-leipzig.de\/?page_id=31"},"modified":"2025-08-22T16:37:13","modified_gmt":"2025-08-22T14:37:13","slug":"arbeit","status":"publish","type":"page","link":"https:\/\/info-to-go.binational-leipzig.de\/tr\/start\/wirtschaft\/arbeit\/","title":{"rendered":"\u0130\u015f"},"content":{"rendered":"<div class=\"wp-block-esab-accordion accordion-a3b61b0f\" data-mode=\"global\"><div class=\"esab__container\">\n<div class=\"wp-block-esab-accordion-child\"><div class=\"esab__head\" role=\"button\" aria-expanded=\"false\"><div class=\"esab__heading_txt\"><h2 class=\"esab__heading_tag\">Ben AB&#039;denim. Almanya&#039;da \u00e7al\u0131\u015fabilir miyim?<\/h2><\/div><div class=\"esab__icon\"><div class=\"esab__collapse\"> <svg version=\"1.2\" viewbox=\"0 0 24 24\" width=\"24\" height=\"24\"><path fill-rule=\"evenodd\" d=\"m3.5 20.5c-4.7-4.7-4.7-12.3 0-17 4.7-4.7 12.3-4.7 17 0 4.6 4.7 4.6 12.3 0 17-4.7 4.6-12.3 4.6-17 0zm0.9-0.9c4.2 4.2 11 4.2 15.2 0 4.2-4.2 4.2-11 0-15.2-4.2-4.3-11-4.3-15.2 0-4.3 4.2-4.3 11 0 15.2z\"><\/path><path d=\"m11.4 15.9v-3.3h-3.3c-0.3 0-0.6-0.3-0.6-0.6 0-0.4 0.3-0.6 0.6-0.6h3.3v-3.3c0-0.3 0.3-0.6 0.6-0.6 0.3 0 0.6 0.3 0.6 0.6v3.3h3.3c0.3 0 0.6 0.2 0.6 0.6q0 0.2-0.2 0.4-0.2 0.2-0.4 0.2h-3.3v3.3q0 0.2-0.2 0.4-0.2 0.2-0.4 0.2c-0.4 0-0.6-0.3-0.6-0.6z\"><\/path><\/svg> <\/div><div class=\"esab__expand\"> <svg version=\"1.2\" viewbox=\"0 0 24 24\" width=\"24\" height=\"24\"><path fill-rule=\"evenodd\" d=\"m12 24c-6.6 0-12-5.4-12-12 0-6.6 5.4-12 12-12 6.6 0 12 5.4 12 12 0 6.6-5.4 12-12 12zm10.6-12c0-5.9-4.7-10.6-10.6-10.6-5.9 0-10.6 4.7-10.6 10.6 0 5.9 4.7 10.6 10.6 10.6 5.9 0 10.6-4.7 10.6-10.6z\"><\/path><path d=\"m5.6 11.3h12.8v1.4h-12.8z\"><\/path><\/svg> <\/div><\/div><\/div><div class=\"esab__body\">\n<p>Hemen \u00e7al\u0131\u015fmaya ba\u015flayabilirsiniz.<br>Hi\u00e7bir izin veya onaya ihtiyac\u0131n\u0131z yok.<br>Herhangi bir i\u015fe ba\u015flayabilirsiniz.<\/p>\n\n\n\n<p>Bazen bir \u015firket size \u00e7al\u0131\u015fmadan \u00f6nce kay\u0131t olman\u0131z gerekti\u011fini s\u00f6yleyebilir.<br>Bu do\u011fru de\u011fil. <strong>Kay\u0131t olmadan da \u00e7al\u0131\u015fabilirsiniz.<\/strong><br><a href=\"https:\/\/bema.berlin\/site\/assets\/files\/1244\/1_arbeiten_ohne_anmeldung_einer_wohnadresse_stand_28_2_2019_senias.pdf\" target=\"_blank\" rel=\"noreferrer noopener\">Bu belge<\/a> \u0130\u015fverenlere bu konuda soru sorulmas\u0131 halinde a\u00e7\u0131klama yapar.<br><a href=\"https:\/\/www.eu-gleichbehandlungsstelle.de\/eugs-de\/praxisleitfaden\/arbeiten-ohne-meldeadresse\" target=\"_blank\" rel=\"noreferrer noopener\">Burada<\/a> Kay\u0131t olmadan nas\u0131l i\u015f, banka hesab\u0131 vb. alabilece\u011finiz hakk\u0131nda daha fazla bilgi edinebilirsiniz.<\/p>\n\n\n\n<p>Ba\u011f\u0131ms\u0131z \u00e7al\u0131\u015fmak istiyorsan\u0131z \u00f6ncelikle vergi dairesine (serbest meslek i\u00e7in) veya ticaret odas\u0131na (ticaret ruhsat\u0131 i\u00e7in) kay\u0131t yapt\u0131rman\u0131z gerekmektedir. The <a href=\"https:\/\/www.egz-leipzig.de\/leistungen\/beratung-und-coaching\/gruendungsunterstuetzung-fuer-migranten\" target=\"_blank\" rel=\"noopener\">EGZ<\/a> (Start-up Center) kendi i\u015fini kurmak isteyen ki\u015filere yard\u0131mc\u0131 olur. \u0130ngilizce, Rus\u00e7a, Arap\u00e7a ve di\u011fer dillerde e\u011fitim ve dan\u0131\u015fmanl\u0131k hizmeti veriyoruz.<\/p>\n<\/div><\/div>\n\n\n\n<div class=\"wp-block-esab-accordion-child\"><div class=\"esab__head\" role=\"button\" aria-expanded=\"false\"><div class=\"esab__heading_txt\"><h2 class=\"esab__heading_tag\">Nas\u0131l i\u015f bulabilirim?<\/h2><\/div><div class=\"esab__icon\"><div class=\"esab__collapse\"> <svg version=\"1.2\" viewbox=\"0 0 24 24\" width=\"24\" height=\"24\"><path fill-rule=\"evenodd\" d=\"m3.5 20.5c-4.7-4.7-4.7-12.3 0-17 4.7-4.7 12.3-4.7 17 0 4.6 4.7 4.6 12.3 0 17-4.7 4.6-12.3 4.6-17 0zm0.9-0.9c4.2 4.2 11 4.2 15.2 0 4.2-4.2 4.2-11 0-15.2-4.2-4.3-11-4.3-15.2 0-4.3 4.2-4.3 11 0 15.2z\"><\/path><path d=\"m11.4 15.9v-3.3h-3.3c-0.3 0-0.6-0.3-0.6-0.6 0-0.4 0.3-0.6 0.6-0.6h3.3v-3.3c0-0.3 0.3-0.6 0.6-0.6 0.3 0 0.6 0.3 0.6 0.6v3.3h3.3c0.3 0 0.6 0.2 0.6 0.6q0 0.2-0.2 0.4-0.2 0.2-0.4 0.2h-3.3v3.3q0 0.2-0.2 0.4-0.2 0.2-0.4 0.2c-0.4 0-0.6-0.3-0.6-0.6z\"><\/path><\/svg> <\/div><div class=\"esab__expand\"> <svg version=\"1.2\" viewbox=\"0 0 24 24\" width=\"24\" height=\"24\"><path fill-rule=\"evenodd\" d=\"m12 24c-6.6 0-12-5.4-12-12 0-6.6 5.4-12 12-12 6.6 0 12 5.4 12 12 0 6.6-5.4 12-12 12zm10.6-12c0-5.9-4.7-10.6-10.6-10.6-5.9 0-10.6 4.7-10.6 10.6 0 5.9 4.7 10.6 10.6 10.6 5.9 0 10.6-4.7 10.6-10.6z\"><\/path><path d=\"m5.6 11.3h12.8v1.4h-12.8z\"><\/path><\/svg> <\/div><\/div><\/div><div class=\"esab__body\">\n<p>G\u00fcn\u00fcm\u00fczde i\u015f ilanlar\u0131n\u0131n \u00e7o\u011funa internet \u00fczerinden ula\u015f\u0131labiliyor.<br>Almanya genelindeki i\u015f ilanlar\u0131n\u0131 listeleyen birka\u00e7 b\u00fcy\u00fck web sitesi \u015funlard\u0131r:<\/p>\n\n\n\n<ul class=\"wp-block-list\">\n<li><a href=\"https:\/\/www.monster.de\/jobs\/suche?q=&amp;where=leipzig&amp;page=1&amp;so=m.h.s\" target=\"_blank\" rel=\"noreferrer noopener\">https:\/\/www.monster.de\/jobs\/suche?q=&amp;where=leipzig&amp;page=1&amp;so=m.h.s<\/a>&nbsp;<\/li>\n\n\n\n<li><a href=\"https:\/\/www.stepstone.de\/jobs\/in-leipzig?radius=10\" target=\"_blank\" rel=\"noreferrer noopener\">https:\/\/www.stepstone.de\/jobs\/in-leipzig?radius=10<\/a>&nbsp;<\/li>\n\n\n\n<li><a href=\"https:\/\/de.indeed.com\/Jobs?l=Leipzig&amp;radius=10&amp;vjk=83a771d44ca870f0\" target=\"_blank\" rel=\"noreferrer noopener\">https:\/\/de.indeed.com\/Jobs?l=Leipzig&amp;radius=10&amp;vjk=83a771d44ca870f0<\/a>&nbsp;<\/li>\n<\/ul>\n\n\n\n<p>Federal \u0130stihdam Ajans\u0131&#039;n\u0131n kendi b\u00fcy\u00fck <a href=\"https:\/\/www.arbeitsagentur.de\/jobsuche\/suche?angebotsart=1&amp;wo=leipzig&amp;umkreis=10&amp;id=10000-1197360251-S\" target=\"_blank\" rel=\"noreferrer noopener\">\u0130\u015f piyasas\u0131<\/a>.<\/p>\n\n\n\n<p>Leipzig&#039;de ayr\u0131ca \u015funlar\u0131 da yapabilirsiniz: <a href=\"http:\/\/Federal \u0130stihdam Ajans\u0131&#039;n\u0131n kendi b\u00fcy\u00fck i\u015f borsas\u0131 vard\u0131r. Leipzig&#039;de ayr\u0131ca Das Schwanze Brett ve eBay ilanlar\u0131nda i\u015f ilanlar\u0131 bulabilirsiniz. https:\/\/www.dsble.de\/jobs\/nur\/in\/leipzig Ayr\u0131ca s\u00fcpermarketler, restoranlar ve barlar gibi yerlerde i\u015f ilanlar\u0131 i\u00e7eren tabelalar da bulunmaktad\u0131r.  E\u011fer bir i\u015fe ilgi duyuyorsan\u0131z ba\u015fvurunuzu yap\u0131n. Do\u011frudan s\u00f6zl\u00fc olarak ba\u015fvuruda bulunabilirsiniz. Ba\u015fvurular art\u0131k \u00e7o\u011funlukla e-posta yoluyla veya do\u011frudan \u00e7evrimi\u00e7i i\u015f portal\u0131 \u00fczerinden yap\u0131l\u0131yor. Ancak genelde en az\u0131ndan bir \u00f6zge\u00e7mi\u015fe ihtiyac\u0131n\u0131z olur. Bu 1-2 sayfal\u0131k bir belgedir. \u015eunlar\u0131 i\u00e7erir: \u00b7 Ki\u015fisel bilgileriniz ve ileti\u015fim bilgileriniz \u00b7 Hangi okula gitti\u011finiz \u00b7 Nerede e\u011fitim g\u00f6rd\u00fc\u011f\u00fcn\u00fcz veya meslek \u00f6\u011frendi\u011finiz \u00b7 Nerede \u00e7al\u0131\u015ft\u0131\u011f\u0131n\u0131z \u00b7 Hangi dilleri konu\u015ftu\u011funuz \u00d6zge\u00e7mi\u015f yazmak i\u00e7in farkl\u0131 formatlar mevcuttur. E\u011fitiminiz ve i\u015f deneyiminizle ilgili t\u00fcm bilgileri vermeniz \u00f6nemlidir. \u0130leti\u015fim bilgilerinizin do\u011fru ve g\u00fcncel oldu\u011fundan emin olun. Burada \u00f6rnekleri g\u00f6rebilir ve kendi \u00f6zge\u00e7mi\u015finizi olu\u015fturmak i\u00e7in bir \u015fablon kullanabilirsiniz.\" target=\"_blank\" rel=\"noreferrer noopener\">Duyuru panosu<\/a> Ve <a href=\"https:\/\/www.kleinanzeigen.de\/s-jobs\/leipzig\/anzeige:angebote\/c102l4233\" target=\"_blank\" rel=\"noreferrer noopener\">S\u0131n\u0131fland\u0131r\u0131lm\u0131\u015flar<\/a> \u0130\u015f ilanlar\u0131n\u0131 bulun.<br>Ayr\u0131ca s\u00fcpermarket, restoran, bar gibi yerlerde i\u015f ilanlar\u0131n\u0131n yer ald\u0131\u011f\u0131 tabelalar da bulunmaktad\u0131r.<\/p>\n\n\n\n<p>E\u011fer bir i\u015fe ilgi duyuyorsan\u0131z ba\u015fvurunuzu yap\u0131n.<br>Baz\u0131 durumlarda, do\u011frudan s\u00f6zl\u00fc olarak veya WhatsApp \u00fczerinden ba\u015fvuruda bulunabilirsiniz.<br>Ancak ba\u015fvurular\u0131n \u00e7o\u011fu e-posta yoluyla veya do\u011frudan \u00e7evrimi\u00e7i i\u015f portal\u0131 \u00fczerinden yap\u0131l\u0131yor.<br>Genellikle CV g\u00f6ndermeniz gerekir.<\/p>\n\n\n\n<p><br>\u00d6zge\u00e7mi\u015f 1-2 sayfal\u0131k bir belgedir.<\/p>\n\n\n\n<p>\u015e\u00f6yle diyor:<\/p>\n\n\n\n<div class=\"wp-block-group is-vertical is-layout-flex wp-container-core-group-is-layout-8cf370e7 wp-block-group-is-layout-flex\">\n<p class=\"has-text-align-center\">Ki\u015fisel verileriniz ve ileti\u015fim bilgileriniz<\/p>\n\n\n\n<p class=\"has-text-align-center\">Hangi okula gittin?<\/p>\n\n\n\n<p class=\"has-text-align-center\">Bir meslek okumu\u015f veya \u00f6\u011frenmi\u015f olman\u0131z<\/p>\n\n\n\n<p class=\"has-text-align-center\">Daha \u00f6nce \u00e7al\u0131\u015ft\u0131\u011f\u0131n\u0131z yer<\/p>\n\n\n\n<p class=\"has-text-align-center\">Hangi dilleri konu\u015fuyorsunuz?<\/p>\n\n\n\n<p>Ba\u015fka hangi becerileriniz var?<\/p>\n<\/div>\n\n\n\n<p><\/p>\n\n\n\n<p><\/p>\n\n\n\n<p>\u00d6zge\u00e7mi\u015f yazman\u0131n farkl\u0131 formatlar\u0131 vard\u0131r.<br>E\u011fitiminiz ve i\u015f deneyiminizle ilgili t\u00fcm bilgileri vermeniz \u00f6nemlidir.<br>\u0130leti\u015fim bilgilerinizin do\u011fru ve g\u00fcncel oldu\u011fundan emin olun.<br>\u00c7evrimi\u00e7i ara\u00e7 <a href=\"https:\/\/www.canva.com\/de_de\/\" target=\"_blank\" rel=\"noopener\">Canva <\/a>\u00dccretsiz \u00f6zge\u00e7mi\u015f haz\u0131rlamak i\u00e7in farkl\u0131 se\u00e7enekler mevcuttur.<\/p>\n\n\n\n<p>Niteliklerinizi kan\u0131tlayan belgeler (okul diplomas\u0131, mesleki e\u011fitim, \u00fcniversite e\u011fitimi) veya i\u015f referanslar\u0131n\u0131z varsa, bunlar\u0131 da \u00f6zge\u00e7mi\u015finizle birlikte sunmal\u0131s\u0131n\u0131z. Belgeler Almanca de\u011filse, i\u015f bulma kurumu veya i\u015f bulma merkezi \u00e7eviri \u00fccreti talep edebilir. Belgelerinizi terc\u00fcme ettirmeden \u00f6nce bu konuyu i\u015f bulma kurumunuz\/i\u015f bulma merkezinizle g\u00f6r\u00fc\u015fmelisiniz.<\/p>\n\n\n\n<p>Leipzig \u0130stihdam Ajans\u0131&#039;n\u0131n bir <a href=\"https:\/\/www.arbeitsagentur.de\/vor-ort\/leipzig\/biz-leipzig\" target=\"_blank\" rel=\"noreferrer noopener\">Kariyer Bilgi Merkezi<\/a> (BIS).<br>\u0130\u015f arama konusunda bilgi almak i\u00e7in bize u\u011frayabilirsiniz.<br>Ayr\u0131ca i\u015f ba\u015fvurular\u0131nda bulunabilece\u011finiz veya i\u015f arayabilece\u011finiz internet ba\u011flant\u0131l\u0131 bilgisayarlar da bulunmaktad\u0131r.<\/p>\n\n\n\n<p>Yapabilirsiniz <a href=\"https:\/\/www.facebook.com\/WirsindPatenLeipzig\/?locale=de_DE\" target=\"_blank\" rel=\"noreferrer noopener\">Biz sponsoruz<\/a> CV&#039;niz veya ba\u015fvurunuzla ilgili yard\u0131ma ihtiyac\u0131n\u0131z varsa.<br>Bu yard\u0131m Cuma g\u00fcn\u00fc saat 15:00 - 17:00 aras\u0131nda ge\u00e7erlidir. Zschochersche Caddesi&#039;nde 50.<br>Oradaki insanlar farkl\u0131 diller konu\u015fuyor.<\/p>\n\n\n\n<p>The <a href=\"https:\/\/www.leipziger-erwerbslosenzentrum.de\/Home\" target=\"_blank\" rel=\"noopener\">Leipzig \u0130\u015fsizlik Merkezi<\/a> (LEZ) ayr\u0131ca i\u015f arama ve ba\u015fvurular\u0131 konusunda \u00fccretsiz yard\u0131m da sunuyor. \u00d6ncelikle e-posta veya telefon yoluyla kay\u0131t yapt\u0131rmal\u0131 ve bu anketi m\u00fcmk\u00fcn oldu\u011funca iyi bir \u015fekilde doldurarak haz\u0131rl\u0131k yapmal\u0131s\u0131n\u0131z. <\/p>\n\n\n\n<div data-wp-interactive=\"core\/file\" class=\"wp-block-file\"><object data-wp-bind--hidden=\"!state.hasPdfPreview\" hidden class=\"wp-block-file__embed\" data=\"https:\/\/info-to-go.binational-leipzig.de\/wp-content\/uploads\/2025\/04\/Fragebogen-Formular-fuer-die-Erstellung-von-Bewerbungsunterlagen-1.pdf\" type=\"application\/pdf\" style=\"width:100%;height:600px\" aria-label=\"Fragebogen - Formular f\u00fcr die Erstellung von Bewerbungsunterlagen-1 g\u00f6m\u00fcs\u00fc.\"><\/object><a id=\"wp-block-file--media-6cb7fce2-57dd-4588-bd06-8366eb265072\" href=\"https:\/\/info-to-go.binational-leipzig.de\/wp-content\/uploads\/2025\/04\/Fragebogen-Formular-fuer-die-Erstellung-von-Bewerbungsunterlagen-1.pdf\">Anket \u2013 Ba\u015fvuru belgelerinin haz\u0131rlanmas\u0131na ili\u015fkin form-1<\/a><a href=\"https:\/\/info-to-go.binational-leipzig.de\/wp-content\/uploads\/2025\/04\/Fragebogen-Formular-fuer-die-Erstellung-von-Bewerbungsunterlagen-1.pdf\" class=\"wp-block-file__button wp-element-button\" aria-describedby=\"wp-block-file--media-6cb7fce2-57dd-4588-bd06-8366eb265072\" download>\u0130ndirmek<\/a><\/div>\n<\/div><\/div>\n\n\n\n<div class=\"wp-block-esab-accordion-child\"><div class=\"esab__head\" role=\"button\" aria-expanded=\"false\"><div class=\"esab__heading_txt\"><h2 class=\"esab__heading_tag\">Mini i\u015f nedir?<\/h2><\/div><div class=\"esab__icon\"><div class=\"esab__collapse\"> <svg version=\"1.2\" viewbox=\"0 0 24 24\" width=\"24\" height=\"24\"><path fill-rule=\"evenodd\" d=\"m3.5 20.5c-4.7-4.7-4.7-12.3 0-17 4.7-4.7 12.3-4.7 17 0 4.6 4.7 4.6 12.3 0 17-4.7 4.6-12.3 4.6-17 0zm0.9-0.9c4.2 4.2 11 4.2 15.2 0 4.2-4.2 4.2-11 0-15.2-4.2-4.3-11-4.3-15.2 0-4.3 4.2-4.3 11 0 15.2z\"><\/path><path d=\"m11.4 15.9v-3.3h-3.3c-0.3 0-0.6-0.3-0.6-0.6 0-0.4 0.3-0.6 0.6-0.6h3.3v-3.3c0-0.3 0.3-0.6 0.6-0.6 0.3 0 0.6 0.3 0.6 0.6v3.3h3.3c0.3 0 0.6 0.2 0.6 0.6q0 0.2-0.2 0.4-0.2 0.2-0.4 0.2h-3.3v3.3q0 0.2-0.2 0.4-0.2 0.2-0.4 0.2c-0.4 0-0.6-0.3-0.6-0.6z\"><\/path><\/svg> <\/div><div class=\"esab__expand\"> <svg version=\"1.2\" viewbox=\"0 0 24 24\" width=\"24\" height=\"24\"><path fill-rule=\"evenodd\" d=\"m12 24c-6.6 0-12-5.4-12-12 0-6.6 5.4-12 12-12 6.6 0 12 5.4 12 12 0 6.6-5.4 12-12 12zm10.6-12c0-5.9-4.7-10.6-10.6-10.6-5.9 0-10.6 4.7-10.6 10.6 0 5.9 4.7 10.6 10.6 10.6 5.9 0 10.6-4.7 10.6-10.6z\"><\/path><path d=\"m5.6 11.3h12.8v1.4h-12.8z\"><\/path><\/svg> <\/div><\/div><\/div><div class=\"esab__body\">\n<p>Mini i\u015f, yar\u0131 zamanl\u0131 bir i\u015ftir. Mini bir i\u015fte \u00e7al\u0131\u015farak ayda en fazla 556 \u20ac kazanabilirsiniz. Mini i\u015fte bile tam zamanl\u0131 i\u015ftekiyle ayn\u0131 haklara sahipsin; \u00f6rne\u011fin tatil, asgari \u00fccret, i\u015ften \u00e7\u0131kar\u0131lmaya kar\u015f\u0131 koruma. Bu haklar \u015funlard\u0131r: <a href=\"https:\/\/www.minijob-zentrale.de\/DE\/die-minijobs\/arbeitsrechte-im-minijob\/arbeitsrechte-im-minijob_node.html\" target=\"_blank\" rel=\"noopener\">Burada<\/a> iyi a\u00e7\u0131klanm\u0131\u015f (\u0130ngilizce de).<\/p>\n\n\n\n<p>Almanya&#039;da mini-i\u015f yapan AB vatanda\u015flar\u0131 \u00e7al\u0131\u015fan olarak kabul ediliyor ve bu nedenle vatanda\u015fl\u0131k yard\u0131m\u0131 ve \u00e7ocuk yard\u0131m\u0131 gibi sosyal yard\u0131mlardan yararlanma hakk\u0131na sahip oluyorlar. Ancak mini i\u015fte \u00e7al\u0131\u015f\u0131rken, i\u015finiz \u00fczerinden sa\u011fl\u0131k sigortan\u0131z kapsam\u0131nda olmaz. Bazen insanlar uzun s\u00fcre mini bir i\u015fte \u00e7al\u0131\u015f\u0131p, ancak daha sonra sa\u011fl\u0131k sigortas\u0131 \u015firketine kay\u0131t olabiliyorlar. Almanya&#039;da son aylarda \u00e7ok fazla para \u00f6demek zorunda kal\u0131yorlar. E\u011fer mini bir i\u015finiz varsa, i\u015f merkezine giderek vatanda\u015fl\u0131k \u00f6dene\u011fine ba\u015fvurman\u0131z mant\u0131kl\u0131d\u0131r. \u0130\u015f ve i\u015f\u00e7i bulma kurumu sa\u011fl\u0131k sigortas\u0131 masraflar\u0131n\u0131 kar\u015f\u0131l\u0131yor.<\/p>\n<\/div><\/div>\n\n\n\n<div class=\"wp-block-esab-accordion-child\"><div class=\"esab__head\" role=\"button\" aria-expanded=\"false\"><div class=\"esab__heading_txt\"><h2 class=\"esab__heading_tag\">Bana i\u015f bulmamda kim yard\u0131mc\u0131 olabilir?<\/h2><\/div><div class=\"esab__icon\"><div class=\"esab__collapse\"> <svg version=\"1.2\" viewbox=\"0 0 24 24\" width=\"24\" height=\"24\"><path fill-rule=\"evenodd\" d=\"m3.5 20.5c-4.7-4.7-4.7-12.3 0-17 4.7-4.7 12.3-4.7 17 0 4.6 4.7 4.6 12.3 0 17-4.7 4.6-12.3 4.6-17 0zm0.9-0.9c4.2 4.2 11 4.2 15.2 0 4.2-4.2 4.2-11 0-15.2-4.2-4.3-11-4.3-15.2 0-4.3 4.2-4.3 11 0 15.2z\"><\/path><path d=\"m11.4 15.9v-3.3h-3.3c-0.3 0-0.6-0.3-0.6-0.6 0-0.4 0.3-0.6 0.6-0.6h3.3v-3.3c0-0.3 0.3-0.6 0.6-0.6 0.3 0 0.6 0.3 0.6 0.6v3.3h3.3c0.3 0 0.6 0.2 0.6 0.6q0 0.2-0.2 0.4-0.2 0.2-0.4 0.2h-3.3v3.3q0 0.2-0.2 0.4-0.2 0.2-0.4 0.2c-0.4 0-0.6-0.3-0.6-0.6z\"><\/path><\/svg> <\/div><div class=\"esab__expand\"> <svg version=\"1.2\" viewbox=\"0 0 24 24\" width=\"24\" height=\"24\"><path fill-rule=\"evenodd\" d=\"m12 24c-6.6 0-12-5.4-12-12 0-6.6 5.4-12 12-12 6.6 0 12 5.4 12 12 0 6.6-5.4 12-12 12zm10.6-12c0-5.9-4.7-10.6-10.6-10.6-5.9 0-10.6 4.7-10.6 10.6 0 5.9 4.7 10.6 10.6 10.6 5.9 0 10.6-4.7 10.6-10.6z\"><\/path><path d=\"m5.6 11.3h12.8v1.4h-12.8z\"><\/path><\/svg> <\/div><\/div><\/div><div class=\"esab__body\">\n<p>The <a href=\"https:\/\/www.arbeitsagentur.de\/vor-ort\/leipzig\" target=\"_blank\" rel=\"noopener\">Federal \u0130stihdam Ajans\u0131<\/a> Almanya&#039;daki i\u015fsizlerin i\u015f bulmas\u0131na yard\u0131mc\u0131 olur.<br>AB vatanda\u015flar\u0131 Leipzig \u0130\u015f Ajans\u0131&#039;na i\u015f arayan olarak kay\u0131t yapt\u0131rabilirler.<br>Almanya&#039;da hen\u00fcz \u00e7al\u0131\u015fmad\u0131ysan\u0131z i\u015fsizlik maa\u015f\u0131 alamazs\u0131n\u0131z.<br>Ama personel size i\u015f bulman\u0131zda yard\u0131mc\u0131 olacakt\u0131r.<br>E\u011fer \u00e7ok fazla Almanca konu\u015fam\u0131yorsan\u0131z, i\u015f bulma kurumu sizin i\u00e7in bir \u00e7eviri ayarlamak zorunda kalacakt\u0131r.<\/p>\n\n\n\n<p>Leipzig&#039;de g\u00f6\u00e7menlerin i\u015f bulmas\u0131na yard\u0131mc\u0131 olan projeler var.<\/p>\n\n\n\n<p>Almanca dil bilgisi olan veya olmayan kad\u0131nlar i\u00e7in bir proje var <a href=\"https:\/\/daa-sat.de\/ave\" target=\"_blank\" rel=\"noreferrer noopener\">AV<\/a>. Almanca bilgisi olan veya olmayan 18-35 ya\u015f aral\u0131\u011f\u0131ndaki erkekler projeye kat\u0131labilir. <a href=\"https:\/\/daa-mitte-ost.de\/bildungsangebote\/projekte\/kommpaktle\" target=\"_blank\" rel=\"noopener\">kommPAkT.LE<\/a> Gitmek.<\/p>\n\n\n\n<p>Zaten biraz Almanca biliyorsan\u0131z ve nitelikli bir i\u015f veya e\u011fitim ar\u0131yorsan\u0131z, o zaman proje <a href=\"https:\/\/www.arbeitundleben.eu\/projekte\/detail\/arbeitsmarktmentoren-leipzig-481\/\" target=\"_blank\" rel=\"noreferrer noopener\">\u0130\u015fg\u00fcc\u00fc piyasas\u0131 mentorlar\u0131<\/a> Sen de onunla birlikte.<\/p>\n\n\n\n<p><a href=\"https:\/\/www.fia-leipzig.de\/\" target=\"_blank\" rel=\"noopener\">\u00c7al\u0131\u015fan kad\u0131nlar <\/a>(FiA) ve <a href=\"https:\/\/www.arbeitundleben.eu\/projekte\/detail\/base-leipzig-1175\/\" target=\"_blank\" rel=\"noopener\">Leipzig \u00dcST\u00dc<\/a> Kad\u0131nlar\u0131n i\u015fg\u00fcc\u00fc piyasas\u0131na eri\u015fim, i\u015f arama, staj vb. konularda desteklenmesini ama\u00e7layan iki proje daha bulunmaktad\u0131r.<\/p>\n<\/div><\/div>\n\n\n\n<div class=\"wp-block-esab-accordion-child\"><div class=\"esab__head\" role=\"button\" aria-expanded=\"false\"><div class=\"esab__heading_txt\"><h2 class=\"esab__heading_tag\">Almanca konu\u015fmam gerekiyor mu?<\/h2><\/div><div class=\"esab__icon\"><div class=\"esab__collapse\"> <svg version=\"1.2\" viewbox=\"0 0 24 24\" width=\"24\" height=\"24\"><path fill-rule=\"evenodd\" d=\"m3.5 20.5c-4.7-4.7-4.7-12.3 0-17 4.7-4.7 12.3-4.7 17 0 4.6 4.7 4.6 12.3 0 17-4.7 4.6-12.3 4.6-17 0zm0.9-0.9c4.2 4.2 11 4.2 15.2 0 4.2-4.2 4.2-11 0-15.2-4.2-4.3-11-4.3-15.2 0-4.3 4.2-4.3 11 0 15.2z\"><\/path><path d=\"m11.4 15.9v-3.3h-3.3c-0.3 0-0.6-0.3-0.6-0.6 0-0.4 0.3-0.6 0.6-0.6h3.3v-3.3c0-0.3 0.3-0.6 0.6-0.6 0.3 0 0.6 0.3 0.6 0.6v3.3h3.3c0.3 0 0.6 0.2 0.6 0.6q0 0.2-0.2 0.4-0.2 0.2-0.4 0.2h-3.3v3.3q0 0.2-0.2 0.4-0.2 0.2-0.4 0.2c-0.4 0-0.6-0.3-0.6-0.6z\"><\/path><\/svg> <\/div><div class=\"esab__expand\"> <svg version=\"1.2\" viewbox=\"0 0 24 24\" width=\"24\" height=\"24\"><path fill-rule=\"evenodd\" d=\"m12 24c-6.6 0-12-5.4-12-12 0-6.6 5.4-12 12-12 6.6 0 12 5.4 12 12 0 6.6-5.4 12-12 12zm10.6-12c0-5.9-4.7-10.6-10.6-10.6-5.9 0-10.6 4.7-10.6 10.6 0 5.9 4.7 10.6 10.6 10.6 5.9 0 10.6-4.7 10.6-10.6z\"><\/path><path d=\"m5.6 11.3h12.8v1.4h-12.8z\"><\/path><\/svg> <\/div><\/div><\/div><div class=\"esab__body\">\n<p>Mesela i\u015f i\u00e7in A2 veya B1 seviyesine sahip olman\u0131z gerekti\u011fini s\u00f6yleyen bir yasa yok.<br>Her \u015firket, \u00e7al\u0131\u015fanlar\u0131n\u0131n ne kadar Almancaya ihtiya\u00e7 duydu\u011funa kendisi karar verebilir.<\/p>\n\n\n\n<p>\u00d6rnek metin burada.<\/p>\n\n\n\n<p>Ama Almanca biliyorsan\u0131z i\u015f bulman\u0131z daha kolayd\u0131r.<br>Almanca konu\u015fman\u0131za gerek olmayan baz\u0131 i\u015fler de var. \u00d6rne\u011fin uluslararas\u0131 bir \u015firkette \u0130ngilizce \u00e7al\u0131\u015f\u0131yorsan\u0131z.<br><a href=\"https:\/\/leipglo.com\/jobs-international-people\/\" target=\"_blank\" rel=\"noreferrer noopener\">Burada<\/a> Leipzig \u015fehrindeki uluslararas\u0131 i\u015fler \u015f\u00f6yle listelenmi\u015ftir.<\/p>\n\n\n\n<p>Almancay\u0131 az da olsa bilmeniz gereken baz\u0131 i\u015fler var.<br>\u00d6rne\u011fin otellerde, restoranlarda, barlarda, in\u015faat alanlar\u0131nda, lojistikte.<br>\u0130\u015f s\u00f6zle\u015fmesini ve y\u00f6netmeliklerini anlaman\u0131z yine de \u00f6nemlidir.<\/p>\n<\/div><\/div>\n\n\n\n<div class=\"wp-block-esab-accordion-child\"><div class=\"esab__head\" role=\"button\" aria-expanded=\"false\"><div class=\"esab__heading_txt\"><h2 class=\"esab__heading_tag\">\u0130\u015f hukuku hakk\u0131nda bir sorum var<\/h2><\/div><div class=\"esab__icon\"><div class=\"esab__collapse\"> <svg version=\"1.2\" viewbox=\"0 0 24 24\" width=\"24\" height=\"24\"><path fill-rule=\"evenodd\" d=\"m3.5 20.5c-4.7-4.7-4.7-12.3 0-17 4.7-4.7 12.3-4.7 17 0 4.6 4.7 4.6 12.3 0 17-4.7 4.6-12.3 4.6-17 0zm0.9-0.9c4.2 4.2 11 4.2 15.2 0 4.2-4.2 4.2-11 0-15.2-4.2-4.3-11-4.3-15.2 0-4.3 4.2-4.3 11 0 15.2z\"><\/path><path d=\"m11.4 15.9v-3.3h-3.3c-0.3 0-0.6-0.3-0.6-0.6 0-0.4 0.3-0.6 0.6-0.6h3.3v-3.3c0-0.3 0.3-0.6 0.6-0.6 0.3 0 0.6 0.3 0.6 0.6v3.3h3.3c0.3 0 0.6 0.2 0.6 0.6q0 0.2-0.2 0.4-0.2 0.2-0.4 0.2h-3.3v3.3q0 0.2-0.2 0.4-0.2 0.2-0.4 0.2c-0.4 0-0.6-0.3-0.6-0.6z\"><\/path><\/svg> <\/div><div class=\"esab__expand\"> <svg version=\"1.2\" viewbox=\"0 0 24 24\" width=\"24\" height=\"24\"><path fill-rule=\"evenodd\" d=\"m12 24c-6.6 0-12-5.4-12-12 0-6.6 5.4-12 12-12 6.6 0 12 5.4 12 12 0 6.6-5.4 12-12 12zm10.6-12c0-5.9-4.7-10.6-10.6-10.6-5.9 0-10.6 4.7-10.6 10.6 0 5.9 4.7 10.6 10.6 10.6 5.9 0 10.6-4.7 10.6-10.6z\"><\/path><path d=\"m5.6 11.3h12.8v1.4h-12.8z\"><\/path><\/svg> <\/div><\/div><\/div><div class=\"esab__body\">\n<p>\u00c7al\u0131\u015fman\u0131zda her \u015feyin do\u011fru olup olmad\u0131\u011f\u0131ndan emin de\u011filseniz yard\u0131m alabilirsiniz.<br>Belki \u015fu tarz sorular\u0131n\u0131z var:<\/p>\n\n\n\n<ul class=\"wp-block-list\">\n<li>Ne kadar tatilim var?<\/li>\n\n\n\n<li>Neden i\u015f s\u00f6zle\u015fmemde belirtilenden daha fazla saat \u00e7al\u0131\u015f\u0131yorum?<\/li>\n\n\n\n<li>Fesih bildirimi ald\u0131m. Fesih do\u011fru mu?<\/li>\n<\/ul>\n\n\n\n<p>Bunlar i\u015f hukukuyla ilgili sorulard\u0131r. Bu konuda <a href=\"https:\/\/www.faire-mobilitaet.de\/ihre-rechte\/\" target=\"_blank\" rel=\"noopener\">web sitesi <\/a>\u0130\u015f hukuku hakk\u0131nda farkl\u0131 dillerde \u00e7ok say\u0131da bilginin yan\u0131 s\u0131ra, kuryelik, \u015fantiyeler ve gastronomi (restoran, bar) gibi belirli i\u015flere \u00f6zg\u00fc bilgiler de bulunmaktad\u0131r. <a href=\"https:\/\/www.babs.sachsen.de\/index.html\" data-type=\"link\" data-id=\"https:\/\/www.faire-integration.de\/de\/topic\/411.ich-bin-bereits-in-deutschland.html\" target=\"_blank\" rel=\"noreferrer noopener\">Bu sayfa<\/a> Ayr\u0131ca \u00e7ok say\u0131da \u00e7ok dilli bilgiye de sahiptir.<\/p>\n\n\n\n<p>\u0130\u015f hukuku konusunda dan\u0131\u015fmanl\u0131\u011fa ihtiyac\u0131n\u0131z varsa BABS ile ileti\u015fime ge\u00e7ebilirsiniz.<br>BABS, yabanc\u0131 \u00e7al\u0131\u015fanlara y\u00f6nelik konularda dan\u0131\u015fmanl\u0131k hizmeti veren bir merkez olup, Leipzig&#039;de bir ofisi bulunmaktad\u0131r.<br>Dan\u0131\u015fmanl\u0131k hizmetimiz \u00fccretsizdir ve Almanca, Leh\u00e7e, Macarca, Romence ve \u0130ngilizce dillerinde mevcuttur.<br><a href=\"https:\/\/www.babs.sachsen.de\/kontakt-3995.html\" target=\"_blank\" rel=\"noreferrer noopener\">Burada<\/a> ileti\u015fim bilgileri ve \u00e7al\u0131\u015fma saatleri.<\/p>\n<\/div><\/div>\n<\/div><\/div>\n<div class=\"gsp_post_data\" \r\n\t            data-post_type=\"page\" \r\n\t            data-cat=\"wirtschaft\" \r\n\t            data-modified=\"120\"\r\n\t            data-created=\"1688943986\"\r\n\t            data-title=\"Arbeit\" \r\n\t            data-home=\"https:\/\/info-to-go.binational-leipzig.de\/tr\"><\/div>","protected":false},"excerpt":{"rendered":"","protected":false},"author":3,"featured_media":0,"parent":8,"menu_order":1,"comment_status":"closed","ping_status":"closed","template":"","meta":{"footnotes":""},"categories":[10],"tags":[],"class_list":["post-31","page","type-page","status-publish","hentry","category-wirtschaft"],"_links":{"self":[{"href":"https:\/\/info-to-go.binational-leipzig.de\/tr\/wp-json\/wp\/v2\/pages\/31","targetHints":{"allow":["GET"]}}],"collection":[{"href":"https:\/\/info-to-go.binational-leipzig.de\/tr\/wp-json\/wp\/v2\/pages"}],"about":[{"href":"https:\/\/info-to-go.binational-leipzig.de\/tr\/wp-json\/wp\/v2\/types\/page"}],"author":[{"embeddable":true,"href":"https:\/\/info-to-go.binational-leipzig.de\/tr\/wp-json\/wp\/v2\/users\/3"}],"replies":[{"embeddable":true,"href":"https:\/\/info-to-go.binational-leipzig.de\/tr\/wp-json\/wp\/v2\/comments?post=31"}],"version-history":[{"count":25,"href":"https:\/\/info-to-go.binational-leipzig.de\/tr\/wp-json\/wp\/v2\/pages\/31\/revisions"}],"predecessor-version":[{"id":612,"href":"https:\/\/info-to-go.binational-leipzig.de\/tr\/wp-json\/wp\/v2\/pages\/31\/revisions\/612"}],"up":[{"embeddable":true,"href":"https:\/\/info-to-go.binational-leipzig.de\/tr\/wp-json\/wp\/v2\/pages\/8"}],"wp:attachment":[{"href":"https:\/\/info-to-go.binational-leipzig.de\/tr\/wp-json\/wp\/v2\/media?parent=31"}],"wp:term":[{"taxonomy":"category","embeddable":true,"href":"https:\/\/info-to-go.binational-leipzig.de\/tr\/wp-json\/wp\/v2\/categories?post=31"},{"taxonomy":"post_tag","embeddable":true,"href":"https:\/\/info-to-go.binational-leipzig.de\/tr\/wp-json\/wp\/v2\/tags?post=31"}],"curies":[{"name":"wp","href":"https:\/\/api.w.org\/{rel}","templated":true}]}}