{"id":35,"date":"2023-07-09T23:07:29","date_gmt":"2023-07-09T21:07:29","guid":{"rendered":"https:\/\/sprijin.binational-leipzig.de\/?page_id=35"},"modified":"2025-08-26T11:48:33","modified_gmt":"2025-08-26T09:48:33","slug":"deutsche-sprache","status":"publish","type":"page","link":"https:\/\/info-to-go.binational-leipzig.de\/tr\/start\/bildung\/deutsche-sprache\/","title":{"rendered":"Almanca dili"},"content":{"rendered":"<div class=\"wp-block-esab-accordion accordion-88f2547e\" data-mode=\"global\"><div class=\"esab__container\">\n<div class=\"wp-block-esab-accordion-child\"><div class=\"esab__head\" role=\"button\" aria-expanded=\"false\"><div class=\"esab__heading_txt\"><h2 class=\"esab__heading_tag\">A1 Almanca, B2 Almanca vb. ne anlama geliyor?\u00a0<\/h2><\/div><div class=\"esab__icon\"><div class=\"esab__collapse\"> <svg version=\"1.2\" viewbox=\"0 0 24 24\" width=\"24\" height=\"24\"><path fill-rule=\"evenodd\" d=\"m3.5 20.5c-4.7-4.7-4.7-12.3 0-17 4.7-4.7 12.3-4.7 17 0 4.6 4.7 4.6 12.3 0 17-4.7 4.6-12.3 4.6-17 0zm0.9-0.9c4.2 4.2 11 4.2 15.2 0 4.2-4.2 4.2-11 0-15.2-4.2-4.3-11-4.3-15.2 0-4.3 4.2-4.3 11 0 15.2z\"><\/path><path d=\"m11.4 15.9v-3.3h-3.3c-0.3 0-0.6-0.3-0.6-0.6 0-0.4 0.3-0.6 0.6-0.6h3.3v-3.3c0-0.3 0.3-0.6 0.6-0.6 0.3 0 0.6 0.3 0.6 0.6v3.3h3.3c0.3 0 0.6 0.2 0.6 0.6q0 0.2-0.2 0.4-0.2 0.2-0.4 0.2h-3.3v3.3q0 0.2-0.2 0.4-0.2 0.2-0.4 0.2c-0.4 0-0.6-0.3-0.6-0.6z\"><\/path><\/svg> <\/div><div class=\"esab__expand\"> <svg version=\"1.2\" viewbox=\"0 0 24 24\" width=\"24\" height=\"24\"><path fill-rule=\"evenodd\" d=\"m12 24c-6.6 0-12-5.4-12-12 0-6.6 5.4-12 12-12 6.6 0 12 5.4 12 12 0 6.6-5.4 12-12 12zm10.6-12c0-5.9-4.7-10.6-10.6-10.6-5.9 0-10.6 4.7-10.6 10.6 0 5.9 4.7 10.6 10.6 10.6 5.9 0 10.6-4.7 10.6-10.6z\"><\/path><path d=\"m5.6 11.3h12.8v1.4h-12.8z\"><\/path><\/svg> <\/div><\/div><\/div><div class=\"esab__body\">\n<p>A1, B2 vb. ifadeler bir ki\u015finin Almancay\u0131 belli bir seviyede konu\u015fabildi\u011fi anlam\u0131na gelir.<br>Dilin t\u00fcm b\u00f6l\u00fcmleri \u00f6nemlidir: dinleme, okuma, konu\u015fma ve yazma.<br>Ba\u015flang\u0131\u00e7tan uzmana kadar 6 seviye bulunmaktad\u0131r: A1, A2, B1, B2, C1, C2.<br><a href=\"https:\/\/integreat.app\/marburg-biedenkopf\/de\/sprache\/information-3\" target=\"_blank\" rel=\"noreferrer noopener\">Burada<\/a> Bu 6 ad\u0131m gayet iyi a\u00e7\u0131klanm\u0131\u015f.<\/p>\n<\/div><\/div>\n\n\n\n<div class=\"wp-block-esab-accordion-child\"><div class=\"esab__head\" role=\"button\" aria-expanded=\"false\"><div class=\"esab__heading_txt\"><h2 class=\"esab__heading_tag\">Entegrasyon kursuna nas\u0131l kat\u0131labilirim?\u00a0<\/h2><\/div><div class=\"esab__icon\"><div class=\"esab__collapse\"> <svg version=\"1.2\" viewbox=\"0 0 24 24\" width=\"24\" height=\"24\"><path fill-rule=\"evenodd\" d=\"m3.5 20.5c-4.7-4.7-4.7-12.3 0-17 4.7-4.7 12.3-4.7 17 0 4.6 4.7 4.6 12.3 0 17-4.7 4.6-12.3 4.6-17 0zm0.9-0.9c4.2 4.2 11 4.2 15.2 0 4.2-4.2 4.2-11 0-15.2-4.2-4.3-11-4.3-15.2 0-4.3 4.2-4.3 11 0 15.2z\"><\/path><path d=\"m11.4 15.9v-3.3h-3.3c-0.3 0-0.6-0.3-0.6-0.6 0-0.4 0.3-0.6 0.6-0.6h3.3v-3.3c0-0.3 0.3-0.6 0.6-0.6 0.3 0 0.6 0.3 0.6 0.6v3.3h3.3c0.3 0 0.6 0.2 0.6 0.6q0 0.2-0.2 0.4-0.2 0.2-0.4 0.2h-3.3v3.3q0 0.2-0.2 0.4-0.2 0.2-0.4 0.2c-0.4 0-0.6-0.3-0.6-0.6z\"><\/path><\/svg> <\/div><div class=\"esab__expand\"> <svg version=\"1.2\" viewbox=\"0 0 24 24\" width=\"24\" height=\"24\"><path fill-rule=\"evenodd\" d=\"m12 24c-6.6 0-12-5.4-12-12 0-6.6 5.4-12 12-12 6.6 0 12 5.4 12 12 0 6.6-5.4 12-12 12zm10.6-12c0-5.9-4.7-10.6-10.6-10.6-5.9 0-10.6 4.7-10.6 10.6 0 5.9 4.7 10.6 10.6 10.6 5.9 0 10.6-4.7 10.6-10.6z\"><\/path><path d=\"m5.6 11.3h12.8v1.4h-12.8z\"><\/path><\/svg> <\/div><\/div><\/div><div class=\"esab__body\">\n<p>Almancay\u0131 hen\u00fcz \u00e7ok iyi konu\u015famayan bir\u00e7ok ki\u015fi \u00f6ncelikle entegrasyon kursuna kat\u0131l\u0131yor.<br>Bu, devletin finanse etti\u011fi bir Almanca kursudur.<br>Bu, di\u011fer Almanca kurslar\u0131na g\u00f6re daha az maliyetli oldu\u011fu anlam\u0131na geliyor.<br>Baz\u0131 ki\u015filerin kursa hi\u00e7 para \u00f6demesine gerek yoktur.&nbsp;<\/p>\n\n\n\n<p>Kurs A1 seviyesinden B1 seviyesine kadar devam ediyor.<br>Zaten biraz Almanca konu\u015fabiliyorsan\u0131z A1 seviyesinden ba\u015flaman\u0131za gerek yok.<br>Dil okulunda ilk \u00f6nce bir s\u0131nava giriyorsunuz. Buna \u201cyerle\u015ftirme s\u0131nav\u0131\u201d denir.<br>Daha sonra okul, hangi kurstan ba\u015flayaca\u011f\u0131n\u0131za karar verecektir.&nbsp;<\/p>\n\n\n\n<p><a href=\"https:\/\/bamf-navi.bamf.de\/de\/Themen\/Integrationskurse\/?coord=735271.5692864&amp;\" target=\"_blank\" rel=\"noreferrer noopener\">Bu sayfada<\/a> Leipzig&#039;de entegrasyon kurslar\u0131 sunan t\u00fcm dil okullar\u0131n\u0131 g\u00f6rebilirsiniz.<br>Orada okullar\u0131n ders seviyeleri, ders saatleri, adresleri ve ileti\u015fim bilgileri hakk\u0131nda t\u00fcm bilgileri bulacaks\u0131n\u0131z.<\/p>\n\n\n\n<p>Entegrasyon kursuna kat\u0131lmak istiyorsan\u0131z izin alman\u0131z gerekiyor.<br>Bu izne \u201cyetkilendirme\u201d denir. Bu onay\u0131 BAMF yetkilisinden talep edersiniz.<br><a href=\"https:\/\/www.bamf.de\/SharedDocs\/Anlagen\/DE\/Integration\/Integrationskurse\/Kursteilnehmer\/AntraegeAlle\/630-007_antrag-zulassung-integrationskurs-ausl_pdf.pdf?__blob=publicationFile&amp;v=27\" target=\"_blank\" rel=\"noreferrer noopener\">Burada<\/a> \u015feklidir. Formu buradan BAMF&#039;a g\u00f6nderin:&nbsp;<\/p>\n\n\n\n<p class=\"has-text-align-center\">BAMF&nbsp;<\/p>\n\n\n\n<p class=\"has-text-align-center\">Otto-Schmerbach-Stra\u00dfe 20&nbsp;<\/p>\n\n\n\n<p class=\"has-text-align-center\">09117 Chemnitz&nbsp;<\/p>\n\n\n\n<p>Dersi almak istiyorsan\u0131z ilk b\u00f6l\u00fcm\u00fc tamamlaman\u0131z gerekmektedir.<br>Kursu \u00f6deyemezseniz, ikinci b\u00f6l\u00fcm olan \u201cEntegrasyon kursu \u00fccretinden muaf olmak i\u00e7in ba\u015fvuruyorum\u201d k\u0131sm\u0131n\u0131 tamamlaman\u0131z gerekir.&nbsp;<\/p>\n\n\n\n<p>\u00d6deme yapam\u0131yorsan\u0131z, formla birlikte \u00f6deme belgesini g\u00f6ndermeniz gerekmektedir.<br>\u00d6rne\u011fin vatanda\u015f yard\u0131m\u0131 veya konut yard\u0131m\u0131 bildirimi veya Leipzig Ge\u00e7i\u015f Belgesi bildirimi.<br>Ayr\u0131ca, \u00e7al\u0131\u015f\u0131yorsan\u0131z ve bu br\u00fct gelirden daha fazlas\u0131n\u0131 kazanm\u0131yorsan\u0131z da \u00f6deme yapman\u0131z gerekmez: 2.491 \u20ac (\u00e7ocuklar olmadan); 3.246\u20ac (1 \u00e7ocukla); 4.001\u20ac (2 veya daha fazla \u00e7ocukla).<br>Bu durumda l\u00fctfen forma maa\u015f bordronuzu da ekleyiniz.&nbsp;<\/p>\n\n\n\n<p><a href=\"https:\/\/www.bamf.de\/SharedDocs\/Anlagen\/DE\/Integration\/Integrationskurse\/Kursteilnehmer\/Merkblaetter\/630-036_merkblatt-auslaenderbehoerde.pdf?__blob=publicationFile&amp;v=40+\" target=\"_blank\" rel=\"noreferrer noopener\">Burada<\/a> Entegrasyon kursu hakk\u0131nda BAMF&#039;den do\u011frudan \u00e7ok say\u0131da bilgi bulunmaktad\u0131r.<\/p>\n<\/div><\/div>\n\n\n\n<div class=\"wp-block-esab-accordion-child\"><div class=\"esab__head\" role=\"button\" aria-expanded=\"false\"><div class=\"esab__heading_txt\"><h2 class=\"esab__heading_tag\">Zaten B1 Almancam var. Daha fazla Almanca nas\u0131l \u00f6\u011frenebilirim?\u00a0<\/h2><\/div><div class=\"esab__icon\"><div class=\"esab__collapse\"> <svg version=\"1.2\" viewbox=\"0 0 24 24\" width=\"24\" height=\"24\"><path fill-rule=\"evenodd\" d=\"m3.5 20.5c-4.7-4.7-4.7-12.3 0-17 4.7-4.7 12.3-4.7 17 0 4.6 4.7 4.6 12.3 0 17-4.7 4.6-12.3 4.6-17 0zm0.9-0.9c4.2 4.2 11 4.2 15.2 0 4.2-4.2 4.2-11 0-15.2-4.2-4.3-11-4.3-15.2 0-4.3 4.2-4.3 11 0 15.2z\"><\/path><path d=\"m11.4 15.9v-3.3h-3.3c-0.3 0-0.6-0.3-0.6-0.6 0-0.4 0.3-0.6 0.6-0.6h3.3v-3.3c0-0.3 0.3-0.6 0.6-0.6 0.3 0 0.6 0.3 0.6 0.6v3.3h3.3c0.3 0 0.6 0.2 0.6 0.6q0 0.2-0.2 0.4-0.2 0.2-0.4 0.2h-3.3v3.3q0 0.2-0.2 0.4-0.2 0.2-0.4 0.2c-0.4 0-0.6-0.3-0.6-0.6z\"><\/path><\/svg> <\/div><div class=\"esab__expand\"> <svg version=\"1.2\" viewbox=\"0 0 24 24\" width=\"24\" height=\"24\"><path fill-rule=\"evenodd\" d=\"m12 24c-6.6 0-12-5.4-12-12 0-6.6 5.4-12 12-12 6.6 0 12 5.4 12 12 0 6.6-5.4 12-12 12zm10.6-12c0-5.9-4.7-10.6-10.6-10.6-5.9 0-10.6 4.7-10.6 10.6 0 5.9 4.7 10.6 10.6 10.6 5.9 0 10.6-4.7 10.6-10.6z\"><\/path><path d=\"m5.6 11.3h12.8v1.4h-12.8z\"><\/path><\/svg> <\/div><\/div><\/div><div class=\"esab__body\">\n<p>B1 seviyesinden itibaren mesleki dil kursuna kat\u0131labilirsiniz. Bu B2, C1 veya C2&#039;ye kadar gider.<br>Mesleki dil kursunda ise daha \u00e7ok i\u015f ama\u00e7l\u0131 Almanca diline odaklan\u0131lmaktad\u0131r.<br>Bu kurs devlet taraf\u0131ndan finanse edildi\u011finden \u00e7ok da pahal\u0131 de\u011fil.&nbsp;<\/p>\n\n\n\n<p>Kursa kat\u0131labilmeniz i\u00e7in izin alman\u0131z gerekmektedir.<br>E\u011fer i\u015fsizseniz, bunu i\u015f bulma kurumundan veya istihdam b\u00fcrosundan alabilirsiniz.<br>\u00c7al\u0131\u015f\u0131yorsan\u0131z izin i\u00e7in do\u011frudan BAMF&#039;a ba\u015fvurun.&nbsp;<\/p>\n\n\n\n<p>E\u011fer izniniz varsa KURSNET web sitesinden ders arayabilirsiniz.<br><a href=\"https:\/\/web.arbeitsagentur.de\/sprachfoerderung\/suche\/berufssprachkurse?ort=Leipzig_12.3781_51.3383&amp;umkreis=10&amp;seite=0\" target=\"_blank\" rel=\"noreferrer noopener\">Burada<\/a> Kurslar Leipzig&#039;de bulunmaktad\u0131r.<\/p>\n\n\n\n<p>Baz\u0131lar\u0131n\u0131n kursa para \u00f6demesi gerekiyor, baz\u0131lar\u0131n\u0131n ise gerekmiyor.<br>Ne kadar para kazand\u0131\u011f\u0131n\u0131za ba\u011fl\u0131.<br>E\u011fer bu \u00fccreti \u00f6derseniz ve kursu ba\u015far\u0131yla tamamlarsan\u0131z, \u00f6dedi\u011finiz \u00fccretin 1&#039;ini geri alabilirsiniz.<br><a href=\"https:\/\/www.bamf.de\/DE\/Themen\/Integration\/ZugewanderteTeilnehmende\/DeutschBeruf\/deutsch-beruf.html?nn=282656#a_284040_1\" target=\"_blank\" rel=\"noreferrer noopener\">Burada<\/a> Daha detayl\u0131 bilgiye ve gerekli formlara buradan ula\u015fabilirsiniz.<\/p>\n<\/div><\/div>\n\n\n\n<div class=\"wp-block-esab-accordion-child\"><div class=\"esab__head\" role=\"button\" aria-expanded=\"false\"><div class=\"esab__heading_txt\"><h2 class=\"esab__heading_tag\">Almancay\u0131 ba\u015fka nerede \u00f6\u011frenebilirim?\u00a0<\/h2><\/div><div class=\"esab__icon\"><div class=\"esab__collapse\"> <svg version=\"1.2\" viewbox=\"0 0 24 24\" width=\"24\" height=\"24\"><path fill-rule=\"evenodd\" d=\"m3.5 20.5c-4.7-4.7-4.7-12.3 0-17 4.7-4.7 12.3-4.7 17 0 4.6 4.7 4.6 12.3 0 17-4.7 4.6-12.3 4.6-17 0zm0.9-0.9c4.2 4.2 11 4.2 15.2 0 4.2-4.2 4.2-11 0-15.2-4.2-4.3-11-4.3-15.2 0-4.3 4.2-4.3 11 0 15.2z\"><\/path><path d=\"m11.4 15.9v-3.3h-3.3c-0.3 0-0.6-0.3-0.6-0.6 0-0.4 0.3-0.6 0.6-0.6h3.3v-3.3c0-0.3 0.3-0.6 0.6-0.6 0.3 0 0.6 0.3 0.6 0.6v3.3h3.3c0.3 0 0.6 0.2 0.6 0.6q0 0.2-0.2 0.4-0.2 0.2-0.4 0.2h-3.3v3.3q0 0.2-0.2 0.4-0.2 0.2-0.4 0.2c-0.4 0-0.6-0.3-0.6-0.6z\"><\/path><\/svg> <\/div><div class=\"esab__expand\"> <svg version=\"1.2\" viewbox=\"0 0 24 24\" width=\"24\" height=\"24\"><path fill-rule=\"evenodd\" d=\"m12 24c-6.6 0-12-5.4-12-12 0-6.6 5.4-12 12-12 6.6 0 12 5.4 12 12 0 6.6-5.4 12-12 12zm10.6-12c0-5.9-4.7-10.6-10.6-10.6-5.9 0-10.6 4.7-10.6 10.6 0 5.9 4.7 10.6 10.6 10.6 5.9 0 10.6-4.7 10.6-10.6z\"><\/path><path d=\"m5.6 11.3h12.8v1.4h-12.8z\"><\/path><\/svg> <\/div><\/div><\/div><div class=\"esab__body\">\n<p>Leipzig&#039;de Almanca \u00f6\u011frenebilece\u011finiz ba\u015fka yerler de var.<br>Bunlar genelde hi\u00e7 para \u00f6demedi\u011finiz veya \u00e7ok az para \u00f6dedi\u011finiz gayr\u0131 resmi kurslard\u0131r.<br>Ya sadece u\u011frayabilir ya da k\u0131sa bir kay\u0131t yapt\u0131rabilirsiniz.<br><a href=\"https:\/\/www.leipzig.de\/jugend-familie-und-soziales\/auslaender-und-migranten\/migration-und-integration\/deutsch-lernen-und-sprache\/beratungsangebote-und-informationen-zum-thema\" target=\"_blank\" rel=\"noreferrer noopener\">Burada<\/a> T\u00fcm bu dersler ve konu\u015fma dersleri listelenmi\u015ftir.<\/p>\n\n\n\n<p>Leipzig \u015eehir K\u00fct\u00fcphanesi, Almanca \u00f6\u011frenmek isteyenler i\u00e7in pek \u00e7ok kayna\u011fa sahiptir.<br>\u00c7ok fazla materyal var <a href=\"https:\/\/stadtbibliothek.leipzig.de\/macht-mit\/kreative-freiraeume\" target=\"_blank\" rel=\"noopener\">Dil odas\u0131<\/a> Oras\u0131. \u00dccretsiz olarak deneyebilirsiniz.<br>E\u011fer \u00f6d\u00fcn\u00e7 ald\u0131\u011f\u0131n\u0131z materyalleri evinize g\u00f6t\u00fcrmek istiyorsan\u0131z k\u00fct\u00fcphane kart\u0131na ihtiyac\u0131n\u0131z var.<br>Bunun y\u0131ll\u0131k maliyeti 20\u20ac&#039;dur. \u00c7ocuklar i\u00e7in \u00fccretsiz, Leipzig Pass sahipleri i\u00e7in ise y\u0131ll\u0131k 10 avro. <\/p>\n\n\n\n<p>E\u011fer g\u00f6n\u00fcll\u00fc \u00e7al\u0131\u015f\u0131yorsan\u0131z, ayn\u0131 zamanda Almanca da \u00f6\u011frenirsiniz.<br>G\u00f6n\u00fcll\u00fc \u00e7al\u0131\u015fma, \u00fccretsiz \u00e7al\u0131\u015fma gibidir.<br>Bunu ba\u015fkalar\u0131na yard\u0131m etmek i\u00e7in yapars\u0131n\u0131z. Mesela gen\u00e7ler veya ya\u015fl\u0131lar.<br>Ama yeni insanlarla tan\u0131\u015f\u0131yorsunuz ve daha fazla Almanca konu\u015fuyorsunuz.<br>B\u00f6yle bir \u015feyi yapmak i\u00e7in her zaman \u00e7ok fazla Almanca bilmenize gerek yok.<br>\u015eu anda <a href=\"https:\/\/freiwilligen-agentur-leipzig.de\/\" target=\"_blank\" rel=\"noreferrer noopener\">G\u00f6n\u00fcll\u00fc ajans<\/a> Bu tarz aktiviteleri bulabilirsiniz. <\/p>\n\n\n\n<p>Baz\u0131 insanlar dil tandemi yaparlar.<br>\u0130ki ki\u015fi birbirlerine dil \u00f6\u011frenmede yard\u0131mc\u0131 olur.<br>\u00d6rne\u011fin, Rus\u00e7a konu\u015fan bir ki\u015fi \u0130spanyolca \u00f6\u011frenmek istiyor.<br>Ba\u015fka biri \u0130spanyolca konu\u015fuyor ve Rus\u00e7a \u00f6\u011frenmek istiyor.<br>\u0130ki ki\u015fi tan\u0131\u015f\u0131r ve her iki dili de kullan\u0131rlar.<br><a href=\"http:\/\/www.sprachtandem-leipzig.de\/de\/info.html\" target=\"_blank\" rel=\"noreferrer noopener\">Burada<\/a> Bir dil ikilisi arayabilirsiniz.<\/p>\n\n\n\n<p>Almanca \u00f6\u011frenebilece\u011finiz bir\u00e7ok \u00e7evrimi\u00e7i kaynak da bulunmaktad\u0131r.<br>\u00d6rne\u011fin <a href=\"https:\/\/www.duolingo.com\/learn\" target=\"_blank\" rel=\"noreferrer noopener\">Duolingo<\/a> veya YouTube, TikTok ve Instagram&#039;da.<br>The <a href=\"https:\/\/www.goethe.de\/de\/spr\/ueb.html\" target=\"_blank\" rel=\"noreferrer noopener\">Goethe Enstit\u00fcs\u00fc<\/a> Ve <a href=\"https:\/\/learngerman.dw.com\/de\/deutsch-lernen\/s-9095\" target=\"_blank\" rel=\"noreferrer noopener\">Alman dalgas\u0131<\/a> Almanca \u00f6\u011frenmek isteyenler i\u00e7in \u00e7ok say\u0131da i\u00e7erik mevcut.<\/p>\n<\/div><\/div>\n<\/div><\/div>\n<div class=\"gsp_post_data\" \r\n\t            data-post_type=\"page\" \r\n\t            data-cat=\"bildung\" \r\n\t            data-modified=\"120\"\r\n\t            data-created=\"1688944049\"\r\n\t            data-title=\"Deutsche Sprache\" \r\n\t            data-home=\"https:\/\/info-to-go.binational-leipzig.de\/tr\"><\/div>","protected":false},"excerpt":{"rendered":"","protected":false},"author":1,"featured_media":0,"parent":10,"menu_order":1,"comment_status":"closed","ping_status":"closed","template":"","meta":{"footnotes":""},"categories":[11],"tags":[],"class_list":["post-35","page","type-page","status-publish","hentry","category-bildung"],"_links":{"self":[{"href":"https:\/\/info-to-go.binational-leipzig.de\/tr\/wp-json\/wp\/v2\/pages\/35","targetHints":{"allow":["GET"]}}],"collection":[{"href":"https:\/\/info-to-go.binational-leipzig.de\/tr\/wp-json\/wp\/v2\/pages"}],"about":[{"href":"https:\/\/info-to-go.binational-leipzig.de\/tr\/wp-json\/wp\/v2\/types\/page"}],"author":[{"embeddable":true,"href":"https:\/\/info-to-go.binational-leipzig.de\/tr\/wp-json\/wp\/v2\/users\/1"}],"replies":[{"embeddable":true,"href":"https:\/\/info-to-go.binational-leipzig.de\/tr\/wp-json\/wp\/v2\/comments?post=35"}],"version-history":[{"count":11,"href":"https:\/\/info-to-go.binational-leipzig.de\/tr\/wp-json\/wp\/v2\/pages\/35\/revisions"}],"predecessor-version":[{"id":639,"href":"https:\/\/info-to-go.binational-leipzig.de\/tr\/wp-json\/wp\/v2\/pages\/35\/revisions\/639"}],"up":[{"embeddable":true,"href":"https:\/\/info-to-go.binational-leipzig.de\/tr\/wp-json\/wp\/v2\/pages\/10"}],"wp:attachment":[{"href":"https:\/\/info-to-go.binational-leipzig.de\/tr\/wp-json\/wp\/v2\/media?parent=35"}],"wp:term":[{"taxonomy":"category","embeddable":true,"href":"https:\/\/info-to-go.binational-leipzig.de\/tr\/wp-json\/wp\/v2\/categories?post=35"},{"taxonomy":"post_tag","embeddable":true,"href":"https:\/\/info-to-go.binational-leipzig.de\/tr\/wp-json\/wp\/v2\/tags?post=35"}],"curies":[{"name":"wp","href":"https:\/\/api.w.org\/{rel}","templated":true}]}}