{"id":598,"date":"2025-06-25T11:47:50","date_gmt":"2025-06-25T09:47:50","guid":{"rendered":"https:\/\/info-to-go.binational-leipzig.de\/?page_id=598"},"modified":"2025-06-25T11:47:51","modified_gmt":"2025-06-25T09:47:51","slug":"barrierefreiheitserklaerung","status":"publish","type":"page","link":"https:\/\/info-to-go.binational-leipzig.de\/tr\/barrierefreiheitserklaerung\/","title":{"rendered":"Eri\u015filebilirlik bildirimi"},"content":{"rendered":"<h3 class=\"wp-block-heading\">Eri\u015filebilirlik Beyan\u0131<\/h3>\n\n\n\n<p><strong>\u0130kili aileler ve ortakl\u0131klar derne\u011fi, iaf eV, Leipzig ofisi ve dan\u0131\u015fma ofisi<\/strong>&nbsp;eri\u015filebilirlik ile ilgili yasal gerekliliklere uygun olarak web sitesini kullan\u0131labilir hale getirmeye \u00e7al\u0131\u015f\u0131r. Bu eri\u015filebilirlik beyan\u0131 web sitesi i\u00e7in ge\u00e7erlidir&nbsp;<a href=\"https:\/\/binational-leipzig.de\/\"><strong>ikili-leipzig.de<\/strong><\/a><\/p>\n\n\n\n<hr class=\"wp-block-separator has-alpha-channel-opacity\"\/>\n\n\n\n<h3 class=\"wp-block-heading\"><strong>Gereksinimlere uyum durumu<\/strong><\/h3>\n\n\n\n<p>Bu web sitesi&nbsp;<strong>k\u0131smen<\/strong>&nbsp;gereksinimleri ile&nbsp;<strong>Engelsiz Bilgi Teknolojileri T\u00fcz\u00fc\u011f\u00fc (BITV 2.0) ve AB Direktifi 2016\/2102<\/strong>&nbsp;Mevcut engelleri azaltmak ve herkes i\u00e7in kullan\u0131c\u0131 dostu olma \u00f6zelli\u011fini art\u0131rmak i\u00e7in s\u00fcrekli \u00e7al\u0131\u015f\u0131yoruz.<\/p>\n\n\n\n<hr class=\"wp-block-separator has-alpha-channel-opacity\"\/>\n\n\n\n<h3 class=\"wp-block-heading\"><strong>Eri\u015filemeyen i\u00e7erik<\/strong><\/h3>\n\n\n\n<p>T\u00fcm \u00e7abalar\u0131m\u0131za ra\u011fmen tam olarak eri\u015filemeyen baz\u0131 alanlar var:<\/p>\n\n\n\n<ul class=\"wp-block-list\">\n<li><strong>PDF belgeleri<\/strong>: Baz\u0131 eski PDF dosyalar\u0131 eri\u015filebilir bir \u015fekilde bi\u00e7imlendirilmemi\u015ftir.<\/li>\n\n\n\n<li><strong>Alternatif metinler<\/strong>:Baz\u0131 g\u00f6rseller veya grafik \u00f6\u011feler yeterli alternatif metin i\u00e7ermeyebilir.<\/li>\n\n\n\n<li><strong>Gezinme ve kullan\u0131labilirlik<\/strong>: Bireysel etkile\u015fimli \u00f6\u011feler tam olarak klavye ile kontrol edilemeyebilir.<\/li>\n\n\n\n<li><strong>Videolar<\/strong>:Baz\u0131 g\u00f6m\u00fcl\u00fc videolarda altyaz\u0131 veya sesli a\u00e7\u0131klama bulunmuyor.<\/li>\n<\/ul>\n\n\n\n<p>Bu eksiklikleri yava\u015f yava\u015f gidermek i\u00e7in \u00e7al\u0131\u015f\u0131yoruz.<\/p>\n\n\n\n<hr class=\"wp-block-separator has-alpha-channel-opacity\"\/>\n\n\n\n<h3 class=\"wp-block-heading\"><strong>Bu beyan\u0131n haz\u0131rlanmas\u0131<\/strong><\/h3>\n\n\n\n<p>Bu a\u00e7\u0131klama \u015fu tarihte yap\u0131ld\u0131:&nbsp;<strong>10.01.2025<\/strong>&nbsp;olu\u015fturuldu ve son g\u00fcncellendi&nbsp;<strong>19.02.2025<\/strong>&nbsp;Kontrol edildi.<br><br>Web sitesi bir taraf\u0131ndan de\u011ferlendirildi&nbsp;<strong>i\u00e7sel \u00f6z de\u011ferlendirme<\/strong>&nbsp;otomatik testlerin kullan\u0131lmas\u0131n\u0131n yan\u0131 s\u0131ra.<\/p>\n\n\n\n<hr class=\"wp-block-separator has-alpha-channel-opacity\"\/>\n\n\n\n<h3 class=\"wp-block-heading\"><strong>Geri bildirim ve ileti\u015fim bilgileri<\/strong><\/h3>\n\n\n\n<p>Web sitemizde herhangi bir engelle kar\u015f\u0131la\u015f\u0131rsan\u0131z veya iyile\u015ftirme \u00f6nerileriniz varsa l\u00fctfen bizimle ileti\u015fime ge\u00e7mekten \u00e7ekinmeyin:<\/p>\n\n\n\n<p>\u0130kili Aileler ve Ortakl\u0131klar Derne\u011fi, iaf eV<br>Leipzig \u0130\u015f ve Dan\u0131\u015fmanl\u0131k Ofisi<br><br><a href=\"https:\/\/www.google.com\/maps\/place\/Verband+binationaler+Familien+u.+Partnerschaften+e.V.\/@51.3232198,12.3793402,18.79z\/data=!4m5!3m4!1s0x0:0x280bc9ed9b02c389!8m2!3d51.3232449!4d12.3798815\" target=\"_blank\" rel=\"noreferrer noopener\">Arndtstra\u00dfe 63<br>04275 Leipzig<\/a><br><br>Telefon: 0341-6 88 00 22<br>E-posta:&nbsp;<a href=\"http:\/\/leipzig@verband-binationaler-de\/\" rel=\"noreferrer noopener\" target=\"_blank\">leipzig@verband-binationaler-de<\/a><\/p>\n\n\n\n<hr class=\"wp-block-separator has-alpha-channel-opacity\"\/>\n\n\n\n<h3 class=\"wp-block-heading\"><strong>\u0130cra takibi<\/strong><\/h3>\n\n\n\n<p>Web sitemizin eri\u015filebilirli\u011fiyle ilgili sorunuz tatmin edici bir \u015fekilde yan\u0131tlanmazsa, bizimle ileti\u015fime ge\u00e7ebilirsiniz.&nbsp;<strong>Uygulama Organ\u0131&nbsp;<\/strong>d\u00f6nmek:<\/p>\n\n\n\n<p><strong>Saksonya Dijital Eri\u015filebilirlik \u0130zleme Kurumu<\/strong><br>Saksonya Eyalet Sosyal \u0130\u015fler ve Sosyal Uyum Bakanl\u0131\u011f\u0131<br>E-posta:&nbsp;<a href=\"mailto:durchsetzungsstelle@sk.sachsen.de\">durchsetzungsstelle@sk.sachsen.de<\/a><br>Web:&nbsp;<a href=\"https:\/\/www.durchsetzungsstelle.sachsen.de\/\" rel=\"noreferrer noopener\" target=\"_blank\">www.durchsetzungsstelle.sachsen.de<\/a><\/p>\n\n\n\n<hr class=\"wp-block-separator has-alpha-channel-opacity\"\/>\n\n\n\n<p>Dijital varl\u0131\u011f\u0131m\u0131z\u0131 herkes i\u00e7in daha eri\u015filebilir k\u0131lmak i\u00e7in s\u00fcrekli \u00e7al\u0131\u015f\u0131yoruz ve geri bildirimleriniz i\u00e7in te\u015fekk\u00fcr ederiz!<\/p>\n<div class=\"gsp_post_data\" \r\n\t            data-post_type=\"page\" \r\n\t            data-cat=\"\" \r\n\t            data-modified=\"120\"\r\n\t            data-created=\"1750852070\"\r\n\t            data-title=\"Barrierefreiheitserkl\u00e4rung\" \r\n\t            data-home=\"https:\/\/info-to-go.binational-leipzig.de\/tr\"><\/div>","protected":false},"excerpt":{"rendered":"<p>Erkl\u00e4rung zur Barrierefreiheit Verband binationaler Familien und Partnerschaften, iaf e.V. Gesch\u00e4fts- und Beratungsstelle Leipzig&nbsp;ist bestrebt, ihre Website in \u00dcbereinstimmung mit den gesetzlichen Vorgaben zur Barrierefreiheit nutzbar zu machen. Diese Erkl\u00e4rung zur Barrierefreiheit gilt f\u00fcr die Website&nbsp;binational-leipzig.de Stand der Vereinbarkeit mit den Anforderungen Diese Website ist&nbsp;teilweise&nbsp;mit den Anforderungen der&nbsp;Barrierefreie-Informationstechnik-Verordnung (BITV 2.0) sowie der EU-Richtlinie 2016\/2102&nbsp;vereinbar. Wir [&hellip;]<\/p>\n","protected":false},"author":2,"featured_media":0,"parent":0,"menu_order":0,"comment_status":"closed","ping_status":"closed","template":"","meta":{"footnotes":""},"categories":[],"tags":[],"class_list":["post-598","page","type-page","status-publish","hentry"],"_links":{"self":[{"href":"https:\/\/info-to-go.binational-leipzig.de\/tr\/wp-json\/wp\/v2\/pages\/598","targetHints":{"allow":["GET"]}}],"collection":[{"href":"https:\/\/info-to-go.binational-leipzig.de\/tr\/wp-json\/wp\/v2\/pages"}],"about":[{"href":"https:\/\/info-to-go.binational-leipzig.de\/tr\/wp-json\/wp\/v2\/types\/page"}],"author":[{"embeddable":true,"href":"https:\/\/info-to-go.binational-leipzig.de\/tr\/wp-json\/wp\/v2\/users\/2"}],"replies":[{"embeddable":true,"href":"https:\/\/info-to-go.binational-leipzig.de\/tr\/wp-json\/wp\/v2\/comments?post=598"}],"version-history":[{"count":1,"href":"https:\/\/info-to-go.binational-leipzig.de\/tr\/wp-json\/wp\/v2\/pages\/598\/revisions"}],"predecessor-version":[{"id":599,"href":"https:\/\/info-to-go.binational-leipzig.de\/tr\/wp-json\/wp\/v2\/pages\/598\/revisions\/599"}],"wp:attachment":[{"href":"https:\/\/info-to-go.binational-leipzig.de\/tr\/wp-json\/wp\/v2\/media?parent=598"}],"wp:term":[{"taxonomy":"category","embeddable":true,"href":"https:\/\/info-to-go.binational-leipzig.de\/tr\/wp-json\/wp\/v2\/categories?post=598"},{"taxonomy":"post_tag","embeddable":true,"href":"https:\/\/info-to-go.binational-leipzig.de\/tr\/wp-json\/wp\/v2\/tags?post=598"}],"curies":[{"name":"wp","href":"https:\/\/api.w.org\/{rel}","templated":true}]}}