{"id":25,"date":"2023-07-09T23:02:05","date_gmt":"2023-07-09T21:02:05","guid":{"rendered":"https:\/\/sprijin.binational-leipzig.de\/?page_id=25"},"modified":"2025-11-28T22:44:55","modified_gmt":"2025-11-28T21:44:55","slug":"kinder-und-familie","status":"publish","type":"page","link":"https:\/\/info-to-go.binational-leipzig.de\/vi\/start\/soziales\/kinder-und-familie\/","title":{"rendered":"Tr\u1ebb em v\u00e0 gia \u0111\u00ecnh"},"content":{"rendered":"<div class=\"wp-block-esab-accordion accordion-28ab7e5b\" data-mode=\"global\"><div class=\"esab__container\">\n<div class=\"wp-block-esab-accordion-child\"><div class=\"esab__head\" role=\"button\" aria-expanded=\"false\"><div class=\"esab__heading_txt\"><h2 class=\"esab__heading_tag\">T\u00f4i \u0111ang mang thai. T\u00f4i n\u00ean l\u00e0m g\u00ec?\u00a0<\/h2><\/div><div class=\"esab__icon\"><div class=\"esab__collapse\"> <svg version=\"1.2\" viewbox=\"0 0 24 24\" width=\"24\" height=\"24\"><path fill-rule=\"evenodd\" d=\"m3.5 20.5c-4.7-4.7-4.7-12.3 0-17 4.7-4.7 12.3-4.7 17 0 4.6 4.7 4.6 12.3 0 17-4.7 4.6-12.3 4.6-17 0zm0.9-0.9c4.2 4.2 11 4.2 15.2 0 4.2-4.2 4.2-11 0-15.2-4.2-4.3-11-4.3-15.2 0-4.3 4.2-4.3 11 0 15.2z\"><\/path><path d=\"m11.4 15.9v-3.3h-3.3c-0.3 0-0.6-0.3-0.6-0.6 0-0.4 0.3-0.6 0.6-0.6h3.3v-3.3c0-0.3 0.3-0.6 0.6-0.6 0.3 0 0.6 0.3 0.6 0.6v3.3h3.3c0.3 0 0.6 0.2 0.6 0.6q0 0.2-0.2 0.4-0.2 0.2-0.4 0.2h-3.3v3.3q0 0.2-0.2 0.4-0.2 0.2-0.4 0.2c-0.4 0-0.6-0.3-0.6-0.6z\"><\/path><\/svg> <\/div><div class=\"esab__expand\"> <svg version=\"1.2\" viewbox=\"0 0 24 24\" width=\"24\" height=\"24\"><path fill-rule=\"evenodd\" d=\"m12 24c-6.6 0-12-5.4-12-12 0-6.6 5.4-12 12-12 6.6 0 12 5.4 12 12 0 6.6-5.4 12-12 12zm10.6-12c0-5.9-4.7-10.6-10.6-10.6-5.9 0-10.6 4.7-10.6 10.6 0 5.9 4.7 10.6 10.6 10.6 5.9 0 10.6-4.7 10.6-10.6z\"><\/path><path d=\"m5.6 11.3h12.8v1.4h-12.8z\"><\/path><\/svg> <\/div><\/div><\/div><div class=\"esab__body\">\n<p>N\u1ebfu b\u1ea1n \u0111ang mang thai, b\u1ea1n c\u00f3 th\u1ec3 nh\u1eadn \u0111\u01b0\u1ee3c r\u1ea5t nhi\u1ec1u th\u00f4ng tin t\u1eeb trung t\u00e2m t\u01b0 v\u1ea5n thai k\u1ef3. Nh\u1eefng th\u00f4ng tin n\u00e0y c\u00f3 s\u1eb5n t\u1ea1i... <a href=\"https:\/\/www.awo-leipzig-stadt.de\/hilfe-zur-erziehung\/schwangerenberatung\/\" target=\"_blank\" rel=\"noopener\">AWO<\/a>, <a href=\"https:\/\/www.caritas-leipzig.de\/hilfeundberatung\/kinderjugendlicheundfamilien\/beratungsangebote\/schwangerschaft\/schwangerschaft\" target=\"_blank\" rel=\"noopener\">B\u00e1c \u00e1i<\/a>, <a href=\"https:\/\/www.diakonie-leipzig.de\/hilfe-angebote\/kinder-jugendliche-familien\/schwangerenberatung\/\" target=\"_blank\" rel=\"noopener\">Diakonie<\/a>, <a href=\"https:\/\/leipzig.donumvitae.org\/\" target=\"_blank\" rel=\"noopener\">Donum Vitae<\/a>, <a href=\"https:\/\/www.drk-leipzig.de\/schwangeren-und-familienberatungsstelle.html\" target=\"_blank\" rel=\"noopener\">H\u1ed9i Ch\u1eef th\u1eadp \u0111\u1ecf \u0110\u1ee9c<\/a> V\u00e0 <a href=\"https:\/\/www.profamilia.de\/angebote-vor-ort\/sachsen\/beratungsstelle-leipzig\" target=\"_blank\" rel=\"noopener\">Pro Familia<\/a>. C\u00f3 d\u1ecbch v\u1ee5 t\u01b0 v\u1ea5n tr\u1ef1c tuy\u1ebfn d\u00e0nh cho ph\u1ee5 n\u1eef mang thai do [t\u00ean t\u1ed5 ch\u1ee9c] cung c\u1ea5p. <a href=\"https:\/\/beratung.caritas.de\/schwangerschaftsberatung\/registration?aid=460\" target=\"_blank\" rel=\"noopener\">B\u00e1c \u00e1i <\/a>V\u00e0 <a href=\"https:\/\/beratung.diakonie.de\/registration\" target=\"_blank\" rel=\"noopener\">Diakonie<\/a>. T\u1edd r\u01a1i n\u00e0y li\u1ec7t k\u00ea c\u00e1c trung t\u00e2m t\u01b0 v\u1ea5n n\u00e0y v\u00e0 bao g\u1ed3m danh s\u00e1ch ki\u1ec3m tra m\u1ecdi th\u1ee9 quan tr\u1ecdng tr\u01b0\u1edbc v\u00e0 sau khi sinh:<\/p>\n\n\n\n<figure class=\"wp-block-gallery has-nested-images columns-default is-cropped wp-block-gallery-1 is-layout-flex wp-block-gallery-is-layout-flex\">\n<figure class=\"wp-block-image size-large\"><img loading=\"lazy\" decoding=\"async\" width=\"1024\" height=\"538\" data-id=\"729\" src=\"https:\/\/info-to-go.binational-leipzig.de\/wp-content\/uploads\/2025\/11\/Flyer-Checkliste-Schwanger-2023_page-0001-1024x538.jpg\" alt=\"\" class=\"wp-image-729\" srcset=\"https:\/\/info-to-go.binational-leipzig.de\/wp-content\/uploads\/2025\/11\/Flyer-Checkliste-Schwanger-2023_page-0001-1024x538.jpg 1024w, https:\/\/info-to-go.binational-leipzig.de\/wp-content\/uploads\/2025\/11\/Flyer-Checkliste-Schwanger-2023_page-0001-300x158.jpg 300w, https:\/\/info-to-go.binational-leipzig.de\/wp-content\/uploads\/2025\/11\/Flyer-Checkliste-Schwanger-2023_page-0001-768x403.jpg 768w, https:\/\/info-to-go.binational-leipzig.de\/wp-content\/uploads\/2025\/11\/Flyer-Checkliste-Schwanger-2023_page-0001-1536x807.jpg 1536w, https:\/\/info-to-go.binational-leipzig.de\/wp-content\/uploads\/2025\/11\/Flyer-Checkliste-Schwanger-2023_page-0001-2048x1076.jpg 2048w, https:\/\/info-to-go.binational-leipzig.de\/wp-content\/uploads\/2025\/11\/Flyer-Checkliste-Schwanger-2023_page-0001-18x9.jpg 18w\" sizes=\"auto, (max-width: 1024px) 100vw, 1024px\" \/><\/figure>\n\n\n\n<figure class=\"wp-block-image size-large\"><img loading=\"lazy\" decoding=\"async\" width=\"1024\" height=\"538\" data-id=\"728\" src=\"https:\/\/info-to-go.binational-leipzig.de\/wp-content\/uploads\/2025\/11\/Flyer-Checkliste-Schwanger-2023_page-0002-1024x538.jpg\" alt=\"\" class=\"wp-image-728\" srcset=\"https:\/\/info-to-go.binational-leipzig.de\/wp-content\/uploads\/2025\/11\/Flyer-Checkliste-Schwanger-2023_page-0002-1024x538.jpg 1024w, https:\/\/info-to-go.binational-leipzig.de\/wp-content\/uploads\/2025\/11\/Flyer-Checkliste-Schwanger-2023_page-0002-300x158.jpg 300w, https:\/\/info-to-go.binational-leipzig.de\/wp-content\/uploads\/2025\/11\/Flyer-Checkliste-Schwanger-2023_page-0002-768x403.jpg 768w, https:\/\/info-to-go.binational-leipzig.de\/wp-content\/uploads\/2025\/11\/Flyer-Checkliste-Schwanger-2023_page-0002-1536x807.jpg 1536w, https:\/\/info-to-go.binational-leipzig.de\/wp-content\/uploads\/2025\/11\/Flyer-Checkliste-Schwanger-2023_page-0002-2048x1076.jpg 2048w, https:\/\/info-to-go.binational-leipzig.de\/wp-content\/uploads\/2025\/11\/Flyer-Checkliste-Schwanger-2023_page-0002-18x9.jpg 18w\" sizes=\"auto, (max-width: 1024px) 100vw, 1024px\" \/><\/figure>\n<\/figure>\n\n\n\n<p>Trung t\u00e2m t\u01b0 v\u1ea5n thai k\u1ef3 c\u00f3 th\u1ec3 h\u1ed7 tr\u1ee3 b\u1ea1n trong su\u1ed1t thai k\u1ef3. H\u1ecd c\u0169ng c\u00f3 th\u1ec3 h\u1ed7 tr\u1ee3 n\u1ebfu b\u1ea1n \u0111ang c\u00e2n nh\u1eafc ph\u00e1 thai. D\u1ecbch v\u1ee5 t\u01b0 v\u1ea5n mi\u1ec5n ph\u00ed v\u00e0 c\u00f3 th\u1ec3 \u0111\u01b0\u1ee3c th\u1ef1c hi\u1ec7n b\u1eb1ng nhi\u1ec1u ng\u00f4n ng\u1eef kh\u00e1c nhau.<\/p>\n\n\n\n<p>N\u1ebfu b\u1ea1n c\u1ea7n h\u1ed7 tr\u1ee3 t\u00e0i ch\u00ednh trong th\u1eddi gian mang thai, c\u00f3 m\u1ed9t s\u1ed1 l\u1ef1a ch\u1ecdn. N\u1ebfu b\u1ea1n nh\u1eadn \u0111\u01b0\u1ee3c tr\u1ee3 c\u1ea5p t\u1eeb Trung t\u00e2m Vi\u1ec7c l\u00e0m, b\u1ea1n c\u00f3 th\u1ec3 n\u1ed9p \u0111\u01a1n xin h\u1ed7 tr\u1ee3 b\u1ed5 sung trong th\u1eddi gian mang thai. H\u1ed7 tr\u1ee3 n\u00e0y c\u00f3 hi\u1ec7u l\u1ef1c t\u1eeb tu\u1ea7n th\u1ee9 13 c\u1ee7a thai k\u1ef3 v\u00e0 \u0111\u01b0\u1ee3c g\u1ecdi l\u00e0 &quot;nhu c\u1ea7u b\u1ed5 sung trong th\u1eddi gian mang thai&quot;. B\u1ea1n s\u1ebd c\u1ea7n n\u1ed9p b\u1ea3n sao h\u1ed3 s\u01a1 thai s\u1ea3n l\u00e0m b\u1eb1ng ch\u1ee9ng mang thai. B\u1ea1n c\u0169ng c\u00f3 th\u1ec3 nh\u1eadn h\u1ed7 tr\u1ee3 t\u00e0i ch\u00ednh t\u1eeb Trung t\u00e2m Vi\u1ec7c l\u00e0m cho qu\u1ea7n \u00e1o v\u00e0 \u0111\u1ed3 d\u00f9ng cho em b\u00e9. H\u1ed7 tr\u1ee3 n\u00e0y \u0111\u01b0\u1ee3c g\u1ecdi l\u00e0 &quot;trang thi\u1ebft b\u1ecb ban \u0111\u1ea7u cho thai k\u1ef3 v\u00e0 sinh n\u1edf&quot;. <\/p>\n\n\n\n<p><\/p>\n\n\n\n<p>N\u1ebfu b\u1ea1n \u0111\u00e3 k\u1ebft h\u00f4n, ch\u1ed3ng b\u1ea1n s\u1ebd t\u1ef1 \u0111\u1ed9ng \u0111\u01b0\u1ee3c coi l\u00e0 cha c\u1ee7a \u0111\u1ee9a tr\u1ebb.<br>N\u1ebfu b\u1ea1n kh\u00f4ng k\u1ebft h\u00f4n, cha c\u1ee7a \u0111\u1ee9a tr\u1ebb ph\u1ea3i th\u1eeba nh\u1eadn quy\u1ec1n l\u00e0m cha.<br>Vi\u1ec7c c\u00f4ng nh\u1eadn quy\u1ec1n l\u00e0m cha c\u00f3 ngh\u0129a l\u00e0 ng\u01b0\u1eddi cha c\u00f3 nh\u1eefng quy\u1ec1n v\u00e0 ngh\u0129a v\u1ee5 nh\u1ea5t \u0111\u1ecbnh.<\/p>\n\n\n\n<p>N\u1ebfu b\u1ea1n \u0111\u00e3 k\u1ebft h\u00f4n, b\u1ea1n s\u1ebd t\u1ef1 \u0111\u1ed9ng c\u00f3 quy\u1ec1n nu\u00f4i con chung v\u1edbi ch\u1ed3ng.<br>N\u1ebfu b\u1ea1n ch\u01b0a k\u1ebft h\u00f4n, b\u1ea1n n\u00ean th\u1ea3o lu\u1eadn v\u1ec1 quy\u1ec1n nu\u00f4i con v\u1edbi ng\u01b0\u1eddi cha.<br>N\u1ebfu b\u1ea1n quy\u1ebft \u0111\u1ecbnh nu\u00f4i con chung, h\u00e3y ch\u00ednh th\u1ee9c h\u00f3a \u0111i\u1ec1u n\u00e0y v\u1edbi ng\u01b0\u1eddi cha th\u00f4ng qua tuy\u00ean b\u1ed1 nu\u00f4i con.<\/p>\n\n\n\n<p>B\u1ea1n s\u1ebd th\u1ef1c hi\u1ec7n vi\u1ec7c x\u00e1c nh\u1eadn quy\u1ec1n l\u00e0m cha v\u00e0 tuy\u00ean b\u1ed1 quy\u1ec1n nu\u00f4i con v\u1edbi cha c\u1ee7a \u0111\u1ee9a tr\u1ebb t\u1ea1i v\u0103n ph\u00f2ng ph\u00fac l\u1ee3i thanh thi\u1ebfu ni\u00ean.<br>\u0110\u00e2y l\u00e0 nh\u1eefng \u0111i\u1ec1u r\u1ea5t quan tr\u1ecdng v\u00e0 \u0111i\u1ec1u quan tr\u1ecdng l\u00e0 b\u1ea1n v\u00e0 ng\u01b0\u1eddi cha ph\u1ea3i hi\u1ec3u r\u00f5 m\u1ecdi th\u1ee9 trong bu\u1ed5i h\u1eb9n.<br>N\u1ebfu b\u1ea1n v\u00e0\/ho\u1eb7c cha c\u1ee7a \u0111\u1ee9a tr\u1ebb kh\u00f4ng n\u00f3i \u0111\u01b0\u1ee3c nhi\u1ec1u ti\u1ebfng \u0110\u1ee9c, V\u0103n ph\u00f2ng Ph\u00fac l\u1ee3i Thanh thi\u1ebfu ni\u00ean c\u00f3 th\u1ec3 s\u1eafp x\u1ebfp m\u1ed9t phi\u00ean d\u1ecbch vi\u00ean.<br><a href=\"https:\/\/www.leipzig.de\/jugend-familie-und-soziales\/kinder-jugend-und-elternhilfe\/unterhalts-und-sorgerecht\/beurkundungen\" target=\"_blank\" rel=\"noreferrer noopener\">\u0110\u00e2y<\/a> C\u00f3 th\u00eam th\u00f4ng tin v\u00e0 th\u00f4ng tin li\u00ean l\u1ea1c t\u1eeb V\u0103n ph\u00f2ng Ph\u00fac l\u1ee3i Thanh ni\u00ean Leipzig.<\/p>\n<\/div><\/div>\n\n\n\n<div class=\"wp-block-esab-accordion-child\"><div class=\"esab__head\" role=\"button\" aria-expanded=\"false\"><div class=\"esab__heading_txt\"><h2 class=\"esab__heading_tag\">L\u00e0m th\u1ebf n\u00e0o \u0111\u1ec3 t\u00f4i t\u00ecm \u0111\u01b0\u1ee3c nh\u00e0 tr\u1ebb cho con t\u00f4i?<\/h2><\/div><div class=\"esab__icon\"><div class=\"esab__collapse\"> <svg version=\"1.2\" viewbox=\"0 0 24 24\" width=\"24\" height=\"24\"><path fill-rule=\"evenodd\" d=\"m3.5 20.5c-4.7-4.7-4.7-12.3 0-17 4.7-4.7 12.3-4.7 17 0 4.6 4.7 4.6 12.3 0 17-4.7 4.6-12.3 4.6-17 0zm0.9-0.9c4.2 4.2 11 4.2 15.2 0 4.2-4.2 4.2-11 0-15.2-4.2-4.3-11-4.3-15.2 0-4.3 4.2-4.3 11 0 15.2z\"><\/path><path d=\"m11.4 15.9v-3.3h-3.3c-0.3 0-0.6-0.3-0.6-0.6 0-0.4 0.3-0.6 0.6-0.6h3.3v-3.3c0-0.3 0.3-0.6 0.6-0.6 0.3 0 0.6 0.3 0.6 0.6v3.3h3.3c0.3 0 0.6 0.2 0.6 0.6q0 0.2-0.2 0.4-0.2 0.2-0.4 0.2h-3.3v3.3q0 0.2-0.2 0.4-0.2 0.2-0.4 0.2c-0.4 0-0.6-0.3-0.6-0.6z\"><\/path><\/svg> <\/div><div class=\"esab__expand\"> <svg version=\"1.2\" viewbox=\"0 0 24 24\" width=\"24\" height=\"24\"><path fill-rule=\"evenodd\" d=\"m12 24c-6.6 0-12-5.4-12-12 0-6.6 5.4-12 12-12 6.6 0 12 5.4 12 12 0 6.6-5.4 12-12 12zm10.6-12c0-5.9-4.7-10.6-10.6-10.6-5.9 0-10.6 4.7-10.6 10.6 0 5.9 4.7 10.6 10.6 10.6 5.9 0 10.6-4.7 10.6-10.6z\"><\/path><path d=\"m5.6 11.3h12.8v1.4h-12.8z\"><\/path><\/svg> <\/div><\/div><\/div><div class=\"esab__body\">\n<p>Tr\u1ebb em kh\u00f4ng c\u1ea7n ph\u1ea3i \u0111i nh\u00e0 tr\u1ebb. Cha m\u1eb9 l\u00e0 ng\u01b0\u1eddi quy\u1ebft \u0111\u1ecbnh xem tr\u1ebb c\u00f3 n\u00ean \u0111i nh\u00e0 tr\u1ebb hay kh\u00f4ng v\u00e0 khi n\u00e0o n\u00ean \u0111i.<br>B\u1eaft bu\u1ed9c ch\u1ec9 c\u00f3 \u1edf b\u1eadc ti\u1ec3u h\u1ecdc.<br>N\u1ebfu m\u1ed9t \u0111\u1ee9a tr\u1ebb \u0111\u01b0\u1ee3c s\u00e1u tu\u1ed5i v\u00e0o ng\u00e0y 30 th\u00e1ng 6, tr\u1ebb \u0111\u00f3 ph\u1ea3i b\u1eaft \u0111\u1ea7u h\u1ecdc ti\u1ec3u h\u1ecdc v\u00e0o n\u0103m \u0111\u00f3.<\/p>\n\n\n\n<p>Kita l\u00e0 vi\u1ebft t\u1eaft c\u1ee7a c\u01a1 s\u1edf ch\u0103m s\u00f3c ban ng\u00e0y. C\u00f3 hai ph\u1ea7n:<\/p>\n\n\n\n<p>Nh\u00e0 tr\u1ebb: d\u00e0nh cho tr\u1ebb t\u1eeb 0 \u0111\u1ebfn 3 tu\u1ed5i <\/p>\n\n\n\n<p>M\u1eabu gi\u00e1o: d\u00e0nh cho tr\u1ebb em t\u1eeb 3 tu\u1ed5i \u0111\u1ebfn tu\u1ed5i \u0111i h\u1ecdc<\/p>\n\n\n\n<p>N\u1ebfu b\u1ea1n \u0111ang t\u00ecm ki\u1ebfm m\u1ed9t n\u01a1i tr\u00f4ng tr\u1ebb t\u1ea1i Leipzig, h\u00e3y \u0111\u0103ng k\u00fd cho con b\u1ea1n tr\u00ean <a href=\"https:\/\/www.meinkitaplatz-leipzig.de\/app\/de\/home\/index\" target=\"_blank\" rel=\"noreferrer noopener\">n\u01a1i tr\u00f4ng tr\u1ebb c\u1ee7a t\u00f4i<\/a> \u0110\u1ebeN.<br>Sau \u0111\u00f3, b\u1ea1n c\u00f3 th\u1ec3 ch\u1ecdn trung t\u00e2m tr\u00f4ng tr\u1ebb.<br>N\u1ebfu b\u1ea1n c\u1ea7n tr\u1ee3 gi\u00fap v\u1ec1 vi\u1ec7c \u0111\u0103ng k\u00fd ho\u1eb7c t\u00ecm \u0111\u1ecba \u0111i\u1ec3m, b\u1ea1n c\u00f3 th\u1ec3 nh\u1eadn tr\u1ee3 gi\u00fap trong <a href=\"https:\/\/www.leipzig.de\/jugend-familie-und-soziales\/auslaender-und-migranten\/migration-und-integration\/willkommenszentrum\" target=\"_blank\" rel=\"noreferrer noopener\">Trung t\u00e2m ch\u00e0o \u0111\u00f3n<\/a> ho\u1eb7c t\u1ea1i <a href=\"https:\/\/www.leipzig.de\/jugend-familie-und-soziales\/kinderbetreuung\/kindertagesstaetten\" target=\"_blank\" rel=\"noreferrer noopener\">V\u0103n ph\u00f2ng Ph\u00fac l\u1ee3i Thanh thi\u1ebfu ni\u00ean<\/a>.<\/p>\n\n\n\n<p>V\u0103n ph\u00f2ng Ph\u00fac l\u1ee3i Thanh ni\u00ean c\u00f3 m\u1ed9t <a href=\"https:\/\/static.leipzig.de\/fileadmin\/mediendatenbank\/leipzig-de\/Stadt\/02.5_Dez5_Jugend_Soziales_Gesundheit_Schule\/51_Amt_fuer_Jugend_Familie_und_Bildung\/Familieninfobuero\/Kitabroschuere_Leipzig-viersprachig.pdf\" target=\"_blank\" rel=\"noreferrer noopener\">cu\u1ed1n s\u00e1ch nh\u1ecf<\/a> \u0111\u1ebfn c\u00e1c trung t\u00e2m ch\u0103m s\u00f3c tr\u1ebb em \u1edf Leipzig v\u00e0 <a href=\"https:\/\/static.leipzig.de\/fileadmin\/mediendatenbank\/leipzig-de\/Stadt\/02.5_Dez5_Jugend_Soziales_Gesundheit_Schule\/51_Amt_fuer_Jugend_Familie_und_Bildung\/Kita\/Kita_Einstieg_FAQ_Deutsch.pdf\" target=\"_blank\" rel=\"noreferrer noopener\">\u0111\u00e2y<\/a> \u0111\u00e3 tr\u1ea3 l\u1eddi nhi\u1ec1u c\u00e2u h\u1ecfi v\u1ec1 n\u00f3.<\/p>\n<\/div><\/div>\n\n\n\n<div class=\"wp-block-esab-accordion-child\"><div class=\"esab__head\" role=\"button\" aria-expanded=\"false\"><div class=\"esab__heading_txt\"><h2 class=\"esab__heading_tag\">C\u00f3 nh\u1eefng h\u1ed7 tr\u1ee3 t\u00e0i ch\u00ednh n\u00e0o d\u00e0nh cho gia \u0111\u00ecnh?\u00a0<\/h2><\/div><div class=\"esab__icon\"><div class=\"esab__collapse\"> <svg version=\"1.2\" viewbox=\"0 0 24 24\" width=\"24\" height=\"24\"><path fill-rule=\"evenodd\" d=\"m3.5 20.5c-4.7-4.7-4.7-12.3 0-17 4.7-4.7 12.3-4.7 17 0 4.6 4.7 4.6 12.3 0 17-4.7 4.6-12.3 4.6-17 0zm0.9-0.9c4.2 4.2 11 4.2 15.2 0 4.2-4.2 4.2-11 0-15.2-4.2-4.3-11-4.3-15.2 0-4.3 4.2-4.3 11 0 15.2z\"><\/path><path d=\"m11.4 15.9v-3.3h-3.3c-0.3 0-0.6-0.3-0.6-0.6 0-0.4 0.3-0.6 0.6-0.6h3.3v-3.3c0-0.3 0.3-0.6 0.6-0.6 0.3 0 0.6 0.3 0.6 0.6v3.3h3.3c0.3 0 0.6 0.2 0.6 0.6q0 0.2-0.2 0.4-0.2 0.2-0.4 0.2h-3.3v3.3q0 0.2-0.2 0.4-0.2 0.2-0.4 0.2c-0.4 0-0.6-0.3-0.6-0.6z\"><\/path><\/svg> <\/div><div class=\"esab__expand\"> <svg version=\"1.2\" viewbox=\"0 0 24 24\" width=\"24\" height=\"24\"><path fill-rule=\"evenodd\" d=\"m12 24c-6.6 0-12-5.4-12-12 0-6.6 5.4-12 12-12 6.6 0 12 5.4 12 12 0 6.6-5.4 12-12 12zm10.6-12c0-5.9-4.7-10.6-10.6-10.6-5.9 0-10.6 4.7-10.6 10.6 0 5.9 4.7 10.6 10.6 10.6 5.9 0 10.6-4.7 10.6-10.6z\"><\/path><path d=\"m5.6 11.3h12.8v1.4h-12.8z\"><\/path><\/svg> <\/div><\/div><\/div><div class=\"esab__body\">\n<p>C\u00f3 nhi\u1ec1u l\u1ee3i \u00edch t\u00e0i ch\u00ednh kh\u00e1c nhau d\u00e0nh cho gia \u0111\u00ecnh.&nbsp;<\/p>\n\n\n\n<p>Nhi\u1ec1u ng\u01b0\u1eddi \u0111\u1ec1u quen thu\u1ed9c v\u1edbi ch\u1ebf \u0111\u1ed9 tr\u1ee3 c\u1ea5p nu\u00f4i con.<br>C\u00f4ng d\u00e2n EU c\u00f3 th\u1ec3 nh\u1eadn \u0111\u01b0\u1ee3c tr\u1ee3 c\u1ea5p nu\u00f4i con \u1edf \u0110\u1ee9c, ngay c\u1ea3 khi con c\u00e1i h\u1ecd s\u1ed1ng \u1edf m\u1ed9t qu\u1ed1c gia kh\u00e1c.<\/p>\n\n\n\n<p>Nh\u1eefng ph\u00fac l\u1ee3i kh\u00e1c c\u00f3 th\u1ec3 c\u00f3 bao g\u1ed3m tr\u1ee3 c\u1ea5p nu\u00f4i con, tr\u1ee3 c\u1ea5p nu\u00f4i con, tr\u1ee3 c\u1ea5p c\u1ea5p d\u01b0\u1ee1ng v\u00e0 tr\u1ee3 c\u1ea5p nu\u00f4i con c\u1ee7a nh\u00e0 n\u01b0\u1edbc.<br><a href=\"https:\/\/familienportal.de\/familienportal\/familienleistungen\" target=\"_blank\" rel=\"noreferrer noopener\">\u0110\u00e2y<\/a> h\u1ea7u h\u1ebft c\u00e1c quy\u1ec1n l\u1ee3i c\u1ee7a gia \u0111\u00ecnh \u0111\u1ec1u \u0111\u01b0\u1ee3c gi\u1ea3i th\u00edch.<br><a href=\"https:\/\/static.leipzig.de\/fileadmin\/mediendatenbank\/leipzig-de\/Stadt\/02.5_Dez5_Jugend_Soziales_Gesundheit_Schule\/51_Amt_fuer_Jugend_Familie_und_Bildung\/Familieninfobuero\/Broschuere\" target=\"_blank\" rel=\"noreferrer noopener\">\u0110\u00e2y<\/a> C\u00f3 m\u1ed9t t\u1edd r\u01a1i \u0111a ng\u00f4n ng\u1eef t\u1eeb V\u0103n ph\u00f2ng Ph\u00fac l\u1ee3i Thanh thi\u1ebfu ni\u00ean Leipzig.<\/p>\n\n\n\n<p>Kh\u00f4ng ph\u1ea3i n\u01a1i n\u00e0o \u1edf \u0110\u1ee9c c\u0169ng c\u00f3 tr\u1ee3 c\u1ea5p nu\u00f4i con c\u1ee7a nh\u00e0 n\u01b0\u1edbc.<br>T\u1ea1i Leipzig, kho\u1ea3n ti\u1ec1n n\u00e0y \u0111\u01b0\u1ee3c cung c\u1ea5p cho cha m\u1eb9 c\u00f3 con t\u1eeb 1-2 tu\u1ed5i n\u1ebfu m\u1ed9t trong hai cha m\u1eb9 \u1edf nh\u00e0 v\u00e0 ch\u0103m s\u00f3c con.<br>S\u1ed1 ti\u1ec1n \u0111\u00f3 l\u00e0 bao nhi\u00eau? \u0110i\u1ec1u n\u00e0y ph\u1ee5 thu\u1ed9c v\u00e0o \u0111\u1ed9 tu\u1ed5i c\u1ee7a tr\u1ebb v\u00e0 s\u1ed1 l\u01b0\u1ee3ng con c\u1ee7a b\u1ea1n.<br><a href=\"https:\/\/www.familie.sachsen.de\/landeserziehungsgeld.html?_cp=%7B%22accordion-content-5838%22%3A%7B%221%22%3Atrue%2C%222%22%3Atrue%7D%2C%22previousOpen%22%3A%7B%22group%22%3A%22accordion-content-5838%22%2C%22idx%22%3A1%7D%7D\" target=\"_blank\" rel=\"noreferrer noopener\">\u0110\u00e2y<\/a> \u0111\u01b0\u1ee3c gi\u1ea3i th\u00edch chi ti\u1ebft.<\/p>\n<\/div><\/div>\n\n\n\n<div class=\"wp-block-esab-accordion-child\"><div class=\"esab__head\" role=\"button\" aria-expanded=\"false\"><div class=\"esab__heading_txt\"><h2 class=\"esab__heading_tag\">Gia \u0111\u00ecnh t\u00f4i \u0111ang g\u1eb7p kh\u00f3 kh\u0103n. Ai s\u1ebd gi\u00fap ch\u00fang ta vi\u1ec7c n\u00e0y?<\/h2><\/div><div class=\"esab__icon\"><div class=\"esab__collapse\"> <svg version=\"1.2\" viewbox=\"0 0 24 24\" width=\"24\" height=\"24\"><path fill-rule=\"evenodd\" d=\"m3.5 20.5c-4.7-4.7-4.7-12.3 0-17 4.7-4.7 12.3-4.7 17 0 4.6 4.7 4.6 12.3 0 17-4.7 4.6-12.3 4.6-17 0zm0.9-0.9c4.2 4.2 11 4.2 15.2 0 4.2-4.2 4.2-11 0-15.2-4.2-4.3-11-4.3-15.2 0-4.3 4.2-4.3 11 0 15.2z\"><\/path><path d=\"m11.4 15.9v-3.3h-3.3c-0.3 0-0.6-0.3-0.6-0.6 0-0.4 0.3-0.6 0.6-0.6h3.3v-3.3c0-0.3 0.3-0.6 0.6-0.6 0.3 0 0.6 0.3 0.6 0.6v3.3h3.3c0.3 0 0.6 0.2 0.6 0.6q0 0.2-0.2 0.4-0.2 0.2-0.4 0.2h-3.3v3.3q0 0.2-0.2 0.4-0.2 0.2-0.4 0.2c-0.4 0-0.6-0.3-0.6-0.6z\"><\/path><\/svg> <\/div><div class=\"esab__expand\"> <svg version=\"1.2\" viewbox=\"0 0 24 24\" width=\"24\" height=\"24\"><path fill-rule=\"evenodd\" d=\"m12 24c-6.6 0-12-5.4-12-12 0-6.6 5.4-12 12-12 6.6 0 12 5.4 12 12 0 6.6-5.4 12-12 12zm10.6-12c0-5.9-4.7-10.6-10.6-10.6-5.9 0-10.6 4.7-10.6 10.6 0 5.9 4.7 10.6 10.6 10.6 5.9 0 10.6-4.7 10.6-10.6z\"><\/path><path d=\"m5.6 11.3h12.8v1.4h-12.8z\"><\/path><\/svg> <\/div><\/div><\/div><div class=\"esab__body\">\n<p>\u0110\u00f4i khi vi\u1ec7c nu\u00f4i d\u1ea1y con c\u00e1i r\u1ea5t kh\u00f3 kh\u0103n ho\u1eb7c c\u00f3 xung \u0111\u1ed9t gi\u1eefa cha m\u1eb9.<br>Trong nh\u1eefng tr\u01b0\u1eddng h\u1ee3p nh\u01b0 v\u1eady, vi\u1ec7c li\u00ean h\u1ec7 v\u1edbi m\u1ed9t trung t\u00e2m t\u01b0 v\u1ea5n gia \u0111\u00ecnh l\u00e0 \u0111i\u1ec1u h\u1ee3p l\u00fd.<\/p>\n\n\n\n<p>C\u00e1c trung t\u00e2m t\u01b0 v\u1ea5n gia \u0111\u00ecnh c\u00f3 nhi\u1ec1u kinh nghi\u1ec7m trong nh\u1eefng t\u00ecnh hu\u1ed1ng nh\u01b0 v\u1eady.<br>S\u1ef1 tr\u1ee3 gi\u00fap n\u00e0y mi\u1ec5n ph\u00ed v\u00e0 nh\u00e2n vi\u00ean th\u01b0\u1eddng n\u00f3i \u0111\u01b0\u1ee3c nhi\u1ec1u ng\u00f4n ng\u1eef kh\u00e1c nhau.<br><a href=\"https:\/\/static.leipzig.de\/fileadmin\/mediendatenbank\/leipzig-de\/Stadt\/02.5_Dez5_Jugend_Soziales_Gesundheit_Schule\/51_Amt_fuer_Jugend_Familie_und_Bildung\/Familieninfobuero\/Flyer-Erziehungsberatungsstellen-2020.pdf\" target=\"_blank\" rel=\"noopener\">\u0110\u00e2y<\/a> T\u1ea5t c\u1ea3 c\u00e1c trung t\u00e2m t\u01b0 v\u1ea5n gia \u0111\u00ecnh \u1edf Leipzig \u0111\u1ec1u \u0111\u01b0\u1ee3c li\u1ec7t k\u00ea.<\/p>\n<\/div><\/div>\n\n\n\n<div class=\"wp-block-esab-accordion-child\"><div class=\"esab__head\" role=\"button\" aria-expanded=\"false\"><div class=\"esab__heading_txt\"><h2 class=\"esab__heading_tag\">V\u0103n ph\u00f2ng ph\u00fac l\u1ee3i thanh thi\u1ebfu ni\u00ean c\u00f3 ch\u1ee9c n\u0103ng g\u00ec?<\/h2><\/div><div class=\"esab__icon\"><div class=\"esab__collapse\"> <svg version=\"1.2\" viewbox=\"0 0 24 24\" width=\"24\" height=\"24\"><path fill-rule=\"evenodd\" d=\"m3.5 20.5c-4.7-4.7-4.7-12.3 0-17 4.7-4.7 12.3-4.7 17 0 4.6 4.7 4.6 12.3 0 17-4.7 4.6-12.3 4.6-17 0zm0.9-0.9c4.2 4.2 11 4.2 15.2 0 4.2-4.2 4.2-11 0-15.2-4.2-4.3-11-4.3-15.2 0-4.3 4.2-4.3 11 0 15.2z\"><\/path><path d=\"m11.4 15.9v-3.3h-3.3c-0.3 0-0.6-0.3-0.6-0.6 0-0.4 0.3-0.6 0.6-0.6h3.3v-3.3c0-0.3 0.3-0.6 0.6-0.6 0.3 0 0.6 0.3 0.6 0.6v3.3h3.3c0.3 0 0.6 0.2 0.6 0.6q0 0.2-0.2 0.4-0.2 0.2-0.4 0.2h-3.3v3.3q0 0.2-0.2 0.4-0.2 0.2-0.4 0.2c-0.4 0-0.6-0.3-0.6-0.6z\"><\/path><\/svg> <\/div><div class=\"esab__expand\"> <svg version=\"1.2\" viewbox=\"0 0 24 24\" width=\"24\" height=\"24\"><path fill-rule=\"evenodd\" d=\"m12 24c-6.6 0-12-5.4-12-12 0-6.6 5.4-12 12-12 6.6 0 12 5.4 12 12 0 6.6-5.4 12-12 12zm10.6-12c0-5.9-4.7-10.6-10.6-10.6-5.9 0-10.6 4.7-10.6 10.6 0 5.9 4.7 10.6 10.6 10.6 5.9 0 10.6-4.7 10.6-10.6z\"><\/path><path d=\"m5.6 11.3h12.8v1.4h-12.8z\"><\/path><\/svg> <\/div><\/div><\/div><div class=\"esab__body\">\n<p>V\u0103n ph\u00f2ng ph\u00fac l\u1ee3i thanh thi\u1ebfu ni\u00ean c\u00f3 nhi\u1ec7m v\u1ee5 b\u1ea3o v\u1ec7 tr\u1ebb em v\u00e0 thanh thi\u1ebfu ni\u00ean v\u00e0 h\u1ed7 tr\u1ee3 cha m\u1eb9.<br>V\u0103n ph\u00f2ng Ph\u00fac l\u1ee3i Thanh thi\u1ebfu ni\u00ean c\u00f3 nhi\u1ec1u ph\u00f2ng ban kh\u00e1c nhau, v\u00ed d\u1ee5 nh\u01b0 ph\u00f2ng ch\u0103m s\u00f3c tr\u1ebb em ho\u1eb7c ph\u00f2ng tr\u1ee3 c\u1ea5p cho cha m\u1eb9.<br>Ngo\u00e0i ra c\u00f2n cung c\u1ea5p d\u1ecbch v\u1ee5 t\u01b0 v\u1ea5n gia \u0111\u00ecnh.<\/p>\n\n\n\n<p>V\u0103n ph\u00f2ng ph\u00fac l\u1ee3i thanh thi\u1ebfu ni\u00ean tuy\u1ec3n d\u1ee5ng nh\u00e2n vi\u00ean x\u00e3 h\u1ed9i \u0111\u1ec3 ch\u0103m s\u00f3c ph\u00fac l\u1ee3i cho tr\u1ebb em.<br>\u0110i\u1ec1u \u0111\u00f3 c\u00f3 ngh\u0129a l\u00e0 h\u1ecd \u0111\u1ea3m b\u1ea3o r\u1eb1ng \u0111\u1ee9a tr\u1ebb s\u1ebd s\u1ed1ng t\u1ed1t.<br>N\u1ebfu tr\u1ebb em \u1edf trong t\u00ecnh hu\u1ed1ng nguy hi\u1ec3m (tr\u1ebb em b\u1ecb \u0111e d\u1ecda), v\u0103n ph\u00f2ng ph\u00fac l\u1ee3i thanh thi\u1ebfu ni\u00ean c\u00f3 th\u1ec3 \u0111\u01b0a tr\u1ebb em v\u00e0o tr\u1ea1i giam.<br>\u0110i\u1ec1u n\u00e0y c\u00f3 ngh\u0129a l\u00e0 tr\u1ebb s\u1ebd \u1edf trong m\u1ed9t ng\u00f4i nh\u00e0 do v\u0103n ph\u00f2ng ph\u00fac l\u1ee3i thanh thi\u1ebfu ni\u00ean qu\u1ea3n l\u00fd ho\u1eb7c v\u1edbi m\u1ed9t gia \u0111\u00ecnh nu\u00f4i d\u01b0\u1ee1ng cho \u0111\u1ebfn khi tr\u1ebb c\u00f3 th\u1ec3 tr\u1edf v\u1ec1 v\u1edbi gia \u0111\u00ecnh.<br>T\u00f2a \u00e1n gia \u0111\u00ecnh s\u1ebd quy\u1ebft \u0111\u1ecbnh nh\u1eefng v\u1ea5n \u0111\u1ec1 nh\u01b0 v\u1eady.<br>Tr\u1ebb em nh\u1eadn \u0111\u01b0\u1ee3c s\u1ef1 tr\u1ee3 gi\u00fap trong su\u1ed1t qu\u00e1 tr\u00ecnh t\u1ed1 t\u1ee5ng t\u1eeb ng\u01b0\u1eddi \u0111\u1ea1i di\u1ec7n h\u1ee3p ph\u00e1p.<br>Ng\u01b0\u1eddi n\u00e0y c\u00f3 nhi\u1ec7m v\u1ee5 \u0111\u1ea1i di\u1ec7n cho quy\u1ec1n l\u1ee3i c\u1ee7a tr\u1ebb.<\/p>\n\n\n\n<p><a href=\"https:\/\/www.unterstuetzung-die-ankommt.de\/de\/mediathek\/broschueren\/\" target=\"_blank\" rel=\"noreferrer noopener\">\u0110\u00e2y<\/a> B\u1ea1n c\u00f3 th\u1ec3 \u0111\u1ecdc th\u00f4ng tin v\u1ec1 nhi\u1ec7m v\u1ee5 c\u1ee7a V\u0103n ph\u00f2ng Ph\u00fac l\u1ee3i Thanh ni\u00ean b\u1eb1ng nhi\u1ec1u ng\u00f4n ng\u1eef kh\u00e1c nhau.<\/p>\n<\/div><\/div>\n<\/div><\/div>\n<div class=\"gsp_post_data\" \r\n\t            data-post_type=\"page\" \r\n\t            data-cat=\"soziales\" \r\n\t            data-modified=\"120\"\r\n\t            data-created=\"1688943725\"\r\n\t            data-title=\"Kinder und Familie\" \r\n\t            data-home=\"https:\/\/info-to-go.binational-leipzig.de\/vi\"><\/div>","protected":false},"excerpt":{"rendered":"","protected":false},"author":1,"featured_media":0,"parent":5,"menu_order":6,"comment_status":"closed","ping_status":"closed","template":"","meta":{"footnotes":""},"categories":[9],"tags":[],"class_list":["post-25","page","type-page","status-publish","hentry","category-soziales"],"_links":{"self":[{"href":"https:\/\/info-to-go.binational-leipzig.de\/vi\/wp-json\/wp\/v2\/pages\/25","targetHints":{"allow":["GET"]}}],"collection":[{"href":"https:\/\/info-to-go.binational-leipzig.de\/vi\/wp-json\/wp\/v2\/pages"}],"about":[{"href":"https:\/\/info-to-go.binational-leipzig.de\/vi\/wp-json\/wp\/v2\/types\/page"}],"author":[{"embeddable":true,"href":"https:\/\/info-to-go.binational-leipzig.de\/vi\/wp-json\/wp\/v2\/users\/1"}],"replies":[{"embeddable":true,"href":"https:\/\/info-to-go.binational-leipzig.de\/vi\/wp-json\/wp\/v2\/comments?post=25"}],"version-history":[{"count":17,"href":"https:\/\/info-to-go.binational-leipzig.de\/vi\/wp-json\/wp\/v2\/pages\/25\/revisions"}],"predecessor-version":[{"id":732,"href":"https:\/\/info-to-go.binational-leipzig.de\/vi\/wp-json\/wp\/v2\/pages\/25\/revisions\/732"}],"up":[{"embeddable":true,"href":"https:\/\/info-to-go.binational-leipzig.de\/vi\/wp-json\/wp\/v2\/pages\/5"}],"wp:attachment":[{"href":"https:\/\/info-to-go.binational-leipzig.de\/vi\/wp-json\/wp\/v2\/media?parent=25"}],"wp:term":[{"taxonomy":"category","embeddable":true,"href":"https:\/\/info-to-go.binational-leipzig.de\/vi\/wp-json\/wp\/v2\/categories?post=25"},{"taxonomy":"post_tag","embeddable":true,"href":"https:\/\/info-to-go.binational-leipzig.de\/vi\/wp-json\/wp\/v2\/tags?post=25"}],"curies":[{"name":"trang web","href":"https:\/\/api.w.org\/{rel}","templated":true}]}}