{"id":285,"date":"2024-01-04T13:29:12","date_gmt":"2024-01-04T12:29:12","guid":{"rendered":"https:\/\/info-to-go.binational-leipzig.de\/?page_id=285"},"modified":"2025-08-22T17:19:40","modified_gmt":"2025-08-22T15:19:40","slug":"wer-wir-sind","status":"publish","type":"page","link":"https:\/\/info-to-go.binational-leipzig.de\/vi\/wer-wir-sind\/","title":{"rendered":"Ch\u00fang t\u00f4i l\u00e0 ai"},"content":{"rendered":"<p class=\"has-black-color has-text-color has-link-color wp-elements-c72634aa25679946aa2a2eeb64f08b5a\">Ch\u00fang t\u00f4i l\u00e0 hai ng\u01b0\u1eddi, Loredana v\u00e0 \u00c9anna, \u0111\u1ec1u l\u00e0m vi\u1ec7c to\u00e0n th\u1eddi gian trong l\u0129nh v\u1ef1c t\u01b0 v\u1ea5n di c\u01b0 t\u1ea1i Leipzig. D\u00f9 b\u1ea1n m\u1edbi \u0111\u1ebfn Leipzig hay \u0111\u00e3 s\u1ed1ng \u1edf \u0111\u00e2y m\u1ed9t th\u1eddi gian, b\u1ea1n th\u01b0\u1eddng c\u00f3 nh\u1eefng th\u1eafc m\u1eafc.<\/p>\n\n\n\n<p class=\"has-black-color has-text-color has-link-color wp-elements-dea5cb0ff36a345c1fbc84f5590a1874\">C\u00f3 r\u1ea5t nhi\u1ec1u th\u00f4ng tin ngo\u00e0i kia, v\u00e0 \u0111\u00f4i khi b\u1ea1n kh\u00f4ng bi\u1ebft li\u1ec7u ch\u00fang c\u00f3 ch\u00ednh x\u00e1c hay kh\u00f4ng. Ch\u00fang t\u00f4i mu\u1ed1n cung c\u1ea5p th\u00f4ng tin r\u00f5 r\u00e0ng v\u1ec1 nh\u1eefng v\u1ea5n \u0111\u1ec1 n\u00e0y. Ch\u00fang t\u00f4i mu\u1ed1n ng\u01b0\u1eddi di c\u01b0 \u1edf Leipzig nh\u1eadn \u0111\u01b0\u1ee3c th\u00f4ng tin ch\u00ednh x\u00e1c h\u01a1n, v\u00e0 kh\u00f4ng ph\u1ea3i tr\u1ea3 ti\u1ec1n cho nh\u1eefng th\u00f4ng tin \u0111\u00f3.<\/p>\n\n\n\n<p class=\"has-black-color has-text-color has-link-color wp-elements-4043f67d40b375a80d425c35cf5a0be0\">Th\u00f4ng tin tr\u00ean trang n\u00e0y ch\u1ee7 y\u1ebfu d\u00e0nh cho nh\u1eefng ng\u01b0\u1eddi \u1edf Leipzig \u0111\u1ebfn t\u1eeb c\u00e1c n\u01b0\u1edbc EU kh\u00e1c. Tuy nhi\u00ean, ph\u1ea7n l\u1edbn th\u00f4ng tin c\u0169ng h\u1eefu \u00edch cho nh\u1eefng ng\u01b0\u1eddi s\u1ed1ng \u1edf c\u00e1c n\u01a1i kh\u00e1c t\u1ea1i \u0110\u1ee9c ho\u1eb7c kh\u00f4ng thu\u1ed9c EU.<\/p>\n\n\n\n<p class=\"has-black-color has-text-color has-link-color wp-elements-e8ae7e8e05904e336e3d813e52eed443\">\u1ede m\u1ed9t s\u1ed1 n\u01a1i, ch\u00fang ta v\u1eabn c\u1ea7n th\u1eddi gian \u0111\u1ec3 t\u1ea1o ra th\u00f4ng tin. N\u1ebfu b\u1ea1n nh\u1ea5p v\u00e0o g\u00f3c d\u01b0\u1edbi b\u00ean ph\u1ea3i, b\u1ea1n c\u00f3 th\u1ec3 ch\u1ecdn ng\u00f4n ng\u1eef kh\u00e1c. M\u1ed9t s\u1ed1 v\u0103n b\u1ea3n \u0111\u01b0\u1ee3c d\u1ecbch t\u1ef1 \u0111\u1ed9ng, v\u00ec v\u1eady h\u00e3y th\u00f4ng c\u1ea3m n\u1ebfu c\u00f3 l\u1ed7i x\u1ea3y ra.<\/p>\n\n\n\n<p class=\"has-black-color has-text-color has-link-color wp-elements-0b3980da428105955e054e953c4943e2\">Ch\u00fang t\u00f4i c\u1ed1 g\u1eafng h\u1ebft s\u1ee9c \u0111\u1ec3 \u0111\u1ea3m b\u1ea3o th\u00f4ng tin \u0111\u01b0\u1ee3c \u0111\u1ea7y \u0111\u1ee7, ch\u00ednh x\u00e1c v\u00e0 c\u1eadp nh\u1eadt. Tuy nhi\u00ean, n\u1ebfu b\u1ea1n ph\u00e1t hi\u1ec7n b\u1ea5t k\u1ef3 th\u00f4ng tin n\u00e0o b\u1ecb thi\u1ebfu ho\u1eb7c kh\u00f4ng ch\u00ednh x\u00e1c, ch\u00fang t\u00f4i r\u1ea5t mong b\u1ea1n th\u00f4ng b\u00e1o cho ch\u00fang t\u00f4i. \u0110i\u1ec1u n\u00e0y c\u0169ng s\u1ebd gi\u00fap \u00edch cho nh\u1eefng ng\u01b0\u1eddi kh\u00e1c trong t\u01b0\u01a1ng lai. B\u1ea1n c\u00f3 th\u1ec3 t\u00ecm th\u1ea5y th\u00f4ng tin li\u00ean h\u1ec7 c\u1ee7a ch\u00fang t\u00f4i trong m\u1ee5c &quot;D\u1ea5u \u1ea5n&quot; b\u00ean d\u01b0\u1edbi.<\/p>\n\n\n\n<p class=\"has-black-color has-text-color has-link-color wp-elements-af7e68fbac72b2a48a8647dff244d1a1\">Ch\u00fac b\u1ea1n \u0111\u1ecdc vui v\u1ebb!<\/p>\n\n\n\n<p class=\"has-black-color has-text-color has-link-color wp-elements-098d904d21b72a9790d08d436c9eb658\">Loredana v\u00e0 \u00c9anna \ud83d\ude0a<\/p>\n\n\n<div class=\"wp-block-image\">\n<figure data-wp-context=\"{&quot;imageId&quot;:&quot;69ebd3b0a2caa&quot;}\" data-wp-interactive=\"core\/image\" data-wp-key=\"69ebd3b0a2caa\" class=\"aligncenter size-large is-resized wp-lightbox-container\"><img loading=\"lazy\" decoding=\"async\" width=\"1024\" height=\"642\" data-wp-class--hide=\"state.isContentHidden\" data-wp-class--show=\"state.isContentVisible\" data-wp-init=\"callbacks.setButtonStyles\" data-wp-on--click=\"actions.showLightbox\" data-wp-on--load=\"callbacks.setButtonStyles\" data-wp-on-window--resize=\"callbacks.setButtonStyles\" src=\"https:\/\/info-to-go.binational-leipzig.de\/wp-content\/uploads\/2024\/01\/website-pic-1024x642.jpg\" alt=\"\" class=\"wp-image-287\" style=\"width:565px;height:auto\" srcset=\"https:\/\/info-to-go.binational-leipzig.de\/wp-content\/uploads\/2024\/01\/website-pic-1024x642.jpg 1024w, https:\/\/info-to-go.binational-leipzig.de\/wp-content\/uploads\/2024\/01\/website-pic-300x188.jpg 300w, https:\/\/info-to-go.binational-leipzig.de\/wp-content\/uploads\/2024\/01\/website-pic-768x481.jpg 768w, https:\/\/info-to-go.binational-leipzig.de\/wp-content\/uploads\/2024\/01\/website-pic-1536x962.jpg 1536w, https:\/\/info-to-go.binational-leipzig.de\/wp-content\/uploads\/2024\/01\/website-pic-2048x1283.jpg 2048w, https:\/\/info-to-go.binational-leipzig.de\/wp-content\/uploads\/2024\/01\/website-pic-18x12.jpg 18w\" sizes=\"auto, (max-width: 1024px) 100vw, 1024px\" \/><button\n\t\t\tclass=\"lightbox-trigger\"\n\t\t\ttype=\"button\"\n\t\t\taria-haspopup=\"dialog\"\n\t\t\taria-label=\"Ph\u00f3ng to\"\n\t\t\tdata-wp-init=\"callbacks.initTriggerButton\"\n\t\t\tdata-wp-on--click=\"actions.showLightbox\"\n\t\t\tdata-wp-style--right=\"state.imageButtonRight\"\n\t\t\tdata-wp-style--top=\"state.imageButtonTop\"\n\t\t>\n\t\t\t<svg xmlns=\"http:\/\/www.w3.org\/2000\/svg\" width=\"12\" height=\"12\" fill=\"none\" viewbox=\"0 0 12 12\">\n\t\t\t\t<path fill=\"#fff\" d=\"M2 0a2 2 0 0 0-2 2v2h1.5V2a.5.5 0 0 1 .5-.5h2V0H2Zm2 10.5H2a.5.5 0 0 1-.5-.5V8H0v2a2 2 0 0 0 2 2h2v-1.5ZM8 12v-1.5h2a.5.5 0 0 0 .5-.5V8H12v2a2 2 0 0 1-2 2H8Zm2-12a2 2 0 0 1 2 2v2h-1.5V2a.5.5 0 0 0-.5-.5H8V0h2Z\" \/>\n\t\t\t<\/svg>\n\t\t<\/button><\/figure>\n<\/div><div class=\"gsp_post_data\" \r\n\t            data-post_type=\"page\" \r\n\t            data-cat=\"\" \r\n\t            data-modified=\"120\"\r\n\t            data-created=\"1704374952\"\r\n\t            data-title=\"Wer wir sind\" \r\n\t            data-home=\"https:\/\/info-to-go.binational-leipzig.de\/vi\"><\/div>","protected":false},"excerpt":{"rendered":"<p>Wir sind zwei Personen, Loredana und \u00c9anna, die beide hauptamtlich aktiv in der Beratung von Migrant*innen in Leipzig sind. Egal, ob man ganz neu in Leipzig ist oder schon eine Weile hier lebt: Es gibt oft Fragen. Es gibt viele Informationen und manchmal wei\u00df man nicht, ob sie richtig sind. Wir wollen klare Informationen zu [&hellip;]<\/p>\n","protected":false},"author":1,"featured_media":0,"parent":0,"menu_order":0,"comment_status":"closed","ping_status":"closed","template":"","meta":{"footnotes":""},"categories":[],"tags":[],"class_list":["post-285","page","type-page","status-publish","hentry"],"_links":{"self":[{"href":"https:\/\/info-to-go.binational-leipzig.de\/vi\/wp-json\/wp\/v2\/pages\/285","targetHints":{"allow":["GET"]}}],"collection":[{"href":"https:\/\/info-to-go.binational-leipzig.de\/vi\/wp-json\/wp\/v2\/pages"}],"about":[{"href":"https:\/\/info-to-go.binational-leipzig.de\/vi\/wp-json\/wp\/v2\/types\/page"}],"author":[{"embeddable":true,"href":"https:\/\/info-to-go.binational-leipzig.de\/vi\/wp-json\/wp\/v2\/users\/1"}],"replies":[{"embeddable":true,"href":"https:\/\/info-to-go.binational-leipzig.de\/vi\/wp-json\/wp\/v2\/comments?post=285"}],"version-history":[{"count":12,"href":"https:\/\/info-to-go.binational-leipzig.de\/vi\/wp-json\/wp\/v2\/pages\/285\/revisions"}],"predecessor-version":[{"id":614,"href":"https:\/\/info-to-go.binational-leipzig.de\/vi\/wp-json\/wp\/v2\/pages\/285\/revisions\/614"}],"wp:attachment":[{"href":"https:\/\/info-to-go.binational-leipzig.de\/vi\/wp-json\/wp\/v2\/media?parent=285"}],"wp:term":[{"taxonomy":"category","embeddable":true,"href":"https:\/\/info-to-go.binational-leipzig.de\/vi\/wp-json\/wp\/v2\/categories?post=285"},{"taxonomy":"post_tag","embeddable":true,"href":"https:\/\/info-to-go.binational-leipzig.de\/vi\/wp-json\/wp\/v2\/tags?post=285"}],"curies":[{"name":"trang web","href":"https:\/\/api.w.org\/{rel}","templated":true}]}}