{"id":3,"date":"2024-03-11T13:45:00","date_gmt":"2024-03-11T12:45:00","guid":{"rendered":"https:\/\/sprijin.binational-leipzig.de\/?page_id=3"},"modified":"2024-03-11T13:45:51","modified_gmt":"2024-03-11T12:45:51","slug":"datenschutzerklaerung","status":"publish","type":"page","link":"https:\/\/info-to-go.binational-leipzig.de\/vi\/datenschutzerklaerung\/","title":{"rendered":"Ch\u00ednh s\u00e1ch b\u1ea3o m\u1eadt"},"content":{"rendered":"<p><strong>1. B\u1ea3o v\u1ec7 d\u1eef li\u1ec7u trong nh\u00e1y m\u1eaft<\/strong><\/p>\n\n\n\n<p><strong><em>Th\u00f4ng tin chung<\/em><\/strong><\/p>\n\n\n\n<p>Th\u00f4ng tin sau \u0111\u00e2y cung c\u1ea5p c\u00e1i nh\u00ecn t\u1ed5ng quan \u0111\u01a1n gi\u1ea3n v\u1ec1 nh\u1eefng g\u00ec x\u1ea3y ra v\u1edbi d\u1eef li\u1ec7u c\u00e1 nh\u00e2n c\u1ee7a b\u1ea1n khi b\u1ea1n truy c\u1eadp trang web c\u1ee7a ch\u00fang t\u00f4i. D\u1eef li\u1ec7u c\u00e1 nh\u00e2n l\u00e0 b\u1ea5t k\u1ef3 d\u1eef li\u1ec7u n\u00e0o c\u00f3 th\u1ec3 \u0111\u01b0\u1ee3c s\u1eed d\u1ee5ng \u0111\u1ec3 nh\u1eadn d\u1ea1ng c\u00e1 nh\u00e2n b\u1ea1n. \u0110\u1ec3 bi\u1ebft th\u00f4ng tin chi ti\u1ebft v\u1ec1 b\u1ea3o v\u1ec7 d\u1eef li\u1ec7u, vui l\u00f2ng tham kh\u1ea3o ch\u00ednh s\u00e1ch b\u1ea3o m\u1eadt c\u1ee7a ch\u00fang t\u00f4i \u0111\u01b0\u1ee3c li\u1ec7t k\u00ea b\u00ean d\u01b0\u1edbi v\u0103n b\u1ea3n n\u00e0y.<\/p>\n\n\n\n<p><strong>Thu th\u1eadp d\u1eef li\u1ec7u tr\u00ean trang web c\u1ee7a ch\u00fang t\u00f4i<\/strong><\/p>\n\n\n\n<p><strong><em>Ai ch\u1ecbu tr\u00e1ch nhi\u1ec7m thu th\u1eadp d\u1eef li\u1ec7u tr\u00ean trang web n\u00e0y?<\/em><\/strong><\/p>\n\n\n\n<p>Vi\u1ec7c x\u1eed l\u00fd d\u1eef li\u1ec7u tr\u00ean trang web n\u00e0y \u0111\u01b0\u1ee3c th\u1ef1c hi\u1ec7n b\u1edfi nh\u00e0 \u0111i\u1ec1u h\u00e0nh trang web. B\u1ea1n c\u00f3 th\u1ec3 t\u00ecm th\u1ea5y th\u00f4ng tin li\u00ean l\u1ea1c c\u1ee7a h\u1ecd trong ph\u1ea7n th\u00f4ng tin chi ti\u1ebft c\u1ee7a trang web n\u00e0y.<\/p>\n\n\n\n<p><strong><em>Ch\u00fang t\u00f4i thu th\u1eadp d\u1eef li\u1ec7u c\u1ee7a b\u1ea1n nh\u01b0 th\u1ebf n\u00e0o?<\/em><\/strong><\/p>\n\n\n\n<p>M\u1ed9t m\u1eb7t, d\u1eef li\u1ec7u c\u1ee7a b\u1ea1n s\u1ebd \u0111\u01b0\u1ee3c thu th\u1eadp khi b\u1ea1n cung c\u1ea5p cho ch\u00fang t\u00f4i. V\u00ed d\u1ee5, \u0111\u00e2y c\u00f3 th\u1ec3 l\u00e0 d\u1eef li\u1ec7u b\u1ea1n nh\u1eadp v\u00e0o bi\u1ec3u m\u1eabu li\u00ean h\u1ec7.<\/p>\n\n\n\n<p>C\u00e1c d\u1eef li\u1ec7u kh\u00e1c s\u1ebd \u0111\u01b0\u1ee3c h\u1ec7 th\u1ed1ng CNTT c\u1ee7a ch\u00fang t\u00f4i t\u1ef1 \u0111\u1ed9ng thu th\u1eadp khi b\u1ea1n truy c\u1eadp trang web. \u0110\u00e2y ch\u1ee7 y\u1ebfu l\u00e0 d\u1eef li\u1ec7u k\u1ef9 thu\u1eadt (v\u00ed d\u1ee5: tr\u00ecnh duy\u1ec7t internet, h\u1ec7 \u0111i\u1ec1u h\u00e0nh ho\u1eb7c th\u1eddi gian truy c\u1eadp trang). D\u1eef li\u1ec7u n\u00e0y \u0111\u01b0\u1ee3c thu th\u1eadp t\u1ef1 \u0111\u1ed9ng ngay khi b\u1ea1n v\u00e0o trang web c\u1ee7a ch\u00fang t\u00f4i.<\/p>\n\n\n\n<p><strong><em>Ch\u00fang t\u00f4i s\u1eed d\u1ee5ng d\u1eef li\u1ec7u c\u1ee7a b\u1ea1n v\u00e0o m\u1ee5c \u0111\u00edch g\u00ec?<\/em><\/strong><\/p>\n\n\n\n<p>M\u1ed9t s\u1ed1 d\u1eef li\u1ec7u \u0111\u01b0\u1ee3c thu th\u1eadp \u0111\u1ec3 \u0111\u1ea3m b\u1ea3o trang web ho\u1ea1t \u0111\u1ed9ng ch\u00ednh x\u00e1c. D\u1eef li\u1ec7u kh\u00e1c c\u00f3 th\u1ec3 \u0111\u01b0\u1ee3c s\u1eed d\u1ee5ng \u0111\u1ec3 ph\u00e2n t\u00edch h\u00e0nh vi ng\u01b0\u1eddi d\u00f9ng c\u1ee7a b\u1ea1n.<\/p>\n\n\n\n<p><strong><em>B\u1ea1n c\u00f3 nh\u1eefng quy\u1ec1n g\u00ec \u0111\u1ed1i v\u1edbi d\u1eef li\u1ec7u c\u1ee7a m\u00ecnh?<\/em><\/strong><\/p>\n\n\n\n<p>B\u1ea1n c\u00f3 quy\u1ec1n y\u00eau c\u1ea7u cung c\u1ea5p th\u00f4ng tin v\u1ec1 ngu\u1ed3n g\u1ed1c, ng\u01b0\u1eddi nh\u1eadn v\u00e0 m\u1ee5c \u0111\u00edch c\u1ee7a d\u1eef li\u1ec7u c\u00e1 nh\u00e2n \u0111\u01b0\u1ee3c l\u01b0u tr\u1eef c\u1ee7a b\u1ea1n b\u1ea5t k\u1ef3 l\u00fac n\u00e0o v\u00e0 mi\u1ec5n ph\u00ed. B\u1ea1n c\u0169ng c\u00f3 quy\u1ec1n y\u00eau c\u1ea7u ch\u1ec9nh s\u1eeda, ch\u1eb7n ho\u1eb7c x\u00f3a d\u1eef li\u1ec7u n\u00e0y. B\u1ea1n c\u00f3 th\u1ec3 li\u00ean h\u1ec7 v\u1edbi ch\u00fang t\u00f4i b\u1ea5t c\u1ee9 l\u00fac n\u00e0o theo \u0111\u1ecba ch\u1ec9 \u0111\u01b0\u1ee3c cung c\u1ea5p trong th\u00f4ng tin n\u1ebfu b\u1ea1n c\u00f3 b\u1ea5t k\u1ef3 c\u00e2u h\u1ecfi n\u00e0o v\u1ec1 v\u1ea5n \u0111\u1ec1 n\u00e0y ho\u1eb7c c\u00e1c v\u1ea5n \u0111\u1ec1 kh\u00e1c li\u00ean quan \u0111\u1ebfn b\u1ea3o v\u1ec7 d\u1eef li\u1ec7u. Ngo\u00e0i ra, b\u1ea1n c\u00f3 quy\u1ec1n n\u1ed9p \u0111\u01a1n khi\u1ebfu n\u1ea1i l\u00ean c\u01a1 quan gi\u00e1m s\u00e1t c\u00f3 th\u1ea9m quy\u1ec1n.<\/p>\n\n\n\n<p><strong>2. Th\u00f4ng tin chung v\u00e0 th\u00f4ng tin b\u1eaft bu\u1ed9c<\/strong><\/p>\n\n\n\n<p><strong>B\u1ea3o v\u1ec7 d\u1eef li\u1ec7u<\/strong><\/p>\n\n\n\n<p>Ng\u01b0\u1eddi \u0111i\u1ec1u h\u00e0nh c\u00e1c trang n\u00e0y r\u1ea5t coi tr\u1ecdng vi\u1ec7c b\u1ea3o v\u1ec7 d\u1eef li\u1ec7u c\u00e1 nh\u00e2n c\u1ee7a b\u1ea1n. Ch\u00fang t\u00f4i x\u1eed l\u00fd d\u1eef li\u1ec7u c\u00e1 nh\u00e2n c\u1ee7a b\u1ea1n m\u1ed9t c\u00e1ch b\u1ea3o m\u1eadt v\u00e0 theo \u0111\u00fang c\u00e1c quy \u0111\u1ecbnh v\u1ec1 b\u1ea3o v\u1ec7 d\u1eef li\u1ec7u theo lu\u1eadt \u0111\u1ecbnh v\u00e0 ch\u00ednh s\u00e1ch b\u1ea3o m\u1eadt n\u00e0y.<\/p>\n\n\n\n<p>Khi b\u1ea1n s\u1eed d\u1ee5ng trang web n\u00e0y, nhi\u1ec1u d\u1eef li\u1ec7u c\u00e1 nh\u00e2n kh\u00e1c nhau s\u1ebd \u0111\u01b0\u1ee3c thu th\u1eadp. D\u1eef li\u1ec7u c\u00e1 nh\u00e2n l\u00e0 d\u1eef li\u1ec7u c\u00f3 th\u1ec3 \u0111\u01b0\u1ee3c s\u1eed d\u1ee5ng \u0111\u1ec3 nh\u1eadn d\u1ea1ng c\u00e1 nh\u00e2n b\u1ea1n. Ch\u00ednh s\u00e1ch b\u1ea3o m\u1eadt n\u00e0y gi\u1ea3i th\u00edch d\u1eef li\u1ec7u ch\u00fang t\u00f4i thu th\u1eadp v\u00e0 m\u1ee5c \u0111\u00edch s\u1eed d\u1ee5ng d\u1eef li\u1ec7u \u0111\u00f3. Ngo\u00e0i ra, t\u00e0i li\u1ec7u n\u00e0y c\u00f2n gi\u1ea3i th\u00edch c\u00e1ch th\u1ee9c v\u00e0 m\u1ee5c \u0111\u00edch th\u1ef1c hi\u1ec7n vi\u1ec7c n\u00e0y.<\/p>\n\n\n\n<p>Ch\u00fang t\u00f4i mu\u1ed1n l\u01b0u \u00fd r\u1eb1ng vi\u1ec7c truy\u1ec1n d\u1eef li\u1ec7u qua Internet (v\u00ed d\u1ee5 khi giao ti\u1ebfp qua email) c\u00f3 th\u1ec3 c\u00f3 l\u1ed7 h\u1ed5ng b\u1ea3o m\u1eadt. Kh\u00f4ng th\u1ec3 b\u1ea3o v\u1ec7 d\u1eef li\u1ec7u ho\u00e0n to\u00e0n kh\u1ecfi s\u1ef1 truy c\u1eadp c\u1ee7a b\u00ean th\u1ee9 ba.<\/p>\n\n\n\n<p><strong><em>L\u01b0u \u00fd v\u1ec1 c\u01a1 quan ch\u1ecbu tr\u00e1ch nhi\u1ec7m<\/em><\/strong><\/p>\n\n\n\n<p>C\u01a1 quan ch\u1ecbu tr\u00e1ch nhi\u1ec7m x\u1eed l\u00fd d\u1eef li\u1ec7u tr\u00ean trang web n\u00e0y l\u00e0:<br>Hi\u1ec7p h\u1ed9i c\u00e1c gia \u0111\u00ecnh v\u00e0 quan h\u1ec7 \u0111\u1ed1i t\u00e1c song ph\u01b0\u01a1ng, iaf eV<\/p>\n\n\n\n<p>\u0110\u01b0\u1eddng Ludolfus 2 \u2013 4<br>60487 Frankfurt am Main<br>\u0110i\u1ec7n tho\u1ea1i: +49 (0) 69 713 756 \u2013 0<br>Email: info@verband-binationaler.de<\/p>\n\n\n\n<p>C\u01a1 quan ch\u1ecbu tr\u00e1ch nhi\u1ec7m l\u00e0 c\u00e1 nh\u00e2n ho\u1eb7c ph\u00e1p nh\u00e2n t\u1ef1 m\u00ecnh ho\u1eb7c c\u00f9ng v\u1edbi nh\u1eefng ng\u01b0\u1eddi kh\u00e1c quy\u1ebft \u0111\u1ecbnh m\u1ee5c \u0111\u00edch v\u00e0 ph\u01b0\u01a1ng ti\u1ec7n x\u1eed l\u00fd d\u1eef li\u1ec7u c\u00e1 nh\u00e2n (v\u00ed d\u1ee5: t\u00ean, \u0111\u1ecba ch\u1ec9 email, v.v.).<\/p>\n\n\n\n<p><strong><em>Thu h\u1ed3i s\u1ef1 \u0111\u1ed3ng \u00fd c\u1ee7a b\u1ea1n \u0111\u1ed1i v\u1edbi vi\u1ec7c x\u1eed l\u00fd d\u1eef li\u1ec7u<\/em><\/strong><\/p>\n\n\n\n<p>Nhi\u1ec1u ho\u1ea1t \u0111\u1ed9ng x\u1eed l\u00fd d\u1eef li\u1ec7u ch\u1ec9 c\u00f3 th\u1ec3 th\u1ef1c hi\u1ec7n \u0111\u01b0\u1ee3c khi c\u00f3 s\u1ef1 \u0111\u1ed3ng \u00fd r\u00f5 r\u00e0ng c\u1ee7a b\u1ea1n. B\u1ea1n c\u00f3 th\u1ec3 thu h\u1ed3i s\u1ef1 \u0111\u1ed3ng \u00fd c\u1ee7a m\u00ecnh b\u1ea5t c\u1ee9 l\u00fac n\u00e0o. T\u1ea5t c\u1ea3 nh\u1eefng g\u00ec b\u1ea1n c\u1ea7n l\u00e0m l\u00e0 g\u1eedi cho ch\u00fang t\u00f4i m\u1ed9t email kh\u00f4ng ch\u00ednh th\u1ee9c. T\u00ednh h\u1ee3p ph\u00e1p c\u1ee7a vi\u1ec7c x\u1eed l\u00fd d\u1eef li\u1ec7u \u0111\u01b0\u1ee3c th\u1ef1c hi\u1ec7n cho \u0111\u1ebfn th\u1eddi \u0111i\u1ec3m thu h\u1ed3i v\u1eabn kh\u00f4ng b\u1ecb \u1ea3nh h\u01b0\u1edfng b\u1edfi vi\u1ec7c thu h\u1ed3i.<\/p>\n\n\n\n<p><strong><em>Quy\u1ec1n khi\u1ebfu n\u1ea1i v\u1edbi c\u01a1 quan gi\u00e1m s\u00e1t c\u00f3 th\u1ea9m quy\u1ec1n<\/em><\/strong><\/p>\n\n\n\n<p>Trong tr\u01b0\u1eddng h\u1ee3p vi ph\u1ea1m lu\u1eadt b\u1ea3o v\u1ec7 d\u1eef li\u1ec7u, ng\u01b0\u1eddi c\u00f3 li\u00ean quan c\u00f3 quy\u1ec1n n\u1ed9p \u0111\u01a1n khi\u1ebfu n\u1ea1i l\u00ean c\u01a1 quan gi\u00e1m s\u00e1t c\u00f3 th\u1ea9m quy\u1ec1n. C\u01a1 quan gi\u00e1m s\u00e1t c\u00f3 tr\u00e1ch nhi\u1ec7m v\u1ec1 c\u00e1c v\u1ea5n \u0111\u1ec1 b\u1ea3o v\u1ec7 d\u1eef li\u1ec7u l\u00e0 \u1ee6y vi\u00ean B\u1ea3o v\u1ec7 D\u1eef li\u1ec7u c\u1ee7a Ti\u1ec3u bang Hesse.<br><a href=\"http:\/\/www.datenschutz.hessen.de\/\" rel=\"noreferrer noopener\" target=\"_blank\">www.datenschutz.hessen.de<\/a><\/p>\n\n\n\n<p><strong><em>Quy\u1ec1n chuy\u1ec3n d\u1eef li\u1ec7u<\/em><\/strong><\/p>\n\n\n\n<p>B\u1ea1n c\u00f3 quy\u1ec1n y\u00eau c\u1ea7u ch\u00fang t\u00f4i x\u1eed l\u00fd d\u1eef li\u1ec7u t\u1ef1 \u0111\u1ed9ng d\u1ef1a tr\u00ean s\u1ef1 \u0111\u1ed3ng \u00fd c\u1ee7a b\u1ea1n ho\u1eb7c \u0111\u1ec3 th\u1ef1c hi\u1ec7n h\u1ee3p \u0111\u1ed3ng, chuy\u1ec3n giao cho b\u1ea1n ho\u1eb7c cho b\u00ean th\u1ee9 ba theo \u0111\u1ecbnh d\u1ea1ng chung, c\u00f3 th\u1ec3 \u0111\u1ecdc \u0111\u01b0\u1ee3c b\u1eb1ng m\u00e1y. N\u1ebfu b\u1ea1n y\u00eau c\u1ea7u chuy\u1ec3n tr\u1ef1c ti\u1ebfp d\u1eef li\u1ec7u cho b\u00ean ch\u1ecbu tr\u00e1ch nhi\u1ec7m kh\u00e1c, \u0111i\u1ec1u n\u00e0y s\u1ebd ch\u1ec9 \u0111\u01b0\u1ee3c th\u1ef1c hi\u1ec7n n\u1ebfu kh\u1ea3 thi v\u1ec1 m\u1eb7t k\u1ef9 thu\u1eadt.<\/p>\n\n\n\n<p><strong><em>M\u00e3 h\u00f3a SSL ho\u1eb7c TLS<\/em><\/strong><\/p>\n\n\n\n<p>V\u00ec l\u00fd do b\u1ea3o m\u1eadt v\u00e0 \u0111\u1ec3 b\u1ea3o v\u1ec7 vi\u1ec7c truy\u1ec1n t\u1ea3i n\u1ed9i dung b\u00ed m\u1eadt, ch\u1eb3ng h\u1ea1n nh\u01b0 \u0111\u01a1n \u0111\u1eb7t h\u00e0ng ho\u1eb7c y\u00eau c\u1ea7u m\u00e0 b\u1ea1n g\u1eedi cho ch\u00fang t\u00f4i v\u1edbi t\u01b0 c\u00e1ch l\u00e0 nh\u00e0 \u0111i\u1ec1u h\u00e0nh trang web, trang web n\u00e0y s\u1eed d\u1ee5ng m\u00e3 h\u00f3a SSL ho\u1eb7c TLS. M\u00e3 h\u00f3a TLS. B\u1ea1n c\u00f3 th\u1ec3 nh\u1eadn ra k\u1ebft n\u1ed1i \u0111\u01b0\u1ee3c m\u00e3 h\u00f3a b\u1eb1ng c\u00e1ch nh\u1eadn bi\u1ebft d\u00f2ng \u0111\u1ecba ch\u1ec9 c\u1ee7a tr\u00ecnh duy\u1ec7t thay \u0111\u1ed5i t\u1eeb \u201chttp:\/\/\u201d th\u00e0nh \u201chttps:\/\/\u201d v\u00e0 bi\u1ec3u t\u01b0\u1ee3ng \u1ed5 kh\u00f3a tr\u00ean d\u00f2ng tr\u00ecnh duy\u1ec7t.<\/p>\n\n\n\n<p>N\u1ebfu m\u00e3 h\u00f3a SSL ho\u1eb7c TLS \u0111\u01b0\u1ee3c k\u00edch ho\u1ea1t, d\u1eef li\u1ec7u b\u1ea1n g\u1eedi cho ch\u00fang t\u00f4i s\u1ebd kh\u00f4ng th\u1ec3 b\u1ecb b\u00ean th\u1ee9 ba \u0111\u1ecdc \u0111\u01b0\u1ee3c.<\/p>\n\n\n\n<p><strong><em>Th\u00f4ng tin, ch\u1eb7n, x\u00f3a<\/em><\/strong><\/p>\n\n\n\n<p>Trong khu\u00f4n kh\u1ed5 c\u00e1c quy \u0111\u1ecbnh ph\u00e1p l\u00fd hi\u1ec7n h\u00e0nh, b\u1ea1n c\u00f3 quy\u1ec1n b\u1ea5t c\u1ee9 l\u00fac n\u00e0o \u0111\u01b0\u1ee3c cung c\u1ea5p th\u00f4ng tin mi\u1ec5n ph\u00ed v\u1ec1 d\u1eef li\u1ec7u c\u00e1 nh\u00e2n \u0111\u01b0\u1ee3c l\u01b0u tr\u1eef c\u1ee7a m\u00ecnh, ngu\u1ed3n g\u1ed1c, ng\u01b0\u1eddi nh\u1eadn v\u00e0 m\u1ee5c \u0111\u00edch x\u1eed l\u00fd d\u1eef li\u1ec7u v\u00e0 n\u1ebfu c\u00f3 th\u1ec3, b\u1ea1n c\u00f3 quy\u1ec1n s\u1eeda, ch\u1eb7n ho\u1eb7c x\u00f3a d\u1eef li\u1ec7u n\u00e0y. B\u1ea1n c\u00f3 th\u1ec3 li\u00ean h\u1ec7 v\u1edbi ch\u00fang t\u00f4i b\u1ea5t c\u1ee9 l\u00fac n\u00e0o theo \u0111\u1ecba ch\u1ec9 \u0111\u01b0\u1ee3c cung c\u1ea5p trong th\u00f4ng tin n\u1ebfu b\u1ea1n c\u00f3 b\u1ea5t k\u1ef3 c\u00e2u h\u1ecfi n\u00e0o v\u1ec1 v\u1ea5n \u0111\u1ec1 n\u00e0y ho\u1eb7c c\u00e1c v\u1ea5n \u0111\u1ec1 kh\u00e1c li\u00ean quan \u0111\u1ebfn d\u1eef li\u1ec7u c\u00e1 nh\u00e2n.<\/p>\n\n\n\n<p><strong><em>Ph\u1ea3n \u0111\u1ed1i email qu\u1ea3ng c\u00e1o<\/em><\/strong><\/p>\n\n\n\n<p>Vi\u1ec7c s\u1eed d\u1ee5ng d\u1eef li\u1ec7u li\u00ean l\u1ea1c \u0111\u01b0\u1ee3c c\u00f4ng b\u1ed1 trong b\u1ed1i c\u1ea3nh ngh\u0129a v\u1ee5 ghi d\u1ea5u \u1ea5n \u0111\u1ec3 g\u1eedi c\u00e1c t\u00e0i li\u1ec7u th\u00f4ng tin v\u00e0 qu\u1ea3ng c\u00e1o kh\u00f4ng \u0111\u01b0\u1ee3c y\u00eau c\u1ea7u \u0111\u1ec1u b\u1ecb nghi\u00eam c\u1ea5m. Ng\u01b0\u1eddi \u0111i\u1ec1u h\u00e0nh trang web c\u00f3 to\u00e0n quy\u1ec1n th\u1ef1c hi\u1ec7n h\u00e0nh \u0111\u1ed9ng ph\u00e1p l\u00fd trong tr\u01b0\u1eddng h\u1ee3p th\u00f4ng tin qu\u1ea3ng c\u00e1o kh\u00f4ng mong mu\u1ed1n \u0111\u01b0\u1ee3c g\u1eedi \u0111i, v\u00ed d\u1ee5 nh\u01b0 qua email r\u00e1c.<\/p>\n\n\n\n<p><strong>3. C\u00e1n b\u1ed9 b\u1ea3o v\u1ec7 d\u1eef li\u1ec7u<\/strong><\/p>\n\n\n\n<p><strong>C\u00e1n b\u1ed9 b\u1ea3o v\u1ec7 d\u1eef li\u1ec7u theo y\u00eau c\u1ea7u ph\u00e1p l\u00fd<\/strong><\/p>\n\n\n\n<p>Ch\u00fang t\u00f4i \u0111\u00e3 b\u1ed5 nhi\u1ec7m m\u1ed9t nh\u00e2n vi\u00ean b\u1ea3o v\u1ec7 d\u1eef li\u1ec7u n\u1ed9i b\u1ed9 cho c\u00f4ng ty c\u1ee7a ch\u00fang t\u00f4i:<br>Hi\u1ec7p h\u1ed9i c\u00e1c gia \u0111\u00ecnh v\u00e0 quan h\u1ec7 \u0111\u1ed1i t\u00e1c song ph\u01b0\u01a1ng, iaf eV<\/p>\n\n\n\n<p>\u0110\u01b0\u1eddng Ludolfus 2 \u2013 4<br>60487 Frankfurt am Main<br>\u0110i\u1ec7n tho\u1ea1i: +49 (0) 69 713 756 \u2013 0<br>Email: datenschutz@verband-binationaler.de<\/p>\n\n\n\n<p><strong>4. Thu th\u1eadp d\u1eef li\u1ec7u tr\u00ean trang web c\u1ee7a ch\u00fang t\u00f4i<\/strong><\/p>\n\n\n\n<p><strong>B\u00e1nh quy<\/strong><\/p>\n\n\n\n<p>M\u1ed9t s\u1ed1 trang Internet s\u1eed d\u1ee5ng c\u00e1i g\u1ecdi l\u00e0 cookie. Cookie kh\u00f4ng g\u00e2y h\u1ea1i cho m\u00e1y t\u00ednh c\u1ee7a b\u1ea1n v\u00e0 kh\u00f4ng ch\u1ee9a b\u1ea5t k\u1ef3 lo\u1ea1i vi-r\u00fat n\u00e0o. Cookie \u0111\u01b0\u1ee3c s\u1eed d\u1ee5ng \u0111\u1ec3 l\u00e0m cho d\u1ecbch v\u1ee5 c\u1ee7a ch\u00fang t\u00f4i th\u00e2n thi\u1ec7n h\u01a1n v\u1edbi ng\u01b0\u1eddi d\u00f9ng, hi\u1ec7u qu\u1ea3 h\u01a1n v\u00e0 an to\u00e0n h\u01a1n. Cookie l\u00e0 nh\u1eefng t\u1eadp tin v\u0103n b\u1ea3n nh\u1ecf \u0111\u01b0\u1ee3c l\u01b0u tr\u1eef tr\u00ean m\u00e1y t\u00ednh c\u1ee7a b\u1ea1n v\u00e0 \u0111\u01b0\u1ee3c tr\u00ecnh duy\u1ec7t c\u1ee7a b\u1ea1n l\u01b0u l\u1ea1i.<\/p>\n\n\n\n<p>H\u1ea7u h\u1ebft c\u00e1c cookie ch\u00fang t\u00f4i s\u1eed d\u1ee5ng \u0111\u1ec1u \u0111\u01b0\u1ee3c g\u1ecdi l\u00e0 \u201ccookie phi\u00ean\u201d. Ch\u00fang s\u1ebd t\u1ef1 \u0111\u1ed9ng b\u1ecb x\u00f3a sau khi b\u1ea1n truy c\u1eadp. C\u00e1c cookie kh\u00e1c v\u1eabn \u0111\u01b0\u1ee3c l\u01b0u tr\u1eef tr\u00ean thi\u1ebft b\u1ecb c\u1ee7a b\u1ea1n cho \u0111\u1ebfn khi b\u1ea1n x\u00f3a ch\u00fang. Nh\u1eefng cookie n\u00e0y cho ph\u00e9p ch\u00fang t\u00f4i nh\u1eadn d\u1ea1ng tr\u00ecnh duy\u1ec7t c\u1ee7a b\u1ea1n v\u00e0o l\u1ea7n truy c\u1eadp ti\u1ebfp theo.<\/p>\n\n\n\n<p>B\u1ea1n c\u00f3 th\u1ec3 thi\u1ebft l\u1eadp tr\u00ecnh duy\u1ec7t c\u1ee7a m\u00ecnh \u0111\u1ec3 \u0111\u01b0\u1ee3c th\u00f4ng b\u00e1o v\u1ec1 vi\u1ec7c c\u00e0i \u0111\u1eb7t cookie v\u00e0 ch\u1ec9 cho ph\u00e9p cookie trong t\u1eebng tr\u01b0\u1eddng h\u1ee3p c\u1ee5 th\u1ec3, lo\u1ea1i tr\u1eeb vi\u1ec7c ch\u1ea5p nh\u1eadn cookie trong m\u1ed9t s\u1ed1 tr\u01b0\u1eddng h\u1ee3p nh\u1ea5t \u0111\u1ecbnh ho\u1eb7c n\u00f3i chung v\u00e0 k\u00edch ho\u1ea1t t\u00ednh n\u0103ng x\u00f3a cookie t\u1ef1 \u0111\u1ed9ng khi b\u1ea1n \u0111\u00f3ng tr\u00ecnh duy\u1ec7t. N\u1ebfu cookie b\u1ecb v\u00f4 hi\u1ec7u h\u00f3a, ch\u1ee9c n\u0103ng c\u1ee7a trang web n\u00e0y c\u00f3 th\u1ec3 b\u1ecb h\u1ea1n ch\u1ebf.<\/p>\n\n\n\n<p>C\u00e1c cookie c\u1ea7n thi\u1ebft \u0111\u1ec3 th\u1ef1c hi\u1ec7n quy tr\u00ecnh li\u00ean l\u1ea1c \u0111i\u1ec7n t\u1eed ho\u1eb7c cung c\u1ea5p m\u1ed9t s\u1ed1 ch\u1ee9c n\u0103ng nh\u1ea5t \u0111\u1ecbnh m\u00e0 b\u1ea1n y\u00eau c\u1ea7u (v\u00ed d\u1ee5: ch\u1ee9c n\u0103ng gi\u1ecf h\u00e0ng) \u0111\u01b0\u1ee3c l\u01b0u tr\u1eef theo \u0110i\u1ec1u 6 GDPR. 6 (1) (f) GDPR. Nh\u00e0 \u0111i\u1ec1u h\u00e0nh trang web c\u00f3 l\u1ee3i \u00edch h\u1ee3p ph\u00e1p trong vi\u1ec7c l\u01b0u tr\u1eef cookie \u0111\u1ec3 \u0111\u1ea3m b\u1ea3o cung c\u1ea5p d\u1ecbch v\u1ee5 kh\u00f4ng c\u00f3 l\u1ed7i k\u1ef9 thu\u1eadt v\u00e0 \u0111\u01b0\u1ee3c t\u1ed1i \u01b0u h\u00f3a. N\u1ebfu c\u00e1c cookie kh\u00e1c (v\u00ed d\u1ee5: cookie \u0111\u1ec3 ph\u00e2n t\u00edch h\u00e0nh vi l\u01b0\u1edbt web c\u1ee7a b\u1ea1n) \u0111\u01b0\u1ee3c l\u01b0u tr\u1eef, ch\u00fang s\u1ebd \u0111\u01b0\u1ee3c x\u1eed l\u00fd ri\u00eang trong ch\u00ednh s\u00e1ch b\u1ea3o m\u1eadt n\u00e0y.<\/p>\n\n\n\n<p><strong>T\u1ec7p nh\u1eadt k\u00fd m\u00e1y ch\u1ee7<\/strong><\/p>\n\n\n\n<p>Nh\u00e0 cung c\u1ea5p c\u00e1c trang s\u1ebd t\u1ef1 \u0111\u1ed9ng thu th\u1eadp v\u00e0 l\u01b0u tr\u1eef th\u00f4ng tin trong c\u00e1c t\u1ec7p nh\u1eadt k\u00fd m\u00e1y ch\u1ee7 m\u00e0 tr\u00ecnh duy\u1ec7t c\u1ee7a b\u1ea1n s\u1ebd t\u1ef1 \u0111\u1ed9ng truy\u1ec1n cho ch\u00fang t\u00f4i. \u0110\u00f3 l\u00e0:<\/p>\n\n\n\n<p>&nbsp;&nbsp;&nbsp; Lo\u1ea1i v\u00e0 phi\u00ean b\u1ea3n tr\u00ecnh duy\u1ec7t<\/p>\n\n\n\n<p>&nbsp;&nbsp;&nbsp; h\u1ec7 \u0111i\u1ec1u h\u00e0nh \u0111\u01b0\u1ee3c s\u1eed d\u1ee5ng<\/p>\n\n\n\n<p>&nbsp;&nbsp;&nbsp; URL gi\u1edbi thi\u1ec7u<\/p>\n\n\n\n<p>&nbsp;&nbsp;&nbsp; T\u00ean m\u00e1y ch\u1ee7 c\u1ee7a m\u00e1y t\u00ednh truy c\u1eadp<\/p>\n\n\n\n<p>&nbsp;&nbsp;&nbsp; Th\u1eddi gian y\u00eau c\u1ea7u m\u00e1y ch\u1ee7<\/p>\n\n\n\n<p>&nbsp;&nbsp;&nbsp; \u0110\u1ecba ch\u1ec9 IP<\/p>\n\n\n\n<p>D\u1eef li\u1ec7u n\u00e0y s\u1ebd kh\u00f4ng \u0111\u01b0\u1ee3c h\u1ee3p nh\u1ea5t v\u1edbi c\u00e1c ngu\u1ed3n d\u1eef li\u1ec7u kh\u00e1c.<\/p>\n\n\n\n<p>C\u01a1 s\u1edf \u0111\u1ec3 x\u1eed l\u00fd d\u1eef li\u1ec7u l\u00e0 \u0110i\u1ec1u 6. 6 (1) (f) GDPR, cho ph\u00e9p x\u1eed l\u00fd d\u1eef li\u1ec7u \u0111\u1ec3 th\u1ef1c hi\u1ec7n h\u1ee3p \u0111\u1ed3ng ho\u1eb7c cho c\u00e1c bi\u1ec7n ph\u00e1p tr\u01b0\u1edbc h\u1ee3p \u0111\u1ed3ng.<\/p>\n\n\n\n<p><strong>5. Plugin v\u00e0 c\u00f4ng c\u1ee5<\/strong><\/p>\n\n\n\n<p><strong>Ph\u00f4ng ch\u1eef web c\u1ee7a Google<\/strong><\/p>\n\n\n\n<p>Trang web n\u00e0y s\u1eed d\u1ee5ng ph\u00f4ng ch\u1eef web do Google cung c\u1ea5p \u0111\u1ec3 hi\u1ec3n th\u1ecb ph\u00f4ng ch\u1eef th\u1ed1ng nh\u1ea5t. Khi b\u1ea1n truy c\u1eadp m\u1ed9t trang web, tr\u00ecnh duy\u1ec7t c\u1ee7a b\u1ea1n s\u1ebd t\u1ea3i c\u00e1c ph\u00f4ng ch\u1eef web c\u1ea7n thi\u1ebft v\u00e0o b\u1ed9 nh\u1edb \u0111\u1ec7m c\u1ee7a tr\u00ecnh duy\u1ec7t \u0111\u1ec3 hi\u1ec3n th\u1ecb v\u0103n b\u1ea3n v\u00e0 ph\u00f4ng ch\u1eef ch\u00ednh x\u00e1c.<\/p>\n\n\n\n<p>\u0110\u1ec3 th\u1ef1c hi\u1ec7n \u0111\u01b0\u1ee3c \u0111i\u1ec1u n\u00e0y, tr\u00ecnh duy\u1ec7t b\u1ea1n s\u1eed d\u1ee5ng ph\u1ea3i k\u1ebft n\u1ed1i v\u1edbi m\u00e1y ch\u1ee7 c\u1ee7a Google. \u0110i\u1ec1u n\u00e0y cho ph\u00e9p Google bi\u1ebft r\u1eb1ng trang web c\u1ee7a ch\u00fang t\u00f4i \u0111\u01b0\u1ee3c truy c\u1eadp th\u00f4ng qua \u0111\u1ecba ch\u1ec9 IP c\u1ee7a b\u1ea1n. Ch\u00fang t\u00f4i s\u1eed d\u1ee5ng Google Web Fonts \u0111\u1ec3 c\u00f3 \u0111\u01b0\u1ee3c s\u1ef1 tr\u00ecnh b\u00e0y th\u1ed1ng nh\u1ea5t v\u00e0 h\u1ea5p d\u1eabn cho c\u00e1c d\u1ecbch v\u1ee5 tr\u1ef1c tuy\u1ebfn c\u1ee7a m\u00ecnh. \u0110i\u1ec1u n\u00e0y th\u1ec3 hi\u1ec7n l\u1ee3i \u00edch h\u1ee3p ph\u00e1p theo ngh\u0129a c\u1ee7a \u0110i\u1ec1u 11. 6 (1) (f) GDPR.<\/p>\n\n\n\n<p>N\u1ebfu tr\u00ecnh duy\u1ec7t c\u1ee7a b\u1ea1n kh\u00f4ng h\u1ed7 tr\u1ee3 ph\u00f4ng ch\u1eef web, ph\u00f4ng ch\u1eef chu\u1ea9n tr\u00ean m\u00e1y t\u00ednh c\u1ee7a b\u1ea1n s\u1ebd \u0111\u01b0\u1ee3c s\u1eed d\u1ee5ng.<\/p>\n\n\n\n<p>\u0110\u1ec3 bi\u1ebft th\u00eam th\u00f4ng tin v\u1ec1 Google Web Fonts, h\u00e3y xem <a href=\"https:\/\/developers.google.com\/fonts\/faq\" target=\"_blank\" rel=\"noreferrer noopener\">https:\/\/developers.google.com\/fonts\/faq<\/a>  v\u00e0 trong ch\u00ednh s\u00e1ch b\u1ea3o m\u1eadt c\u1ee7a Google:\u00a0<a href=\"https:\/\/www.google.com\/policies\/privacy\/\" target=\"_blank\" rel=\"noreferrer noopener\">https:\/\/www.google.com\/policies\/privacy\/<\/a>.<\/p>\n<div class=\"gsp_post_data\" \r\n\t            data-post_type=\"page\" \r\n\t            data-cat=\"\" \r\n\t            data-modified=\"120\"\r\n\t            data-created=\"1710164700\"\r\n\t            data-title=\"Datenschutzerkl\u00e4rung\" \r\n\t            data-home=\"https:\/\/info-to-go.binational-leipzig.de\/vi\"><\/div>","protected":false},"excerpt":{"rendered":"<p>1. Datenschutz auf einen Blick Allgemeine Hinweise Die folgenden Hinweise geben einen einfachen \u00dcberblick dar\u00fcber, was mit Ihren personenbezogenen Daten passiert, wenn Sie unsere Website besuchen. Personenbezogene Daten sind alle Daten, mit denen Sie pers\u00f6nlich identifiziert werden k\u00f6nnen. Ausf\u00fchrliche Informationen zum Thema Datenschutz entnehmen Sie unserer unter diesem Text aufgef\u00fchrten Datenschutzerkl\u00e4rung. Datenerfassung auf unserer Website [&hellip;]<\/p>\n","protected":false},"author":1,"featured_media":0,"parent":0,"menu_order":0,"comment_status":"closed","ping_status":"open","template":"","meta":{"footnotes":""},"categories":[],"tags":[],"class_list":["post-3","page","type-page","status-publish","hentry"],"_links":{"self":[{"href":"https:\/\/info-to-go.binational-leipzig.de\/vi\/wp-json\/wp\/v2\/pages\/3","targetHints":{"allow":["GET"]}}],"collection":[{"href":"https:\/\/info-to-go.binational-leipzig.de\/vi\/wp-json\/wp\/v2\/pages"}],"about":[{"href":"https:\/\/info-to-go.binational-leipzig.de\/vi\/wp-json\/wp\/v2\/types\/page"}],"author":[{"embeddable":true,"href":"https:\/\/info-to-go.binational-leipzig.de\/vi\/wp-json\/wp\/v2\/users\/1"}],"replies":[{"embeddable":true,"href":"https:\/\/info-to-go.binational-leipzig.de\/vi\/wp-json\/wp\/v2\/comments?post=3"}],"version-history":[{"count":1,"href":"https:\/\/info-to-go.binational-leipzig.de\/vi\/wp-json\/wp\/v2\/pages\/3\/revisions"}],"predecessor-version":[{"id":447,"href":"https:\/\/info-to-go.binational-leipzig.de\/vi\/wp-json\/wp\/v2\/pages\/3\/revisions\/447"}],"wp:attachment":[{"href":"https:\/\/info-to-go.binational-leipzig.de\/vi\/wp-json\/wp\/v2\/media?parent=3"}],"wp:term":[{"taxonomy":"category","embeddable":true,"href":"https:\/\/info-to-go.binational-leipzig.de\/vi\/wp-json\/wp\/v2\/categories?post=3"},{"taxonomy":"post_tag","embeddable":true,"href":"https:\/\/info-to-go.binational-leipzig.de\/vi\/wp-json\/wp\/v2\/tags?post=3"}],"curies":[{"name":"trang web","href":"https:\/\/api.w.org\/{rel}","templated":true}]}}