{"id":33,"date":"2023-07-09T23:06:42","date_gmt":"2023-07-09T21:06:42","guid":{"rendered":"https:\/\/sprijin.binational-leipzig.de\/?page_id=33"},"modified":"2025-11-22T13:14:33","modified_gmt":"2025-11-22T12:14:33","slug":"geld-und-finanzen","status":"publish","type":"page","link":"https:\/\/info-to-go.binational-leipzig.de\/vi\/start\/wirtschaft\/geld-und-finanzen\/","title":{"rendered":"Ti\u1ec1n b\u1ea1c v\u00e0 T\u00e0i ch\u00ednh"},"content":{"rendered":"<div class=\"wp-block-esab-accordion accordion-756f9975\" data-mode=\"global\"><div class=\"esab__container\">\n<div class=\"wp-block-esab-accordion-child\"><div class=\"esab__head\" role=\"button\" aria-expanded=\"false\"><div class=\"esab__heading_txt\"><p class=\"esab__heading_tag\">T\u00f4i c\u00f3 th\u1ec3 m\u1edf t\u00e0i kho\u1ea3n ng\u00e2n h\u00e0ng nh\u01b0 th\u1ebf n\u00e0o?\u00a0<\/p><\/div><div class=\"esab__icon\"><div class=\"esab__collapse\"> <svg version=\"1.2\" viewbox=\"0 0 24 24\" width=\"24\" height=\"24\"><path fill-rule=\"evenodd\" d=\"m3.5 20.5c-4.7-4.7-4.7-12.3 0-17 4.7-4.7 12.3-4.7 17 0 4.6 4.7 4.6 12.3 0 17-4.7 4.6-12.3 4.6-17 0zm0.9-0.9c4.2 4.2 11 4.2 15.2 0 4.2-4.2 4.2-11 0-15.2-4.2-4.3-11-4.3-15.2 0-4.3 4.2-4.3 11 0 15.2z\"><\/path><path d=\"m11.4 15.9v-3.3h-3.3c-0.3 0-0.6-0.3-0.6-0.6 0-0.4 0.3-0.6 0.6-0.6h3.3v-3.3c0-0.3 0.3-0.6 0.6-0.6 0.3 0 0.6 0.3 0.6 0.6v3.3h3.3c0.3 0 0.6 0.2 0.6 0.6q0 0.2-0.2 0.4-0.2 0.2-0.4 0.2h-3.3v3.3q0 0.2-0.2 0.4-0.2 0.2-0.4 0.2c-0.4 0-0.6-0.3-0.6-0.6z\"><\/path><\/svg> <\/div><div class=\"esab__expand\"> <svg version=\"1.2\" viewbox=\"0 0 24 24\" width=\"24\" height=\"24\"><path fill-rule=\"evenodd\" d=\"m12 24c-6.6 0-12-5.4-12-12 0-6.6 5.4-12 12-12 6.6 0 12 5.4 12 12 0 6.6-5.4 12-12 12zm10.6-12c0-5.9-4.7-10.6-10.6-10.6-5.9 0-10.6 4.7-10.6 10.6 0 5.9 4.7 10.6 10.6 10.6 5.9 0 10.6-4.7 10.6-10.6z\"><\/path><path d=\"m5.6 11.3h12.8v1.4h-12.8z\"><\/path><\/svg> <\/div><\/div><\/div><div class=\"esab__body\">\n<p>B\u1ea5t k\u1ef3 ai \u1edf \u0110\u1ee9c c\u00f3 th\u1ebb c\u0103n c\u01b0\u1edbc v\u00e0 \u0111\u1ecba ch\u1ec9 \u0111\u1ec1u c\u00f3 th\u1ec3 m\u1edf t\u00e0i kho\u1ea3n ng\u00e2n h\u00e0ng. <\/p>\n\n\n\n<p>B\u1ea1n ph\u1ea3i <strong>kh\u00f4ng <\/strong>c\u00f3 c\u0103n h\u1ed9 ho\u1eb7c gi\u1ea5y \u0111\u0103ng k\u00fd\/x\u00e1c nh\u1eadn \u0111\u0103ng k\u00fd.<br>Man muss ch\u1ec9 c\u00f3 m\u1ed9t ID v\u00e0 m\u1ed9t \u0111\u1ecba ch\u1ec9.<br>\u0110\u1ecba ch\u1ec9 c\u1ee7a b\u1ea1n b\u00e8 ho\u1eb7c trung t\u00e2m t\u01b0 v\u1ea5n c\u0169ng \u0111\u01b0\u1ee3c.<br>\u0110\u00f4i khi ng\u00e2n h\u00e0ng n\u00f3i r\u1eb1ng kh\u00f4ng th\u1ec3 th\u1ef1c hi\u1ec7n giao d\u1ecbch n\u1ebfu kh\u00f4ng \u0111\u0103ng k\u00fd.<br>B\u1ea1n c\u00f3 th\u1ec3 n\u00f3i v\u1edbi ng\u00e2n h\u00e0ng <a href=\"https:\/\/www.bafin.de\/DE\/Verbraucher\/Bank\/Produkte\/Basiskonto\/basiskonto_artikel.html\" target=\"_blank\" rel=\"noopener\">c\u00e1i n\u00e0y <\/a>T\u00e0i li\u1ec7u n\u00e0y cung c\u1ea5p th\u00f4ng tin v\u00e0 gi\u1ea3i th\u00edch nh\u1eefng g\u00ec b\u1ea1n c\u1ea7n \u0111\u1ec3 m\u1edf t\u00e0i kho\u1ea3n ng\u00e2n h\u00e0ng.<\/p>\n\n\n\n<p>N\u1ebfu b\u1ea1n kh\u00f4ng th\u1ec3 tr\u1ef1c ti\u1ebfp \u0111\u1ebfn ng\u00e2n h\u00e0ng, b\u1ea1n c\u00f3 th\u1ec3 n\u1ed9p \u0111\u01a1n xin m\u1edf t\u00e0i kho\u1ea3n b\u1eb1ng v\u0103n b\u1ea3n.<br>V\u1edbi \u0111i\u1ec1u n\u00e0y <a href=\"https:\/\/www.bafin.de\/SharedDocs\/Downloads\/DE\/Formular\/dl_fo_basiskonto_antrag_abschluss.pdf?__blob=publicationFile&amp;v=3\" target=\"_blank\" rel=\"noopener\">H\u00ecnh th\u1ee9c <\/a>l\u00e0m \u0111i\u1ec1u \u0111\u00f3.<br>N\u1ebfu ng\u00e2n h\u00e0ng v\u1eabn t\u1eeb ch\u1ed1i m\u1edf t\u00e0i kho\u1ea3n, b\u1ea1n c\u00f3 th\u1ec3 li\u00ean h\u1ec7 v\u1edbi c\u01a1 quan &#039;BaFin&#039; (C\u01a1 quan Gi\u00e1m s\u00e1t T\u00e0i ch\u00ednh Li\u00ean bang).<br>BaFin \u0111\u1ea3m b\u1ea3o t\u1ea5t c\u1ea3 c\u00e1c ng\u00e2n h\u00e0ng \u1edf \u0110\u1ee9c \u0111\u1ec1u ho\u1ea1t \u0111\u1ed9ng ch\u00ednh x\u00e1c.<br><a href=\"https:\/\/web.basp.bafin.de\/lip\/form\/display.do?%24context=32BE57B25CB25A31FC9B\" target=\"_blank\" rel=\"noopener\">\u0110\u00e2y <\/a>b\u1ea1n c\u00f3 th\u1ec3 li\u00ean h\u1ec7 v\u1edbi BaFin.&nbsp;<\/p>\n<\/div><\/div>\n\n\n\n<div class=\"wp-block-esab-accordion-child\"><div class=\"esab__head\" role=\"button\" aria-expanded=\"false\"><div class=\"esab__heading_txt\"><p class=\"esab__heading_tag\">T\u00f4i n\u00ean m\u1edf t\u00e0i kho\u1ea3n \u1edf ng\u00e2n h\u00e0ng n\u00e0o?<\/p><\/div><div class=\"esab__icon\"><div class=\"esab__collapse\"> <svg version=\"1.2\" viewbox=\"0 0 24 24\" width=\"24\" height=\"24\"><path fill-rule=\"evenodd\" d=\"m3.5 20.5c-4.7-4.7-4.7-12.3 0-17 4.7-4.7 12.3-4.7 17 0 4.6 4.7 4.6 12.3 0 17-4.7 4.6-12.3 4.6-17 0zm0.9-0.9c4.2 4.2 11 4.2 15.2 0 4.2-4.2 4.2-11 0-15.2-4.2-4.3-11-4.3-15.2 0-4.3 4.2-4.3 11 0 15.2z\"><\/path><path d=\"m11.4 15.9v-3.3h-3.3c-0.3 0-0.6-0.3-0.6-0.6 0-0.4 0.3-0.6 0.6-0.6h3.3v-3.3c0-0.3 0.3-0.6 0.6-0.6 0.3 0 0.6 0.3 0.6 0.6v3.3h3.3c0.3 0 0.6 0.2 0.6 0.6q0 0.2-0.2 0.4-0.2 0.2-0.4 0.2h-3.3v3.3q0 0.2-0.2 0.4-0.2 0.2-0.4 0.2c-0.4 0-0.6-0.3-0.6-0.6z\"><\/path><\/svg> <\/div><div class=\"esab__expand\"> <svg version=\"1.2\" viewbox=\"0 0 24 24\" width=\"24\" height=\"24\"><path fill-rule=\"evenodd\" d=\"m12 24c-6.6 0-12-5.4-12-12 0-6.6 5.4-12 12-12 6.6 0 12 5.4 12 12 0 6.6-5.4 12-12 12zm10.6-12c0-5.9-4.7-10.6-10.6-10.6-5.9 0-10.6 4.7-10.6 10.6 0 5.9 4.7 10.6 10.6 10.6 5.9 0 10.6-4.7 10.6-10.6z\"><\/path><path d=\"m5.6 11.3h12.8v1.4h-12.8z\"><\/path><\/svg> <\/div><\/div><\/div><div class=\"esab__body\">\n<p>C\u00f3 r\u1ea5t nhi\u1ec1u ng\u00e2n h\u00e0ng kh\u00e1c nhau \u1edf \u0110\u1ee9c.<br>M\u1ed9t s\u1ed1 n\u01a1i c\u00f3 chi nh\u00e1nh m\u00e0 b\u1ea1n c\u00f3 th\u1ec3 \u0111\u1ebfn.<br>M\u1ed9t s\u1ed1 ch\u1ec9 c\u00f3 tr\u1ef1c tuy\u1ebfn.<br>B\u1ea1n ph\u1ea3i xem ng\u00e2n h\u00e0ng n\u00e0o ph\u00f9 h\u1ee3p nh\u1ea5t v\u1edbi m\u00ecnh.<br>C\u00f3 m\u1ed9t s\u1ed1 lo\u1ea1i ph\u00ed th\u00f4ng th\u01b0\u1eddng khi m\u1edf t\u00e0i kho\u1ea3n ng\u00e2n h\u00e0ng.<br><a href=\"https:\/\/www.verbraucherzentrale.de\/wissen\/geld-versicherungen\/sparen-und-anlegen\/bankgebuehren-nicht-alle-gebuehren-beim-girokonto-sind-zulaessig-5185\" target=\"_blank\" rel=\"noopener\">\u0110\u00e2y <\/a>b\u1ea1n c\u00f3 th\u1ec3 xem lo\u1ea1i ph\u00ed n\u00e0o \u0111\u01b0\u1ee3c ph\u00e9p v\u00e0 lo\u1ea1i ph\u00ed n\u00e0o kh\u00f4ng.&nbsp;<\/p>\n\n\n\n<p><\/p>\n\n\n\n<p>N\u1ebfu b\u1ea1n c\u00f3 t\u00e0i kho\u1ea3n ng\u00e2n h\u00e0ng, b\u1ea1n s\u1ebd nh\u1eadn \u0111\u01b0\u1ee3c sao k\u00ea ng\u00e2n h\u00e0ng th\u01b0\u1eddng xuy\u00ean.<br>H\u1ea7u h\u1ebft th\u1eddi gian b\u1ea1n s\u1ebd nh\u1eadn \u0111\u01b0\u1ee3c sao k\u00ea ng\u00e2n h\u00e0ng trong m\u1ed9t th\u00e1ng.<br>Sao k\u00ea ng\u00e2n h\u00e0ng ch\u1ee9a t\u1ea5t c\u1ea3 th\u00f4ng tin v\u1ec1 s\u1ed1 ti\u1ec1n thu v\u00e0o v\u00e0 chi ra.<br>V\u00ed d\u1ee5: khi c\u00f3 ti\u1ec1n t\u1eeb c\u00f4ng vi\u1ec7c ho\u1eb7c khi tr\u1ea3 ti\u1ec1n thu\u00ea nh\u00e0.<br>Vi\u1ec7c gi\u1eef l\u1ea1i sao k\u00ea ng\u00e2n h\u00e0ng n\u00e0y r\u1ea5t quan tr\u1ecdng.<br>Th\u00f4ng th\u01b0\u1eddng, b\u1ea1n ph\u1ea3i ch\u1ee9ng minh r\u1eb1ng b\u1ea1n \u0111\u00e3 tr\u1ea3 m\u1ed9t kho\u1ea3n ti\u1ec1n c\u1ee5 th\u1ec3 ho\u1eb7c \u0111\u00e3 ki\u1ebfm \u0111\u01b0\u1ee3c bao nhi\u00eau ti\u1ec1n.<br>N\u1ebfu b\u1ea1n l\u00e0m m\u1ea5t sao k\u00ea ng\u00e2n h\u00e0ng, ng\u00e2n h\u00e0ng c\u00f3 th\u1ec3 cung c\u1ea5p m\u1ed9t b\u1ea3n sao.<br>Man muss nh\u01b0ng ph\u1ea3i tr\u1ea3 m\u1ed9t s\u1ed1 ti\u1ec1n kh\u00e1 l\u1edbn. V\u00ed d\u1ee5, 5 euro cho m\u1ed7i sao k\u00ea ng\u00e2n h\u00e0ng.<br>S\u1ebd d\u1ec5 h\u01a1n n\u1ebfu b\u1ea1n s\u1eed d\u1ee5ng ng\u00e2n h\u00e0ng tr\u1ef1c tuy\u1ebfn.<br>Khi \u0111\u00f3, b\u1ea1n s\u1ebd lu\u00f4n c\u00f3 sao k\u00ea ng\u00e2n h\u00e0ng m\u1ed9t c\u00e1ch an to\u00e0n trong h\u1ed9p th\u01b0 tr\u1ef1c tuy\u1ebfn v\u00e0 kh\u00f4ng ph\u1ea3i tr\u1ea3 b\u1ea5t k\u1ef3 kho\u1ea3n ph\u00ed n\u00e0o n\u1eefa.&nbsp;<\/p>\n\n\n\n<p><\/p>\n\n\n\n<p>N\u1ebfu b\u1ea1n thanh to\u00e1n b\u1eb1ng t\u00e0i kho\u1ea3n ng\u00e2n h\u00e0ng, b\u1ea1n c\u00f3 th\u1ec3 thanh to\u00e1n b\u1eb1ng chuy\u1ec3n kho\u1ea3n ho\u1eb7c ghi n\u1ee3 tr\u1ef1c ti\u1ebfp.<br>Chuy\u1ec3n kho\u1ea3n: B\u1ea1n g\u1eedi ti\u1ec1n t\u1eeb t\u00e0i kho\u1ea3n c\u1ee7a m\u00ecnh sang t\u00e0i kho\u1ea3n kh\u00e1c. V\u00ed d\u1ee5, ti\u1ec1n thu\u00ea nh\u00e0 tr\u1ea3 cho ch\u1ee7 nh\u00e0.<br>Tr\u1ea3 ti\u1ec1n tr\u1ef1c ti\u1ebfp: M\u1ed9t c\u00f4ng ty s\u1ebd t\u1ef1 \u0111\u1ed9ng tr\u1eeb ti\u1ec1n t\u1eeb t\u00e0i kho\u1ea3n c\u1ee7a b\u1ea1n h\u00e0ng th\u00e1ng. V\u00ed d\u1ee5, ti\u1ec1n \u0111i\u1ec7n trong c\u0103n h\u1ed9 c\u1ee7a b\u1ea1n \u0111\u01b0\u1ee3c l\u1ea5y tr\u1ef1c ti\u1ebfp t\u1eeb nh\u00e0 cung c\u1ea5p \u0111i\u1ec7n.<br>Khi chuy\u1ec3n ti\u1ec1n, b\u1ea1n c\u00f3 th\u1ec3 n\u00eau r\u00f5 &#039;m\u1ee5c \u0111\u00edch&#039;.<br>M\u1ee5c \u0111\u00edch d\u1ef1 \u0111\u1ecbnh l\u00e0 l\u00fd do t\u1ea1i sao b\u1ea1n chuy\u1ec3n ti\u1ec1n.<br>V\u00ed d\u1ee5: &#039;Cho thu\u00ea th\u00e1ng 8 n\u0103m 2024&#039;.<br>M\u1ed9t s\u1ed1 ng\u01b0\u1eddi c\u0169ng s\u1eed d\u1ee5ng th\u1ebb t\u00edn d\u1ee5ng \u0111\u1ec3 thanh to\u00e1n.&nbsp;<br>Tuy nhi\u00ean, th\u1ebb t\u00edn d\u1ee5ng c\u00f3 th\u1ec3 ph\u1ea3i ch\u1ecbu nhi\u1ec1u lo\u1ea1i ph\u00ed v\u00e0 l\u00e3i su\u1ea5t cao.<br>Cu\u1ed1i c\u00f9ng, b\u1ea1n s\u1ebd ph\u1ea3i tr\u1ea3 nhi\u1ec1u h\u01a1n so v\u1edbi khi s\u1eed d\u1ee5ng t\u00e0i kho\u1ea3n ng\u00e2n h\u00e0ng th\u00f4ng th\u01b0\u1eddng.&nbsp;<\/p>\n<\/div><\/div>\n\n\n\n<div class=\"wp-block-esab-accordion-child\"><div class=\"esab__head\" role=\"button\" aria-expanded=\"false\"><div class=\"esab__heading_txt\"><p class=\"esab__heading_tag\">T\u00f4i c\u00f3 c\u1ea7n ph\u1ea3i k\u00fd h\u1ee3p \u0111\u1ed3ng cho \u0111i\u1ec7n tho\u1ea1i di \u0111\u1ed9ng ho\u1eb7c internet kh\u00f4ng?\u00a0<\/p><\/div><div class=\"esab__icon\"><div class=\"esab__collapse\"> <svg version=\"1.2\" viewbox=\"0 0 24 24\" width=\"24\" height=\"24\"><path fill-rule=\"evenodd\" d=\"m3.5 20.5c-4.7-4.7-4.7-12.3 0-17 4.7-4.7 12.3-4.7 17 0 4.6 4.7 4.6 12.3 0 17-4.7 4.6-12.3 4.6-17 0zm0.9-0.9c4.2 4.2 11 4.2 15.2 0 4.2-4.2 4.2-11 0-15.2-4.2-4.3-11-4.3-15.2 0-4.3 4.2-4.3 11 0 15.2z\"><\/path><path d=\"m11.4 15.9v-3.3h-3.3c-0.3 0-0.6-0.3-0.6-0.6 0-0.4 0.3-0.6 0.6-0.6h3.3v-3.3c0-0.3 0.3-0.6 0.6-0.6 0.3 0 0.6 0.3 0.6 0.6v3.3h3.3c0.3 0 0.6 0.2 0.6 0.6q0 0.2-0.2 0.4-0.2 0.2-0.4 0.2h-3.3v3.3q0 0.2-0.2 0.4-0.2 0.2-0.4 0.2c-0.4 0-0.6-0.3-0.6-0.6z\"><\/path><\/svg> <\/div><div class=\"esab__expand\"> <svg version=\"1.2\" viewbox=\"0 0 24 24\" width=\"24\" height=\"24\"><path fill-rule=\"evenodd\" d=\"m12 24c-6.6 0-12-5.4-12-12 0-6.6 5.4-12 12-12 6.6 0 12 5.4 12 12 0 6.6-5.4 12-12 12zm10.6-12c0-5.9-4.7-10.6-10.6-10.6-5.9 0-10.6 4.7-10.6 10.6 0 5.9 4.7 10.6 10.6 10.6 5.9 0 10.6-4.7 10.6-10.6z\"><\/path><path d=\"m5.6 11.3h12.8v1.4h-12.8z\"><\/path><\/svg> <\/div><\/div><\/div><div class=\"esab__body\">\n<p>T\u00f4i c\u00f3 c\u1ea7n ph\u1ea3i k\u00fd h\u1ee3p \u0111\u1ed3ng cho \u0111i\u1ec7n tho\u1ea1i di \u0111\u1ed9ng ho\u1eb7c internet kh\u00f4ng?<br>B\u1ea1n kh\u00f4ng nh\u1ea5t thi\u1ebft ph\u1ea3i k\u00fd h\u1ee3p \u0111\u1ed3ng \u0111i\u1ec7n tho\u1ea1i di \u0111\u1ed9ng.<br>Ngo\u00e0i ra c\u00f2n c\u00f3 th\u1ebb SIM tr\u1ea3 tr\u01b0\u1edbc.&nbsp;<br>Sau \u0111\u00f3, b\u1ea1n c\u00f3 th\u1ec3 s\u1ea1c \u0111i\u1ec7n tho\u1ea1i b\u1ea5t c\u1ee9 l\u00fac n\u00e0o.&nbsp;<\/p>\n\n\n\n<p><\/p>\n\n\n\n<p>B\u1ea1n c\u00f3 th\u1ec3 k\u00fd h\u1ee3p \u0111\u1ed3ng v\u1edbi nhi\u1ec1u c\u00f4ng ty kh\u00e1c nhau \u1edf \u0110\u1ee9c.<br>V\u00ed d\u1ee5 nh\u01b0 \u0111i\u1ec7n tho\u1ea1i di \u0111\u1ed9ng, internet, \u0111i\u1ec7n, b\u1ea3o hi\u1ec3m.<br>B\u1ea1n n\u00ean lu\u00f4n suy ngh\u0129 c\u1ea9n th\u1eadn v\u1ec1 nh\u1eefng h\u1ee3p \u0111\u1ed3ng m\u00e0 b\u1ea1n s\u1ebd k\u00fd k\u1ebft.<\/p>\n\n\n\n<p>Tr\u00ean h\u1ebft:&nbsp;&nbsp;<\/p>\n\n\n\n<ul class=\"wp-block-list\">\n<li>H\u1ee3p \u0111\u1ed3ng c\u00f3 th\u1eddi h\u1ea1n bao l\u00e2u?&nbsp;&nbsp;<\/li>\n\n\n\n<li>T\u00f4i ph\u1ea3i tr\u1ea3 bao nhi\u00eau m\u1ed7i th\u00e1ng?&nbsp;<\/li>\n\n\n\n<li>Khi n\u00e0o v\u00e0 b\u1eb1ng c\u00e1ch n\u00e0o t\u00f4i c\u00f3 th\u1ec3 ch\u1ea5m d\u1ee9t h\u1ee3p \u0111\u1ed3ng?&nbsp;<\/li>\n<\/ul>\n\n\n\n<p>M\u1ecdi ng\u01b0\u1eddi th\u01b0\u1eddng k\u00fd h\u1ee3p \u0111\u1ed3ng r\u1ea5t nhanh ch\u00f3ng. L\u00fac \u0111\u1ea7u c\u00f3 th\u1ec3 gi\u00e1 r\u1ea5t r\u1ebb. Nh\u01b0ng sau m\u1ed9t th\u1eddi gian, gi\u00e1 s\u1ebd \u0111\u1eaft h\u01a1n.<br>B\u1ea1n c\u00f3 th\u1ec3 truy c\u1eadp c\u00e1c trang web nh\u01b0 \u201c<a href=\"https:\/\/www.check24.de\/\" target=\"_blank\" rel=\"noopener\">KI\u1ec2M TRA24<\/a>\u201c \u0111\u1ec3 so s\u00e1nh c\u00e1c \u01b0u \u0111\u00e3i.&nbsp;<\/p>\n<\/div><\/div>\n\n\n\n<div class=\"wp-block-esab-accordion-child\"><div class=\"esab__head\" role=\"button\" aria-expanded=\"false\"><div class=\"esab__heading_txt\"><p class=\"esab__heading_tag\">T\u00f4i c\u00f3 ph\u1ea3i tr\u1ea3 ph\u00ed ph\u00e1t s\u00f3ng kh\u00f4ng?\u00a0<\/p><\/div><div class=\"esab__icon\"><div class=\"esab__collapse\"> <svg version=\"1.2\" viewbox=\"0 0 24 24\" width=\"24\" height=\"24\"><path fill-rule=\"evenodd\" d=\"m3.5 20.5c-4.7-4.7-4.7-12.3 0-17 4.7-4.7 12.3-4.7 17 0 4.6 4.7 4.6 12.3 0 17-4.7 4.6-12.3 4.6-17 0zm0.9-0.9c4.2 4.2 11 4.2 15.2 0 4.2-4.2 4.2-11 0-15.2-4.2-4.3-11-4.3-15.2 0-4.3 4.2-4.3 11 0 15.2z\"><\/path><path d=\"m11.4 15.9v-3.3h-3.3c-0.3 0-0.6-0.3-0.6-0.6 0-0.4 0.3-0.6 0.6-0.6h3.3v-3.3c0-0.3 0.3-0.6 0.6-0.6 0.3 0 0.6 0.3 0.6 0.6v3.3h3.3c0.3 0 0.6 0.2 0.6 0.6q0 0.2-0.2 0.4-0.2 0.2-0.4 0.2h-3.3v3.3q0 0.2-0.2 0.4-0.2 0.2-0.4 0.2c-0.4 0-0.6-0.3-0.6-0.6z\"><\/path><\/svg> <\/div><div class=\"esab__expand\"> <svg version=\"1.2\" viewbox=\"0 0 24 24\" width=\"24\" height=\"24\"><path fill-rule=\"evenodd\" d=\"m12 24c-6.6 0-12-5.4-12-12 0-6.6 5.4-12 12-12 6.6 0 12 5.4 12 12 0 6.6-5.4 12-12 12zm10.6-12c0-5.9-4.7-10.6-10.6-10.6-5.9 0-10.6 4.7-10.6 10.6 0 5.9 4.7 10.6 10.6 10.6 5.9 0 10.6-4.7 10.6-10.6z\"><\/path><path d=\"m5.6 11.3h12.8v1.4h-12.8z\"><\/path><\/svg> <\/div><\/div><\/div><div class=\"esab__body\">\n<p>\u1ede \u0110\u1ee9c, c\u00f3 thu ph\u00ed ph\u00e1t s\u00f3ng truy\u1ec1n h\u00ecnh v\u00e0 ph\u00e1t thanh.<br>S\u1ed1 ti\u1ec1n n\u00e0y \u0111\u01b0\u1ee3c d\u00f9ng \u0111\u1ec3 t\u00e0i tr\u1ee3 cho c\u00e1c \u0111\u00e0i truy\u1ec1n h\u00ecnh ARD, ZDF v\u00e0 Deutschlandradio.<br>H\u1ecd l\u00e0 \u0111\u00e0i truy\u1ec1n h\u00ecnh c\u00f4ng c\u1ed9ng v\u00e0 s\u1ea3n xu\u1ea5t th\u00f4ng tin v\u00e0 ch\u01b0\u01a1ng tr\u00ecnh cho to\u00e0n th\u1ec3 d\u00e2n ch\u00fang.<br>N\u1ebfu b\u1ea1n c\u00f3 \u0111\u1ee7 ti\u1ec1n, b\u1ea1n ph\u1ea3i \u0111\u00f3ng g\u00f3p.<br>Ngay c\u1ea3 khi b\u1ea1n kh\u00f4ng xem truy\u1ec1n h\u00ecnh \u0110\u1ee9c ho\u1eb7c nghe \u0111\u00e0i ph\u00e1t thanh \u0110\u1ee9c, b\u1ea1n v\u1eabn ph\u1ea3i tr\u1ea3 ti\u1ec1n.<br>Tuy nhi\u00ean, n\u1ebfu b\u1ea1n ki\u1ebfm \u0111\u01b0\u1ee3c \u00edt ti\u1ec1n v\u00e0 nh\u1eadn \u0111\u01b0\u1ee3c tr\u1ee3 c\u1ea5p c\u00f4ng d\u00e2n, b\u1ea1n kh\u00f4ng ph\u1ea3i tr\u1ea3 ti\u1ec1n.<br>B\u1ea1n n\u1ed9p \u0111\u01a1n xin mi\u1ec5n ph\u00ed ph\u00e1t s\u00f3ng t\u1ea1i D\u1ecbch v\u1ee5 \u0111\u00f3ng g\u00f3p <a href=\"https:\/\/www.rundfunkbeitrag.de\/buergerinnen_und_buerger\/formulare\/befreiung_oder_ermaessigung_beantragen\/index_ger.html\" target=\"_blank\" rel=\"noopener\">\u0111\u00e2y<\/a>. Video n\u00e0y gi\u1ea3i th\u00edch c\u00e1ch \u0111i\u1ec1n v\u00e0o bi\u1ec3u m\u1eabu:<\/p>\n\n\n\n<figure class=\"wp-block-embed is-type-video is-provider-youtube wp-block-embed-youtube wp-embed-aspect-16-9 wp-has-aspect-ratio\"><div class=\"wp-block-embed__wrapper\">\n<iframe loading=\"lazy\" title=\"L\u00e0m th\u1ebf n\u00e0o t\u00f4i c\u00f3 th\u1ec3 \u0111\u01b0\u1ee3c mi\u1ec5n ph\u00ed ph\u00e1t s\u00f3ng tr\u1ef1c tuy\u1ebfn?\" width=\"640\" height=\"360\" src=\"https:\/\/www.youtube.com\/embed\/Qf8Jw2Rmz9o?feature=oembed\" frameborder=\"0\" allow=\"accelerometer; autoplay; clipboard-write; encrypted-media; gyroscope; picture-in-picture; web-share\" referrerpolicy=\"strict-origin-when-cross-origin\" allowfullscreen><\/iframe>\n<\/div><\/figure>\n\n\n\n<p><\/p>\n<\/div><\/div>\n\n\n\n<div class=\"wp-block-esab-accordion-child\"><div class=\"esab__head\" role=\"button\" aria-expanded=\"false\"><div class=\"esab__heading_txt\"><p class=\"esab__heading_tag\">T\u00f4i c\u00f3 th\u1ec3 ki\u1ec3m tra c\u00e1c kho\u1ea3n ph\u00ed ng\u00e2n h\u00e0ng v\u00e0 h\u1ee3p \u0111\u1ed3ng \u1edf \u0111\u00e2u?\u00a0<\/p><\/div><div class=\"esab__icon\"><div class=\"esab__collapse\"> <svg version=\"1.2\" viewbox=\"0 0 24 24\" width=\"24\" height=\"24\"><path fill-rule=\"evenodd\" d=\"m3.5 20.5c-4.7-4.7-4.7-12.3 0-17 4.7-4.7 12.3-4.7 17 0 4.6 4.7 4.6 12.3 0 17-4.7 4.6-12.3 4.6-17 0zm0.9-0.9c4.2 4.2 11 4.2 15.2 0 4.2-4.2 4.2-11 0-15.2-4.2-4.3-11-4.3-15.2 0-4.3 4.2-4.3 11 0 15.2z\"><\/path><path d=\"m11.4 15.9v-3.3h-3.3c-0.3 0-0.6-0.3-0.6-0.6 0-0.4 0.3-0.6 0.6-0.6h3.3v-3.3c0-0.3 0.3-0.6 0.6-0.6 0.3 0 0.6 0.3 0.6 0.6v3.3h3.3c0.3 0 0.6 0.2 0.6 0.6q0 0.2-0.2 0.4-0.2 0.2-0.4 0.2h-3.3v3.3q0 0.2-0.2 0.4-0.2 0.2-0.4 0.2c-0.4 0-0.6-0.3-0.6-0.6z\"><\/path><\/svg> <\/div><div class=\"esab__expand\"> <svg version=\"1.2\" viewbox=\"0 0 24 24\" width=\"24\" height=\"24\"><path fill-rule=\"evenodd\" d=\"m12 24c-6.6 0-12-5.4-12-12 0-6.6 5.4-12 12-12 6.6 0 12 5.4 12 12 0 6.6-5.4 12-12 12zm10.6-12c0-5.9-4.7-10.6-10.6-10.6-5.9 0-10.6 4.7-10.6 10.6 0 5.9 4.7 10.6 10.6 10.6 5.9 0 10.6-4.7 10.6-10.6z\"><\/path><path d=\"m5.6 11.3h12.8v1.4h-12.8z\"><\/path><\/svg> <\/div><\/div><\/div><div class=\"esab__body\">\n<p>N\u1ebfu b\u1ea1n kh\u00f4ng hi\u1ec3u m\u1ed9t s\u1ed1 lo\u1ea1i ph\u00ed ho\u1eb7c kh\u00f4ng h\u00e0i l\u00f2ng v\u1edbi h\u1ee3p \u0111\u1ed3ng, b\u1ea1n c\u00f3 th\u1ec3 li\u00ean h\u1ec7 v\u1edbi trung t\u00e2m t\u01b0 v\u1ea5n ng\u01b0\u1eddi ti\u00eau d\u00f9ng.<br>Trung t\u00e2m t\u01b0 v\u1ea5n ng\u01b0\u1eddi ti\u00eau d\u00f9ng c\u00f3 nhi\u1ec7m v\u1ee5 th\u00f4ng tin cho m\u1ecdi ng\u01b0\u1eddi v\u00e0 b\u1ea3o v\u1ec7 h\u1ecd kh\u1ecfi nh\u1eefng h\u1ee3p \u0111\u1ed3ng \u0111\u00e1ng ng\u1edd. B\u1ea1n ph\u1ea3i tr\u1ea3 ti\u1ec1n cho m\u1ed9t s\u1ed1 bu\u1ed5i t\u01b0 v\u1ea5n \u1edf \u0111\u00f3.<br><a href=\"https:\/\/www.verbraucherzentrale-sachsen.de\/beratungsstellen\/leipzig\/beratungsangebote\/1949\" target=\"_blank\" rel=\"noopener\">\u0110\u00e2y <\/a>l\u00e0 th\u00f4ng tin li\u00ean h\u1ec7 c\u1ee7a Trung t\u00e2m t\u01b0 v\u1ea5n ng\u01b0\u1eddi ti\u00eau d\u00f9ng Leipzig.&nbsp;<\/p>\n<\/div><\/div>\n<\/div><\/div>\n\n\n\n<p><\/p>\n<div class=\"gsp_post_data\" \r\n\t            data-post_type=\"page\" \r\n\t            data-cat=\"wirtschaft\" \r\n\t            data-modified=\"120\"\r\n\t            data-created=\"1688944002\"\r\n\t            data-title=\"Geld und Finanzen\" \r\n\t            data-home=\"https:\/\/info-to-go.binational-leipzig.de\/vi\"><\/div>","protected":false},"excerpt":{"rendered":"","protected":false},"author":1,"featured_media":0,"parent":8,"menu_order":2,"comment_status":"closed","ping_status":"closed","template":"","meta":{"footnotes":""},"categories":[10],"tags":[],"class_list":["post-33","page","type-page","status-publish","hentry","category-wirtschaft"],"_links":{"self":[{"href":"https:\/\/info-to-go.binational-leipzig.de\/vi\/wp-json\/wp\/v2\/pages\/33","targetHints":{"allow":["GET"]}}],"collection":[{"href":"https:\/\/info-to-go.binational-leipzig.de\/vi\/wp-json\/wp\/v2\/pages"}],"about":[{"href":"https:\/\/info-to-go.binational-leipzig.de\/vi\/wp-json\/wp\/v2\/types\/page"}],"author":[{"embeddable":true,"href":"https:\/\/info-to-go.binational-leipzig.de\/vi\/wp-json\/wp\/v2\/users\/1"}],"replies":[{"embeddable":true,"href":"https:\/\/info-to-go.binational-leipzig.de\/vi\/wp-json\/wp\/v2\/comments?post=33"}],"version-history":[{"count":11,"href":"https:\/\/info-to-go.binational-leipzig.de\/vi\/wp-json\/wp\/v2\/pages\/33\/revisions"}],"predecessor-version":[{"id":721,"href":"https:\/\/info-to-go.binational-leipzig.de\/vi\/wp-json\/wp\/v2\/pages\/33\/revisions\/721"}],"up":[{"embeddable":true,"href":"https:\/\/info-to-go.binational-leipzig.de\/vi\/wp-json\/wp\/v2\/pages\/8"}],"wp:attachment":[{"href":"https:\/\/info-to-go.binational-leipzig.de\/vi\/wp-json\/wp\/v2\/media?parent=33"}],"wp:term":[{"taxonomy":"category","embeddable":true,"href":"https:\/\/info-to-go.binational-leipzig.de\/vi\/wp-json\/wp\/v2\/categories?post=33"},{"taxonomy":"post_tag","embeddable":true,"href":"https:\/\/info-to-go.binational-leipzig.de\/vi\/wp-json\/wp\/v2\/tags?post=33"}],"curies":[{"name":"trang web","href":"https:\/\/api.w.org\/{rel}","templated":true}]}}