{"id":35,"date":"2023-07-09T23:07:29","date_gmt":"2023-07-09T21:07:29","guid":{"rendered":"https:\/\/sprijin.binational-leipzig.de\/?page_id=35"},"modified":"2025-08-26T11:48:33","modified_gmt":"2025-08-26T09:48:33","slug":"deutsche-sprache","status":"publish","type":"page","link":"https:\/\/info-to-go.binational-leipzig.de\/vi\/start\/bildung\/deutsche-sprache\/","title":{"rendered":"Ti\u1ebfng \u0110\u1ee9c"},"content":{"rendered":"<div class=\"wp-block-esab-accordion accordion-88f2547e\" data-mode=\"global\"><div class=\"esab__container\">\n<div class=\"wp-block-esab-accordion-child\"><div class=\"esab__head\" role=\"button\" aria-expanded=\"false\"><div class=\"esab__heading_txt\"><h2 class=\"esab__heading_tag\">A1 ti\u1ebfng \u0110\u1ee9c, B2 ti\u1ebfng \u0110\u1ee9c, v.v. c\u00f3 ngh\u0129a l\u00e0 g\u00ec?\u00a0<\/h2><\/div><div class=\"esab__icon\"><div class=\"esab__collapse\"> <svg version=\"1.2\" viewbox=\"0 0 24 24\" width=\"24\" height=\"24\"><path fill-rule=\"evenodd\" d=\"m3.5 20.5c-4.7-4.7-4.7-12.3 0-17 4.7-4.7 12.3-4.7 17 0 4.6 4.7 4.6 12.3 0 17-4.7 4.6-12.3 4.6-17 0zm0.9-0.9c4.2 4.2 11 4.2 15.2 0 4.2-4.2 4.2-11 0-15.2-4.2-4.3-11-4.3-15.2 0-4.3 4.2-4.3 11 0 15.2z\"><\/path><path d=\"m11.4 15.9v-3.3h-3.3c-0.3 0-0.6-0.3-0.6-0.6 0-0.4 0.3-0.6 0.6-0.6h3.3v-3.3c0-0.3 0.3-0.6 0.6-0.6 0.3 0 0.6 0.3 0.6 0.6v3.3h3.3c0.3 0 0.6 0.2 0.6 0.6q0 0.2-0.2 0.4-0.2 0.2-0.4 0.2h-3.3v3.3q0 0.2-0.2 0.4-0.2 0.2-0.4 0.2c-0.4 0-0.6-0.3-0.6-0.6z\"><\/path><\/svg> <\/div><div class=\"esab__expand\"> <svg version=\"1.2\" viewbox=\"0 0 24 24\" width=\"24\" height=\"24\"><path fill-rule=\"evenodd\" d=\"m12 24c-6.6 0-12-5.4-12-12 0-6.6 5.4-12 12-12 6.6 0 12 5.4 12 12 0 6.6-5.4 12-12 12zm10.6-12c0-5.9-4.7-10.6-10.6-10.6-5.9 0-10.6 4.7-10.6 10.6 0 5.9 4.7 10.6 10.6 10.6 5.9 0 10.6-4.7 10.6-10.6z\"><\/path><path d=\"m5.6 11.3h12.8v1.4h-12.8z\"><\/path><\/svg> <\/div><\/div><\/div><div class=\"esab__body\">\n<p>C\u00e1c k\u00fd hi\u1ec7u A1, B2, v.v. c\u00f3 ngh\u0129a l\u00e0 m\u1ed9t ng\u01b0\u1eddi c\u00f3 th\u1ec3 n\u00f3i ti\u1ebfng \u0110\u1ee9c \u1edf m\u1ed9t tr\u00ecnh \u0111\u1ed9 nh\u1ea5t \u0111\u1ecbnh.<br>M\u1ecdi ph\u1ea7n c\u1ee7a ng\u00f4n ng\u1eef \u0111\u1ec1u quan tr\u1ecdng: nghe, \u0111\u1ecdc, n\u00f3i v\u00e0 vi\u1ebft.<br>C\u00f3 6 c\u1ea5p \u0111\u1ed9, t\u1eeb ng\u01b0\u1eddi m\u1edbi b\u1eaft \u0111\u1ea7u \u0111\u1ebfn chuy\u00ean gia: A1, A2, B1, B2, C1, C2.<br><a href=\"https:\/\/integreat.app\/marburg-biedenkopf\/de\/sprache\/information-3\" target=\"_blank\" rel=\"noreferrer noopener\">\u0110\u00e2y<\/a> 6 b\u01b0\u1edbc n\u00e0y \u0111\u01b0\u1ee3c gi\u1ea3i th\u00edch r\u00f5 r\u00e0ng.<\/p>\n<\/div><\/div>\n\n\n\n<div class=\"wp-block-esab-accordion-child\"><div class=\"esab__head\" role=\"button\" aria-expanded=\"false\"><div class=\"esab__heading_txt\"><h2 class=\"esab__heading_tag\">L\u00e0m th\u1ebf n\u00e0o t\u00f4i c\u00f3 th\u1ec3 tham gia kh\u00f3a h\u1ecdc h\u1ed9i nh\u1eadp?\u00a0<\/h2><\/div><div class=\"esab__icon\"><div class=\"esab__collapse\"> <svg version=\"1.2\" viewbox=\"0 0 24 24\" width=\"24\" height=\"24\"><path fill-rule=\"evenodd\" d=\"m3.5 20.5c-4.7-4.7-4.7-12.3 0-17 4.7-4.7 12.3-4.7 17 0 4.6 4.7 4.6 12.3 0 17-4.7 4.6-12.3 4.6-17 0zm0.9-0.9c4.2 4.2 11 4.2 15.2 0 4.2-4.2 4.2-11 0-15.2-4.2-4.3-11-4.3-15.2 0-4.3 4.2-4.3 11 0 15.2z\"><\/path><path d=\"m11.4 15.9v-3.3h-3.3c-0.3 0-0.6-0.3-0.6-0.6 0-0.4 0.3-0.6 0.6-0.6h3.3v-3.3c0-0.3 0.3-0.6 0.6-0.6 0.3 0 0.6 0.3 0.6 0.6v3.3h3.3c0.3 0 0.6 0.2 0.6 0.6q0 0.2-0.2 0.4-0.2 0.2-0.4 0.2h-3.3v3.3q0 0.2-0.2 0.4-0.2 0.2-0.4 0.2c-0.4 0-0.6-0.3-0.6-0.6z\"><\/path><\/svg> <\/div><div class=\"esab__expand\"> <svg version=\"1.2\" viewbox=\"0 0 24 24\" width=\"24\" height=\"24\"><path fill-rule=\"evenodd\" d=\"m12 24c-6.6 0-12-5.4-12-12 0-6.6 5.4-12 12-12 6.6 0 12 5.4 12 12 0 6.6-5.4 12-12 12zm10.6-12c0-5.9-4.7-10.6-10.6-10.6-5.9 0-10.6 4.7-10.6 10.6 0 5.9 4.7 10.6 10.6 10.6 5.9 0 10.6-4.7 10.6-10.6z\"><\/path><path d=\"m5.6 11.3h12.8v1.4h-12.8z\"><\/path><\/svg> <\/div><\/div><\/div><div class=\"esab__body\">\n<p>Nhi\u1ec1u ng\u01b0\u1eddi ch\u01b0a n\u00f3i \u0111\u01b0\u1ee3c nhi\u1ec1u ti\u1ebfng \u0110\u1ee9c tr\u01b0\u1edbc ti\u00ean ph\u1ea3i tham gia kh\u00f3a h\u1ecdc h\u1ed9i nh\u1eadp.<br>\u0110\u00e2y l\u00e0 kh\u00f3a h\u1ecdc ti\u1ebfng \u0110\u1ee9c \u0111\u01b0\u1ee3c nh\u00e0 n\u01b0\u1edbc t\u00e0i tr\u1ee3.<br>\u0110i\u1ec1u n\u00e0y c\u00f3 ngh\u0129a l\u00e0 chi ph\u00ed th\u1ea5p h\u01a1n c\u00e1c kh\u00f3a h\u1ecdc ti\u1ebfng \u0110\u1ee9c kh\u00e1c.<br>M\u1ed9t s\u1ed1 ng\u01b0\u1eddi kh\u00f4ng ph\u1ea3i tr\u1ea3 b\u1ea5t k\u1ef3 kho\u1ea3n ph\u00ed n\u00e0o cho kh\u00f3a h\u1ecdc.&nbsp;<\/p>\n\n\n\n<p>Kh\u00f3a h\u1ecdc c\u00f3 tr\u00ecnh \u0111\u1ed9 t\u1eeb A1 \u0111\u1ebfn B1.<br>B\u1ea1n kh\u00f4ng c\u1ea7n ph\u1ea3i b\u1eaft \u0111\u1ea7u \u1edf tr\u00ecnh \u0111\u1ed9 A1 n\u1ebfu b\u1ea1n \u0111\u00e3 n\u00f3i \u0111\u01b0\u1ee3c m\u1ed9t \u00edt ti\u1ebfng \u0110\u1ee9c.<br>\u0110\u1ea7u ti\u00ean, b\u1ea1n ph\u1ea3i l\u00e0m b\u00e0i ki\u1ec3m tra \u1edf tr\u01b0\u1eddng ng\u00f4n ng\u1eef. \u0110\u00e2y \u0111\u01b0\u1ee3c g\u1ecdi l\u00e0 \u201cb\u00e0i ki\u1ec3m tra x\u1ebfp l\u1edbp\u201d.<br>Sau \u0111\u00f3, nh\u00e0 tr\u01b0\u1eddng s\u1ebd quy\u1ebft \u0111\u1ecbnh b\u1ea1n s\u1ebd b\u1eaft \u0111\u1ea7u kh\u00f3a h\u1ecdc n\u00e0o.&nbsp;<\/p>\n\n\n\n<p><a href=\"https:\/\/bamf-navi.bamf.de\/de\/Themen\/Integrationskurse\/?coord=735271.5692864&amp;\" target=\"_blank\" rel=\"noreferrer noopener\">Tr\u00ean trang n\u00e0y<\/a> b\u1ea1n c\u00f3 th\u1ec3 xem t\u1ea5t c\u1ea3 c\u00e1c tr\u01b0\u1eddng ng\u00f4n ng\u1eef \u1edf Leipzig cung c\u1ea5p c\u00e1c kh\u00f3a h\u1ecdc h\u1ed9i nh\u1eadp.<br>\u1ede \u0111\u00f3 b\u1ea1n s\u1ebd t\u00ecm th\u1ea5y m\u1ecdi th\u00f4ng tin v\u1ec1 tr\u00ecnh \u0111\u1ed9 kh\u00f3a h\u1ecdc, th\u1eddi gian h\u1ecdc, \u0111\u1ecba ch\u1ec9 v\u00e0 th\u00f4ng tin li\u00ean l\u1ea1c c\u1ee7a c\u00e1c tr\u01b0\u1eddng.<\/p>\n\n\n\n<p>N\u1ebfu b\u1ea1n mu\u1ed1n tham gia kh\u00f3a h\u1ecdc h\u00f2a nh\u1eadp, b\u1ea1n c\u1ea7n ph\u1ea3i xin ph\u00e9p.<br>Quy\u1ec1n n\u00e0y \u0111\u01b0\u1ee3c g\u1ecdi l\u00e0 \u201c\u1ee7y quy\u1ec1n\u201d. B\u1ea1n y\u00eau c\u1ea7u c\u01a1 quan BAMF ch\u1ea5p thu\u1eadn vi\u1ec7c n\u00e0y.<br><a href=\"https:\/\/www.bamf.de\/SharedDocs\/Anlagen\/DE\/Integration\/Integrationskurse\/Kursteilnehmer\/AntraegeAlle\/630-007_antrag-zulassung-integrationskurs-ausl_pdf.pdf?__blob=publicationFile&amp;v=27\" target=\"_blank\" rel=\"noreferrer noopener\">\u0110\u00e2y<\/a> l\u00e0 h\u00ecnh th\u1ee9c. G\u1eedi m\u1eabu \u0111\u01a1n \u0111\u1ebfn BAMF t\u1ea1i \u0111\u00e2y:&nbsp;<\/p>\n\n\n\n<p class=\"has-text-align-center\">BAMF&nbsp;<\/p>\n\n\n\n<p class=\"has-text-align-center\">\u0110\u01b0\u1eddng Otto-Schmerbach 20&nbsp;<\/p>\n\n\n\n<p class=\"has-text-align-center\">09117 Chemnitz&nbsp;<\/p>\n\n\n\n<p>B\u1ea1n ph\u1ea3i ho\u00e0n th\u00e0nh ph\u1ea7n \u0111\u1ea7u ti\u00ean n\u1ebfu mu\u1ed1n tham gia kh\u00f3a h\u1ecdc.<br>B\u1ea1n ph\u1ea3i ho\u00e0n th\u00e0nh ph\u1ea7n th\u1ee9 hai, \u201cT\u00f4i xin mi\u1ec5n h\u1ecdc ph\u00ed kh\u00f3a h\u1ecdc h\u1ed9i nh\u1eadp\u201d, n\u1ebfu b\u1ea1n kh\u00f4ng th\u1ec3 thanh to\u00e1n h\u1ecdc ph\u00ed.&nbsp;<\/p>\n\n\n\n<p>N\u1ebfu b\u1ea1n kh\u00f4ng th\u1ec3 thanh to\u00e1n, b\u1ea1n ph\u1ea3i g\u1eedi b\u1eb1ng ch\u1ee9ng k\u00e8m theo bi\u1ec3u m\u1eabu.<br>V\u00ed d\u1ee5, th\u00f4ng b\u00e1o v\u1ec1 tr\u1ee3 c\u1ea5p c\u00f4ng d\u00e2n ho\u1eb7c tr\u1ee3 c\u1ea5p nh\u00e0 \u1edf, ho\u1eb7c Th\u1ebb Leipzig.<br>B\u1ea1n c\u0169ng kh\u00f4ng ph\u1ea3i tr\u1ea3 ti\u1ec1n n\u1ebfu b\u1ea1n l\u00e0m vi\u1ec7c v\u00e0 kh\u00f4ng ki\u1ebfm \u0111\u01b0\u1ee3c nhi\u1ec1u h\u01a1n m\u1ee9c t\u1ed5ng thu nh\u1eadp n\u00e0y: 2.491 \u20ac (kh\u00f4ng t\u00ednh tr\u1ebb em); 3.246\u20ac (c\u00f3 1 tr\u1ebb em); 4.001\u20ac (c\u00f3 2 tr\u1ebb em tr\u1edf l\u00ean).<br>Trong tr\u01b0\u1eddng h\u1ee3p n\u00e0y, vui l\u00f2ng g\u1eedi phi\u1ebfu l\u01b0\u01a1ng k\u00e8m theo m\u1eabu.&nbsp;<\/p>\n\n\n\n<p><a href=\"https:\/\/www.bamf.de\/SharedDocs\/Anlagen\/DE\/Integration\/Integrationskurse\/Kursteilnehmer\/Merkblaetter\/630-036_merkblatt-auslaenderbehoerde.pdf?__blob=publicationFile&amp;v=40+\" target=\"_blank\" rel=\"noreferrer noopener\">\u0110\u00e2y<\/a> C\u00f3 r\u1ea5t nhi\u1ec1u th\u00f4ng tin v\u1ec1 kh\u00f3a h\u1ecdc h\u1ed9i nh\u1eadp \u0111\u01b0\u1ee3c cung c\u1ea5p tr\u1ef1c ti\u1ebfp t\u1eeb BAMF.<\/p>\n<\/div><\/div>\n\n\n\n<div class=\"wp-block-esab-accordion-child\"><div class=\"esab__head\" role=\"button\" aria-expanded=\"false\"><div class=\"esab__heading_txt\"><h2 class=\"esab__heading_tag\">T\u00f4i \u0111\u00e3 c\u00f3 tr\u00ecnh \u0111\u1ed9 ti\u1ebfng \u0110\u1ee9c B1. L\u00e0m th\u1ebf n\u00e0o t\u00f4i c\u00f3 th\u1ec3 h\u1ecdc th\u00eam ti\u1ebfng \u0110\u1ee9c?\u00a0<\/h2><\/div><div class=\"esab__icon\"><div class=\"esab__collapse\"> <svg version=\"1.2\" viewbox=\"0 0 24 24\" width=\"24\" height=\"24\"><path fill-rule=\"evenodd\" d=\"m3.5 20.5c-4.7-4.7-4.7-12.3 0-17 4.7-4.7 12.3-4.7 17 0 4.6 4.7 4.6 12.3 0 17-4.7 4.6-12.3 4.6-17 0zm0.9-0.9c4.2 4.2 11 4.2 15.2 0 4.2-4.2 4.2-11 0-15.2-4.2-4.3-11-4.3-15.2 0-4.3 4.2-4.3 11 0 15.2z\"><\/path><path d=\"m11.4 15.9v-3.3h-3.3c-0.3 0-0.6-0.3-0.6-0.6 0-0.4 0.3-0.6 0.6-0.6h3.3v-3.3c0-0.3 0.3-0.6 0.6-0.6 0.3 0 0.6 0.3 0.6 0.6v3.3h3.3c0.3 0 0.6 0.2 0.6 0.6q0 0.2-0.2 0.4-0.2 0.2-0.4 0.2h-3.3v3.3q0 0.2-0.2 0.4-0.2 0.2-0.4 0.2c-0.4 0-0.6-0.3-0.6-0.6z\"><\/path><\/svg> <\/div><div class=\"esab__expand\"> <svg version=\"1.2\" viewbox=\"0 0 24 24\" width=\"24\" height=\"24\"><path fill-rule=\"evenodd\" d=\"m12 24c-6.6 0-12-5.4-12-12 0-6.6 5.4-12 12-12 6.6 0 12 5.4 12 12 0 6.6-5.4 12-12 12zm10.6-12c0-5.9-4.7-10.6-10.6-10.6-5.9 0-10.6 4.7-10.6 10.6 0 5.9 4.7 10.6 10.6 10.6 5.9 0 10.6-4.7 10.6-10.6z\"><\/path><path d=\"m5.6 11.3h12.8v1.4h-12.8z\"><\/path><\/svg> <\/div><\/div><\/div><div class=\"esab__body\">\n<p>T\u1eeb tr\u00ecnh \u0111\u1ed9 B1, b\u1ea1n c\u00f3 th\u1ec3 tham gia kh\u00f3a h\u1ecdc ng\u00f4n ng\u1eef ngh\u1ec1 nghi\u1ec7p. Sau \u0111\u00f3 t\u0103ng l\u00ean B2, C1 ho\u1eb7c C2.<br>Kh\u00f3a h\u1ecdc ng\u00f4n ng\u1eef chuy\u00ean nghi\u1ec7p t\u1eadp trung nhi\u1ec1u h\u01a1n v\u00e0o ti\u1ebfng \u0110\u1ee9c ph\u1ee5c v\u1ee5 c\u00f4ng vi\u1ec7c.<br>Kh\u00f3a h\u1ecdc n\u00e0y \u0111\u01b0\u1ee3c ch\u00ednh ph\u1ee7 t\u00e0i tr\u1ee3 n\u00ean kh\u00f4ng qu\u00e1 t\u1ed1n k\u00e9m.&nbsp;<\/p>\n\n\n\n<p>B\u1ea1n c\u1ea7n c\u00f3 s\u1ef1 cho ph\u00e9p \u0111\u1ec3 tham gia kh\u00f3a h\u1ecdc.<br>N\u1ebfu b\u1ea1n \u0111ang th\u1ea5t nghi\u1ec7p, b\u1ea1n c\u00f3 th\u1ec3 xin tr\u1ee3 c\u1ea5p n\u00e0y t\u1eeb trung t\u00e2m vi\u1ec7c l\u00e0m ho\u1eb7c c\u01a1 quan tuy\u1ec3n d\u1ee5ng.<br>N\u1ebfu b\u1ea1n l\u00e0m vi\u1ec7c, h\u00e3y xin ph\u00e9p tr\u1ef1c ti\u1ebfp BAMF.&nbsp;<\/p>\n\n\n\n<p>N\u1ebfu \u0111\u01b0\u1ee3c ph\u00e9p, b\u1ea1n c\u00f3 th\u1ec3 t\u00ecm ki\u1ebfm kh\u00f3a h\u1ecdc tr\u00ean trang web KURSNET.<br><a href=\"https:\/\/web.arbeitsagentur.de\/sprachfoerderung\/suche\/berufssprachkurse?ort=Leipzig_12.3781_51.3383&amp;umkreis=10&amp;seite=0\" target=\"_blank\" rel=\"noreferrer noopener\">\u0110\u00e2y<\/a> C\u00e1c kh\u00f3a h\u1ecdc n\u00e0y c\u00f3 th\u1ec3 \u0111\u01b0\u1ee3c t\u00ecm th\u1ea5y \u1edf Leipzig.<\/p>\n\n\n\n<p>M\u1ed9t s\u1ed1 ng\u01b0\u1eddi ph\u1ea3i tr\u1ea3 ti\u1ec1n cho kh\u00f3a h\u1ecdc, m\u1ed9t s\u1ed1 th\u00ec kh\u00f4ng.<br>\u0110i\u1ec1u n\u00e0y ph\u1ee5 thu\u1ed9c v\u00e0o s\u1ed1 ti\u1ec1n b\u1ea1n ki\u1ebfm \u0111\u01b0\u1ee3c.<br>N\u1ebfu b\u1ea1n thanh to\u00e1n kho\u1ea3n n\u00e0y v\u00e0 ho\u00e0n th\u00e0nh kh\u00f3a h\u1ecdc th\u00e0nh c\u00f4ng, b\u1ea1n c\u00f3 th\u1ec3 \u0111\u01b0\u1ee3c ho\u00e0n l\u1ea1i 501% chi ph\u00ed.<br><a href=\"https:\/\/www.bamf.de\/DE\/Themen\/Integration\/ZugewanderteTeilnehmende\/DeutschBeruf\/deutsch-beruf.html?nn=282656#a_284040_1\" target=\"_blank\" rel=\"noreferrer noopener\">\u0110\u00e2y<\/a> B\u1ea1n s\u1ebd t\u00ecm th\u1ea5y th\u00eam th\u00f4ng tin v\u00e0 c\u00e1c bi\u1ec3u m\u1eabu c\u1ea7n thi\u1ebft.<\/p>\n<\/div><\/div>\n\n\n\n<div class=\"wp-block-esab-accordion-child\"><div class=\"esab__head\" role=\"button\" aria-expanded=\"false\"><div class=\"esab__heading_txt\"><h2 class=\"esab__heading_tag\">T\u00f4i c\u00f3 th\u1ec3 h\u1ecdc ti\u1ebfng \u0110\u1ee9c \u1edf \u0111\u00e2u n\u1eefa?\u00a0<\/h2><\/div><div class=\"esab__icon\"><div class=\"esab__collapse\"> <svg version=\"1.2\" viewbox=\"0 0 24 24\" width=\"24\" height=\"24\"><path fill-rule=\"evenodd\" d=\"m3.5 20.5c-4.7-4.7-4.7-12.3 0-17 4.7-4.7 12.3-4.7 17 0 4.6 4.7 4.6 12.3 0 17-4.7 4.6-12.3 4.6-17 0zm0.9-0.9c4.2 4.2 11 4.2 15.2 0 4.2-4.2 4.2-11 0-15.2-4.2-4.3-11-4.3-15.2 0-4.3 4.2-4.3 11 0 15.2z\"><\/path><path d=\"m11.4 15.9v-3.3h-3.3c-0.3 0-0.6-0.3-0.6-0.6 0-0.4 0.3-0.6 0.6-0.6h3.3v-3.3c0-0.3 0.3-0.6 0.6-0.6 0.3 0 0.6 0.3 0.6 0.6v3.3h3.3c0.3 0 0.6 0.2 0.6 0.6q0 0.2-0.2 0.4-0.2 0.2-0.4 0.2h-3.3v3.3q0 0.2-0.2 0.4-0.2 0.2-0.4 0.2c-0.4 0-0.6-0.3-0.6-0.6z\"><\/path><\/svg> <\/div><div class=\"esab__expand\"> <svg version=\"1.2\" viewbox=\"0 0 24 24\" width=\"24\" height=\"24\"><path fill-rule=\"evenodd\" d=\"m12 24c-6.6 0-12-5.4-12-12 0-6.6 5.4-12 12-12 6.6 0 12 5.4 12 12 0 6.6-5.4 12-12 12zm10.6-12c0-5.9-4.7-10.6-10.6-10.6-5.9 0-10.6 4.7-10.6 10.6 0 5.9 4.7 10.6 10.6 10.6 5.9 0 10.6-4.7 10.6-10.6z\"><\/path><path d=\"m5.6 11.3h12.8v1.4h-12.8z\"><\/path><\/svg> <\/div><\/div><\/div><div class=\"esab__body\">\n<p>Ngo\u00e0i ra c\u00f2n c\u00f3 nh\u1eefng n\u01a1i kh\u00e1c \u1edf Leipzig n\u01a1i b\u1ea1n c\u00f3 th\u1ec3 h\u1ecdc ti\u1ebfng \u0110\u1ee9c.<br>\u0110\u00e2y th\u01b0\u1eddng l\u00e0 c\u00e1c kh\u00f3a h\u1ecdc kh\u00f4ng ch\u00ednh th\u1ee9c m\u00e0 b\u1ea1n kh\u00f4ng ph\u1ea3i tr\u1ea3 b\u1ea5t k\u1ef3 kho\u1ea3n ti\u1ec1n n\u00e0o ho\u1eb7c ch\u1ec9 ph\u1ea3i tr\u1ea3 r\u1ea5t \u00edt ti\u1ec1n.<br>B\u1ea1n c\u00f3 th\u1ec3 gh\u00e9 qua ho\u1eb7c \u0111\u0103ng k\u00fd t\u1ea1m th\u1eddi.<br><a href=\"https:\/\/www.leipzig.de\/jugend-familie-und-soziales\/auslaender-und-migranten\/migration-und-integration\/deutsch-lernen-und-sprache\/beratungsangebote-und-informationen-zum-thema\" target=\"_blank\" rel=\"noreferrer noopener\">\u0110\u00e2y<\/a> t\u1ea5t c\u1ea3 c\u00e1c kh\u00f3a h\u1ecdc v\u00e0 kh\u00f3a h\u1ecdc giao ti\u1ebfp n\u00e0y \u0111\u1ec1u \u0111\u01b0\u1ee3c li\u1ec7t k\u00ea.<\/p>\n\n\n\n<p>Th\u01b0 vi\u1ec7n th\u00e0nh ph\u1ed1 Leipzig c\u00f3 nhi\u1ec1u ngu\u1ed3n t\u00e0i li\u1ec7u d\u00e0nh cho nh\u1eefng ng\u01b0\u1eddi mu\u1ed1n h\u1ecdc ti\u1ebfng \u0110\u1ee9c.<br>C\u00f3 r\u1ea5t nhi\u1ec1u t\u00e0i li\u1ec7u trong <a href=\"https:\/\/stadtbibliothek.leipzig.de\/macht-mit\/kreative-freiraeume\" target=\"_blank\" rel=\"noopener\">Ph\u00f2ng ng\u00f4n ng\u1eef<\/a> \u1edf \u0111\u00f3. B\u1ea1n c\u00f3 th\u1ec3 d\u00f9ng th\u1eed mi\u1ec5n ph\u00ed.<br>N\u1ebfu b\u1ea1n mu\u1ed1n m\u01b0\u1ee3n \u0111\u1ed3 v\u00e0 mang v\u1ec1 nh\u00e0, b\u1ea1n c\u1ea7n c\u00f3 th\u1ebb th\u01b0 vi\u1ec7n.<br>Chi ph\u00ed l\u00e0 20\u20ac m\u1ed7i n\u0103m. Tr\u1ebb em \u0111\u01b0\u1ee3c mi\u1ec5n ph\u00ed v\u00e0 ng\u01b0\u1eddi c\u00f3 th\u1ebb Leipzig Pass ph\u1ea3i tr\u1ea3 10 euro\/n\u0103m. <\/p>\n\n\n\n<p>N\u1ebfu b\u1ea1n l\u00e0m c\u00f4ng vi\u1ec7c t\u00ecnh nguy\u1ec7n, b\u1ea1n c\u0169ng c\u00f3 th\u1ec3 h\u1ecdc th\u00eam ti\u1ebfng \u0110\u1ee9c.<br>C\u00f4ng vi\u1ec7c t\u00ecnh nguy\u1ec7n c\u0169ng gi\u1ed1ng nh\u01b0 c\u00f4ng vi\u1ec7c kh\u00f4ng \u0111\u01b0\u1ee3c tr\u1ea3 l\u01b0\u01a1ng.<br>B\u1ea1n l\u00e0m \u0111i\u1ec1u n\u00e0y \u0111\u1ec3 gi\u00fap \u0111\u1ee1 ng\u01b0\u1eddi kh\u00e1c. V\u00ed d\u1ee5, ng\u01b0\u1eddi tr\u1ebb ho\u1eb7c ng\u01b0\u1eddi l\u1edbn tu\u1ed5i.<br>Nh\u01b0ng b\u1ea1n s\u1ebd \u0111\u01b0\u1ee3c l\u00e0m quen v\u1edbi nhi\u1ec1u ng\u01b0\u1eddi m\u1edbi v\u00e0 n\u00f3i ti\u1ebfng \u0110\u1ee9c nhi\u1ec1u h\u01a1n.<br>B\u1ea1n kh\u00f4ng ph\u1ea3i l\u00fac n\u00e0o c\u0169ng ph\u1ea3i n\u00f3i nhi\u1ec1u ti\u1ebfng \u0110\u1ee9c \u0111\u1ec3 l\u00e0m \u0111\u01b0\u1ee3c \u0111i\u1ec1u \u0111\u00f3.<br>T\u1ea1i <a href=\"https:\/\/freiwilligen-agentur-leipzig.de\/\" target=\"_blank\" rel=\"noreferrer noopener\">C\u01a1 quan t\u00ecnh nguy\u1ec7n<\/a> b\u1ea1n c\u00f3 th\u1ec3 t\u00ecm th\u1ea5y nh\u1eefng ho\u1ea1t \u0111\u1ed9ng nh\u01b0 v\u1eady. <\/p>\n\n\n\n<p>M\u1ed9t s\u1ed1 ng\u01b0\u1eddi h\u1ecdc song song hai ng\u00f4n ng\u1eef.<br>Hai ng\u01b0\u1eddi gi\u00fap nhau h\u1ecdc ng\u00f4n ng\u1eef.<br>V\u00ed d\u1ee5, m\u1ed9t ng\u01b0\u1eddi n\u00f3i ti\u1ebfng Nga v\u00e0 mu\u1ed1n h\u1ecdc ti\u1ebfng T\u00e2y Ban Nha.<br>M\u1ed9t ng\u01b0\u1eddi kh\u00e1c n\u00f3i ti\u1ebfng T\u00e2y Ban Nha v\u00e0 mu\u1ed1n h\u1ecdc ti\u1ebfng Nga.<br>Hai ng\u01b0\u1eddi g\u1eb7p nhau v\u00e0 th\u1ef1c h\u00e0nh c\u1ea3 hai ng\u00f4n ng\u1eef.<br><a href=\"http:\/\/www.sprachtandem-leipzig.de\/de\/info.html\" target=\"_blank\" rel=\"noreferrer noopener\">\u0110\u00e2y<\/a> b\u1ea1n c\u00f3 th\u1ec3 t\u00ecm ki\u1ebfm m\u1ed9t ng\u00f4n ng\u1eef song song.<\/p>\n\n\n\n<p>Ngo\u00e0i ra c\u00f2n c\u00f3 nhi\u1ec1u ngu\u1ed3n t\u00e0i li\u1ec7u tr\u1ef1c tuy\u1ebfn \u0111\u1ec3 b\u1ea1n c\u00f3 th\u1ec3 h\u1ecdc ti\u1ebfng \u0110\u1ee9c.<br>V\u00ed d\u1ee5 <a href=\"https:\/\/www.duolingo.com\/learn\" target=\"_blank\" rel=\"noreferrer noopener\">Duolingo<\/a> ho\u1eb7c tr\u00ean YouTube, TikTok v\u00e0 Instagram.<br>C\u00e1c <a href=\"https:\/\/www.goethe.de\/de\/spr\/ueb.html\" target=\"_blank\" rel=\"noreferrer noopener\">Vi\u1ec7n Goethe<\/a> V\u00e0 <a href=\"https:\/\/learngerman.dw.com\/de\/deutsch-lernen\/s-9095\" target=\"_blank\" rel=\"noreferrer noopener\">S\u00f3ng \u0110\u1ee9c<\/a> c\u00f3 nhi\u1ec1u n\u1ed9i dung d\u00e0nh cho nh\u1eefng ng\u01b0\u1eddi mu\u1ed1n h\u1ecdc ti\u1ebfng \u0110\u1ee9c.<\/p>\n<\/div><\/div>\n<\/div><\/div>\n<div class=\"gsp_post_data\" \r\n\t            data-post_type=\"page\" \r\n\t            data-cat=\"bildung\" \r\n\t            data-modified=\"120\"\r\n\t            data-created=\"1688944049\"\r\n\t            data-title=\"Deutsche Sprache\" \r\n\t            data-home=\"https:\/\/info-to-go.binational-leipzig.de\/vi\"><\/div>","protected":false},"excerpt":{"rendered":"","protected":false},"author":1,"featured_media":0,"parent":10,"menu_order":1,"comment_status":"closed","ping_status":"closed","template":"","meta":{"footnotes":""},"categories":[11],"tags":[],"class_list":["post-35","page","type-page","status-publish","hentry","category-bildung"],"_links":{"self":[{"href":"https:\/\/info-to-go.binational-leipzig.de\/vi\/wp-json\/wp\/v2\/pages\/35","targetHints":{"allow":["GET"]}}],"collection":[{"href":"https:\/\/info-to-go.binational-leipzig.de\/vi\/wp-json\/wp\/v2\/pages"}],"about":[{"href":"https:\/\/info-to-go.binational-leipzig.de\/vi\/wp-json\/wp\/v2\/types\/page"}],"author":[{"embeddable":true,"href":"https:\/\/info-to-go.binational-leipzig.de\/vi\/wp-json\/wp\/v2\/users\/1"}],"replies":[{"embeddable":true,"href":"https:\/\/info-to-go.binational-leipzig.de\/vi\/wp-json\/wp\/v2\/comments?post=35"}],"version-history":[{"count":11,"href":"https:\/\/info-to-go.binational-leipzig.de\/vi\/wp-json\/wp\/v2\/pages\/35\/revisions"}],"predecessor-version":[{"id":639,"href":"https:\/\/info-to-go.binational-leipzig.de\/vi\/wp-json\/wp\/v2\/pages\/35\/revisions\/639"}],"up":[{"embeddable":true,"href":"https:\/\/info-to-go.binational-leipzig.de\/vi\/wp-json\/wp\/v2\/pages\/10"}],"wp:attachment":[{"href":"https:\/\/info-to-go.binational-leipzig.de\/vi\/wp-json\/wp\/v2\/media?parent=35"}],"wp:term":[{"taxonomy":"category","embeddable":true,"href":"https:\/\/info-to-go.binational-leipzig.de\/vi\/wp-json\/wp\/v2\/categories?post=35"},{"taxonomy":"post_tag","embeddable":true,"href":"https:\/\/info-to-go.binational-leipzig.de\/vi\/wp-json\/wp\/v2\/tags?post=35"}],"curies":[{"name":"trang web","href":"https:\/\/api.w.org\/{rel}","templated":true}]}}