{"id":399,"date":"2024-01-17T12:08:03","date_gmt":"2024-01-17T11:08:03","guid":{"rendered":"https:\/\/info-to-go.binational-leipzig.de\/?page_id=399"},"modified":"2024-07-31T12:56:05","modified_gmt":"2024-07-31T10:56:05","slug":"impressum","status":"publish","type":"page","link":"https:\/\/info-to-go.binational-leipzig.de\/vi\/impressum\/","title":{"rendered":"d\u1ea5u \u1ea5n"},"content":{"rendered":"<p><strong>Th\u00f4ng tin theo \u00a7 5 TMG<\/strong><\/p>\n\n\n\n<p>Hi\u1ec7p h\u1ed9i c\u00e1c gia \u0111\u00ecnh v\u00e0 quan h\u1ec7 \u0111\u1ed1i t\u00e1c song ph\u01b0\u01a1ng, iaf eV<br>\u0110\u01b0\u1eddng Ludolfus 2 \u2013 4<br>60487 Frankfurt am Main<\/p>\n\n\n\n<p><strong>\u0110\u01b0\u1ee3c \u0111\u1ea1i di\u1ec7n b\u1edfi<\/strong><\/p>\n\n\n\n<p>Asiye Bal\u0131k\u00e7\u0131-Schmidt, Natalia Bugaj-Wolfram<\/p>\n\n\n\n<p>\u0110\u1ea1i di\u1ec7n \u0111\u1eb7c bi\u1ec7t theo \u00a7 30 BGB: NN<\/p>\n\n\n\n<p>\u0110\u0103ng k\u00fd t\u00f2a \u00e1n:<\/p>\n\n\n\n<p>T\u00f2a \u00e1n qu\u1eadn Frankfurt am Main S\u1ed1 \u0111\u0103ng k\u00fd hi\u1ec7p h\u1ed9i: VR 6728<\/p>\n\n\n\n<p>C\u01a1 quan thu\u1ebf Frankfurt V S\u1ed1 thu\u1ebf 014 250 63357<\/p>\n\n\n\n<p><strong>li\u00ean h\u1ec7<\/strong><\/p>\n\n\n\n<p>\u0110i\u1ec7n tho\u1ea1i: +49 (0) 69 713 756 \u2013 0<br>S\u1ed1 Fax: +49 (0) 69 707 50 92<br>Email: info@verband-binationaler.de<\/p>\n\n\n\n<p><strong>\u0110\u0103ng k\u00fd m\u1ee5c nh\u1eadp<\/strong><\/p>\n\n\n\n<p>\u0110\u0103ng k\u00fd v\u00e0o s\u1ed5 \u0111\u0103ng k\u00fd hi\u1ec7p h\u1ed9i.<br>T\u00f2a \u00e1n \u0111\u0103ng k\u00fd: T\u00f2a \u00e1n qu\u1eadn Frankfurt am Main<br>S\u1ed1 \u0111\u0103ng k\u00fd: VR 6728<\/p>\n\n\n\n<p><strong>Thu\u1ebf GTGT<\/strong><\/p>\n\n\n\n<p>M\u00e3 s\u1ed1 thu\u1ebf GTGT theo \u0110i\u1ec1u 27a c\u1ee7a Lu\u1eadt thu\u1ebf GTGT:<br>DE114234727<\/p>\n\n\n\n<p><strong>Gi\u1ea3i quy\u1ebft tranh ch\u1ea5p<\/strong><\/p>\n\n\n\n<p>Ch\u00fang t\u00f4i kh\u00f4ng s\u1eb5n l\u00f2ng ho\u1eb7c kh\u00f4ng c\u00f3 ngh\u0129a v\u1ee5 tham gia v\u00e0o qu\u00e1 tr\u00ecnh gi\u1ea3i quy\u1ebft tranh ch\u1ea5p tr\u01b0\u1edbc h\u1ed9i \u0111\u1ed3ng tr\u1ecdng t\u00e0i ng\u01b0\u1eddi ti\u00eau d\u00f9ng.<\/p>\n\n\n\n<p><strong>Ngu\u1ed3n<\/strong><\/p>\n\n\n\n<p>Tri\u1ec3n khai k\u1ef9 thu\u1eadt: Stephan Wein v\u00e0 Ahmet Erdem \u015eent\u00fcrk<br>Thi\u1ebft k\u1ebf web: Chris Schneider<\/p>\n\n\n\n<p><strong>H\u00ecnh \u1ea3nh<\/strong><\/p>\n\n\n\n<p>\u201cCh\u00fang t\u00f4i l\u00e0 ai\u201d: Mehmet Arbag<\/p>\n\n\n\n<p><strong>Th\u00f4ng b\u00e1o ph\u00e1p l\u00fd<\/strong><\/p>\n\n\n\n<p>Tr\u00e1ch nhi\u1ec7m v\u1ec1 n\u1ed9i dung<\/p>\n\n\n\n<p>V\u1edbi t\u01b0 c\u00e1ch l\u00e0 nh\u00e0 cung c\u1ea5p d\u1ecbch v\u1ee5, ch\u00fang t\u00f4i ch\u1ecbu tr\u00e1ch nhi\u1ec7m v\u1ec1 n\u1ed9i dung c\u1ee7a m\u00ecnh tr\u00ean c\u00e1c trang n\u00e0y theo M\u1ee5c 7 (1) c\u1ee7a \u0110\u1ea1o lu\u1eadt truy\u1ec1n th\u00f4ng \u0110\u1ee9c (TMG). Tuy nhi\u00ean, theo M\u1ee5c 8 \u0111\u1ebfn M\u1ee5c 10 c\u1ee7a \u0110\u1ea1o lu\u1eadt truy\u1ec1n th\u00f4ng \u0110\u1ee9c (TMG), ch\u00fang t\u00f4i v\u1edbi t\u01b0 c\u00e1ch l\u00e0 nh\u00e0 cung c\u1ea5p d\u1ecbch v\u1ee5 kh\u00f4ng c\u00f3 ngh\u0129a v\u1ee5 ph\u1ea3i gi\u00e1m s\u00e1t th\u00f4ng tin c\u1ee7a b\u00ean th\u1ee9 ba \u0111\u01b0\u1ee3c truy\u1ec1n ho\u1eb7c l\u01b0u tr\u1eef ho\u1eb7c \u0111i\u1ec1u tra c\u00e1c tr\u01b0\u1eddng h\u1ee3p cho th\u1ea5y ho\u1ea1t \u0111\u1ed9ng b\u1ea5t h\u1ee3p ph\u00e1p.<\/p>\n\n\n\n<p>Ngh\u0129a v\u1ee5 x\u00f3a ho\u1eb7c ch\u1eb7n vi\u1ec7c s\u1eed d\u1ee5ng th\u00f4ng tin theo lu\u1eadt chung v\u1eabn kh\u00f4ng b\u1ecb \u1ea3nh h\u01b0\u1edfng. Tuy nhi\u00ean, tr\u00e1ch nhi\u1ec7m ph\u00e1p l\u00fd trong tr\u01b0\u1eddng h\u1ee3p n\u00e0y ch\u1ec9 c\u00f3 th\u1ec3 ph\u00e1t sinh t\u1eeb th\u1eddi \u0111i\u1ec3m bi\u1ebft \u0111\u01b0\u1ee3c h\u00e0nh vi vi ph\u1ea1m ph\u00e1p lu\u1eadt c\u1ee5 th\u1ec3. N\u1ebfu ch\u00fang t\u00f4i ph\u00e1t hi\u1ec7n b\u1ea5t k\u1ef3 h\u00e0nh vi vi ph\u1ea1m ph\u00e1p lu\u1eadt n\u00e0o, ch\u00fang t\u00f4i s\u1ebd x\u00f3a n\u1ed9i dung \u0111\u00f3 ngay l\u1eadp t\u1ee9c.<\/p>\n\n\n\n<p><strong>Tr\u00e1ch nhi\u1ec7m \u0111\u1ed1i v\u1edbi c\u00e1c li\u00ean k\u1ebft<\/strong><\/p>\n\n\n\n<p>\u01afu \u0111\u00e3i c\u1ee7a ch\u00fang t\u00f4i ch\u1ee9a c\u00e1c li\u00ean k\u1ebft \u0111\u1ebfn c\u00e1c trang web c\u1ee7a b\u00ean th\u1ee9 ba m\u00e0 ch\u00fang t\u00f4i kh\u00f4ng c\u00f3 quy\u1ec1n t\u00e1c \u0111\u1ed9ng \u0111\u1ebfn n\u1ed9i dung c\u1ee7a ch\u00fang. Do \u0111\u00f3, ch\u00fang t\u00f4i kh\u00f4ng th\u1ec3 ch\u1ecbu b\u1ea5t k\u1ef3 tr\u00e1ch nhi\u1ec7m n\u00e0o \u0111\u1ed1i v\u1edbi n\u1ed9i dung b\u00ean ngo\u00e0i n\u00e0y. Nh\u00e0 cung c\u1ea5p ho\u1eb7c nh\u00e0 \u0111i\u1ec1u h\u00e0nh c\u00e1c trang web lu\u00f4n ch\u1ecbu tr\u00e1ch nhi\u1ec7m v\u1ec1 n\u1ed9i dung c\u1ee7a c\u00e1c trang \u0111\u01b0\u1ee3c li\u00ean k\u1ebft. C\u00e1c trang \u0111\u01b0\u1ee3c li\u00ean k\u1ebft \u0111\u00e3 \u0111\u01b0\u1ee3c ki\u1ec3m tra xem c\u00f3 vi ph\u1ea1m ph\u00e1p lu\u1eadt hay kh\u00f4ng t\u1ea1i th\u1eddi \u0111i\u1ec3m li\u00ean k\u1ebft. Kh\u00f4ng th\u1ec3 nh\u1eadn d\u1ea1ng \u0111\u01b0\u1ee3c n\u1ed9i dung b\u1ea5t h\u1ee3p ph\u00e1p t\u1ea1i th\u1eddi \u0111i\u1ec3m li\u00ean k\u1ebft.<\/p>\n\n\n\n<p>Tuy nhi\u00ean, vi\u1ec7c theo d\u00f5i li\u00ean t\u1ee5c n\u1ed9i dung c\u1ee7a c\u00e1c trang \u0111\u01b0\u1ee3c li\u00ean k\u1ebft l\u00e0 kh\u00f4ng h\u1ee3p l\u00fd n\u1ebfu kh\u00f4ng c\u00f3 b\u1eb1ng ch\u1ee9ng c\u1ee5 th\u1ec3 v\u1ec1 h\u00e0nh vi vi ph\u1ea1m ph\u00e1p lu\u1eadt. N\u1ebfu ch\u00fang t\u00f4i ph\u00e1t hi\u1ec7n b\u1ea5t k\u1ef3 h\u00e0nh vi vi ph\u1ea1m ph\u00e1p lu\u1eadt n\u00e0o, ch\u00fang t\u00f4i s\u1ebd x\u00f3a nh\u1eefng li\u00ean k\u1ebft \u0111\u00f3 ngay l\u1eadp t\u1ee9c.<\/p>\n\n\n\n<p><strong>b\u1ea3n quy\u1ec1n<\/strong><\/p>\n\n\n\n<p>N\u1ed9i dung v\u00e0 t\u00e1c ph\u1ea9m tr\u00ean c\u00e1c trang n\u00e0y do ng\u01b0\u1eddi \u0111i\u1ec1u h\u00e0nh trang web t\u1ea1o ra ph\u1ea3i tu\u00e2n theo lu\u1eadt b\u1ea3n quy\u1ec1n c\u1ee7a \u0110\u1ee9c. Vi\u1ec7c sao ch\u00e9p, x\u1eed l\u00fd, ph\u00e2n ph\u1ed1i v\u00e0 b\u1ea5t k\u1ef3 h\u00ecnh th\u1ee9c khai th\u00e1c n\u00e0o ngo\u00e0i ph\u1ea1m vi c\u1ee7a lu\u1eadt b\u1ea3n quy\u1ec1n \u0111\u1ec1u ph\u1ea3i c\u00f3 s\u1ef1 \u0111\u1ed3ng \u00fd b\u1eb1ng v\u0103n b\u1ea3n c\u1ee7a t\u00e1c gi\u1ea3 ho\u1eb7c ng\u01b0\u1eddi s\u00e1ng t\u1ea1o t\u01b0\u01a1ng \u1ee9ng. Vi\u1ec7c t\u1ea3i xu\u1ed1ng v\u00e0 sao ch\u00e9p trang web n\u00e0y ch\u1ec9 \u0111\u01b0\u1ee3c ph\u00e9p s\u1eed d\u1ee5ng cho m\u1ee5c \u0111\u00edch c\u00e1 nh\u00e2n, phi th\u01b0\u01a1ng m\u1ea1i.<\/p>\n\n\n\n<p>Trong ph\u1ea1m vi n\u1ed9i dung c\u1ee7a trang web n\u00e0y kh\u00f4ng ph\u1ea3i do ng\u01b0\u1eddi \u0111i\u1ec1u h\u00e0nh t\u1ea1o ra, b\u1ea3n quy\u1ec1n c\u1ee7a b\u00ean th\u1ee9 ba s\u1ebd \u0111\u01b0\u1ee3c t\u00f4n tr\u1ecdng. \u0110\u1eb7c bi\u1ec7t, n\u1ed9i dung c\u1ee7a b\u00ean th\u1ee9 ba s\u1ebd \u0111\u01b0\u1ee3c \u0111\u00e1nh d\u1ea5u nh\u01b0 v\u1eady. N\u1ebfu b\u1ea1n v\u1eabn ph\u00e1t hi\u1ec7n c\u00f3 h\u00e0nh vi vi ph\u1ea1m b\u1ea3n quy\u1ec1n, ch\u00fang t\u00f4i y\u00eau c\u1ea7u b\u1ea1n th\u00f4ng b\u00e1o cho ch\u00fang t\u00f4i. N\u1ebfu ch\u00fang t\u00f4i ph\u00e1t hi\u1ec7n b\u1ea5t k\u1ef3 h\u00e0nh vi vi ph\u1ea1m ph\u00e1p lu\u1eadt n\u00e0o, ch\u00fang t\u00f4i s\u1ebd x\u00f3a n\u1ed9i dung \u0111\u00f3 ngay l\u1eadp t\u1ee9c.<\/p>\n<div class=\"gsp_post_data\" \r\n\t            data-post_type=\"page\" \r\n\t            data-cat=\"\" \r\n\t            data-modified=\"120\"\r\n\t            data-created=\"1705493283\"\r\n\t            data-title=\"Impressum\" \r\n\t            data-home=\"https:\/\/info-to-go.binational-leipzig.de\/vi\"><\/div>","protected":false},"excerpt":{"rendered":"<p>Angaben gem\u00e4\u00df \u00a7 5 TMG Verband binationaler Familien und Partnerschaften, iaf e.V.Ludolfusstra\u00dfe 2 \u2013 460487 Frankfurt am Main Vertreten durch Asiye Bal\u0131k\u00e7\u0131-Schmidt, Natalia Bugaj-Wolfram Besondere Vertreterin gem. \u00a7 30 BGB: N.N. Registergericht: Amtsgericht Frankfurt am Main&nbsp; Vereins-Registernummer: VR 6728 Finanzamt Frankfurt V \u00a0 Steuernummer 014 250 63357 Kontakt Telefon: +49 (0) 69 713 756 \u2013 [&hellip;]<\/p>\n","protected":false},"author":2,"featured_media":0,"parent":0,"menu_order":0,"comment_status":"closed","ping_status":"closed","template":"","meta":{"footnotes":""},"categories":[],"tags":[],"class_list":["post-399","page","type-page","status-publish","hentry"],"_links":{"self":[{"href":"https:\/\/info-to-go.binational-leipzig.de\/vi\/wp-json\/wp\/v2\/pages\/399","targetHints":{"allow":["GET"]}}],"collection":[{"href":"https:\/\/info-to-go.binational-leipzig.de\/vi\/wp-json\/wp\/v2\/pages"}],"about":[{"href":"https:\/\/info-to-go.binational-leipzig.de\/vi\/wp-json\/wp\/v2\/types\/page"}],"author":[{"embeddable":true,"href":"https:\/\/info-to-go.binational-leipzig.de\/vi\/wp-json\/wp\/v2\/users\/2"}],"replies":[{"embeddable":true,"href":"https:\/\/info-to-go.binational-leipzig.de\/vi\/wp-json\/wp\/v2\/comments?post=399"}],"version-history":[{"count":3,"href":"https:\/\/info-to-go.binational-leipzig.de\/vi\/wp-json\/wp\/v2\/pages\/399\/revisions"}],"predecessor-version":[{"id":481,"href":"https:\/\/info-to-go.binational-leipzig.de\/vi\/wp-json\/wp\/v2\/pages\/399\/revisions\/481"}],"wp:attachment":[{"href":"https:\/\/info-to-go.binational-leipzig.de\/vi\/wp-json\/wp\/v2\/media?parent=399"}],"wp:term":[{"taxonomy":"category","embeddable":true,"href":"https:\/\/info-to-go.binational-leipzig.de\/vi\/wp-json\/wp\/v2\/categories?post=399"},{"taxonomy":"post_tag","embeddable":true,"href":"https:\/\/info-to-go.binational-leipzig.de\/vi\/wp-json\/wp\/v2\/tags?post=399"}],"curies":[{"name":"trang web","href":"https:\/\/api.w.org\/{rel}","templated":true}]}}