{"id":598,"date":"2025-06-25T11:47:50","date_gmt":"2025-06-25T09:47:50","guid":{"rendered":"https:\/\/info-to-go.binational-leipzig.de\/?page_id=598"},"modified":"2025-06-25T11:47:51","modified_gmt":"2025-06-25T09:47:51","slug":"barrierefreiheitserklaerung","status":"publish","type":"page","link":"https:\/\/info-to-go.binational-leipzig.de\/vi\/barrierefreiheitserklaerung\/","title":{"rendered":"Tuy\u00ean b\u1ed1 v\u1ec1 kh\u1ea3 n\u0103ng truy c\u1eadp"},"content":{"rendered":"<h3 class=\"wp-block-heading\">Tuy\u00ean b\u1ed1 v\u1ec1 kh\u1ea3 n\u0103ng truy c\u1eadp<\/h3>\n\n\n\n<p><strong>Hi\u1ec7p h\u1ed9i c\u00e1c gia \u0111\u00ecnh v\u00e0 quan h\u1ec7 \u0111\u1ed1i t\u00e1c song ph\u01b0\u01a1ng, iaf eV, v\u0103n ph\u00f2ng Leipzig v\u00e0 v\u0103n ph\u00f2ng t\u01b0 v\u1ea5n<\/strong>&nbsp;c\u1ed1 g\u1eafng l\u00e0m cho trang web c\u1ee7a m\u00ecnh c\u00f3 th\u1ec3 s\u1eed d\u1ee5ng \u0111\u01b0\u1ee3c theo c\u00e1c y\u00eau c\u1ea7u ph\u00e1p l\u00fd li\u00ean quan \u0111\u1ebfn kh\u1ea3 n\u0103ng truy c\u1eadp. Tuy\u00ean b\u1ed1 v\u1ec1 kh\u1ea3 n\u0103ng truy c\u1eadp n\u00e0y \u00e1p d\u1ee5ng cho trang web&nbsp;<a href=\"https:\/\/binational-leipzig.de\/\"><strong>binational-leipzig.de<\/strong><\/a><\/p>\n\n\n\n<hr class=\"wp-block-separator has-alpha-channel-opacity\"\/>\n\n\n\n<h3 class=\"wp-block-heading\"><strong>T\u00ecnh tr\u1ea1ng tu\u00e2n th\u1ee7 c\u00e1c y\u00eau c\u1ea7u<\/strong><\/h3>\n\n\n\n<p>Trang web n\u00e0y l\u00e0&nbsp;<strong>m\u1ed9t ph\u1ea7n<\/strong>&nbsp;v\u1edbi c\u00e1c y\u00eau c\u1ea7u c\u1ee7a&nbsp;<strong>S\u1eafc l\u1ec7nh C\u00f4ng ngh\u1ec7 th\u00f4ng tin kh\u00f4ng r\u00e0o c\u1ea3n (BITV 2.0) v\u00e0 Ch\u1ec9 th\u1ecb EU 2016\/2102<\/strong>&nbsp;Ch\u00fang t\u00f4i li\u00ean t\u1ee5c n\u1ed7 l\u1ef1c \u0111\u1ec3 gi\u1ea3m b\u1edbt nh\u1eefng r\u00e0o c\u1ea3n hi\u1ec7n c\u00f3 v\u00e0 c\u1ea3i thi\u1ec7n t\u00ednh th\u00e2n thi\u1ec7n v\u1edbi ng\u01b0\u1eddi d\u00f9ng cho m\u1ecdi ng\u01b0\u1eddi.<\/p>\n\n\n\n<hr class=\"wp-block-separator has-alpha-channel-opacity\"\/>\n\n\n\n<h3 class=\"wp-block-heading\"><strong>N\u1ed9i dung kh\u00f4ng th\u1ec3 truy c\u1eadp<\/strong><\/h3>\n\n\n\n<p>M\u1eb7c d\u00f9 ch\u00fang t\u00f4i \u0111\u00e3 n\u1ed7 l\u1ef1c nh\u01b0ng v\u1eabn c\u00f3 m\u1ed9t s\u1ed1 khu v\u1ef1c ch\u01b0a th\u1ec3 truy c\u1eadp \u0111\u1ea7y \u0111\u1ee7:<\/p>\n\n\n\n<ul class=\"wp-block-list\">\n<li><strong>T\u00e0i li\u1ec7u PDF<\/strong>: M\u1ed9t s\u1ed1 t\u1ec7p PDF c\u0169 kh\u00f4ng \u0111\u01b0\u1ee3c \u0111\u1ecbnh d\u1ea1ng theo c\u00e1ch d\u1ec5 truy c\u1eadp.<\/li>\n\n\n\n<li><strong>V\u0103n b\u1ea3n thay th\u1ebf<\/strong>: M\u1ed9t s\u1ed1 h\u00ecnh \u1ea3nh ho\u1eb7c th\u00e0nh ph\u1ea7n \u0111\u1ed3 h\u1ecda c\u00f3 th\u1ec3 kh\u00f4ng ch\u1ee9a \u0111\u1ee7 v\u0103n b\u1ea3n thay th\u1ebf.<\/li>\n\n\n\n<li><strong>\u0110i\u1ec1u h\u01b0\u1edbng v\u00e0 kh\u1ea3 n\u0103ng s\u1eed d\u1ee5ng<\/strong>:C\u00e1c th\u00e0nh ph\u1ea7n t\u01b0\u01a1ng t\u00e1c ri\u00eang l\u1ebb c\u00f3 th\u1ec3 kh\u00f4ng \u0111\u01b0\u1ee3c \u0111i\u1ec1u khi\u1ec3n ho\u00e0n to\u00e0n b\u1eb1ng b\u00e0n ph\u00edm.<\/li>\n\n\n\n<li><strong>Video<\/strong>:M\u1ed9t s\u1ed1 video nh\u00fang kh\u00f4ng c\u00f3 ph\u1ee5 \u0111\u1ec1 ho\u1eb7c m\u00f4 t\u1ea3 b\u1eb1ng \u00e2m thanh.<\/li>\n<\/ul>\n\n\n\n<p>Ch\u00fang t\u00f4i \u0111ang n\u1ed7 l\u1ef1c \u0111\u1ec3 d\u1ea7n kh\u1eafc ph\u1ee5c nh\u1eefng thi\u1ebfu s\u00f3t n\u00e0y.<\/p>\n\n\n\n<hr class=\"wp-block-separator has-alpha-channel-opacity\"\/>\n\n\n\n<h3 class=\"wp-block-heading\"><strong>Chu\u1ea9n b\u1ecb b\u1ea3n tuy\u00ean b\u1ed1 n\u00e0y<\/strong><\/h3>\n\n\n\n<p>Tuy\u00ean b\u1ed1 n\u00e0y \u0111\u01b0\u1ee3c \u0111\u01b0a ra v\u00e0o&nbsp;<strong>10.01.2025<\/strong>&nbsp;\u0111\u01b0\u1ee3c t\u1ea1o v\u00e0 c\u1eadp nh\u1eadt l\u1ea7n cu\u1ed1i v\u00e0o&nbsp;<strong>19.02.2025<\/strong>&nbsp;\u0111\u00e3 ki\u1ec3m tra.<br><br>Trang web \u0111\u00e3 \u0111\u01b0\u1ee3c \u0111\u00e1nh gi\u00e1 b\u1edfi m\u1ed9t&nbsp;<strong>t\u1ef1 \u0111\u00e1nh gi\u00e1 n\u1ed9i b\u1ed9<\/strong>&nbsp;c\u0169ng nh\u01b0 s\u1eed d\u1ee5ng c\u00e1c b\u00e0i ki\u1ec3m tra t\u1ef1 \u0111\u1ed9ng.<\/p>\n\n\n\n<hr class=\"wp-block-separator has-alpha-channel-opacity\"\/>\n\n\n\n<h3 class=\"wp-block-heading\"><strong>Ph\u1ea3n h\u1ed3i v\u00e0 th\u00f4ng tin li\u00ean l\u1ea1c<\/strong><\/h3>\n\n\n\n<p>N\u1ebfu b\u1ea1n g\u1eb7p b\u1ea5t k\u1ef3 r\u00e0o c\u1ea3n n\u00e0o tr\u00ean trang web c\u1ee7a ch\u00fang t\u00f4i ho\u1eb7c c\u00f3 \u0111\u1ec1 xu\u1ea5t c\u1ea3i ti\u1ebfn, vui l\u00f2ng li\u00ean h\u1ec7 v\u1edbi ch\u00fang t\u00f4i:<\/p>\n\n\n\n<p>Hi\u1ec7p h\u1ed9i c\u00e1c gia \u0111\u00ecnh v\u00e0 quan h\u1ec7 \u0111\u1ed1i t\u00e1c song ph\u01b0\u01a1ng, iaf eV<br>V\u0103n ph\u00f2ng Kinh doanh v\u00e0 T\u01b0 v\u1ea5n Leipzig<br><br><a href=\"https:\/\/www.google.com\/maps\/place\/Verband+binationaler+Familien+u.+Partnerschaften+e.V.\/@51.3232198,12.3793402,18.79z\/data=!4m5!3m4!1s0x0:0x280bc9ed9b02c389!8m2!3d51.3232449!4d12.3798815\" target=\"_blank\" rel=\"noreferrer noopener\">\u0110\u01b0\u1eddng Arndt 63<br>04275 Leipzig<\/a><br><br>\u0110i\u1ec7n tho\u1ea1i: 0341-6 88 00 22<br>E-mail:&nbsp;<a href=\"http:\/\/leipzig@verband-binationaler-de\/\" rel=\"noreferrer noopener\" target=\"_blank\">leipzig@verband-binaler-de<\/a><\/p>\n\n\n\n<hr class=\"wp-block-separator has-alpha-channel-opacity\"\/>\n\n\n\n<h3 class=\"wp-block-heading\"><strong>Th\u1ee7 t\u1ee5c th\u1ef1c thi<\/strong><\/h3>\n\n\n\n<p>N\u1ebfu th\u1eafc m\u1eafc c\u1ee7a b\u1ea1n li\u00ean quan \u0111\u1ebfn kh\u1ea3 n\u0103ng truy c\u1eadp trang web c\u1ee7a ch\u00fang t\u00f4i kh\u00f4ng \u0111\u01b0\u1ee3c tr\u1ea3 l\u1eddi th\u1ecfa \u0111\u00e1ng, b\u1ea1n c\u00f3 th\u1ec3 li\u00ean h\u1ec7&nbsp;<strong>C\u01a1 quan th\u1ef1c thi&nbsp;<\/strong>quay l\u1ea1i:<\/p>\n\n\n\n<p><strong>C\u01a1 quan gi\u00e1m s\u00e1t Saxony v\u1ec1 kh\u1ea3 n\u0103ng ti\u1ebfp c\u1eadn k\u1ef9 thu\u1eadt s\u1ed1<\/strong><br>B\u1ed9 X\u00e3 h\u1ed9i v\u00e0 G\u1eafn k\u1ebft X\u00e3 h\u1ed9i c\u1ee7a Ti\u1ec3u bang Saxon<br>E-mail:&nbsp;<a href=\"mailto:durchsetzungsstelle@sk.sachsen.de\">durchsetzungsstelle@sk.sachsen.de<\/a><br>Trang web:&nbsp;<a href=\"https:\/\/www.durchsetzungsstelle.sachsen.de\/\" rel=\"noreferrer noopener\" target=\"_blank\">www.durchsetzungsstelle.sachsen.de<\/a><\/p>\n\n\n\n<hr class=\"wp-block-separator has-alpha-channel-opacity\"\/>\n\n\n\n<p>Ch\u00fang t\u00f4i kh\u00f4ng ng\u1eebng n\u1ed7 l\u1ef1c \u0111\u1ec3 s\u1ef1 hi\u1ec7n di\u1ec7n k\u1ef9 thu\u1eadt s\u1ed1 c\u1ee7a m\u00ecnh d\u1ec5 ti\u1ebfp c\u1eadn h\u01a1n v\u1edbi m\u1ecdi ng\u01b0\u1eddi v\u00e0 c\u1ea3m \u01a1n b\u1ea1n \u0111\u00e3 ph\u1ea3n h\u1ed3i!<\/p>\n<div class=\"gsp_post_data\" \r\n\t            data-post_type=\"page\" \r\n\t            data-cat=\"\" \r\n\t            data-modified=\"120\"\r\n\t            data-created=\"1750852070\"\r\n\t            data-title=\"Barrierefreiheitserkl\u00e4rung\" \r\n\t            data-home=\"https:\/\/info-to-go.binational-leipzig.de\/vi\"><\/div>","protected":false},"excerpt":{"rendered":"<p>Erkl\u00e4rung zur Barrierefreiheit Verband binationaler Familien und Partnerschaften, iaf e.V. Gesch\u00e4fts- und Beratungsstelle Leipzig&nbsp;ist bestrebt, ihre Website in \u00dcbereinstimmung mit den gesetzlichen Vorgaben zur Barrierefreiheit nutzbar zu machen. Diese Erkl\u00e4rung zur Barrierefreiheit gilt f\u00fcr die Website&nbsp;binational-leipzig.de Stand der Vereinbarkeit mit den Anforderungen Diese Website ist&nbsp;teilweise&nbsp;mit den Anforderungen der&nbsp;Barrierefreie-Informationstechnik-Verordnung (BITV 2.0) sowie der EU-Richtlinie 2016\/2102&nbsp;vereinbar. Wir [&hellip;]<\/p>\n","protected":false},"author":2,"featured_media":0,"parent":0,"menu_order":0,"comment_status":"closed","ping_status":"closed","template":"","meta":{"footnotes":""},"categories":[],"tags":[],"class_list":["post-598","page","type-page","status-publish","hentry"],"_links":{"self":[{"href":"https:\/\/info-to-go.binational-leipzig.de\/vi\/wp-json\/wp\/v2\/pages\/598","targetHints":{"allow":["GET"]}}],"collection":[{"href":"https:\/\/info-to-go.binational-leipzig.de\/vi\/wp-json\/wp\/v2\/pages"}],"about":[{"href":"https:\/\/info-to-go.binational-leipzig.de\/vi\/wp-json\/wp\/v2\/types\/page"}],"author":[{"embeddable":true,"href":"https:\/\/info-to-go.binational-leipzig.de\/vi\/wp-json\/wp\/v2\/users\/2"}],"replies":[{"embeddable":true,"href":"https:\/\/info-to-go.binational-leipzig.de\/vi\/wp-json\/wp\/v2\/comments?post=598"}],"version-history":[{"count":1,"href":"https:\/\/info-to-go.binational-leipzig.de\/vi\/wp-json\/wp\/v2\/pages\/598\/revisions"}],"predecessor-version":[{"id":599,"href":"https:\/\/info-to-go.binational-leipzig.de\/vi\/wp-json\/wp\/v2\/pages\/598\/revisions\/599"}],"wp:attachment":[{"href":"https:\/\/info-to-go.binational-leipzig.de\/vi\/wp-json\/wp\/v2\/media?parent=598"}],"wp:term":[{"taxonomy":"category","embeddable":true,"href":"https:\/\/info-to-go.binational-leipzig.de\/vi\/wp-json\/wp\/v2\/categories?post=598"},{"taxonomy":"post_tag","embeddable":true,"href":"https:\/\/info-to-go.binational-leipzig.de\/vi\/wp-json\/wp\/v2\/tags?post=598"}],"curies":[{"name":"trang web","href":"https:\/\/api.w.org\/{rel}","templated":true}]}}