{"id":3,"date":"2024-03-11T13:45:00","date_gmt":"2024-03-11T12:45:00","guid":{"rendered":"https:\/\/sprijin.binational-leipzig.de\/?page_id=3"},"modified":"2024-03-11T13:45:51","modified_gmt":"2024-03-11T12:45:51","slug":"datenschutzerklaerung","status":"publish","type":"page","link":"https:\/\/info-to-go.binational-leipzig.de\/zh\/datenschutzerklaerung\/","title":{"rendered":"\u9690\u79c1\u653f\u7b56"},"content":{"rendered":"<p><strong>1. \u6570\u636e\u4fdd\u62a4\u6982\u89c8<\/strong><\/p>\n\n\n\n<p><strong><em>\u4e00\u822c\u4fe1\u606f<\/em><\/strong><\/p>\n\n\n\n<p>\u4ee5\u4e0b\u4fe1\u606f\u7b80\u5355\u6982\u8ff0\u4e86\u60a8\u8bbf\u95ee\u6211\u4eec\u7684\u7f51\u7ad9\u65f6\u60a8\u7684\u4e2a\u4eba\u6570\u636e\u4f1a\u53d1\u751f\u4ec0\u4e48\u60c5\u51b5\u3002\u4e2a\u4eba\u6570\u636e\u662f\u4efb\u4f55\u53ef\u7528\u4e8e\u8bc6\u522b\u60a8\u4e2a\u4eba\u8eab\u4efd\u7684\u6570\u636e\u3002\u6709\u5173\u6570\u636e\u4fdd\u62a4\u7684\u8be6\u7ec6\u4fe1\u606f\uff0c\u8bf7\u53c2\u9605\u672c\u6587\u4e0b\u65b9\u5217\u51fa\u7684\u9690\u79c1\u653f\u7b56\u3002<\/p>\n\n\n\n<p><strong>\u6211\u4eec\u7f51\u7ad9\u4e0a\u7684\u6570\u636e\u6536\u96c6<\/strong><\/p>\n\n\n\n<p><strong><em>\u8c01\u8d1f\u8d23\u672c\u7f51\u7ad9\u7684\u6570\u636e\u6536\u96c6\uff1f<\/em><\/strong><\/p>\n\n\n\n<p>\u672c\u7f51\u7ad9\u7684\u6570\u636e\u5904\u7406\u7531\u7f51\u7ad9\u8fd0\u8425\u5546\u8fdb\u884c\u3002\u60a8\u53ef\u4ee5\u5728\u672c\u7f51\u7ad9\u7684\u7248\u672c\u8bf4\u660e\u4e2d\u627e\u5230\u4ed6\u4eec\u7684\u8054\u7cfb\u65b9\u5f0f\u3002<\/p>\n\n\n\n<p><strong><em>\u6211\u4eec\u5982\u4f55\u6536\u96c6\u60a8\u7684\u6570\u636e\uff1f<\/em><\/strong><\/p>\n\n\n\n<p>\u4e00\u65b9\u9762\uff0c\u5f53\u60a8\u5411\u6211\u4eec\u63d0\u4f9b\u6570\u636e\u65f6\uff0c\u6211\u4eec\u4f1a\u6536\u96c6\u60a8\u7684\u6570\u636e\u3002\u4f8b\u5982\uff0c\u8fd9\u53ef\u80fd\u662f\u60a8\u8f93\u5165\u5230\u8054\u7cfb\u8868\u4e2d\u7684\u6570\u636e\u3002<\/p>\n\n\n\n<p>\u5f53\u60a8\u8bbf\u95ee\u7f51\u7ad9\u65f6\uff0c\u6211\u4eec\u7684 IT \u7cfb\u7edf\u4f1a\u81ea\u52a8\u6536\u96c6\u5176\u4ed6\u6570\u636e\u3002\u8fd9\u4e9b\u4e3b\u8981\u662f\u6280\u672f\u6570\u636e\uff08\u4f8b\u5982\u4e92\u8054\u7f51\u6d4f\u89c8\u5668\u3001\u64cd\u4f5c\u7cfb\u7edf\u6216\u9875\u9762\u8bbf\u95ee\u65f6\u95f4\uff09\u3002\u4e00\u65e6\u60a8\u8fdb\u5165\u6211\u4eec\u7684\u7f51\u7ad9\uff0c\u8fd9\u4e9b\u6570\u636e\u5c31\u4f1a\u88ab\u81ea\u52a8\u6536\u96c6\u3002<\/p>\n\n\n\n<p><strong><em>\u6211\u4eec\u5c06\u4f7f\u7528\u60a8\u7684\u6570\u636e\u505a\u4ec0\u4e48\uff1f<\/em><\/strong><\/p>\n\n\n\n<p>\u6536\u96c6\u4e00\u4e9b\u6570\u636e\u662f\u4e3a\u4e86\u786e\u4fdd\u7f51\u7ad9\u6b63\u5e38\u8fd0\u884c\u3002\u5176\u4ed6\u6570\u636e\u53ef\u80fd\u7528\u4e8e\u5206\u6790\u60a8\u7684\u7528\u6237\u884c\u4e3a\u3002<\/p>\n\n\n\n<p><strong><em>\u60a8\u5bf9\u60a8\u7684\u6570\u636e\u62e5\u6709\u4ec0\u4e48\u6743\u5229\uff1f<\/em><\/strong><\/p>\n\n\n\n<p>\u60a8\u6709\u6743\u968f\u65f6\u514d\u8d39\u83b7\u53d6\u6709\u5173\u60a8\u5b58\u50a8\u7684\u4e2a\u4eba\u6570\u636e\u7684\u6765\u6e90\u3001\u63a5\u6536\u8005\u548c\u76ee\u7684\u7684\u4fe1\u606f\u3002\u60a8\u4e5f\u6709\u6743\u8981\u6c42\u66f4\u6b63\u3001\u963b\u6b62\u6216\u5220\u9664\u8fd9\u4e9b\u6570\u636e\u3002\u5982\u679c\u60a8\u5bf9\u6b64\u6216\u5176\u4ed6\u4e0e\u6570\u636e\u4fdd\u62a4\u76f8\u5173\u7684\u95ee\u9898\u6709\u4efb\u4f55\u7591\u95ee\uff0c\u53ef\u4ee5\u968f\u65f6\u901a\u8fc7\u7248\u6743\u58f0\u660e\u4e2d\u63d0\u4f9b\u7684\u5730\u5740\u4e0e\u6211\u4eec\u8054\u7cfb\u3002\u6b64\u5916\uff0c\u60a8\u8fd8\u6709\u6743\u5411\u4e3b\u7ba1\u76d1\u7763\u673a\u6784\u63d0\u51fa\u6295\u8bc9\u3002<\/p>\n\n\n\n<p><strong>2. \u4e00\u822c\u4fe1\u606f\u548c\u5f3a\u5236\u6027\u4fe1\u606f<\/strong><\/p>\n\n\n\n<p><strong>\u6570\u636e\u4fdd\u62a4<\/strong><\/p>\n\n\n\n<p>\u8fd9\u4e9b\u9875\u9762\u7684\u8fd0\u8425\u5546\u975e\u5e38\u91cd\u89c6\u4fdd\u62a4\u60a8\u7684\u4e2a\u4eba\u6570\u636e\u3002\u6211\u4eec\u4f1a\u5bf9\u60a8\u7684\u4e2a\u4eba\u6570\u636e\u8fdb\u884c\u4fdd\u5bc6\u5904\u7406\uff0c\u5e76\u9075\u5b88\u6cd5\u5b9a\u6570\u636e\u4fdd\u62a4\u6cd5\u89c4\u548c\u672c\u9690\u79c1\u653f\u7b56\u3002<\/p>\n\n\n\n<p>\u5f53\u60a8\u4f7f\u7528\u672c\u7f51\u7ad9\u65f6\uff0c\u5404\u79cd\u4e2a\u4eba\u6570\u636e\u4f1a\u88ab\u6536\u96c6\u3002\u4e2a\u4eba\u6570\u636e\u662f\u53ef\u7528\u4e8e\u8bc6\u522b\u60a8\u4e2a\u4eba\u8eab\u4efd\u7684\u6570\u636e\u3002\u672c\u9690\u79c1\u653f\u7b56\u89e3\u91ca\u4e86\u6211\u4eec\u6536\u96c6\u54ea\u4e9b\u6570\u636e\u4ee5\u53ca\u6211\u4eec\u5982\u4f55\u4f7f\u7528\u8fd9\u4e9b\u6570\u636e\u3002\u5b83\u8fd8\u89e3\u91ca\u4e86\u5982\u4f55\u4ee5\u53ca\u51fa\u4e8e\u4ec0\u4e48\u76ee\u7684\u8fd9\u6837\u505a\u3002<\/p>\n\n\n\n<p>\u6211\u4eec\u60f3\u6307\u51fa\uff0c\u901a\u8fc7\u4e92\u8054\u7f51\u4f20\u8f93\u6570\u636e\uff08\u4f8b\u5982\u901a\u8fc7\u7535\u5b50\u90ae\u4ef6\u901a\u4fe1\u65f6\uff09\u53ef\u80fd\u5b58\u5728\u5b89\u5168\u6f0f\u6d1e\u3002\u5b8c\u5168\u4fdd\u62a4\u6570\u636e\u4e0d\u88ab\u7b2c\u4e09\u65b9\u8bbf\u95ee\u662f\u4e0d\u53ef\u80fd\u7684\u3002<\/p>\n\n\n\n<p><strong><em>\u8d1f\u8d23\u673a\u6784\u8bf4\u660e<\/em><\/strong><\/p>\n\n\n\n<p>\u672c\u7f51\u7ad9\u6570\u636e\u5904\u7406\u7684\u8d1f\u8d23\u673a\u6784\u662f\uff1a<br>\u53cc\u8fb9\u5bb6\u5ead\u548c\u4f19\u4f34\u5173\u7cfb\u534f\u4f1a\uff08iaf eV\uff09<\/p>\n\n\n\n<p>\u9c81\u9053\u592b\u65af\u8857 2 \u2013 4 \u53f7<br>60487 \u6cd5\u5170\u514b\u798f<br>\u7535\u8bdd\uff1a+49 (0) 69 713 756 \u2013 0<br>\u90ae\u7bb1: info@verband-binationaler.de<\/p>\n\n\n\n<p>\u8d1f\u8d23\u673a\u6784\u662f\u81ea\u7136\u4eba\u6216\u6cd5\u4eba\uff0c\u5176\u5355\u72ec\u6216\u4e0e\u4ed6\u4eba\u5171\u540c\u51b3\u5b9a\u5904\u7406\u4e2a\u4eba\u6570\u636e\uff08\u4f8b\u5982\u59d3\u540d\u3001\u7535\u5b50\u90ae\u4ef6\u5730\u5740\u7b49\uff09\u7684\u76ee\u7684\u548c\u65b9\u5f0f\u3002<\/p>\n\n\n\n<p><strong><em>\u64a4\u9500\u60a8\u5bf9\u6570\u636e\u5904\u7406\u7684\u540c\u610f<\/em><\/strong><\/p>\n\n\n\n<p>\u8bb8\u591a\u6570\u636e\u5904\u7406\u64cd\u4f5c\u53ea\u6709\u5728\u60a8\u660e\u786e\u540c\u610f\u7684\u60c5\u51b5\u4e0b\u624d\u53ef\u4ee5\u8fdb\u884c\u3002\u60a8\u53ef\u4ee5\u968f\u65f6\u64a4\u9500\u60a8\u7684\u540c\u610f\u3002\u60a8\u53ea\u9700\u5411\u6211\u4eec\u53d1\u9001\u4e00\u5c01\u975e\u6b63\u5f0f\u7535\u5b50\u90ae\u4ef6\u3002\u64a4\u9500\u4e4b\u524d\u8fdb\u884c\u7684\u6570\u636e\u5904\u7406\u7684\u5408\u6cd5\u6027\u4e0d\u53d7\u64a4\u9500\u7684\u5f71\u54cd\u3002<\/p>\n\n\n\n<p><strong><em>\u5411\u4e3b\u7ba1\u76d1\u7763\u673a\u6784\u63d0\u51fa\u6295\u8bc9\u7684\u6743\u5229<\/em><\/strong><\/p>\n\n\n\n<p>\u5982\u679c\u53d1\u751f\u8fdd\u53cd\u6570\u636e\u4fdd\u62a4\u6cd5\u7684\u60c5\u51b5\uff0c\u5f53\u4e8b\u4eba\u6709\u6743\u5411\u4e3b\u7ba1\u76d1\u7763\u673a\u6784\u63d0\u51fa\u6295\u8bc9\u3002\u8d1f\u8d23\u6570\u636e\u4fdd\u62a4\u95ee\u9898\u7684\u76d1\u7763\u673a\u6784\u662f\u9ed1\u68ee\u5dde\u56fd\u5bb6\u6570\u636e\u4fdd\u62a4\u4e13\u5458\u3002<br><a href=\"http:\/\/www.datenschutz.hessen.de\/\" rel=\"noreferrer noopener\" target=\"_blank\">www.datenschutz.hessen.de<\/a><\/p>\n\n\n\n<p><strong><em>\u6570\u636e\u53ef\u643a\u5e26\u6743<\/em><\/strong><\/p>\n\n\n\n<p>\u60a8\u6709\u6743\u8981\u6c42\u6211\u4eec\u6839\u636e\u60a8\u7684\u540c\u610f\u6216\u4e3a\u5c65\u884c\u5408\u540c\u800c\u81ea\u52a8\u5904\u7406\u6570\u636e\uff0c\u5e76\u4ee5\u901a\u7528\u7684\u3001\u673a\u5668\u53ef\u8bfb\u7684\u683c\u5f0f\u5c06\u6570\u636e\u4ea4\u7ed9\u60a8\u6216\u7b2c\u4e09\u65b9\u3002\u5982\u679c\u60a8\u8981\u6c42\u5c06\u6570\u636e\u76f4\u63a5\u4f20\u8f93\u7ed9\u53e6\u4e00\u4e2a\u8d23\u4efb\u65b9\uff0c\u5219\u53ea\u6709\u5728\u6280\u672f\u53ef\u884c\u7684\u60c5\u51b5\u4e0b\u624d\u4f1a\u8fd9\u6837\u505a\u3002<\/p>\n\n\n\n<p><strong><em>SSL \u6216 TLS \u52a0\u5bc6<\/em><\/strong><\/p>\n\n\n\n<p>\u51fa\u4e8e\u5b89\u5168\u539f\u56e0\u5e76\u4e3a\u4e86\u4fdd\u62a4\u673a\u5bc6\u5185\u5bb9\u7684\u4f20\u8f93\uff0c\u4f8b\u5982\u60a8\u4f5c\u4e3a\u7f51\u7ad9\u8fd0\u8425\u5546\u53d1\u9001\u7ed9\u6211\u4eec\u7684\u8ba2\u5355\u6216\u67e5\u8be2\uff0c\u672c\u7f51\u7ad9\u4f7f\u7528 SSL \u6216 TLS \u52a0\u5bc6\u3002 TLS \u52a0\u5bc6\u3002\u60a8\u53ef\u4ee5\u901a\u8fc7\u6d4f\u89c8\u5668\u5730\u5740\u680f\u4ece\u201chttp:\/\/\u201d\u53d8\u4e3a\u201chttps:\/\/\u201d\u4ee5\u53ca\u6d4f\u89c8\u5668\u884c\u4e2d\u7684\u9501\u5b9a\u7b26\u53f7\u6765\u8bc6\u522b\u52a0\u5bc6\u8fde\u63a5\u3002<\/p>\n\n\n\n<p>\u5982\u679c\u6fc0\u6d3b\u4e86 SSL \u6216 TLS \u52a0\u5bc6\uff0c\u60a8\u53d1\u9001\u7ed9\u6211\u4eec\u7684\u6570\u636e\u5c06\u65e0\u6cd5\u88ab\u7b2c\u4e09\u65b9\u8bfb\u53d6\u3002<\/p>\n\n\n\n<p><strong><em>\u4fe1\u606f\u3001\u963b\u6b62\u3001\u5220\u9664<\/em><\/strong><\/p>\n\n\n\n<p>\u5728\u9002\u7528\u6cd5\u5f8b\u89c4\u5b9a\u7684\u6846\u67b6\u5185\uff0c\u60a8\u6709\u6743\u968f\u65f6\u514d\u8d39\u83b7\u53d6\u6709\u5173\u60a8\u5b58\u50a8\u7684\u4e2a\u4eba\u6570\u636e\u3001\u5176\u6765\u6e90\u548c\u63a5\u6536\u8005\u4ee5\u53ca\u6570\u636e\u5904\u7406\u7684\u76ee\u7684\u7684\u4fe1\u606f\uff0c\u5e76\u4e14\u5982\u679c\u9002\u7528\uff0c\u6709\u6743\u66f4\u6b63\u3001\u963b\u6b62\u6216\u5220\u9664\u8fd9\u4e9b\u6570\u636e\u3002\u5982\u679c\u60a8\u5bf9\u6b64\u6216\u5176\u4ed6\u4e0e\u4e2a\u4eba\u6570\u636e\u76f8\u5173\u7684\u95ee\u9898\u6709\u4efb\u4f55\u7591\u95ee\uff0c\u53ef\u4ee5\u968f\u65f6\u901a\u8fc7\u7248\u6743\u58f0\u660e\u4e2d\u63d0\u4f9b\u7684\u5730\u5740\u4e0e\u6211\u4eec\u8054\u7cfb\u3002<\/p>\n\n\n\n<p><strong><em>\u53cd\u5bf9\u5e7f\u544a\u90ae\u4ef6<\/em><\/strong><\/p>\n\n\n\n<p>\u7981\u6b62\u4f7f\u7528\u5728\u7248\u6743\u4e49\u52a1\u8303\u56f4\u5185\u53d1\u5e03\u7684\u8054\u7cfb\u6570\u636e\u53d1\u9001\u672a\u7ecf\u8bf7\u6c42\u7684\u5e7f\u544a\u548c\u4fe1\u606f\u6750\u6599\u3002\u5982\u679c\u53d1\u751f\u672a\u7ecf\u8bf7\u6c42\u7684\u5e7f\u544a\u4fe1\u606f\uff08\u4f8b\u5982\u901a\u8fc7\u5783\u573e\u90ae\u4ef6\uff09\u7684\u60c5\u51b5\uff0c\u7f51\u7ad9\u8fd0\u8425\u5546\u660e\u786e\u4fdd\u7559\u91c7\u53d6\u6cd5\u5f8b\u884c\u52a8\u7684\u6743\u5229\u3002<\/p>\n\n\n\n<p><strong>3.\u6570\u636e\u4fdd\u62a4\u5b98<\/strong><\/p>\n\n\n\n<p><strong>\u6cd5\u5f8b\u8981\u6c42\u7684\u6570\u636e\u4fdd\u62a4\u5b98<\/strong><\/p>\n\n\n\n<p>\u6211\u4eec\u5df2\u4e3a\u516c\u53f8\u4efb\u547d\u4e86\u4e00\u540d\u5185\u90e8\u6570\u636e\u4fdd\u62a4\u5b98\uff1a<br>\u53cc\u8fb9\u5bb6\u5ead\u548c\u4f19\u4f34\u5173\u7cfb\u534f\u4f1a\uff08iaf eV\uff09<\/p>\n\n\n\n<p>\u9c81\u9053\u592b\u65af\u8857 2 \u2013 4 \u53f7<br>60487 \u6cd5\u5170\u514b\u798f<br>\u7535\u8bdd\uff1a+49 (0) 69 713 756 \u2013 0<br>\u90ae\u7bb1: datenschutz@verband-binationaler.de<\/p>\n\n\n\n<p><strong>4. \u6211\u4eec\u7f51\u7ad9\u4e0a\u7684\u6570\u636e\u6536\u96c6<\/strong><\/p>\n\n\n\n<p><strong>\u66f2\u5947\u997c<\/strong><\/p>\n\n\n\n<p>\u4e00\u4e9b\u4e92\u8054\u7f51\u9875\u9762\u4f7f\u7528\u6240\u8c13\u7684 cookie\u3002 Cookies \u4e0d\u4f1a\u5bf9\u60a8\u7684\u8ba1\u7b97\u673a\u9020\u6210\u4efb\u4f55\u635f\u5bb3\uff0c\u4e5f\u4e0d\u5305\u542b\u4efb\u4f55\u75c5\u6bd2\u3002\u4f7f\u7528 Cookies \u662f\u4e3a\u4e86\u4f7f\u6211\u4eec\u7684\u670d\u52a1\u66f4\u52a0\u7528\u6237\u53cb\u597d\u3001\u6709\u6548\u548c\u5b89\u5168\u3002 Cookie \u662f\u5b58\u50a8\u5728\u60a8\u7684\u8ba1\u7b97\u673a\u4e0a\u5e76\u7531\u60a8\u7684\u6d4f\u89c8\u5668\u4fdd\u5b58\u7684\u5c0f\u578b\u6587\u672c\u6587\u4ef6\u3002<\/p>\n\n\n\n<p>\u6211\u4eec\u4f7f\u7528\u7684\u5927\u591a\u6570 cookie \u90fd\u662f\u6240\u8c13\u7684\u201c\u4f1a\u8bdd cookie\u201d\u3002\u60a8\u8bbf\u95ee\u540e\u5b83\u4eec\u4f1a\u88ab\u81ea\u52a8\u5220\u9664\u3002\u5176\u4ed6 cookie \u4f1a\u4e00\u76f4\u5b58\u50a8\u5728\u60a8\u7684\u8bbe\u5907\u4e0a\uff0c\u76f4\u5230\u60a8\u5220\u9664\u5b83\u4eec\u4e3a\u6b62\u3002\u8fd9\u4e9b cookie \u4f7f\u6211\u4eec\u80fd\u591f\u5728\u60a8\u4e0b\u6b21\u8bbf\u95ee\u65f6\u8bc6\u522b\u60a8\u7684\u6d4f\u89c8\u5668\u3002<\/p>\n\n\n\n<p>\u60a8\u53ef\u4ee5\u8bbe\u7f6e\u60a8\u7684\u6d4f\u89c8\u5668\uff0c\u4ee5\u4fbf\u60a8\u4e86\u89e3 cookie \u7684\u8bbe\u7f6e\uff0c\u5e76\u4e14\u4ec5\u5728\u4e2a\u522b\u60c5\u51b5\u4e0b\u5141\u8bb8 cookie\uff0c\u5728\u7279\u5b9a\u60c5\u51b5\u4e0b\u6216\u4e00\u822c\u60c5\u51b5\u4e0b\u6392\u9664\u63a5\u53d7 cookie\uff0c\u5e76\u5728\u5173\u95ed\u6d4f\u89c8\u5668\u65f6\u6fc0\u6d3b cookie \u7684\u81ea\u52a8\u5220\u9664\u3002\u5982\u679c\u7981\u7528 cookie\uff0c\u672c\u7f51\u7ad9\u7684\u529f\u80fd\u53ef\u80fd\u4f1a\u53d7\u5230\u9650\u5236\u3002<\/p>\n\n\n\n<p>\u6267\u884c\u7535\u5b50\u901a\u4fe1\u8fc7\u7a0b\u6216\u63d0\u4f9b\u60a8\u6240\u9700\u7684\u67d0\u4e9b\u529f\u80fd\uff08\u4f8b\u5982\u8d2d\u7269\u8f66\u529f\u80fd\uff09\u6240\u5fc5\u9700\u7684 Cookie \u5c06\u6839\u636e Art \u8fdb\u884c\u5b58\u50a8\u3002 GDPR \u7b2c 6\uff081\uff09\uff08f\uff09\u6761\u3002\u7f51\u7ad9\u8fd0\u8425\u5546\u6709\u5408\u6cd5\u6743\u76ca\u5b58\u50a8 cookie\uff0c\u4ee5\u786e\u4fdd\u6280\u672f\u4e0a\u65e0\u9519\u8bef\u4e14\u4f18\u5316\u5730\u63d0\u4f9b\u5176\u670d\u52a1\u3002\u5982\u679c\u5b58\u50a8\u4e86\u5176\u4ed6 cookie\uff08\u4f8b\u5982\u7528\u4e8e\u5206\u6790\u60a8\u7684\u6d4f\u89c8\u884c\u4e3a\u7684 cookie\uff09\uff0c\u5219\u8fd9\u4e9b cookie \u5c06\u5728\u672c\u9690\u79c1\u653f\u7b56\u4e2d\u5355\u72ec\u5904\u7406\u3002<\/p>\n\n\n\n<p><strong>\u670d\u52a1\u5668\u65e5\u5fd7\u6587\u4ef6<\/strong><\/p>\n\n\n\n<p>\u9875\u9762\u63d0\u4f9b\u5546\u4f1a\u81ea\u52a8\u6536\u96c6\u4fe1\u606f\u5e76\u5c06\u5176\u5b58\u50a8\u5728\u6240\u8c13\u7684\u670d\u52a1\u5668\u65e5\u5fd7\u6587\u4ef6\u4e2d\uff0c\u60a8\u7684\u6d4f\u89c8\u5668\u4f1a\u81ea\u52a8\u5c06\u8fd9\u4e9b\u4fe1\u606f\u4f20\u8f93\u7ed9\u6211\u4eec\u3002\u8fd9\u4e9b\u90fd\u662f\uff1a<\/p>\n\n\n\n<p>&nbsp;&nbsp;&nbsp; \u6d4f\u89c8\u5668\u7c7b\u578b\u548c\u7248\u672c<\/p>\n\n\n\n<p>&nbsp;&nbsp;&nbsp; \u4f7f\u7528\u7684\u64cd\u4f5c\u7cfb\u7edf<\/p>\n\n\n\n<p>&nbsp;&nbsp;&nbsp; \u5f15\u8350\u6765\u6e90\u7f51\u5740<\/p>\n\n\n\n<p>&nbsp;&nbsp;&nbsp; \u8bbf\u95ee\u8ba1\u7b97\u673a\u7684\u4e3b\u673a\u540d<\/p>\n\n\n\n<p>&nbsp;&nbsp;&nbsp; \u670d\u52a1\u5668\u8bf7\u6c42\u7684\u65f6\u95f4<\/p>\n\n\n\n<p>&nbsp;&nbsp;&nbsp; IP \u5730\u5740<\/p>\n\n\n\n<p>\u8be5\u6570\u636e\u4e0d\u4f1a\u4e0e\u5176\u4ed6\u6570\u636e\u6e90\u5408\u5e76\u3002<\/p>\n\n\n\n<p>\u6570\u636e\u5904\u7406\u7684\u57fa\u7840\u662f\u827a\u672f\u3002 GDPR \u7b2c 6\uff081\uff09\uff08f\uff09\u6761\u5141\u8bb8\u5904\u7406\u6570\u636e\u4ee5\u5c65\u884c\u5408\u540c\u6216\u91c7\u53d6\u5408\u540c\u524d\u63aa\u65bd\u3002<\/p>\n\n\n\n<p><strong>5.\u63d2\u4ef6\u548c\u5de5\u5177<\/strong><\/p>\n\n\n\n<p><strong>Google Web \u5b57\u4f53<\/strong><\/p>\n\n\n\n<p>\u672c\u7f51\u7ad9\u4f7f\u7528 Google \u63d0\u4f9b\u7684\u6240\u8c13\u7f51\u7edc\u5b57\u4f53\uff0c\u4ee5\u5b9e\u73b0\u5b57\u4f53\u7684\u7edf\u4e00\u663e\u793a\u3002\u5f53\u60a8\u8bbf\u95ee\u9875\u9762\u65f6\uff0c\u60a8\u7684\u6d4f\u89c8\u5668\u4f1a\u5c06\u6240\u9700\u7684\u7f51\u7edc\u5b57\u4f53\u52a0\u8f7d\u5230\u6d4f\u89c8\u5668\u7f13\u5b58\u4e2d\uff0c\u4ee5\u4fbf\u6b63\u786e\u663e\u793a\u6587\u672c\u548c\u5b57\u4f53\u3002<\/p>\n\n\n\n<p>\u4e3a\u6b64\uff0c\u60a8\u4f7f\u7528\u7684\u6d4f\u89c8\u5668\u5fc5\u987b\u8fde\u63a5\u5230 Google \u7684\u670d\u52a1\u5668\u3002\u8fd9\u8ba9 Google \u77e5\u9053\u6211\u4eec\u7684\u7f51\u7ad9\u662f\u901a\u8fc7\u60a8\u7684 IP \u5730\u5740\u8bbf\u95ee\u7684\u3002\u6211\u4eec\u4f7f\u7528 Google Web Fonts \u6765\u7edf\u4e00\u4e14\u6709\u5438\u5f15\u529b\u5730\u5448\u73b0\u6211\u4eec\u7684\u5728\u7ebf\u4ea7\u54c1\u3002\u8fd9\u4ee3\u8868\u4e86\u827a\u672f\u610f\u4e49\u5185\u7684\u5408\u6cd5\u5229\u76ca\u3002 GDPR \u7b2c 6\uff081\uff09\uff08f\uff09\u6761\u3002<\/p>\n\n\n\n<p>\u5982\u679c\u60a8\u7684\u6d4f\u89c8\u5668\u4e0d\u652f\u6301\u7f51\u7edc\u5b57\u4f53\uff0c\u5219\u5c06\u4f7f\u7528\u60a8\u8ba1\u7b97\u673a\u4e0a\u7684\u6807\u51c6\u5b57\u4f53\u3002<\/p>\n\n\n\n<p>\u6709\u5173 Google Web Fonts \u7684\u66f4\u591a\u4fe1\u606f\uff0c\u8bf7\u53c2\u9605 <a href=\"https:\/\/developers.google.com\/fonts\/faq\" target=\"_blank\" rel=\"noreferrer noopener\">https:\/\/developers.google.com\/fonts\/faq<\/a>  \u4ee5\u53ca\u8c37\u6b4c\u7684\u9690\u79c1\u653f\u7b56\uff1a\u00a0<a href=\"https:\/\/www.google.com\/policies\/privacy\/\" target=\"_blank\" rel=\"noreferrer noopener\">https:\/\/www.google.com\/policies\/privacy\/<\/a>.<\/p>\n<div class=\"gsp_post_data\" \r\n\t            data-post_type=\"page\" \r\n\t            data-cat=\"\" \r\n\t            data-modified=\"120\"\r\n\t            data-created=\"1710164700\"\r\n\t            data-title=\"Datenschutzerkl\u00e4rung\" \r\n\t            data-home=\"https:\/\/info-to-go.binational-leipzig.de\/zh\"><\/div>","protected":false},"excerpt":{"rendered":"<p>1. Datenschutz auf einen Blick Allgemeine Hinweise Die folgenden Hinweise geben einen einfachen \u00dcberblick dar\u00fcber, was mit Ihren personenbezogenen Daten passiert, wenn Sie unsere Website besuchen. Personenbezogene Daten sind alle Daten, mit denen Sie pers\u00f6nlich identifiziert werden k\u00f6nnen. Ausf\u00fchrliche Informationen zum Thema Datenschutz entnehmen Sie unserer unter diesem Text aufgef\u00fchrten Datenschutzerkl\u00e4rung. Datenerfassung auf unserer Website [&hellip;]<\/p>\n","protected":false},"author":1,"featured_media":0,"parent":0,"menu_order":0,"comment_status":"closed","ping_status":"open","template":"","meta":{"footnotes":""},"categories":[],"tags":[],"class_list":["post-3","page","type-page","status-publish","hentry"],"_links":{"self":[{"href":"https:\/\/info-to-go.binational-leipzig.de\/zh\/wp-json\/wp\/v2\/pages\/3","targetHints":{"allow":["GET"]}}],"collection":[{"href":"https:\/\/info-to-go.binational-leipzig.de\/zh\/wp-json\/wp\/v2\/pages"}],"about":[{"href":"https:\/\/info-to-go.binational-leipzig.de\/zh\/wp-json\/wp\/v2\/types\/page"}],"author":[{"embeddable":true,"href":"https:\/\/info-to-go.binational-leipzig.de\/zh\/wp-json\/wp\/v2\/users\/1"}],"replies":[{"embeddable":true,"href":"https:\/\/info-to-go.binational-leipzig.de\/zh\/wp-json\/wp\/v2\/comments?post=3"}],"version-history":[{"count":1,"href":"https:\/\/info-to-go.binational-leipzig.de\/zh\/wp-json\/wp\/v2\/pages\/3\/revisions"}],"predecessor-version":[{"id":447,"href":"https:\/\/info-to-go.binational-leipzig.de\/zh\/wp-json\/wp\/v2\/pages\/3\/revisions\/447"}],"wp:attachment":[{"href":"https:\/\/info-to-go.binational-leipzig.de\/zh\/wp-json\/wp\/v2\/media?parent=3"}],"wp:term":[{"taxonomy":"category","embeddable":true,"href":"https:\/\/info-to-go.binational-leipzig.de\/zh\/wp-json\/wp\/v2\/categories?post=3"},{"taxonomy":"post_tag","embeddable":true,"href":"https:\/\/info-to-go.binational-leipzig.de\/zh\/wp-json\/wp\/v2\/tags?post=3"}],"curies":[{"name":"wp","href":"https:\/\/api.w.org\/{rel}","templated":true}]}}