{"id":399,"date":"2024-01-17T12:08:03","date_gmt":"2024-01-17T11:08:03","guid":{"rendered":"https:\/\/info-to-go.binational-leipzig.de\/?page_id=399"},"modified":"2024-07-31T12:56:05","modified_gmt":"2024-07-31T10:56:05","slug":"impressum","status":"publish","type":"page","link":"https:\/\/info-to-go.binational-leipzig.de\/zh\/impressum\/","title":{"rendered":"\u5370\u8bb0"},"content":{"rendered":"<p><strong>\u6839\u636e TMG \u7b2c 5 \u6761\u89c4\u5b9a\u63d0\u4f9b\u7684\u4fe1\u606f<\/strong><\/p>\n\n\n\n<p>\u53cc\u8fb9\u5bb6\u5ead\u548c\u4f19\u4f34\u5173\u7cfb\u534f\u4f1a\uff08iaf eV\uff09<br>\u9c81\u9053\u592b\u65af\u8857 2 \u2013 4 \u53f7<br>60487 \u6cd5\u5170\u514b\u798f<\/p>\n\n\n\n<p><strong>\u4ee3\u8868<\/strong><\/p>\n\n\n\n<p>\u963f\u897f\u8036\u00b7\u5df4\u52d2\u514b\u5947\u00b7\u65bd\u5bc6\u7279\u3001\u5a1c\u5854\u8389\u4e9a\u00b7\u5e03\u52a0\u5409\u00b7\u6c83\u5c14\u592b\u62c9\u59c6<\/p>\n\n\n\n<p>\u6839\u636e\u300a\u5fb7\u56fd\u6c11\u6cd5\u5178\u300b\u7b2c 30 \u6761\u7684\u7279\u522b\u4ee3\u8868\uff1aNN<\/p>\n\n\n\n<p>\u767b\u8bb0\u6cd5\u9662\uff1a<\/p>\n\n\n\n<p>\u6cd5\u5170\u514b\u798f\u5730\u65b9\u6cd5\u9662\u534f\u4f1a\u6ce8\u518c\u53f7\uff1aVR 6728<\/p>\n\n\n\n<p>\u6cd5\u5170\u514b\u798f\u7a0e\u52a1\u5c40 V \u7a0e\u53f7 014 250 63357<\/p>\n\n\n\n<p><strong>\u63a5\u89e6<\/strong><\/p>\n\n\n\n<p>\u7535\u8bdd\uff1a+49 (0) 69 713 756 \u2013 0<br>\u4f20\u771f\uff1a+49 (0) 69 707 50 92<br>\u90ae\u7bb1: info@verband-binationaler.de<\/p>\n\n\n\n<p><strong>\u767b\u8bb0\u6761\u76ee<\/strong><\/p>\n\n\n\n<p>\u5728\u793e\u56e2\u767b\u8bb0\u518c\u4e2d\u767b\u8bb0\u3002<br>\u6ce8\u518c\u6cd5\u9662\uff1a\u6cd5\u5170\u514b\u798f\u5730\u65b9\u6cd5\u9662<br>\u6ce8\u518c\u7f16\u53f7\uff1aVR 6728<\/p>\n\n\n\n<p><strong>\u589e\u503c\u7a0e<\/strong><\/p>\n\n\n\n<p>\u6839\u636e\u589e\u503c\u7a0e\u6cd5\u7b2c 27a \u6761\u89c4\u5b9a\u7684\u589e\u503c\u7a0e\u8bc6\u522b\u53f7\uff1a<br>DE114234727<\/p>\n\n\n\n<p><strong>\u4e89\u8bae\u89e3\u51b3<\/strong><\/p>\n\n\n\n<p>\u6211\u4eec\u4e0d\u613f\u610f\u6216\u6ca1\u6709\u4e49\u52a1\u53c2\u4e0e\u6d88\u8d39\u8005\u4ef2\u88c1\u59d4\u5458\u4f1a\u7684\u4e89\u8bae\u89e3\u51b3\u7a0b\u5e8f\u3002<\/p>\n\n\n\n<p><strong>\u6765\u6e90<\/strong><\/p>\n\n\n\n<p>\u6280\u672f\u5b9e\u65bd\uff1aStephan Wein \u548c Ahmet Erdem \u015eent\u00fcrk<br>\u7f51\u9875\u8bbe\u8ba1\uff1a\u514b\u91cc\u65af\u00b7\u65bd\u8010\u5fb7<\/p>\n\n\n\n<p><strong>\u7167\u7247<\/strong><\/p>\n\n\n\n<p>\u201c\u6211\u4eec\u662f\u8c01\u201d\uff1a\u7a46\u7f55\u9ed8\u5fb7\u00b7\u963f\u5c14\u5df4\u683c<\/p>\n\n\n\n<p><strong>\u6cd5\u5f8b\u58f0\u660e<\/strong><\/p>\n\n\n\n<p>\u5185\u5bb9\u8d23\u4efb<\/p>\n\n\n\n<p>\u4f5c\u4e3a\u670d\u52a1\u63d0\u4f9b\u5546\uff0c\u6211\u4eec\u6839\u636e\u5fb7\u56fd\u7535\u4fe1\u5a92\u4f53\u6cd5 (TMG) \u7b2c 7 (1) \u6761\u5bf9\u8fd9\u4e9b\u9875\u9762\u4e0a\u7684\u81ea\u8eab\u5185\u5bb9\u8d1f\u8d23\u3002\u7136\u800c\uff0c\u6839\u636e\u5fb7\u56fd\u7535\u4fe1\u5a92\u4f53\u6cd5\uff08TMG\uff09\u7b2c 8 \u81f3 10 \u6761\uff0c\u4f5c\u4e3a\u670d\u52a1\u63d0\u4f9b\u5546\uff0c\u6211\u4eec\u6ca1\u6709\u4e49\u52a1\u76d1\u63a7\u4f20\u8f93\u6216\u5b58\u50a8\u7684\u7b2c\u4e09\u65b9\u4fe1\u606f\uff0c\u6216\u8c03\u67e5\u8868\u660e\u5b58\u5728\u975e\u6cd5\u6d3b\u52a8\u7684\u60c5\u51b5\u3002<\/p>\n\n\n\n<p>\u6839\u636e\u4e00\u822c\u6cd5\u5f8b\u5220\u9664\u6216\u963b\u6b62\u4f7f\u7528\u4fe1\u606f\u7684\u4e49\u52a1\u4e0d\u53d7\u5f71\u54cd\u3002\u7136\u800c\uff0c\u53ea\u6709\u4ece\u77e5\u6653\u5177\u4f53\u8fdd\u6cd5\u884c\u4e3a\u65f6\u624d\u6709\u53ef\u80fd\u627f\u62c5\u8fd9\u65b9\u9762\u7684\u8d23\u4efb\u3002\u5982\u679c\u6211\u4eec\u53d1\u73b0\u4efb\u4f55\u6b64\u7c7b\u8fdd\u6cd5\u884c\u4e3a\uff0c\u6211\u4eec\u5c06\u7acb\u5373\u5220\u9664\u6b64\u7c7b\u5185\u5bb9\u3002<\/p>\n\n\n\n<p><strong>\u94fe\u63a5\u8d23\u4efb<\/strong><\/p>\n\n\n\n<p>\u6211\u4eec\u63d0\u4f9b\u7684\u5185\u5bb9\u5305\u542b\u6307\u5411\u5916\u90e8\u7b2c\u4e09\u65b9\u7f51\u7ad9\u7684\u94fe\u63a5\uff0c\u6211\u4eec\u5bf9\u5176\u5185\u5bb9\u6ca1\u6709\u5f71\u54cd\u3002\u56e0\u6b64\uff0c\u6211\u4eec\u5bf9\u6b64\u5916\u90e8\u5185\u5bb9\u4e0d\u627f\u62c5\u4efb\u4f55\u8d23\u4efb\u3002\u9875\u9762\u7684\u76f8\u5e94\u63d0\u4f9b\u5546\u6216\u8fd0\u8425\u5546\u59cb\u7ec8\u5bf9\u94fe\u63a5\u9875\u9762\u7684\u5185\u5bb9\u8d1f\u8d23\u3002\u5728\u94fe\u63a5\u65f6\u68c0\u67e5\u4e86\u94fe\u63a5\u9875\u9762\u662f\u5426\u5b58\u5728\u53ef\u80fd\u7684\u6cd5\u5f8b\u8fdd\u89c4\u884c\u4e3a\u3002\u94fe\u63a5\u65f6\u65e0\u6cd5\u8bc6\u522b\u975e\u6cd5\u5185\u5bb9\u3002<\/p>\n\n\n\n<p>\u7136\u800c\uff0c\u5982\u679c\u6ca1\u6709\u786e\u51ff\u7684\u8fdd\u6cd5\u8bc1\u636e\uff0c\u5bf9\u94fe\u63a5\u9875\u9762\u7684\u5185\u5bb9\u8fdb\u884c\u6301\u7eed\u76d1\u63a7\u662f\u4e0d\u5408\u7406\u7684\u3002\u5982\u679c\u6211\u4eec\u53d1\u73b0\u4efb\u4f55\u8fdd\u6cd5\u884c\u4e3a\uff0c\u6211\u4eec\u5c06\u7acb\u5373\u5220\u9664\u6b64\u7c7b\u94fe\u63a5\u3002<\/p>\n\n\n\n<p><strong>\u7248\u6743<\/strong><\/p>\n\n\n\n<p>\u7f51\u7ad9\u8fd0\u8425\u5546\u521b\u5efa\u7684\u8fd9\u4e9b\u9875\u9762\u4e0a\u7684\u5185\u5bb9\u548c\u4f5c\u54c1\u53d7\u5fb7\u56fd\u7248\u6743\u6cd5\u7684\u4fdd\u62a4\u3002\u590d\u5236\u3001\u52a0\u5de5\u3001\u5206\u53d1\u4ee5\u53ca\u4efb\u4f55\u8d85\u51fa\u7248\u6743\u6cd5\u8303\u56f4\u7684\u5229\u7528\u5747\u9700\u83b7\u5f97\u76f8\u5e94\u4f5c\u8005\u6216\u521b\u4f5c\u8005\u7684\u4e66\u9762\u540c\u610f\u3002\u672c\u7f51\u7ad9\u7684\u4e0b\u8f7d\u548c\u590d\u5236\u4ec5\u5141\u8bb8\u7528\u4e8e\u79c1\u4eba\u3001\u975e\u5546\u4e1a\u7528\u9014\u3002<\/p>\n\n\n\n<p>\u5982\u679c\u672c\u7f51\u7ad9\u7684\u5185\u5bb9\u4e0d\u662f\u7531\u8fd0\u8425\u5546\u521b\u5efa\u7684\uff0c\u5219\u5c0a\u91cd\u7b2c\u4e09\u65b9\u7684\u7248\u6743\u3002\u7279\u522b\u662f\u7b2c\u4e09\u65b9\u5185\u5bb9\u88ab\u6807\u8bb0\u4e3a\u8fd9\u6837\u3002\u5982\u679c\u60a8\u4ecd\u7136\u610f\u8bc6\u5230\u7248\u6743\u4fb5\u6743\uff0c\u6211\u4eec\u8981\u6c42\u60a8\u76f8\u5e94\u5730\u901a\u77e5\u6211\u4eec\u3002\u5982\u679c\u6211\u4eec\u53d1\u73b0\u4efb\u4f55\u8fdd\u6cd5\u884c\u4e3a\uff0c\u6211\u4eec\u5c06\u7acb\u5373\u5220\u9664\u6b64\u7c7b\u5185\u5bb9\u3002<\/p>\n<div class=\"gsp_post_data\" \r\n\t            data-post_type=\"page\" \r\n\t            data-cat=\"\" \r\n\t            data-modified=\"120\"\r\n\t            data-created=\"1705493283\"\r\n\t            data-title=\"Impressum\" \r\n\t            data-home=\"https:\/\/info-to-go.binational-leipzig.de\/zh\"><\/div>","protected":false},"excerpt":{"rendered":"<p>Angaben gem\u00e4\u00df \u00a7 5 TMG Verband binationaler Familien und Partnerschaften, iaf e.V.Ludolfusstra\u00dfe 2 \u2013 460487 Frankfurt am Main Vertreten durch Asiye Bal\u0131k\u00e7\u0131-Schmidt, Natalia Bugaj-Wolfram Besondere Vertreterin gem. \u00a7 30 BGB: N.N. Registergericht: Amtsgericht Frankfurt am Main&nbsp; Vereins-Registernummer: VR 6728 Finanzamt Frankfurt V \u00a0 Steuernummer 014 250 63357 Kontakt Telefon: +49 (0) 69 713 756 \u2013 [&hellip;]<\/p>\n","protected":false},"author":2,"featured_media":0,"parent":0,"menu_order":0,"comment_status":"closed","ping_status":"closed","template":"","meta":{"footnotes":""},"categories":[],"tags":[],"class_list":["post-399","page","type-page","status-publish","hentry"],"_links":{"self":[{"href":"https:\/\/info-to-go.binational-leipzig.de\/zh\/wp-json\/wp\/v2\/pages\/399","targetHints":{"allow":["GET"]}}],"collection":[{"href":"https:\/\/info-to-go.binational-leipzig.de\/zh\/wp-json\/wp\/v2\/pages"}],"about":[{"href":"https:\/\/info-to-go.binational-leipzig.de\/zh\/wp-json\/wp\/v2\/types\/page"}],"author":[{"embeddable":true,"href":"https:\/\/info-to-go.binational-leipzig.de\/zh\/wp-json\/wp\/v2\/users\/2"}],"replies":[{"embeddable":true,"href":"https:\/\/info-to-go.binational-leipzig.de\/zh\/wp-json\/wp\/v2\/comments?post=399"}],"version-history":[{"count":3,"href":"https:\/\/info-to-go.binational-leipzig.de\/zh\/wp-json\/wp\/v2\/pages\/399\/revisions"}],"predecessor-version":[{"id":481,"href":"https:\/\/info-to-go.binational-leipzig.de\/zh\/wp-json\/wp\/v2\/pages\/399\/revisions\/481"}],"wp:attachment":[{"href":"https:\/\/info-to-go.binational-leipzig.de\/zh\/wp-json\/wp\/v2\/media?parent=399"}],"wp:term":[{"taxonomy":"category","embeddable":true,"href":"https:\/\/info-to-go.binational-leipzig.de\/zh\/wp-json\/wp\/v2\/categories?post=399"},{"taxonomy":"post_tag","embeddable":true,"href":"https:\/\/info-to-go.binational-leipzig.de\/zh\/wp-json\/wp\/v2\/tags?post=399"}],"curies":[{"name":"wp","href":"https:\/\/api.w.org\/{rel}","templated":true}]}}