{"id":598,"date":"2025-06-25T11:47:50","date_gmt":"2025-06-25T09:47:50","guid":{"rendered":"https:\/\/info-to-go.binational-leipzig.de\/?page_id=598"},"modified":"2025-06-25T11:47:51","modified_gmt":"2025-06-25T09:47:51","slug":"barrierefreiheitserklaerung","status":"publish","type":"page","link":"https:\/\/info-to-go.binational-leipzig.de\/zh\/barrierefreiheitserklaerung\/","title":{"rendered":"\u65e0\u969c\u788d\u58f0\u660e"},"content":{"rendered":"<h3 class=\"wp-block-heading\">\u65e0\u969c\u788d\u58f0\u660e<\/h3>\n\n\n\n<p><strong>\u8de8\u56fd\u5bb6\u5ead\u548c\u4f19\u4f34\u5173\u7cfb\u534f\u4f1a\uff0ciaf eV\uff0c\u83b1\u6bd4\u9521\u529e\u516c\u5ba4\u548c\u54a8\u8be2\u529e\u516c\u5ba4<\/strong>&nbsp;\u81f4\u529b\u4e8e\u786e\u4fdd\u5176\u7f51\u7ad9\u7b26\u5408\u65e0\u969c\u788d\u6cd5\u5f8b\u8981\u6c42\u3002\u672c\u65e0\u969c\u788d\u58f0\u660e\u9002\u7528\u4e8e\u672c\u7f51\u7ad9&nbsp;<a href=\"https:\/\/binational-leipzig.de\/\"><strong>binational-leipzig.de<\/strong><\/a><\/p>\n\n\n\n<hr class=\"wp-block-separator has-alpha-channel-opacity\"\/>\n\n\n\n<h3 class=\"wp-block-heading\"><strong>\u7b26\u5408\u8981\u6c42\u7684\u60c5\u51b5<\/strong><\/h3>\n\n\n\n<p>\u672c\u7f51\u7ad9&nbsp;<strong>\u90e8\u5206<\/strong>&nbsp;\u7b26\u5408\u4ee5\u4e0b\u8981\u6c42&nbsp;<strong>\u65e0\u969c\u788d\u4fe1\u606f\u6280\u672f\u6761\u4f8b\uff08BITV 2.0\uff09\u548c\u6b27\u76df\u6307\u4ee42016\/2102<\/strong>&nbsp;\u6211\u4eec\u4e0d\u65ad\u52aa\u529b\u51cf\u5c11\u73b0\u6709\u7684\u969c\u788d\u5e76\u63d0\u9ad8\u6bcf\u4e2a\u4eba\u7684\u7528\u6237\u53cb\u597d\u5ea6\u3002<\/p>\n\n\n\n<hr class=\"wp-block-separator has-alpha-channel-opacity\"\/>\n\n\n\n<h3 class=\"wp-block-heading\"><strong>\u4e0d\u53ef\u8bbf\u95ee\u7684\u5185\u5bb9<\/strong><\/h3>\n\n\n\n<p>\u5c3d\u7ba1\u6211\u4eec\u505a\u51fa\u4e86\u52aa\u529b\uff0c\u4f46\u4ecd\u6709\u4e00\u4e9b\u533a\u57df\u5c1a\u672a\u5b8c\u5168\u65e0\u969c\u788d\u901a\u884c\uff1a<\/p>\n\n\n\n<ul class=\"wp-block-list\">\n<li><strong>PDF \u6587\u6863<\/strong>\uff1a\u4e00\u4e9b\u8f83\u65e7\u7684 PDF \u6587\u4ef6\u683c\u5f0f\u4e0d\u9002\u5408\u8bbf\u95ee\u3002<\/li>\n\n\n\n<li><strong>\u66ff\u4ee3\u6587\u672c<\/strong>\uff1a\u67d0\u4e9b\u56fe\u50cf\u6216\u56fe\u5f62\u5143\u7d20\u53ef\u80fd\u4e0d\u5305\u542b\u8db3\u591f\u7684\u66ff\u4ee3\u6587\u672c\u3002<\/li>\n\n\n\n<li><strong>\u5bfc\u822a\u548c\u53ef\u7528\u6027<\/strong>\uff1a\u5355\u4e2a\u4ea4\u4e92\u5143\u7d20\u53ef\u80fd\u65e0\u6cd5\u5b8c\u5168\u901a\u8fc7\u952e\u76d8\u63a7\u5236\u3002<\/li>\n\n\n\n<li><strong>\u89c6\u9891<\/strong>\uff1a\u4e00\u4e9b\u5d4c\u5165\u5f0f\u89c6\u9891\u7f3a\u5c11\u5b57\u5e55\u6216\u97f3\u9891\u63cf\u8ff0\u3002<\/li>\n<\/ul>\n\n\n\n<p>\u6211\u4eec\u6b63\u5728\u52aa\u529b\u9010\u6b65\u7ea0\u6b63\u8fd9\u4e9b\u7f3a\u9677\u3002<\/p>\n\n\n\n<hr class=\"wp-block-separator has-alpha-channel-opacity\"\/>\n\n\n\n<h3 class=\"wp-block-heading\"><strong>\u672c\u58f0\u660e\u7684\u51c6\u5907<\/strong><\/h3>\n\n\n\n<p>\u6b64\u58f0\u660e\u53d1\u8868\u4e8e&nbsp;<strong>10.01.2025<\/strong>&nbsp;\u521b\u5efa\u548c\u6700\u540e\u66f4\u65b0\u4e8e&nbsp;<strong>19.02.2025<\/strong>&nbsp;\u68c0\u67e5\u3002<br><br>\u8be5\u7f51\u7ad9\u7531&nbsp;<strong>\u5185\u90e8\u81ea\u6211\u8bc4\u4f30<\/strong>&nbsp;\u4ee5\u53ca\u4f7f\u7528\u81ea\u52a8\u5316\u6d4b\u8bd5\u3002<\/p>\n\n\n\n<hr class=\"wp-block-separator has-alpha-channel-opacity\"\/>\n\n\n\n<h3 class=\"wp-block-heading\"><strong>\u53cd\u9988\u548c\u8054\u7cfb\u4fe1\u606f<\/strong><\/h3>\n\n\n\n<p>\u5982\u679c\u60a8\u5728\u4f7f\u7528\u6211\u4eec\u7684\u7f51\u7ad9\u65f6\u9047\u5230\u4efb\u4f55\u969c\u788d\u6216\u6709\u6539\u8fdb\u5efa\u8bae\uff0c\u8bf7\u968f\u65f6\u8054\u7cfb\u6211\u4eec\uff1a<\/p>\n\n\n\n<p>\u53cc\u8fb9\u5bb6\u5ead\u548c\u4f19\u4f34\u5173\u7cfb\u534f\u4f1a\uff08iaf eV\uff09<br>\u83b1\u6bd4\u9521\u5546\u4e1a\u548c\u54a8\u8be2\u529e\u516c\u5ba4<br><br><a href=\"https:\/\/www.google.com\/maps\/place\/Verband+binationaler+Familien+u.+Partnerschaften+e.V.\/@51.3232198,12.3793402,18.79z\/data=!4m5!3m4!1s0x0:0x280bc9ed9b02c389!8m2!3d51.3232449!4d12.3798815\" target=\"_blank\" rel=\"noreferrer noopener\">\u963f\u6069\u7279\u5927\u8857 63 \u53f7<br>04275 \u83b1\u6bd4\u9521<\/a><br><br>\u7535\u8bdd\uff1a0341-6 88 00 22<br>\u7535\u5b50\u90ae\u4ef6\uff1a&nbsp;<a href=\"http:\/\/leipzig@verband-binationaler-de\/\" rel=\"noreferrer noopener\" target=\"_blank\">\u83b1\u6bd4\u9521@verband-binationaler-de<\/a><\/p>\n\n\n\n<hr class=\"wp-block-separator has-alpha-channel-opacity\"\/>\n\n\n\n<h3 class=\"wp-block-heading\"><strong>\u6267\u6cd5\u7a0b\u5e8f<\/strong><\/h3>\n\n\n\n<p>\u5982\u679c\u60a8\u5bf9\u6211\u4eec\u7f51\u7ad9\u7684\u53ef\u8bbf\u95ee\u6027\u95ee\u9898\u6ca1\u6709\u5f97\u5230\u6ee1\u610f\u7684\u7b54\u590d\uff0c\u60a8\u53ef\u4ee5\u8054\u7cfb&nbsp;<strong>\u6267\u6cd5\u673a\u6784&nbsp;<\/strong>\u56de\u8f6c\uff1a<\/p>\n\n\n\n<p><strong>\u8428\u514b\u68ee\u5dde\u6570\u5b57\u65e0\u969c\u788d\u76d1\u6d4b\u673a\u6784<\/strong><br>\u8428\u514b\u68ee\u5dde\u793e\u4f1a\u4e8b\u52a1\u548c\u793e\u4f1a\u51dd\u805a\u529b\u90e8<br>\u7535\u5b50\u90ae\u4ef6\uff1a&nbsp;<a href=\"mailto:durchsetzungsstelle@sk.sachsen.de\">durchsetzungsstelle@sk.sachsen.de<\/a><br>\u7f51\u7ad9\uff1a&nbsp;<a href=\"https:\/\/www.durchsetzungsstelle.sachsen.de\/\" rel=\"noreferrer noopener\" target=\"_blank\">www.durchsetzungsstelle.sachsen.de<\/a><\/p>\n\n\n\n<hr class=\"wp-block-separator has-alpha-channel-opacity\"\/>\n\n\n\n<p>\u6211\u4eec\u4e00\u76f4\u5728\u52aa\u529b\u8ba9\u6211\u4eec\u7684\u6570\u5b57\u5f62\u8c61\u66f4\u5bb9\u6613\u88ab\u6240\u6709\u4eba\u8bbf\u95ee\uff0c\u611f\u8c22\u60a8\u7684\u53cd\u9988\uff01<\/p>\n<div class=\"gsp_post_data\" \r\n\t            data-post_type=\"page\" \r\n\t            data-cat=\"\" \r\n\t            data-modified=\"120\"\r\n\t            data-created=\"1750852070\"\r\n\t            data-title=\"Barrierefreiheitserkl\u00e4rung\" \r\n\t            data-home=\"https:\/\/info-to-go.binational-leipzig.de\/zh\"><\/div>","protected":false},"excerpt":{"rendered":"<p>Erkl\u00e4rung zur Barrierefreiheit Verband binationaler Familien und Partnerschaften, iaf e.V. Gesch\u00e4fts- und Beratungsstelle Leipzig&nbsp;ist bestrebt, ihre Website in \u00dcbereinstimmung mit den gesetzlichen Vorgaben zur Barrierefreiheit nutzbar zu machen. Diese Erkl\u00e4rung zur Barrierefreiheit gilt f\u00fcr die Website&nbsp;binational-leipzig.de Stand der Vereinbarkeit mit den Anforderungen Diese Website ist&nbsp;teilweise&nbsp;mit den Anforderungen der&nbsp;Barrierefreie-Informationstechnik-Verordnung (BITV 2.0) sowie der EU-Richtlinie 2016\/2102&nbsp;vereinbar. Wir [&hellip;]<\/p>\n","protected":false},"author":2,"featured_media":0,"parent":0,"menu_order":0,"comment_status":"closed","ping_status":"closed","template":"","meta":{"footnotes":""},"categories":[],"tags":[],"class_list":["post-598","page","type-page","status-publish","hentry"],"_links":{"self":[{"href":"https:\/\/info-to-go.binational-leipzig.de\/zh\/wp-json\/wp\/v2\/pages\/598","targetHints":{"allow":["GET"]}}],"collection":[{"href":"https:\/\/info-to-go.binational-leipzig.de\/zh\/wp-json\/wp\/v2\/pages"}],"about":[{"href":"https:\/\/info-to-go.binational-leipzig.de\/zh\/wp-json\/wp\/v2\/types\/page"}],"author":[{"embeddable":true,"href":"https:\/\/info-to-go.binational-leipzig.de\/zh\/wp-json\/wp\/v2\/users\/2"}],"replies":[{"embeddable":true,"href":"https:\/\/info-to-go.binational-leipzig.de\/zh\/wp-json\/wp\/v2\/comments?post=598"}],"version-history":[{"count":1,"href":"https:\/\/info-to-go.binational-leipzig.de\/zh\/wp-json\/wp\/v2\/pages\/598\/revisions"}],"predecessor-version":[{"id":599,"href":"https:\/\/info-to-go.binational-leipzig.de\/zh\/wp-json\/wp\/v2\/pages\/598\/revisions\/599"}],"wp:attachment":[{"href":"https:\/\/info-to-go.binational-leipzig.de\/zh\/wp-json\/wp\/v2\/media?parent=598"}],"wp:term":[{"taxonomy":"category","embeddable":true,"href":"https:\/\/info-to-go.binational-leipzig.de\/zh\/wp-json\/wp\/v2\/categories?post=598"},{"taxonomy":"post_tag","embeddable":true,"href":"https:\/\/info-to-go.binational-leipzig.de\/zh\/wp-json\/wp\/v2\/tags?post=598"}],"curies":[{"name":"wp","href":"https:\/\/api.w.org\/{rel}","templated":true}]}}